{"id":14656,"date":"2026-05-12T15:13:22","date_gmt":"2026-05-12T08:13:22","guid":{"rendered":"https:\/\/thietbidienlama.com\/?post_type=product&#038;p=14656"},"modified":"2026-05-12T15:13:58","modified_gmt":"2026-05-12T08:13:58","slug":"hat-o-cam-don-2-chau-uten-v3","status":"publish","type":"product","link":"https:\/\/mail.thietbidienlama.com\/en\/hat-o-cam-don-2-chau-uten-v3\/","title":{"rendered":"H\u1ea1t \u1ed4 C\u1eafm \u0110\u01a1n 2 Ch\u1ea5u UTEN V3 M\u00e0u Tr\u1eafng"},"content":{"rendered":"<h1 style=\"text-align: center;\" data-sfc-root=\"c\" data-hveid=\"CAAIAhAA\" data-processed=\"true\" data-complete=\"true\" data-copy-service-computed-style=\"font-family: &quot;Google Sans&quot;, Arial, sans-serif; font-size: 16px; font-weight: 400; margin: 12px 0px 16px; text-decoration: none; border-bottom: 0px rgb(230, 232, 240);\"><span style=\"font-family: 'times new roman', times, serif; font-size: 18pt; color: #000000;\">H\u1ea1t \u1ed4 C\u1eafm \u0110\u01a1n 2 Ch\u1ea5u UTEN V3 M\u00e0u Tr\u1eafng<\/span><\/h1>\n<div data-sfc-cp=\"\" data-sfc-root=\"c\" data-sfc-cb=\"\" data-hveid=\"CAAIAhAA\" data-processed=\"true\" data-complete=\"true\" data-copy-service-computed-style=\"font-family: &quot;Google Sans&quot;, Arial, sans-serif; font-size: 16px; font-weight: 400; margin: 12px 0px 16px; text-decoration: none; border-bottom: 0px rgb(230, 232, 240);\"><span style=\"font-family: 'times new roman', times, serif; font-size: 14pt; color: #000000;\"><span style=\"color: #ff6600;\"><strong><a style=\"color: #ff6600;\" href=\"https:\/\/thietbidienlama.com\/o-cam-uten\/\">H\u1ea1t \u1ed4 C\u1eafm \u0110\u01a1n 2 Ch\u1ea5u UTEN<\/a><\/strong><\/span> V3.0 (Size S)<!--TgQPHd|[]--> l\u00e0 d\u00f2ng h\u1ea1t thi\u1ebft b\u1ecb r\u1eddi m\u00e0u tr\u1eafng, \u0111\u01b0\u1ee3c thi\u1ebft k\u1ebf \u0111\u1ec3 l\u1eafp v\u1eeba c\u00e1c lo\u1ea1i m\u1eb7t n\u1ea1 Series V3.0 nh\u01b0 PM1, PM2, hay PM3 m\u00e0 b\u1ea1n \u0111\u00e3 t\u00ecm hi\u1ec3u \u1edf tr\u00ean.<!--TgQPHd|[]--><\/span><\/div>\n<div data-sfc-cp=\"\" data-sfc-root=\"c\" data-sfc-cb=\"\" data-hveid=\"CAAIAhAA\" data-processed=\"true\" data-complete=\"true\" data-copy-service-computed-style=\"font-family: &quot;Google Sans&quot;, Arial, sans-serif; font-size: 16px; font-weight: 400; margin: 12px 0px 16px; text-decoration: none; border-bottom: 0px rgb(230, 232, 240);\">\n<div id=\"attachment_14657\" style=\"width: 610px\" class=\"wp-caption aligncenter\"><img fetchpriority=\"high\" decoding=\"async\" aria-describedby=\"caption-attachment-14657\" class=\"wp-image-14657 size-full\" src=\"http:\/\/thietbidienlama.com\/wp-content\/uploads\/2026\/05\/O-Cam-Uten-V3.jpg\" alt=\"\u1ed4 C\u1eafm Uten V3\" width=\"600\" height=\"600\" srcset=\"https:\/\/mail.thietbidienlama.com\/wp-content\/uploads\/2026\/05\/O-Cam-Uten-V3.jpg 600w, https:\/\/mail.thietbidienlama.com\/wp-content\/uploads\/2026\/05\/O-Cam-Uten-V3-300x300.jpg 300w, https:\/\/mail.thietbidienlama.com\/wp-content\/uploads\/2026\/05\/O-Cam-Uten-V3-150x150.jpg 150w, https:\/\/mail.thietbidienlama.com\/wp-content\/uploads\/2026\/05\/O-Cam-Uten-V3-12x12.jpg 12w\" sizes=\"(max-width: 600px) 100vw, 600px\" \/><p id=\"caption-attachment-14657\" class=\"wp-caption-text\">\u00a0 \u00a0 \u00a0 \u00a0 \u00a0 \u00a0 \u00a0 \u00a0 \u00a0 \u00a0 \u00a0 \u00a0 \u00a0 \u00a0 \u00a0 \u00a0 \u00a0 \u00a0 \u00a0 \u00a0 \u00a0 \u00a0 \u00a0 \u00a0 \u00a0\u1ed4 C\u1eafm Uten V3<\/p><\/div>\n<\/div>\n<div data-sfc-cp=\"\" data-sfc-root=\"c\" data-sfc-cb=\"\" data-complete=\"true\" data-processed=\"true\" data-copy-service-computed-style=\"font-family: &quot;Google Sans&quot;, Arial, sans-serif; font-size: 14px; font-weight: 400; margin: 0px; text-decoration: none; border-bottom: 0px rgb(230, 232, 240);\"><span style=\"font-family: 'times new roman', times, serif; font-size: 14pt; color: #000000;\"><!--TgQPHd|[]--><\/span><\/div>\n<h2 role=\"heading\" aria-level=\"3\" data-sfc-root=\"c\" data-complete=\"true\" data-processed=\"true\" data-copy-service-computed-style=\"font-family: &quot;Google Sans&quot;, Arial, sans-serif; font-size: 20px; font-weight: 600; margin: 24px 0px 12px; text-decoration: none; border-bottom: 0px rgb(230, 232, 240);\"><span style=\"font-family: 'times new roman', times, serif; font-size: 14pt; color: #000000;\"><span style=\"font-size: 18pt;\">Th\u00f4ng s\u1ed1 k\u1ef9 thu\u1eadt<\/span><!--TgQPHd|[]--><\/span><\/h2>\n<ul data-sfc-root=\"c\" data-sfc-cb=\"\" data-complete=\"true\" data-processed=\"true\" data-copy-service-computed-style=\"font-family: &quot;Google Sans&quot;, Arial, sans-serif; font-size: 16px; font-weight: 400; margin: 12px 0px 16px; text-decoration: none; border-bottom: 0px rgb(230, 232, 240);\">\n<li style=\"list-style-type: none;\">\n<ul data-sfc-root=\"c\" data-sfc-cb=\"\" data-complete=\"true\" data-processed=\"true\" data-copy-service-computed-style=\"font-family: &quot;Google Sans&quot;, Arial, sans-serif; font-size: 16px; font-weight: 400; margin: 12px 0px 16px; text-decoration: none; border-bottom: 0px rgb(230, 232, 240);\">\n<li data-sfc-cp=\"\" data-sfc-root=\"c\" data-sfc-cb=\"\" data-hveid=\"CAAIBBAA\" data-complete=\"true\" data-sae=\"\" data-copy-service-computed-style=\"font-family: &quot;Google Sans&quot;, Arial, sans-serif; font-size: 16px; font-weight: 400; margin: 0px 0px 12px; text-decoration: none; border-bottom: 0px rgb(230, 232, 240);\"><span style=\"font-family: 'times new roman', times, serif; font-size: 14pt; color: #000000;\">M\u00e3 s\u1ea3n ph\u1ea9m:<!--TgQPHd|[]--> V3.0PCZ2\/N-S (ho\u1eb7c m\u00e3 t\u01b0\u01a1ng \u0111\u01b0\u01a1ng trong Series V3).<!--TgQPHd|[]--><!--TgQPHd|[]--><\/span><\/li>\n<li data-sfc-cp=\"\" data-sfc-root=\"c\" data-sfc-cb=\"\" data-hveid=\"CAAIBBAB\" data-complete=\"true\" data-sae=\"\" data-copy-service-computed-style=\"font-family: &quot;Google Sans&quot;, Arial, sans-serif; font-size: 16px; font-weight: 400; margin: 0px 0px 12px; text-decoration: none; border-bottom: 0px rgb(230, 232, 240);\"><span style=\"font-family: 'times new roman', times, serif; font-size: 14pt; color: #000000;\">K\u00edch th\u01b0\u1edbc:<!--TgQPHd|[]--> Size S (chi\u1ebfm 1\/3 di\u1ec7n t\u00edch m\u1eb7t n\u1ea1 ti\u00eau chu\u1ea9n).<!--TgQPHd|[]--><!--TgQPHd|[]--><\/span><\/li>\n<li data-sfc-cp=\"\" data-sfc-root=\"c\" data-sfc-cb=\"\" data-hveid=\"CAAIBBAC\" data-complete=\"true\" data-sae=\"\" data-copy-service-computed-style=\"font-family: &quot;Google Sans&quot;, Arial, sans-serif; font-size: 16px; font-weight: 400; margin: 0px 0px 12px; text-decoration: none; border-bottom: 0px rgb(230, 232, 240);\"><span style=\"font-family: 'times new roman', times, serif; font-size: 14pt; color: #000000;\">Th\u00f4ng s\u1ed1 \u0111i\u1ec7n:<!--TgQPHd|[]--> 10A &#8211; 16A \/ 250V.<!--TgQPHd|[]--><!--TgQPHd|[]--><\/span><\/li>\n<li data-sfc-cp=\"\" data-sfc-root=\"c\" data-sfc-cb=\"\" data-hveid=\"CAAIBBAD\" data-complete=\"true\" data-sae=\"\" data-copy-service-computed-style=\"font-family: &quot;Google Sans&quot;, Arial, sans-serif; font-size: 16px; font-weight: 400; margin: 0px 0px 12px; text-decoration: none; border-bottom: 0px rgb(230, 232, 240);\"><span style=\"font-family: 'times new roman', times, serif; font-size: 14pt; color: #000000;\">M\u00e0u s\u1eafc:<!--TgQPHd|[]--> Tr\u1eafng tinh khi\u1ebft, \u0111\u1ed3ng b\u1ed9 v\u1edbi d\u00f2ng m\u1eb7t V3.0 PM2 v\u00e0 PM3.<!--TgQPHd|[]--><!--TgQPHd|[]--><\/span><\/li>\n<\/ul>\n<\/li>\n<\/ul>\n<p><!--TgQPHd|[]--><\/p>\n<div id=\"attachment_14659\" style=\"width: 610px\" class=\"wp-caption aligncenter\"><img decoding=\"async\" aria-describedby=\"caption-attachment-14659\" class=\"wp-image-14659 size-full\" src=\"http:\/\/thietbidienlama.com\/wp-content\/uploads\/2026\/05\/Hat-O-Cam-Don-2-Chau-UTEN-V3-Lap-Mat-2.jpg\" alt=\"H\u1ea1t \u1ed4 C\u1eafm \u0110\u01a1n 2 Ch\u1ea5u UTEN V3 L\u1eafp M\u1eb7t 2\" width=\"600\" height=\"397\" srcset=\"https:\/\/mail.thietbidienlama.com\/wp-content\/uploads\/2026\/05\/Hat-O-Cam-Don-2-Chau-UTEN-V3-Lap-Mat-2.jpg 600w, https:\/\/mail.thietbidienlama.com\/wp-content\/uploads\/2026\/05\/Hat-O-Cam-Don-2-Chau-UTEN-V3-Lap-Mat-2-300x199.jpg 300w, https:\/\/mail.thietbidienlama.com\/wp-content\/uploads\/2026\/05\/Hat-O-Cam-Don-2-Chau-UTEN-V3-Lap-Mat-2-18x12.jpg 18w, https:\/\/mail.thietbidienlama.com\/wp-content\/uploads\/2026\/05\/Hat-O-Cam-Don-2-Chau-UTEN-V3-Lap-Mat-2-150x99.jpg 150w\" sizes=\"(max-width: 600px) 100vw, 600px\" \/><p id=\"caption-attachment-14659\" class=\"wp-caption-text\">\u00a0 \u00a0 \u00a0 \u00a0 \u00a0 \u00a0 \u00a0 \u00a0 \u00a0 \u00a0 \u00a0 \u00a0 \u00a0 \u00a0 \u00a0 \u00a0 \u00a0 \u00a0 \u00a0 \u00a0 H\u1ea1t \u1ed4 C\u1eafm \u0110\u01a1n 2 Ch\u1ea5u UTEN V3 L\u1eafp M\u1eb7t 2<\/p><\/div>\n<div data-sfc-cp=\"\" data-sfc-root=\"c\" data-sfc-cb=\"\" data-complete=\"true\" data-processed=\"true\" data-copy-service-computed-style=\"font-family: &quot;Google Sans&quot;, Arial, sans-serif; font-size: 14px; font-weight: 400; margin: 0px; text-decoration: none; border-bottom: 0px rgb(230, 232, 240);\"><span style=\"font-family: 'times new roman', times, serif; font-size: 14pt; color: #000000;\"><!--TgQPHd|[]--><\/span><\/div>\n<h2 role=\"heading\" aria-level=\"3\" data-sfc-root=\"c\" data-complete=\"true\" data-processed=\"true\" data-copy-service-computed-style=\"font-family: &quot;Google Sans&quot;, Arial, sans-serif; font-size: 20px; font-weight: 600; margin: 24px 0px 12px; text-decoration: none; border-bottom: 0px rgb(230, 232, 240);\"><span style=\"font-family: 'times new roman', times, serif; font-size: 14pt; color: #000000;\"><span style=\"font-size: 18pt;\">\u01afu \u0111i\u1ec3m n\u1ed5i b\u1eadt<\/span><!--TgQPHd|[]--><\/span><\/h2>\n<ul data-sfc-root=\"c\" data-sfc-cb=\"\" data-complete=\"true\" data-processed=\"true\" data-copy-service-computed-style=\"font-family: &quot;Google Sans&quot;, Arial, sans-serif; font-size: 16px; font-weight: 400; margin: 12px 0px 16px; text-decoration: none; border-bottom: 0px rgb(230, 232, 240);\">\n<li data-sfc-cp=\"\" data-sfc-root=\"c\" data-sfc-cb=\"\" data-hveid=\"CAAIBhAA\" data-complete=\"true\" data-sae=\"\" data-copy-service-computed-style=\"font-family: &quot;Google Sans&quot;, Arial, sans-serif; font-size: 16px; font-weight: 400; margin: 0px 0px 12px; text-decoration: none; border-bottom: 0px rgb(230, 232, 240);\"><span style=\"font-family: 'times new roman', times, serif; font-size: 14pt; color: #000000;\">Ch\u1ea5t li\u1ec7u cao c\u1ea5p:<!--TgQPHd|[]--> V\u1ecf nh\u1ef1a PC ch\u1ed1ng ch\u00e1y, ch\u1ecbu nhi\u1ec7t t\u1ed1t. L\u00e1 \u0111\u1ed3ng b\u00ean trong d\u00e0y d\u1eb7n, c\u00f3 \u0111\u1ed9 \u0111\u00e0n h\u1ed3i cao gi\u00fap ph\u00edch c\u1eafm b\u00e1m ch\u1eb7t, kh\u00f4ng b\u1ecb l\u1ecfng l\u1ebbo sau th\u1eddi gian d\u00e0i s\u1eed d\u1ee5ng.<!--TgQPHd|[]--><!--TgQPHd|[]--><\/span><\/li>\n<li data-sfc-cp=\"\" data-sfc-root=\"c\" data-sfc-cb=\"\" data-hveid=\"CAAIBhAB\" data-complete=\"true\" data-sae=\"\" data-copy-service-computed-style=\"font-family: &quot;Google Sans&quot;, Arial, sans-serif; font-size: 16px; font-weight: 400; margin: 0px 0px 12px; text-decoration: none; border-bottom: 0px rgb(230, 232, 240);\"><span style=\"font-family: 'times new roman', times, serif; font-size: 14pt; color: #000000;\">H\u1ec7 th\u1ed1ng k\u1ebft n\u1ed1i an to\u00e0n:<!--TgQPHd|[]--> Ti\u1ebfp \u0111i\u1ec3m \u0111\u01b0\u1ee3c m\u1ea1 b\u1ea1c gi\u00fap t\u0103ng kh\u1ea3 n\u0103ng d\u1eabn \u0111i\u1ec7n v\u00e0 gi\u1ea3m thi\u1ec3u tia l\u1eeda \u0111i\u1ec7n khi c\u1eafm r\u00fat thi\u1ebft b\u1ecb.<!--TgQPHd|[]--><!--TgQPHd|[]--><\/span><\/li>\n<li data-sfc-cp=\"\" data-sfc-root=\"c\" data-sfc-cb=\"\" data-hveid=\"CAAIBhAC\" data-complete=\"true\" data-sae=\"\" data-copy-service-computed-style=\"font-family: &quot;Google Sans&quot;, Arial, sans-serif; font-size: 16px; font-weight: 400; margin: 0px 0px 12px; text-decoration: none; border-bottom: 0px rgb(230, 232, 240);\"><span style=\"font-family: 'times new roman', times, serif; font-size: 14pt; color: #000000;\">Thi\u1ebft k\u1ebf linh ho\u1ea1t:<!--TgQPHd|[]--> Nh\u1edd k\u00edch th\u01b0\u1edbc nh\u1ecf (size S), b\u1ea1n c\u00f3 th\u1ec3 k\u1ebft h\u1ee3p 3 h\u1ea1t \u1ed5 c\u1eafm n\u00e0y tr\u00ean c\u00f9ng m\u1ed9t M\u1eb7t V3.0 PM3<!--TgQPHd|[]--> \u0111\u1ec3 t\u1ea1o th\u00e0nh b\u1ed9 \u1ed5 c\u1eafm 3 l\u1ed7 c\u1ef1c k\u1ef3 g\u1ecdn g\u00e0ng.<\/span><\/li>\n<\/ul>\n<p><span style=\"font-size: 14pt; color: #000000; font-family: 'times new roman', times, serif;\"><strong>Facebook:\u00a0<span style=\"color: #ff6600;\"><a style=\"color: #ff6600;\" href=\"https:\/\/www.facebook.com\/thietbidienlama\" target=\"_blank\" rel=\"noopener\">THI\u1ebeT\u00a0B\u1eca \u0110I\u1ec6N LAMA<\/a><\/span><\/strong><\/span><\/p>\n<p><span style=\"font-size: 14pt; color: #000000; font-family: 'times new roman', times, serif;\"><strong>Tiktok:\u00a0<span style=\"color: #ff6600;\"><a style=\"color: #ff6600;\" href=\"https:\/\/www.tiktok.com\/@thietbidienlama\" target=\"_blank\" rel=\"noopener\">THI\u1ebeT\u00a0B\u1eca \u0110I\u1ec6N LAMA<\/a><\/span><\/strong><\/span><\/p>\n<p><span style=\"font-size: 14pt; color: #000000; font-family: 'times new roman', times, serif;\"><strong>Youtube: <span style=\"color: #ff6600;\"><a style=\"color: #ff6600;\" href=\"https:\/\/www.youtube.com\/@thietbidienlama\" target=\"_blank\" rel=\"noopener\">THI\u1ebeT\u00a0B\u1eca \u0110I\u1ec6N LAMA<\/a><\/span><\/strong><\/span><\/p>","protected":false},"excerpt":{"rendered":"<p>H\u1ea1t \u1ed4 C\u1eafm \u0110\u01a1n 2 Ch\u1ea5u UTEN V3 M\u00e0u Tr\u1eafng H\u1ea1t \u1ed4 C\u1eafm \u0110\u01a1n 2 Ch\u1ea5u UTEN V3.0 (Size S)<\/p>","protected":false},"featured_media":14657,"comment_status":"closed","ping_status":"closed","template":"","meta":[],"product_brand":[],"product_cat":[984,1098,196],"product_tag":[1099],"class_list":{"0":"post-14656","1":"product","2":"type-product","3":"status-publish","4":"has-post-thumbnail","6":"product_cat-o-cam-uten","7":"product_cat-o-cam-uten-v3","8":"product_cat-chua-phan-loai","9":"product_tag-hat-o-cam-don-2-chau-uten-v3","11":"first","12":"instock","13":"sale","14":"shipping-taxable","15":"purchasable","16":"product-type-simple"},"_links":{"self":[{"href":"https:\/\/mail.thietbidienlama.com\/en\/wp-json\/wp\/v2\/product\/14656","targetHints":{"allow":["GET"]}}],"collection":[{"href":"https:\/\/mail.thietbidienlama.com\/en\/wp-json\/wp\/v2\/product"}],"about":[{"href":"https:\/\/mail.thietbidienlama.com\/en\/wp-json\/wp\/v2\/types\/product"}],"replies":[{"embeddable":true,"href":"https:\/\/mail.thietbidienlama.com\/en\/wp-json\/wp\/v2\/comments?post=14656"}],"version-history":[{"count":2,"href":"https:\/\/mail.thietbidienlama.com\/en\/wp-json\/wp\/v2\/product\/14656\/revisions"}],"predecessor-version":[{"id":14661,"href":"https:\/\/mail.thietbidienlama.com\/en\/wp-json\/wp\/v2\/product\/14656\/revisions\/14661"}],"wp:featuredmedia":[{"embeddable":true,"href":"https:\/\/mail.thietbidienlama.com\/en\/wp-json\/wp\/v2\/media\/14657"}],"wp:attachment":[{"href":"https:\/\/mail.thietbidienlama.com\/en\/wp-json\/wp\/v2\/media?parent=14656"}],"wp:term":[{"taxonomy":"product_brand","embeddable":true,"href":"https:\/\/mail.thietbidienlama.com\/en\/wp-json\/wp\/v2\/product_brand?post=14656"},{"taxonomy":"product_cat","embeddable":true,"href":"https:\/\/mail.thietbidienlama.com\/en\/wp-json\/wp\/v2\/product_cat?post=14656"},{"taxonomy":"product_tag","embeddable":true,"href":"https:\/\/mail.thietbidienlama.com\/en\/wp-json\/wp\/v2\/product_tag?post=14656"}],"curies":[{"name":"wp","href":"https:\/\/api.w.org\/{rel}","templated":true}]}}