{"id":14650,"date":"2026-05-12T14:54:34","date_gmt":"2026-05-12T07:54:34","guid":{"rendered":"https:\/\/thietbidienlama.com\/?post_type=product&#038;p=14650"},"modified":"2026-05-12T14:57:10","modified_gmt":"2026-05-12T07:57:10","slug":"hat-o-cam-doi-2-chau-uten-v7-0-mau-ghi","status":"publish","type":"product","link":"https:\/\/mail.thietbidienlama.com\/en\/hat-o-cam-doi-2-chau-uten-v7-0-mau-ghi\/","title":{"rendered":"H\u1ea1t \u1ed4 C\u1eafm \u0110\u00f4i 2 Ch\u1ea5u UTEN V7.0 M\u00e0u Ghi"},"content":{"rendered":"<h1 style=\"text-align: center;\"><span style=\"font-family: 'times new roman', times, serif; font-size: 18pt; color: #000000;\">H\u1ea1t \u1ed4 C\u1eafm \u0110\u00f4i 2 Ch\u1ea5u UTEN V7.0 M\u00e0u Ghi<\/span><\/h1>\n<div data-sfc-cp=\"\" data-sfc-root=\"c\" data-sfc-cb=\"\" data-hveid=\"CAAICBAA\" data-processed=\"true\" data-complete=\"true\" data-copy-service-computed-style=\"font-family: &quot;Google Sans&quot;, Arial, sans-serif; font-size: 16px; font-weight: 400; margin: 12px 0px 16px; text-decoration: none; border-bottom: 0px rgb(230, 232, 240);\"><span style=\"font-family: 'times new roman', times, serif; font-size: 14pt; color: #000000;\"><span style=\"color: #ff6600;\"><strong><a style=\"color: #ff6600;\" href=\"https:\/\/thietbidienlama.com\/o-cam-uten\/\">H\u1ea1t \u1ed4 C\u1eafm \u0110\u00f4i 2 Ch\u1ea5u UTEN<\/a><\/strong><\/span> V7.0<!--TgQPHd|[[[&quot;16186579359409296643&quot;,null,&quot;17515381802205550055&quot;,&quot;17515381802205550055&quot;,null,null,null,null,&quot;hg&quot;,null,null,null,null,null,null,null,null,null,null,29,null,null,null,null,null,null,null,null,&quot;B\u1ed9 \u1ed5 c\u1eafm \u0111\u00f4i 2 ch\u1ea5u UTEN c\u1ee1 S Series V7.0 theo b\u1ed9&quot;,null,null,&quot;3382889230447946376&quot;,null,null,null,null,&quot;H\u1ea1t \u1ed4 C\u1eafm \u0110\u00f4i 2 Ch\u1ea5u UTEN V7.0&quot;,null,null,null,null,0,null,null,null,0],null,0,1,&quot;ErsBCrEBIq4BaHR0cHM6Ly93d3cuZ29vZ2xlLmNvbS9zZWFyY2g_cHJkcz1wdnQ6aGcscHZvOjI5LGltYWdlRG9jaWQ6MTYxODY1NzkzNTk0MDkyOTY2NDMsaGVhZGxpbmVPZmZlckRvY2lkOjE3NTE1MzgxODAyMjA1NTUwMDU1LHByb2R1Y3REb2NpZDoxNzUxNTM4MTgwMjIwNTU1MDA1NSZpYnA9b3Nob3AmcT1wcm9kdWN0IgCSAQKKAQ&quot;,null,null,null,null,null,null,null,null,null,null,null,null,null,null,null,[null,1,0,1,null,null,null,null,null,null,null,null,[251717,null,1],null,null,[{&quot;395&quot;:[null,null,null,[null,[182400000000,&quot;VND&quot;],null,null,null,&quot;B\u1ed9 \u1ed5 c\u1eafm \u0111\u00f4i 2 ch\u1ea5u UTEN c\u1ee1 S Series V7.0 theo b\u1ed9&quot;,null,[&quot;16186579359409296643&quot;,1,154]]],&quot;470&quot;:[[&quot;17515381802205550055&quot;,&quot;17515381802205550055&quot;,null,null,null,null,&quot;5641158570&quot;,null,&quot;3382889230447946376&quot;,null,null,null,null,null,[&quot;17515381802205550055&quot;,&quot;4180630370508964618&quot;,null,&quot;1778518976440272&quot;,null,&quot;1778518976440272&quot;],null,null,null,null,null,null,null,null,null,null,null,null,null,null,null,null,null,[[&quot;17515381802205550055&quot;,&quot;4180630370508964618&quot;,null,&quot;1778518976440272&quot;,null,&quot;1778518976440272&quot;],null,&quot;17515381802205550055&quot;,&quot;5641158570&quot;,null,null,1,null,null,null,&quot;vi&quot;,[&quot;5641158570&quot;,144969605,&quot;https:\/\/ocamcongtac.com\/&quot;,&quot;ocamcongtac.com&quot;],null,null,null,1,null,null,null,null,null,1,null,[930159,974136,969142,941148,751954]]]]}],null,null,null,null,[null,null,&quot;\/search?ibp\\u003doshop\\u0026prds\\u003dpvt:hg,pvo:29,imageDocid:16186579359409296643,headlineOfferDocid:17515381802205550055,productDocid:17515381802205550055\\u0026q\\u003dproduct&quot;]],0],&quot;&quot;]--><!--TgQPHd|[[&quot;SHOPPING_PRODUCT&quot;,2,&quot;&quot;,&quot;EgciAJIBApwB&quot;,&quot;UTEN H\u1ea1t \u1ed4 C\u1eafm \u0110\u00f4i 2 Ch\u1ea5u V7.0&quot;,&quot;&quot;,&quot;EowECswDQU1uMy15UWVFMFJqb3NfLUJ6NVcxakRsOFJGV1ZzZW5mOS1mYnVYYndfRGdsS0VJak10a0VoWmdpLXRucnpyVFJqYktFdVNEN1dFQmpURXNkSTJDMUJaU0FfQWFBUDR1dnAzRmdmS0t3WlVEWF93MENRQnNSbE1HZUVuRFdzc1hrMXRNQXQ4cjBOT0xFMUJPeEYwMXNpYTRCMDJya0VlblR5LXBSQ0Npc0RaRVJlYUREVnRUWnFGX2RzRnR0TVhZaVlYbjlBdGJES000Y01xUjFBUFpGVVVIMkQ1VmtYZXRkR2RJNWRURnFnYTZnLUlMUEZmRl9QTXZlY09YZDlTRlNnLTZLRzlPa1Q1aHlyYlZHaVA0LXZMUS02bm5vNkR6ZWdxZ1ZEMTdFc2NfWjVjVzZ3elAwMzhnUjV2eFlOaU1IMnNDd1ZhV05IdWs4V0hid2tBRUNsQVJtRGVYRFR1bjFGanNaV0l0Wmthd3EzT2tOczMzdjVyRTNubWJKWk9lYm5MMWVqTWFNYXJrenFoazJUSnUtNXNyYXNZTlljSzA1WlNaNThDSVZXalM1WGJvZkV6UnlrajZDZW42c1pUZGluXzY1aC1ZUlNENBIXZjlrQ2F0S0lFdEM3MC1rUGs0ekRvQXcaIkFKS0xGbUxWVDFUQ2FlUmhjYzNhOTZVakpyZm9ORGpHZlE&quot;,null,1,null,[null,null,null,null,null,null,null,null,null,null,null,null,null,null,null,null,null,null,null,null,null,null,null,null,null,1],0,0,null,null,0,0,[],&quot;&quot;,0,0],&quot;f9kCatKIEtC70-kPk4zDoAw_0&quot;]--><!--TgQPHd|[]--><!--TgQPHd|[]--> l\u00e0 linh ki\u1ec7n cao c\u1ea5p thu\u1ed9c d\u00f2ng Series V7.0 c\u1ee7a Uten (\u0110\u1ee9c), n\u1ed5i b\u1eadt v\u1edbi thi\u1ebft k\u1ebf m\u00e0u ghi m\u1edd hi\u1ec7n \u0111\u1ea1i v\u00e0 kh\u1ea3 n\u0103ng v\u1eadn h\u00e0nh b\u1ec1n b\u1ec9. T\u00f9y theo nhu c\u1ea7u l\u1eafp \u0111\u1eb7t, s\u1ea3n ph\u1ea9m n\u00e0y th\u01b0\u1eddng c\u00f3 hai d\u1ea1ng ph\u1ed5 bi\u1ebfn l\u00e0 h\u1ea1t \u0111\u01a1n c\u1ee1 S (size nh\u1ecf) l\u1eafp gh\u00e9p l\u1ea1i ho\u1eb7c h\u1ea1t \u0111\u00f4i li\u1ec1n kh\u1ed1i.<!--TgQPHd|[]--><\/span><\/div>\n<div data-sfc-cp=\"\" data-sfc-root=\"c\" data-sfc-cb=\"\" data-hveid=\"CAAICBAA\" data-processed=\"true\" data-complete=\"true\" data-copy-service-computed-style=\"font-family: &quot;Google Sans&quot;, Arial, sans-serif; font-size: 16px; font-weight: 400; margin: 12px 0px 16px; text-decoration: none; border-bottom: 0px rgb(230, 232, 240);\">\n<div id=\"attachment_14651\" style=\"width: 610px\" class=\"wp-caption aligncenter\"><img fetchpriority=\"high\" decoding=\"async\" aria-describedby=\"caption-attachment-14651\" class=\"wp-image-14651 size-full\" src=\"http:\/\/thietbidienlama.com\/wp-content\/uploads\/2026\/05\/Hat-O-Cam-Doi-2-Chau-UTEN-V7.0-Mau-Ghi.jpg\" alt=\"H\u1ea1t \u1ed4 C\u1eafm \u0110\u00f4i 2 Ch\u1ea5u UTEN V7.0 M\u00e0u Ghi\" width=\"600\" height=\"385\" srcset=\"https:\/\/mail.thietbidienlama.com\/wp-content\/uploads\/2026\/05\/Hat-O-Cam-Doi-2-Chau-UTEN-V7.0-Mau-Ghi.jpg 600w, https:\/\/mail.thietbidienlama.com\/wp-content\/uploads\/2026\/05\/Hat-O-Cam-Doi-2-Chau-UTEN-V7.0-Mau-Ghi-300x193.jpg 300w, https:\/\/mail.thietbidienlama.com\/wp-content\/uploads\/2026\/05\/Hat-O-Cam-Doi-2-Chau-UTEN-V7.0-Mau-Ghi-18x12.jpg 18w, https:\/\/mail.thietbidienlama.com\/wp-content\/uploads\/2026\/05\/Hat-O-Cam-Doi-2-Chau-UTEN-V7.0-Mau-Ghi-150x96.jpg 150w\" sizes=\"(max-width: 600px) 100vw, 600px\" \/><p id=\"caption-attachment-14651\" class=\"wp-caption-text\">H\u1ea1t \u1ed4 C\u1eafm \u0110\u00f4i 2 Ch\u1ea5u UTEN V7.0 M\u00e0u Ghi<\/p><\/div>\n<\/div>\n<div data-sfc-cp=\"\" data-sfc-root=\"c\" data-sfc-cb=\"\" data-complete=\"true\" data-processed=\"true\" data-copy-service-computed-style=\"font-family: &quot;Google Sans&quot;, Arial, sans-serif; font-size: 14px; font-weight: 400; margin: 0px; text-decoration: none; border-bottom: 0px rgb(230, 232, 240);\"><span style=\"font-family: 'times new roman', times, serif; font-size: 14pt; color: #000000;\"><!--TgQPHd|[]--><\/span><\/div>\n<h2 role=\"heading\" aria-level=\"3\" data-sfc-root=\"c\" data-complete=\"true\" data-processed=\"true\" data-copy-service-computed-style=\"font-family: &quot;Google Sans&quot;, Arial, sans-serif; font-size: 20px; font-weight: 600; margin: 24px 0px 12px; text-decoration: none; border-bottom: 0px rgb(230, 232, 240);\"><span style=\"font-family: 'times new roman', times, serif; font-size: 14pt; color: #000000;\"><span style=\"font-size: 18pt;\">Th\u00f4ng s\u1ed1 k\u1ef9 thu\u1eadt chi ti\u1ebft<\/span><!--TgQPHd|[]--><\/span><\/h2>\n<ul data-sfc-root=\"c\" data-sfc-cb=\"\" data-complete=\"true\" data-processed=\"true\" data-copy-service-computed-style=\"font-family: &quot;Google Sans&quot;, Arial, sans-serif; font-size: 16px; font-weight: 400; margin: 12px 0px 16px; text-decoration: none; border-bottom: 0px rgb(230, 232, 240);\">\n<li style=\"list-style-type: none;\">\n<ul data-sfc-root=\"c\" data-sfc-cb=\"\" data-complete=\"true\" data-processed=\"true\" data-copy-service-computed-style=\"font-family: &quot;Google Sans&quot;, Arial, sans-serif; font-size: 16px; font-weight: 400; margin: 12px 0px 16px; text-decoration: none; border-bottom: 0px rgb(230, 232, 240);\">\n<li data-sfc-cp=\"\" data-sfc-root=\"c\" data-sfc-cb=\"\" data-hveid=\"CAAIDhAA\" data-complete=\"true\" data-sae=\"\" data-copy-service-computed-style=\"font-family: &quot;Google Sans&quot;, Arial, sans-serif; font-size: 16px; font-weight: 400; margin: 0px 0px 12px; text-decoration: none; border-bottom: 0px rgb(230, 232, 240);\"><span style=\"font-family: 'times new roman', times, serif; font-size: 14pt; color: #000000;\">M\u00e3 s\u1ea3n ph\u1ea9m:<!--TgQPHd|[]--> Th\u01b0\u1eddng l\u00e0 V7.0PCZ2\/N-SS (c\u1ee1 S) ho\u1eb7c V7.0PCZ2\/N-2SS (c\u1ee1 L).<!--TgQPHd|[]--><!--TgQPHd|[]--><\/span><\/li>\n<li data-sfc-cp=\"\" data-sfc-root=\"c\" data-sfc-cb=\"\" data-hveid=\"CAAIDhAB\" data-complete=\"true\" data-sae=\"\" data-copy-service-computed-style=\"font-family: &quot;Google Sans&quot;, Arial, sans-serif; font-size: 16px; font-weight: 400; margin: 0px 0px 12px; text-decoration: none; border-bottom: 0px rgb(230, 232, 240);\"><span style=\"font-family: 'times new roman', times, serif; font-size: 14pt; color: #000000;\">\u0110i\u1ec7n \u00e1p\/D\u00f2ng \u0111i\u1ec7n:<!--TgQPHd|[]--> 16A \/ 250V ~ 50\/60Hz, \u0111\u00e1p \u1ee9ng t\u1ed1t cho h\u1ea7u h\u1ebft thi\u1ebft b\u1ecb \u0111i\u1ec7n gia d\u1ee5ng.<!--TgQPHd|[]--><!--TgQPHd|[]--><\/span><\/li>\n<li data-sfc-cp=\"\" data-sfc-root=\"c\" data-sfc-cb=\"\" data-hveid=\"CAAIDhAC\" data-complete=\"true\" data-sae=\"\" data-copy-service-computed-style=\"font-family: &quot;Google Sans&quot;, Arial, sans-serif; font-size: 16px; font-weight: 400; margin: 0px 0px 12px; text-decoration: none; border-bottom: 0px rgb(230, 232, 240);\"><span style=\"font-family: 'times new roman', times, serif; font-size: 14pt; color: #000000;\">Ch\u1ea5t li\u1ec7u:<!--TgQPHd|[]--><!--TgQPHd|[]--><\/span>\n<ul data-sfc-root=\"c\" data-sfc-cb=\"\" data-complete=\"true\" data-copy-service-computed-style=\"font-family: &quot;Google Sans&quot;, Arial, sans-serif; font-size: 16px; font-weight: 400; margin: 12px 0px 16px; text-decoration: none; border-bottom: 0px rgb(230, 232, 240);\">\n<li style=\"list-style-type: none;\">\n<ul data-sfc-root=\"c\" data-sfc-cb=\"\" data-complete=\"true\" data-copy-service-computed-style=\"font-family: &quot;Google Sans&quot;, Arial, sans-serif; font-size: 16px; font-weight: 400; margin: 12px 0px 16px; text-decoration: none; border-bottom: 0px rgb(230, 232, 240);\">\n<li data-sfc-cp=\"\" data-sfc-root=\"c\" data-sfc-cb=\"\" data-hveid=\"CAAIDhAD\" data-complete=\"true\" data-sae=\"\" data-copy-service-computed-style=\"font-family: &quot;Google Sans&quot;, Arial, sans-serif; font-size: 16px; font-weight: 400; margin: 0px 0px 12px; text-decoration: none; border-bottom: 0px rgb(230, 232, 240);\"><span style=\"font-family: 'times new roman', times, serif; font-size: 14pt; color: #000000;\">V\u1ecf h\u1ea1t l\u00e0m t\u1eeb nh\u1ef1a PC ch\u1ea5t l\u01b0\u1ee3ng cao, ch\u1ecbu nhi\u1ec7t v\u00e0 ch\u1ed1ng ch\u00e1y.<!--TgQPHd|[]--><!--TgQPHd|[]--><\/span><\/li>\n<li data-sfc-cp=\"\" data-sfc-root=\"c\" data-sfc-cb=\"\" data-hveid=\"CAAIDhAE\" data-complete=\"true\" data-sae=\"\" data-copy-service-computed-style=\"font-family: &quot;Google Sans&quot;, Arial, sans-serif; font-size: 16px; font-weight: 400; margin: 0px 0px 12px; text-decoration: none; border-bottom: 0px rgb(230, 232, 240);\"><span style=\"font-family: 'times new roman', times, serif; font-size: 14pt; color: #000000;\">Ti\u1ebfp \u0111i\u1ec3m b\u1eb1ng \u0111\u1ed3ng ph\u1ed1t pho ho\u1eb7c \u0111\u1ed3ng t\u00edm 65% m\u1ea1 b\u1ea1c d\u00e0y 0.35mm, gi\u00fap d\u1eabn \u0111i\u1ec7n \u1ed5n \u0111\u1ecbnh v\u00e0 gi\u1ea3m tia l\u1eeda \u0111i\u1ec7n.<!--TgQPHd|[]--><!--TgQPHd|[]--><\/span><\/li>\n<\/ul>\n<\/li>\n<\/ul>\n<p><!--TgQPHd|[]--><\/p>\n<p><span style=\"font-family: 'times new roman', times, serif; font-size: 14pt; color: #000000;\"><!--TgQPHd|[]--><\/span><\/li>\n<li data-sfc-cp=\"\" data-sfc-root=\"c\" data-sfc-cb=\"\" data-hveid=\"CAAIDhAF\" data-complete=\"true\" data-sae=\"\" data-copy-service-computed-style=\"font-family: &quot;Google Sans&quot;, Arial, sans-serif; font-size: 16px; font-weight: 400; margin: 0px 0px 12px; text-decoration: none; border-bottom: 0px rgb(230, 232, 240);\"><span style=\"font-family: 'times new roman', times, serif; font-size: 14pt; color: #000000;\">\u0110\u1ed9 b\u1ec1n:<!--TgQPHd|[]--> Tu\u1ed5i th\u1ecd c\u1eafm\/r\u00fat t\u1eeb 10.000 \u0111\u1ebfn 50.000 l\u1ea7n t\u00f9y theo c\u00f4ng b\u1ed1 c\u1ee7a nh\u00e0 ph\u00e2n ph\u1ed1i.<!--TgQPHd|[]--><!--TgQPHd|[]--><\/span><\/li>\n<li data-sfc-cp=\"\" data-sfc-root=\"c\" data-sfc-cb=\"\" data-hveid=\"CAAIDhAG\" data-complete=\"true\" data-sae=\"\" data-copy-service-computed-style=\"font-family: &quot;Google Sans&quot;, Arial, sans-serif; font-size: 16px; font-weight: 400; margin: 0px 0px 12px; text-decoration: none; border-bottom: 0px rgb(230, 232, 240);\"><span style=\"font-family: 'times new roman', times, serif; font-size: 14pt; color: #000000;\">B\u1ea3o h\u00e0nh:<!--TgQPHd|[]--> Ch\u00ednh s\u00e1ch \u0111\u1ed5i m\u1edbi l\u00ean \u0111\u1ebfn 12 n\u0103m<!--TgQPHd|[]-->.<!--TgQPHd|[]--><\/span><\/li>\n<\/ul>\n<\/li>\n<\/ul>\n<p><!--TgQPHd|[]--><\/p>\n<div id=\"attachment_14652\" style=\"width: 610px\" class=\"wp-caption aligncenter\"><img decoding=\"async\" aria-describedby=\"caption-attachment-14652\" class=\"wp-image-14652 size-full\" src=\"http:\/\/thietbidienlama.com\/wp-content\/uploads\/2026\/05\/Hat-O-Cam-Doi-2-Chau-UTEN-V7.0-Mau-Ghi-Gan-Mat-VPRO.jpg\" alt=\"H\u1ea1t \u1ed4 C\u1eafm \u0110\u00f4i 2 Ch\u1ea5u UTEN V7.0 M\u00e0u Ghi G\u1eafn M\u1eb7t VPRO\" width=\"600\" height=\"370\" srcset=\"https:\/\/mail.thietbidienlama.com\/wp-content\/uploads\/2026\/05\/Hat-O-Cam-Doi-2-Chau-UTEN-V7.0-Mau-Ghi-Gan-Mat-VPRO.jpg 600w, https:\/\/mail.thietbidienlama.com\/wp-content\/uploads\/2026\/05\/Hat-O-Cam-Doi-2-Chau-UTEN-V7.0-Mau-Ghi-Gan-Mat-VPRO-300x185.jpg 300w, https:\/\/mail.thietbidienlama.com\/wp-content\/uploads\/2026\/05\/Hat-O-Cam-Doi-2-Chau-UTEN-V7.0-Mau-Ghi-Gan-Mat-VPRO-18x12.jpg 18w, https:\/\/mail.thietbidienlama.com\/wp-content\/uploads\/2026\/05\/Hat-O-Cam-Doi-2-Chau-UTEN-V7.0-Mau-Ghi-Gan-Mat-VPRO-150x93.jpg 150w\" sizes=\"(max-width: 600px) 100vw, 600px\" \/><p id=\"caption-attachment-14652\" class=\"wp-caption-text\">H\u1ea1t \u1ed4 C\u1eafm \u0110\u00f4i 2 Ch\u1ea5u UTEN V7.0 M\u00e0u Ghi G\u1eafn M\u1eb7t VPRO<\/p><\/div>\n<div data-sfc-cp=\"\" data-sfc-root=\"c\" data-sfc-cb=\"\" data-complete=\"true\" data-processed=\"true\" data-copy-service-computed-style=\"font-family: &quot;Google Sans&quot;, Arial, sans-serif; font-size: 14px; font-weight: 400; margin: 0px; text-decoration: none; border-bottom: 0px rgb(230, 232, 240);\"><span style=\"font-family: 'times new roman', times, serif; font-size: 14pt; color: #000000;\"><!--TgQPHd|[]--><\/span><\/div>\n<h2 role=\"heading\" aria-level=\"3\" data-sfc-root=\"c\" data-complete=\"true\" data-processed=\"true\" data-copy-service-computed-style=\"font-family: &quot;Google Sans&quot;, Arial, sans-serif; font-size: 20px; font-weight: 600; margin: 24px 0px 12px; text-decoration: none; border-bottom: 0px rgb(230, 232, 240);\"><span style=\"font-family: 'times new roman', times, serif; font-size: 14pt; color: #000000;\"><span style=\"font-size: 18pt;\">\u01afu \u0111i\u1ec3m n\u1ed5i b\u1eadt<\/span><!--TgQPHd|[]--><\/span><\/h2>\n<ul data-sfc-root=\"c\" data-sfc-cb=\"\" data-complete=\"true\" data-processed=\"true\" data-copy-service-computed-style=\"font-family: &quot;Google Sans&quot;, Arial, sans-serif; font-size: 16px; font-weight: 400; margin: 12px 0px 16px; text-decoration: none; border-bottom: 0px rgb(230, 232, 240);\">\n<li data-sfc-cp=\"\" data-sfc-root=\"c\" data-sfc-cb=\"\" data-hveid=\"CAAIExAA\" data-complete=\"true\" data-sae=\"\" data-copy-service-computed-style=\"font-family: &quot;Google Sans&quot;, Arial, sans-serif; font-size: 16px; font-weight: 400; margin: 0px 0px 12px; text-decoration: none; border-bottom: 0px rgb(230, 232, 240);\"><span style=\"font-family: 'times new roman', times, serif; font-size: 14pt; color: #000000;\">Thi\u1ebft k\u1ebf sang tr\u1ecdng:<!--TgQPHd|[]--> M\u00e0u ghi m\u1edd \u0111\u1eb7c tr\u01b0ng c\u1ee7a d\u00f2ng V7.0 mang l\u1ea1i v\u1ebb ngo\u00e0i tinh t\u1ebf, ph\u00f9 h\u1ee3p v\u1edbi c\u00e1c m\u1eb7t che vi\u1ec1n nh\u00f4m x\u01b0\u1edbc c\u00f9ng series.<!--TgQPHd|[]--><!--TgQPHd|[]--><\/span><\/li>\n<li data-sfc-cp=\"\" data-sfc-root=\"c\" data-sfc-cb=\"\" data-hveid=\"CAAIExAB\" data-complete=\"true\" data-sae=\"\" data-copy-service-computed-style=\"font-family: &quot;Google Sans&quot;, Arial, sans-serif; font-size: 16px; font-weight: 400; margin: 0px 0px 12px; text-decoration: none; border-bottom: 0px rgb(230, 232, 240);\"><span style=\"font-family: 'times new roman', times, serif; font-size: 14pt; color: #000000;\">K\u1ebft n\u1ed1i ch\u1eafc ch\u1eafn:<!--TgQPHd|[]--> H\u1ec7 th\u1ed1ng ch\u00e2n k\u1eb9p b\u1eb1ng th\u00e9p \u0111\u00e0n h\u1ed3i gi\u00fap \u00f4m s\u00e1t ph\u00edch c\u1eafm, tr\u00e1nh t\u00ecnh tr\u1ea1ng l\u1ecfng l\u1ebbo hay ch\u1eadp ch\u1eddn khi s\u1eed d\u1ee5ng.<!--TgQPHd|[]--><!--TgQPHd|[]--><\/span><\/li>\n<li data-sfc-cp=\"\" data-sfc-root=\"c\" data-sfc-cb=\"\" data-hveid=\"CAAIExAC\" data-complete=\"true\" data-sae=\"\" data-copy-service-computed-style=\"font-family: &quot;Google Sans&quot;, Arial, sans-serif; font-size: 16px; font-weight: 400; margin: 0px 0px 12px; text-decoration: none; border-bottom: 0px rgb(230, 232, 240);\"><span style=\"font-family: 'times new roman', times, serif; font-size: 14pt; color: #000000;\" data-sfc-cp=\"\" data-sfc-root=\"c\" data-sfc-cb=\"\" data-complete=\"true\" aria-owns=\"action-menu-parent-container\" data-copy-service-computed-style=\"font-family: &quot;Google Sans&quot;, Arial, sans-serif; font-size: 16px; font-weight: 400; margin: 0px; text-decoration: none; border-bottom: 0px rgb(230, 232, 240);\">T\u00ednh an to\u00e0n cao:<!--TgQPHd|[]--> C\u01a1 c\u1ea5u d\u1eabn \u0111i\u1ec7n b\u1eb1ng \u0111\u1ed3ng nguy\u00ean ch\u1ea5t gi\u00fap truy\u1ec1n t\u1ea3i \u0111i\u1ec7n n\u0103ng t\u1ed1t v\u00e0 lo\u1ea1i b\u1ecf r\u00f2 r\u1ec9 \u0111i\u1ec7n.<\/span><\/li>\n<\/ul>\n<p><span style=\"font-size: 14pt; color: #000000; font-family: 'times new roman', times, serif;\"><strong>Facebook:\u00a0<span style=\"color: #ff6600;\"><a style=\"color: #ff6600;\" href=\"https:\/\/www.facebook.com\/thietbidienlama\" target=\"_blank\" rel=\"noopener\">THI\u1ebeT\u00a0B\u1eca \u0110I\u1ec6N LAMA<\/a><\/span><\/strong><\/span><\/p>\n<p><span style=\"font-size: 14pt; color: #000000; font-family: 'times new roman', times, serif;\"><strong>Tiktok:\u00a0<span style=\"color: #ff6600;\"><a style=\"color: #ff6600;\" href=\"https:\/\/www.tiktok.com\/@thietbidienlama\" target=\"_blank\" rel=\"noopener\">THI\u1ebeT\u00a0B\u1eca \u0110I\u1ec6N LAMA<\/a><\/span><\/strong><\/span><\/p>\n<p><span style=\"font-size: 14pt; color: #000000; font-family: 'times new roman', times, serif;\"><strong>Youtube: <span style=\"color: #ff6600;\"><a style=\"color: #ff6600;\" href=\"https:\/\/www.youtube.com\/@thietbidienlama\" target=\"_blank\" rel=\"noopener\">THI\u1ebeT\u00a0B\u1eca \u0110I\u1ec6N LAMA<\/a><\/span><\/strong><\/span><\/p>","protected":false},"excerpt":{"rendered":"<p>H\u1ea1t \u1ed4 C\u1eafm \u0110\u00f4i 2 Ch\u1ea5u UTEN V7.0 M\u00e0u Ghi H\u1ea1t \u1ed4 C\u1eafm \u0110\u00f4i 2 Ch\u1ea5u UTEN V7.0 l\u00e0 linh<\/p>","protected":false},"featured_media":14654,"comment_status":"closed","ping_status":"closed","template":"","meta":[],"product_brand":[],"product_cat":[984,985],"product_tag":[],"class_list":{"0":"post-14650","1":"product","2":"type-product","3":"status-publish","4":"has-post-thumbnail","6":"product_cat-o-cam-uten","7":"product_cat-o-cam-uten-v7","9":"first","10":"instock","11":"sale","12":"shipping-taxable","13":"purchasable","14":"product-type-simple"},"_links":{"self":[{"href":"https:\/\/mail.thietbidienlama.com\/en\/wp-json\/wp\/v2\/product\/14650","targetHints":{"allow":["GET"]}}],"collection":[{"href":"https:\/\/mail.thietbidienlama.com\/en\/wp-json\/wp\/v2\/product"}],"about":[{"href":"https:\/\/mail.thietbidienlama.com\/en\/wp-json\/wp\/v2\/types\/product"}],"replies":[{"embeddable":true,"href":"https:\/\/mail.thietbidienlama.com\/en\/wp-json\/wp\/v2\/comments?post=14650"}],"version-history":[{"count":2,"href":"https:\/\/mail.thietbidienlama.com\/en\/wp-json\/wp\/v2\/product\/14650\/revisions"}],"predecessor-version":[{"id":14655,"href":"https:\/\/mail.thietbidienlama.com\/en\/wp-json\/wp\/v2\/product\/14650\/revisions\/14655"}],"wp:featuredmedia":[{"embeddable":true,"href":"https:\/\/mail.thietbidienlama.com\/en\/wp-json\/wp\/v2\/media\/14654"}],"wp:attachment":[{"href":"https:\/\/mail.thietbidienlama.com\/en\/wp-json\/wp\/v2\/media?parent=14650"}],"wp:term":[{"taxonomy":"product_brand","embeddable":true,"href":"https:\/\/mail.thietbidienlama.com\/en\/wp-json\/wp\/v2\/product_brand?post=14650"},{"taxonomy":"product_cat","embeddable":true,"href":"https:\/\/mail.thietbidienlama.com\/en\/wp-json\/wp\/v2\/product_cat?post=14650"},{"taxonomy":"product_tag","embeddable":true,"href":"https:\/\/mail.thietbidienlama.com\/en\/wp-json\/wp\/v2\/product_tag?post=14650"}],"curies":[{"name":"wp","href":"https:\/\/api.w.org\/{rel}","templated":true}]}}