{"id":14645,"date":"2026-05-12T14:35:28","date_gmt":"2026-05-12T07:35:28","guid":{"rendered":"https:\/\/thietbidienlama.com\/?post_type=product&#038;p=14645"},"modified":"2026-05-12T14:37:10","modified_gmt":"2026-05-12T07:37:10","slug":"mat-cong-tac-uten-3-thiet-bi-mau-trang-v3-0","status":"publish","type":"product","link":"https:\/\/mail.thietbidienlama.com\/en\/mat-cong-tac-uten-3-thiet-bi-mau-trang-v3-0\/","title":{"rendered":"M\u1eb7t C\u00f4ng T\u1eafc UTEN 3 Thi\u1ebft B\u1ecb M\u00e0u Tr\u1eafng V3.0 PM3"},"content":{"rendered":"<h1 style=\"text-align: center;\"><span style=\"font-family: 'times new roman', times, serif; font-size: 18pt; color: #000000;\">M\u1eb7t C\u00f4ng T\u1eafc UTEN 3 Thi\u1ebft B\u1ecb M\u00e0u Tr\u1eafng V3.0 PM3<\/span><\/h1>\n<div data-sfc-cp=\"\" data-sfc-root=\"c\" data-sfc-cb=\"\" data-hveid=\"CAAIBxAA\" data-complete=\"true\" data-processed=\"true\" data-copy-service-computed-style=\"font-family: &quot;Google Sans&quot;, Arial, sans-serif; font-size: 16px; font-weight: 400; margin: 12px 0px 16px; text-decoration: none; border-bottom: 0px rgb(230, 232, 240);\"><span style=\"font-family: 'times new roman', times, serif; font-size: 14pt; color: #000000;\"><span style=\"color: #ff6600;\"><strong><a style=\"color: #ff6600;\" href=\"https:\/\/thietbidienlama.com\/mat-cong-tac-uten\/\">M\u1eb7t C\u00f4ng T\u1eafc UTEN<\/a><\/strong><\/span> 3 Thi\u1ebft B\u1ecb M\u00e0u Tr\u1eafng V3.0 PM3<!--TgQPHd|[[&quot;SHOPPING_PRODUCT&quot;,2,&quot;&quot;,&quot;EgciAJIBApwB&quot;,&quot;M\u1eb7t C\u00f4ng T\u1eafc UTEN 3 Thi\u1ebft B\u1ecb M\u00e0u Tr\u1eafng V3.0 PM3&quot;,&quot;&quot;,&quot;ErcECvcDQU1uMy15U0U5VC1EejRLMjM3blZ4c25jaC0tSWFjTUdzdWdEQW8yVVpHTDFndU1ySWRFak1xeTJCSjNhcWhPZ3gxcW5Temk0SGtBcWZDM2VWRTY1Q0ZDeFdJc05Vbzd4a1VqMXVDWUVlSmo0c3FDRTA4ek5QYTYtNFRqWWdXVG9hTjJ0ZVc5RDRvbGtDR0xHSzNuNE4wMFZtaC1TS0ZTOXJndEd1b3Y0cFp2ZHhLQTVtSWlRN19oZkFOWmlaTThNVEs1UzJZNU5rTHZpMlBzdEpkWHVaM2VHRURJMHFtYVM4T09USjR1aV9zUFd6VmtqV3NmNHFxS3NTdlpydlJBMGE2ci14MlJVNFVGTHF5bE9HbVpEczV6Z3VVWDBQSXFhODFuVFdZNjlnTWd3MTZPVkZFTUZrRF9SUjY1R29Xb2xlRHhUNTZrMHUyNGJ0VzNDam4wbnQ1cXI4OUVhdW9FVzNuajRlMzRSdmxmREdNbHVBRzRmbEtoaUphSERkWjJqSVM4cmxMM09JOC1rQm5Pakw5R0haa3dwaEtkTDZTZzB3OElxYmg0ODd3a094a1NtVDEyZmJtRHZDTXhOeXhrMzAwUU9DUXdLYmtERnJBTnlKWDRYV1VJMDU4bkV6SkoxQ2RCWkMtcEhZNFo5dUhEb3BwOGxoYjgSF2lkUUNhdE9yQnFhbTJyb1BzSS1nLVFJGiJBSktMRm1LS1NieGxZMFh3RmowN0dPM3ZHWlJ3MTFsNTJR&quot;,null,1,null,[null,null,null,null,null,null,null,null,null,null,null,null,null,null,null,null,null,null,null,null,null,null,null,null,null,1],0,0,null,null,0,0,[],&quot;&quot;,0,0],&quot;idQCatOrBqam2roPsI-g-QI_0&quot;]--><!--TgQPHd|[]--><!--TgQPHd|[]--> (m\u00e3 s\u1ea3n ph\u1ea9m V3.0-PM3) l\u00e0 <!--qkimaf b106Sb_l\/HugV6--><!--cqw1tb b106Sb_l\/HugV6-->m\u1eb7t che d\u1ea1ng ch\u1eef nh\u1eadt d\u00f9ng \u0111\u1ec3 l\u1eafp \u0111\u1eb7t \u0111\u1ed3ng th\u1eddi 3 thi\u1ebft b\u1ecb c\u1ee1 nh\u1ecf (size S)<!--TgQPHd|[]--> ho\u1eb7c 2 thi\u1ebft b\u1ecb c\u1ee1 trung (size M)<!--TgQPHd|[]--> thu\u1ed9c d\u00f2ng Series V3.0 c\u1ee7a Uten<!--TgQPHd|[]-->.<!--TgQPHd|[]--><\/span><\/div>\n<div data-sfc-cp=\"\" data-sfc-root=\"c\" data-sfc-cb=\"\" data-hveid=\"CAAIBxAA\" data-complete=\"true\" data-processed=\"true\" data-copy-service-computed-style=\"font-family: &quot;Google Sans&quot;, Arial, sans-serif; font-size: 16px; font-weight: 400; margin: 12px 0px 16px; text-decoration: none; border-bottom: 0px rgb(230, 232, 240);\">\n<div id=\"attachment_14647\" style=\"width: 610px\" class=\"wp-caption aligncenter\"><img fetchpriority=\"high\" decoding=\"async\" aria-describedby=\"caption-attachment-14647\" class=\"wp-image-14647 size-full\" src=\"http:\/\/thietbidienlama.com\/wp-content\/uploads\/2026\/05\/Mat-Cong-Tac-UTEN-3-Thiet-Bi-Mau-Trang-V3.0-PM3.jpg\" alt=\"M\u1eb7t C\u00f4ng T\u1eafc UTEN 3 Thi\u1ebft B\u1ecb M\u00e0u Tr\u1eafng V3.0 PM3\" width=\"600\" height=\"600\" srcset=\"https:\/\/mail.thietbidienlama.com\/wp-content\/uploads\/2026\/05\/Mat-Cong-Tac-UTEN-3-Thiet-Bi-Mau-Trang-V3.0-PM3.jpg 600w, https:\/\/mail.thietbidienlama.com\/wp-content\/uploads\/2026\/05\/Mat-Cong-Tac-UTEN-3-Thiet-Bi-Mau-Trang-V3.0-PM3-300x300.jpg 300w, https:\/\/mail.thietbidienlama.com\/wp-content\/uploads\/2026\/05\/Mat-Cong-Tac-UTEN-3-Thiet-Bi-Mau-Trang-V3.0-PM3-150x150.jpg 150w, https:\/\/mail.thietbidienlama.com\/wp-content\/uploads\/2026\/05\/Mat-Cong-Tac-UTEN-3-Thiet-Bi-Mau-Trang-V3.0-PM3-12x12.jpg 12w\" sizes=\"(max-width: 600px) 100vw, 600px\" \/><p id=\"caption-attachment-14647\" class=\"wp-caption-text\">\u00a0 \u00a0 \u00a0 \u00a0 \u00a0 \u00a0 \u00a0 \u00a0 \u00a0 \u00a0 \u00a0 \u00a0 \u00a0 \u00a0M\u1eb7t C\u00f4ng T\u1eafc UTEN 3 Thi\u1ebft B\u1ecb M\u00e0u Tr\u1eafng V3.0 PM3<\/p><\/div>\n<\/div>\n<div data-sfc-cp=\"\" data-sfc-root=\"c\" data-sfc-cb=\"\" data-complete=\"true\" data-processed=\"true\" data-copy-service-computed-style=\"font-family: &quot;Google Sans&quot;, Arial, sans-serif; font-size: 14px; font-weight: 400; margin: 0px; text-decoration: none; border-bottom: 0px rgb(230, 232, 240);\"><span style=\"font-family: 'times new roman', times, serif; font-size: 14pt; color: #000000;\"><!--TgQPHd|[]--><\/span><\/div>\n<h2 role=\"heading\" aria-level=\"3\" data-sfc-root=\"c\" data-complete=\"true\" data-processed=\"true\" data-copy-service-computed-style=\"font-family: &quot;Google Sans&quot;, Arial, sans-serif; font-size: 20px; font-weight: 600; margin: 24px 0px 12px; text-decoration: none; border-bottom: 0px rgb(230, 232, 240);\"><span style=\"font-family: 'times new roman', times, serif; font-size: 14pt; color: #000000;\"><span style=\"font-size: 18pt;\">\u0110\u1eb7c \u0111i\u1ec3m k\u1ef9 thu\u1eadt v\u00e0 c\u1ea5u t\u1ea1o<\/span><!--TgQPHd|[]--><\/span><\/h2>\n<ul data-sfc-root=\"c\" data-sfc-cb=\"\" data-processed=\"true\" data-complete=\"true\" data-copy-service-computed-style=\"font-family: &quot;Google Sans&quot;, Arial, sans-serif; font-size: 16px; font-weight: 400; margin: 12px 0px 16px; text-decoration: none; border-bottom: 0px rgb(230, 232, 240);\">\n<li style=\"list-style-type: none;\">\n<ul data-sfc-root=\"c\" data-sfc-cb=\"\" data-processed=\"true\" data-complete=\"true\" data-copy-service-computed-style=\"font-family: &quot;Google Sans&quot;, Arial, sans-serif; font-size: 16px; font-weight: 400; margin: 12px 0px 16px; text-decoration: none; border-bottom: 0px rgb(230, 232, 240);\">\n<li data-sfc-cp=\"\" data-sfc-root=\"c\" data-sfc-cb=\"\" data-hveid=\"CAAIDhAA\" data-complete=\"true\" data-sae=\"\" data-copy-service-computed-style=\"font-family: &quot;Google Sans&quot;, Arial, sans-serif; font-size: 16px; font-weight: 400; margin: 0px 0px 12px; text-decoration: none; border-bottom: 0px rgb(230, 232, 240);\"><span style=\"font-family: 'times new roman', times, serif; font-size: 14pt; color: #000000;\">C\u1ea5u t\u1ea1o:<!--TgQPHd|[]--> S\u1ea3n ph\u1ea9m bao g\u1ed3m m\u1eb7t \u1ed1p nh\u1ef1a m\u00e0u tr\u1eafng, khung g\u00f4ng b\u1eb1ng s\u1eaft s\u01a1n t\u0129nh \u0111i\u1ec7n b\u1ec1n b\u1ec9 v\u00e0 b\u1ed9 2 v\u00edt \u0111i k\u00e8m.<!--TgQPHd|[]--><!--TgQPHd|[]--><\/span><\/li>\n<li data-sfc-cp=\"\" data-sfc-root=\"c\" data-sfc-cb=\"\" data-hveid=\"CAAIDhAB\" data-sae=\"\" data-complete=\"true\" data-copy-service-computed-style=\"font-family: &quot;Google Sans&quot;, Arial, sans-serif; font-size: 16px; font-weight: 400; margin: 0px 0px 12px; text-decoration: none; border-bottom: 0px rgb(230, 232, 240);\"><span style=\"font-family: 'times new roman', times, serif; font-size: 14pt; color: #000000;\">K\u00edch th\u01b0\u1edbc:<!--TgQPHd|[]--> Kho\u1ea3ng 72 x 117 mm, t\u01b0\u01a1ng \u0111\u01b0\u01a1ng k\u00edch th\u01b0\u1edbc c\u00e1c lo\u1ea1i \u0111\u1ebf \u00e2m ch\u1eef nh\u1eadt ph\u1ed5 bi\u1ebfn tr\u00ean th\u1ecb tr\u01b0\u1eddng.<!--TgQPHd|[]--><!--TgQPHd|[]--><\/span><\/li>\n<li data-sfc-cp=\"\" data-sfc-root=\"c\" data-sfc-cb=\"\" data-hveid=\"CAAIDhAC\" data-complete=\"true\" data-processed=\"true\" data-sae=\"\" data-copy-service-computed-style=\"font-family: &quot;Google Sans&quot;, Arial, sans-serif; font-size: 16px; font-weight: 400; margin: 0px 0px 12px; text-decoration: none; border-bottom: 0px rgb(230, 232, 240);\"><span style=\"font-family: 'times new roman', times, serif; font-size: 14pt; color: #000000;\">Ch\u1ea5t li\u1ec7u:<!--TgQPHd|[]--> Nh\u1ef1a PC cao c\u1ea5p c\u00f3 kh\u1ea3 n\u0103ng ch\u1ed1ng ch\u00e1y, ch\u1ecbu nhi\u1ec7t t\u1ed1t v\u00e0 kh\u00f4ng b\u1ecb phai m\u00e0u theo th\u1eddi gian.<!--TgQPHd|[]--><!--TgQPHd|[]--><\/span><\/li>\n<li data-sfc-cp=\"\" data-sfc-root=\"c\" data-sfc-cb=\"\" data-hveid=\"CAAIDhAD\" data-complete=\"true\" data-processed=\"true\" data-sae=\"\" data-copy-service-computed-style=\"font-family: &quot;Google Sans&quot;, Arial, sans-serif; font-size: 16px; font-weight: 400; margin: 0px 0px 12px; text-decoration: none; border-bottom: 0px rgb(230, 232, 240);\"><span style=\"font-family: 'times new roman', times, serif; font-size: 14pt; color: #000000;\">M\u00e0u s\u1eafc:<!--TgQPHd|[]--> Tr\u1eafng tinh khi\u1ebft, b\u1ec1 m\u1eb7t \u0111\u01b0\u1ee3c x\u1eed l\u00fd tinh x\u1ea3o mang l\u1ea1i v\u1ebb sang tr\u1ecdng cho kh\u00f4ng gian l\u1eafp \u0111\u1eb7t.<!--TgQPHd|[]--><\/span><\/li>\n<\/ul>\n<\/li>\n<\/ul>\n<p><!--TgQPHd|[]--><\/p>\n<div id=\"attachment_14646\" style=\"width: 610px\" class=\"wp-caption aligncenter\"><img decoding=\"async\" aria-describedby=\"caption-attachment-14646\" class=\"wp-image-14646 size-full\" src=\"http:\/\/thietbidienlama.com\/wp-content\/uploads\/2026\/05\/Mat-Cong-Tac-UTEN-3-Thiet-Bi-Cong-Tac.jpg\" alt=\"M\u1eb7t C\u00f4ng T\u1eafc UTEN 3 Thi\u1ebft B\u1ecb C\u00f4ng T\u1eafc\" width=\"600\" height=\"387\" srcset=\"https:\/\/mail.thietbidienlama.com\/wp-content\/uploads\/2026\/05\/Mat-Cong-Tac-UTEN-3-Thiet-Bi-Cong-Tac.jpg 600w, https:\/\/mail.thietbidienlama.com\/wp-content\/uploads\/2026\/05\/Mat-Cong-Tac-UTEN-3-Thiet-Bi-Cong-Tac-300x194.jpg 300w, https:\/\/mail.thietbidienlama.com\/wp-content\/uploads\/2026\/05\/Mat-Cong-Tac-UTEN-3-Thiet-Bi-Cong-Tac-18x12.jpg 18w, https:\/\/mail.thietbidienlama.com\/wp-content\/uploads\/2026\/05\/Mat-Cong-Tac-UTEN-3-Thiet-Bi-Cong-Tac-150x97.jpg 150w\" sizes=\"(max-width: 600px) 100vw, 600px\" \/><p id=\"caption-attachment-14646\" class=\"wp-caption-text\">\u00a0 \u00a0 \u00a0 \u00a0 \u00a0 \u00a0 \u00a0 \u00a0 \u00a0 \u00a0 \u00a0 \u00a0 \u00a0 \u00a0 \u00a0M\u1eb7t C\u00f4ng T\u1eafc UTEN 3 Thi\u1ebft B\u1ecb C\u00f4ng T\u1eafc<\/p><\/div>\n<div data-sfc-cp=\"\" data-sfc-root=\"c\" data-sfc-cb=\"\" data-complete=\"true\" data-processed=\"true\" data-copy-service-computed-style=\"font-family: &quot;Google Sans&quot;, Arial, sans-serif; font-size: 14px; font-weight: 400; margin: 0px; text-decoration: none; border-bottom: 0px rgb(230, 232, 240);\"><span style=\"font-family: 'times new roman', times, serif; font-size: 14pt; color: #000000;\"><!--TgQPHd|[]--><\/span><\/div>\n<h2 role=\"heading\" aria-level=\"3\" data-sfc-root=\"c\" data-complete=\"true\" data-processed=\"true\" data-copy-service-computed-style=\"font-family: &quot;Google Sans&quot;, Arial, sans-serif; font-size: 20px; font-weight: 600; margin: 24px 0px 12px; text-decoration: none; border-bottom: 0px rgb(230, 232, 240);\"><span style=\"font-family: 'times new roman', times, serif; font-size: 14pt; color: #000000;\"><span style=\"font-size: 18pt;\">\u01afu \u0111i\u1ec3m n\u1ed5i b\u1eadt<\/span><!--TgQPHd|[]--><\/span><\/h2>\n<ul data-sfc-root=\"c\" data-sfc-cb=\"\" data-complete=\"true\" data-processed=\"true\" data-copy-service-computed-style=\"font-family: &quot;Google Sans&quot;, Arial, sans-serif; font-size: 16px; font-weight: 400; margin: 12px 0px 16px; text-decoration: none; border-bottom: 0px rgb(230, 232, 240);\">\n<li data-sfc-cp=\"\" data-sfc-root=\"c\" data-sfc-cb=\"\" data-hveid=\"CAAIExAA\" data-complete=\"true\" data-sae=\"\" data-copy-service-computed-style=\"font-family: &quot;Google Sans&quot;, Arial, sans-serif; font-size: 16px; font-weight: 400; margin: 0px 0px 12px; text-decoration: none; border-bottom: 0px rgb(230, 232, 240);\"><span style=\"font-family: 'times new roman', times, serif; font-size: 14pt; color: #000000;\">\u0110\u1ed9 b\u1ec1n v\u01b0\u1ee3t tr\u1ed9i:<!--TgQPHd|[]--> Khung g\u00f4ng s\u1eaft ch\u1eafc ch\u1eafn gi\u00fap m\u1eb7t n\u1ea1 b\u00e1m s\u00e1t t\u01b0\u1eddng, kh\u00f4ng b\u1ecb bi\u1ebfn d\u1ea1ng khi si\u1ebft v\u00edt m\u1ea1nh.<!--TgQPHd|[]--><!--TgQPHd|[]--><\/span><\/li>\n<li data-sfc-cp=\"\" data-sfc-root=\"c\" data-sfc-cb=\"\" data-hveid=\"CAAIExAB\" data-complete=\"true\" data-sae=\"\" data-copy-service-computed-style=\"font-family: &quot;Google Sans&quot;, Arial, sans-serif; font-size: 16px; font-weight: 400; margin: 0px 0px 12px; text-decoration: none; border-bottom: 0px rgb(230, 232, 240);\"><span style=\"font-family: 'times new roman', times, serif; font-size: 14pt; color: #000000;\">Ch\u1ebf \u0111\u1ed9 b\u1ea3o h\u00e0nh:<!--TgQPHd|[]--> S\u1ea3n ph\u1ea9m ch\u00ednh h\u00e3ng Uten th\u01b0\u1eddng c\u00f3 th\u1eddi gian b\u1ea3o h\u00e0nh l\u00ean \u0111\u1ebfn 12 n\u0103m<!--TgQPHd|[]--> (1 \u0111\u1ed5i 1 n\u1ebfu c\u00f3 l\u1ed7i t\u1eeb nh\u00e0 s\u1ea3n xu\u1ea5t).<!--TgQPHd|[]--><!--TgQPHd|[]--><\/span><\/li>\n<li data-sfc-cp=\"\" data-sfc-root=\"c\" data-sfc-cb=\"\" data-hveid=\"CAAIExAC\" data-complete=\"true\" data-sae=\"\" data-copy-service-computed-style=\"font-family: &quot;Google Sans&quot;, Arial, sans-serif; font-size: 16px; font-weight: 400; margin: 0px 0px 12px; text-decoration: none; border-bottom: 0px rgb(230, 232, 240);\"><span style=\"font-family: 'times new roman', times, serif; font-size: 14pt; color: #000000;\">T\u00ednh th\u1ea9m m\u1ef9 cao:<!--TgQPHd|[]--> Thi\u1ebft k\u1ebf m\u1ecfng, ph\u1eb3ng hi\u1ec7n \u0111\u1ea1i, \u0111\u1ea1t ti\u00eau chu\u1ea9n ch\u1ea5t l\u01b0\u1ee3ng Ch\u00e2u \u00c2u.<!--TgQPHd|[]--><!--TgQPHd|[]--><\/span><\/li>\n<li data-sfc-cp=\"\" data-sfc-root=\"c\" data-sfc-cb=\"\" data-hveid=\"CAAIExAD\" data-complete=\"true\" data-sae=\"\" data-copy-service-computed-style=\"font-family: &quot;Google Sans&quot;, Arial, sans-serif; font-size: 16px; font-weight: 400; margin: 0px 0px 12px; text-decoration: none; border-bottom: 0px rgb(230, 232, 240);\"><span style=\"font-family: 'times new roman', times, serif; font-size: 14pt; color: #000000;\" data-sfc-cp=\"\" data-sfc-root=\"c\" data-sfc-cb=\"\" data-complete=\"true\" aria-owns=\"action-menu-parent-container\" data-copy-service-computed-style=\"font-family: &quot;Google Sans&quot;, Arial, sans-serif; font-size: 16px; font-weight: 400; margin: 0px; text-decoration: none; border-bottom: 0px rgb(230, 232, 240);\">Kh\u1ea3 n\u0103ng t\u00f9y bi\u1ebfn:<!--TgQPHd|[]--> M\u1eb7t r\u1eddi cho ph\u00e9p ng\u01b0\u1eddi d\u00f9ng t\u1ef1 ch\u1ecdn v\u00e0 l\u1eafp gh\u00e9p c\u00e1c lo\u1ea1i h\u1ea1t thi\u1ebft b\u1ecb (c\u00f4ng t\u1eafc, \u1ed5 c\u1eafm, h\u1ea1t tivi, m\u1ea1ng&#8230;) ph\u00f9 h\u1ee3p v\u1edbi nhu c\u1ea7u th\u1ef1c t\u1ebf.<\/span><\/li>\n<\/ul>\n<p><span style=\"font-size: 14pt; color: #000000; font-family: 'times new roman', times, serif;\"><strong>Facebook:\u00a0<span style=\"color: #ff6600;\"><a style=\"color: #ff6600;\" href=\"https:\/\/www.facebook.com\/thietbidienlama\" target=\"_blank\" rel=\"noopener\">THI\u1ebeT\u00a0B\u1eca \u0110I\u1ec6N LAMA<\/a><\/span><\/strong><\/span><\/p>\n<p><span style=\"font-size: 14pt; color: #000000; font-family: 'times new roman', times, serif;\"><strong>Tiktok:\u00a0<span style=\"color: #ff6600;\"><a style=\"color: #ff6600;\" href=\"https:\/\/www.tiktok.com\/@thietbidienlama\" target=\"_blank\" rel=\"noopener\">THI\u1ebeT\u00a0B\u1eca \u0110I\u1ec6N LAMA<\/a><\/span><\/strong><\/span><\/p>\n<p><span style=\"font-size: 14pt; color: #000000; font-family: 'times new roman', times, serif;\"><strong>Youtube: <span style=\"color: #ff6600;\"><a style=\"color: #ff6600;\" href=\"https:\/\/www.youtube.com\/@thietbidienlama\" target=\"_blank\" rel=\"noopener\">THI\u1ebeT\u00a0B\u1eca \u0110I\u1ec6N LAMA<\/a><\/span><\/strong><\/span><\/p>","protected":false},"excerpt":{"rendered":"<p>M\u1eb7t C\u00f4ng T\u1eafc UTEN 3 Thi\u1ebft B\u1ecb M\u00e0u Tr\u1eafng V3.0 PM3 M\u1eb7t C\u00f4ng T\u1eafc UTEN 3 Thi\u1ebft B\u1ecb M\u00e0u Tr\u1eafng<\/p>","protected":false},"featured_media":14647,"comment_status":"closed","ping_status":"closed","template":"","meta":[],"product_brand":[],"product_cat":[1094,991],"product_tag":[1097],"class_list":{"0":"post-14645","1":"product","2":"type-product","3":"status-publish","4":"has-post-thumbnail","6":"product_cat-mat-cong-tac-uten-v3-0","7":"product_cat-mat-cong-tac-uten","8":"product_tag-mat-cong-tac-uten-3-thiet-bi","10":"first","11":"instock","12":"sale","13":"shipping-taxable","14":"purchasable","15":"product-type-simple"},"_links":{"self":[{"href":"https:\/\/mail.thietbidienlama.com\/en\/wp-json\/wp\/v2\/product\/14645","targetHints":{"allow":["GET"]}}],"collection":[{"href":"https:\/\/mail.thietbidienlama.com\/en\/wp-json\/wp\/v2\/product"}],"about":[{"href":"https:\/\/mail.thietbidienlama.com\/en\/wp-json\/wp\/v2\/types\/product"}],"replies":[{"embeddable":true,"href":"https:\/\/mail.thietbidienlama.com\/en\/wp-json\/wp\/v2\/comments?post=14645"}],"version-history":[{"count":2,"href":"https:\/\/mail.thietbidienlama.com\/en\/wp-json\/wp\/v2\/product\/14645\/revisions"}],"predecessor-version":[{"id":14649,"href":"https:\/\/mail.thietbidienlama.com\/en\/wp-json\/wp\/v2\/product\/14645\/revisions\/14649"}],"wp:featuredmedia":[{"embeddable":true,"href":"https:\/\/mail.thietbidienlama.com\/en\/wp-json\/wp\/v2\/media\/14647"}],"wp:attachment":[{"href":"https:\/\/mail.thietbidienlama.com\/en\/wp-json\/wp\/v2\/media?parent=14645"}],"wp:term":[{"taxonomy":"product_brand","embeddable":true,"href":"https:\/\/mail.thietbidienlama.com\/en\/wp-json\/wp\/v2\/product_brand?post=14645"},{"taxonomy":"product_cat","embeddable":true,"href":"https:\/\/mail.thietbidienlama.com\/en\/wp-json\/wp\/v2\/product_cat?post=14645"},{"taxonomy":"product_tag","embeddable":true,"href":"https:\/\/mail.thietbidienlama.com\/en\/wp-json\/wp\/v2\/product_tag?post=14645"}],"curies":[{"name":"wp","href":"https:\/\/api.w.org\/{rel}","templated":true}]}}