{"id":14638,"date":"2026-05-12T13:01:36","date_gmt":"2026-05-12T06:01:36","guid":{"rendered":"https:\/\/thietbidienlama.com\/?post_type=product&#038;p=14638"},"modified":"2026-05-12T13:07:08","modified_gmt":"2026-05-12T06:07:08","slug":"mat-cong-tac-uten-2-thiet-bi-mau-trang-v3-0","status":"publish","type":"product","link":"https:\/\/mail.thietbidienlama.com\/en\/mat-cong-tac-uten-2-thiet-bi-mau-trang-v3-0\/","title":{"rendered":"M\u1eb7t C\u00f4ng T\u1eafc UTEN 2 Thi\u1ebft B\u1ecb M\u00e0u Tr\u1eafng V3.0 PM2"},"content":{"rendered":"<h1 style=\"text-align: center;\" data-sfc-root=\"c\" data-hveid=\"CAAIBRAA\" data-processed=\"true\" data-complete=\"true\" data-copy-service-computed-style=\"font-family: &quot;Google Sans&quot;, Arial, sans-serif; font-size: 16px; font-weight: 400; margin: 12px 0px 16px; text-decoration: none; border-bottom: 0px rgb(230, 232, 240);\"><span style=\"font-family: 'times new roman', times, serif; font-size: 18pt; color: #000000;\">M\u1eb7t C\u00f4ng T\u1eafc UTEN 2 Thi\u1ebft B\u1ecb M\u00e0u Tr\u1eafng V3.0 PM2<\/span><\/h1>\n<div data-sfc-cp=\"\" data-sfc-root=\"c\" data-sfc-cb=\"\" data-hveid=\"CAAIBRAA\" data-processed=\"true\" data-complete=\"true\" data-copy-service-computed-style=\"font-family: &quot;Google Sans&quot;, Arial, sans-serif; font-size: 16px; font-weight: 400; margin: 12px 0px 16px; text-decoration: none; border-bottom: 0px rgb(230, 232, 240);\"><span style=\"font-family: 'times new roman', times, serif; font-size: 14pt; color: #000000;\"><span style=\"color: #ff6600;\"><a style=\"color: #ff6600;\" href=\"https:\/\/thietbidienlama.com\/mat-cong-tac-uten\/\"><strong>M\u1eb7t C\u00f4ng T\u1eafc UTEN<\/strong><\/a><\/span> 2 Thi\u1ebft B\u1ecb M\u00e0u Tr\u1eafng V3.0 PM2<!--TgQPHd|[[&quot;SHOPPING_PRODUCT&quot;,2,&quot;&quot;,&quot;EgciAJIBApwB&quot;,&quot;UTEN M\u1eb7t C\u00f4ng T\u1eafc 2 Thi\u1ebft B\u1ecb M\u00e0u Tr\u1eafng V3.0 PM2&quot;,&quot;&quot;,&quot;ErcECvcDQU1uMy15VGltQjVMRGNrd3Q2SW5mSU1BY1k1UmM0eVk0OGxxd1VjSVVFcmZZZnpRTGo5akxFR3VBcHl0ekhseHFOWXNHYzB0RW9qOGQ3V1BvcDRjdkdNMzRFNWUzS3I2bHRzYnFRMlNTV2hYN0RZOGtvZVV1U2RhSGlISnc0SWVuNkNmMDh1eTdjbmI3OHhCeDdTZ2MxU1B1Rl84QkFsT2dzaWYyaXZsQXNTOExmbnhMM2xLVERHWE5HUDhqVWZoTzc4cmlyYmI2TkVmMlVZRkp3UzZzTTBnSHRUR2tLa3d5N2phVGNrVXZlUUU5OFpnV2c4RXJSSmx6ZGtkMl80VGtydU43UWVsRW5FQkxhTjU3T3VsUmp0bjZIQjhlMVR0MkFzdnhtV0ZrRVNrRHA0UGtycU51SzdYNFRtNk5nckJrVF8tVDViVGNzT0xRQzhNUFlfSjliQ1BJVkVXcm5fLXVFYklXSy1Od0JSTGc4YTFvT1gwUnVsTXBfelVMSjNJMDZiR1dqX1BkQUk0aDRtUWpDTExNZWFyR3ZxSnpqMVM2TE91d1NQLXZHbEhtazRldGhPSGVodHdaMVdkYmptUkY1dEJxVXZySXF2U0lJQWFEWmd6b3VqOU55Z3gwdmQwZzRBWDgzV0cyeks3aWhmbV9hVm1LcGsSF2xiOENhdkhjQlBDTTJyb1B3ZlgxMkEwGiJBSktMRm1MMkRJaElyTHBRcWI3ODNuX0FwMldxZ25CRGVB&quot;,null,1,null,[null,null,null,null,null,null,null,null,null,null,null,null,null,null,null,null,null,null,null,null,null,null,null,null,null,1],0,0,null,null,0,0,[],&quot;&quot;,0,0],&quot;lb8CavHcBPCM2roPwfX12A0_0&quot;]--><!--TgQPHd|[]--><!--TgQPHd|[]--> l\u00e0 d\u00f2ng s\u1ea3n ph\u1ea9m m\u1eb7t che (m\u1eb7t n\u1ea1) thu\u1ed9c Series V3.0 c\u1ee7a th\u01b0\u01a1ng hi\u1ec7u Uten (\u0110\u1ee9c), \u0111\u01b0\u1ee3c thi\u1ebft k\u1ebf \u0111\u1ec3 l\u1eafp \u0111\u1eb7t cho 2 thi\u1ebft b\u1ecb (nh\u01b0 c\u00f4ng t\u1eafc ho\u1eb7c \u1ed5 c\u1eafm) c\u1ee1 nh\u1ecf (size S). S\u1ea3n ph\u1ea9m n\u1ed5i b\u1eadt v\u1edbi thi\u1ebft k\u1ebf ph\u1eb3ng hi\u1ec7n \u0111\u1ea1i, t\u00f4ng m\u00e0u tr\u1eafng trang nh\u00e3, ph\u00f9 h\u1ee3p v\u1edbi nhi\u1ec1u kh\u00f4ng gian n\u1ed9i th\u1ea5t kh\u00e1c nhau.<!--TgQPHd|[]--><\/span><\/div>\n<div data-sfc-cp=\"\" data-sfc-root=\"c\" data-sfc-cb=\"\" data-hveid=\"CAAIBRAA\" data-processed=\"true\" data-complete=\"true\" data-copy-service-computed-style=\"font-family: &quot;Google Sans&quot;, Arial, sans-serif; font-size: 16px; font-weight: 400; margin: 12px 0px 16px; text-decoration: none; border-bottom: 0px rgb(230, 232, 240);\">\n<div id=\"attachment_14640\" style=\"width: 610px\" class=\"wp-caption aligncenter\"><img fetchpriority=\"high\" decoding=\"async\" aria-describedby=\"caption-attachment-14640\" class=\"wp-image-14640 size-full\" src=\"http:\/\/thietbidienlama.com\/wp-content\/uploads\/2026\/05\/Mat-Cong-Tac-UTEN-2-Thiet-Bi-Mau-Trang-V3.0-PM2.jpg\" alt=\"M\u1eb7t C\u00f4ng T\u1eafc UTEN 2 Thi\u1ebft B\u1ecb M\u00e0u Tr\u1eafng V3.0 PM2\" width=\"600\" height=\"600\" srcset=\"https:\/\/mail.thietbidienlama.com\/wp-content\/uploads\/2026\/05\/Mat-Cong-Tac-UTEN-2-Thiet-Bi-Mau-Trang-V3.0-PM2.jpg 600w, https:\/\/mail.thietbidienlama.com\/wp-content\/uploads\/2026\/05\/Mat-Cong-Tac-UTEN-2-Thiet-Bi-Mau-Trang-V3.0-PM2-300x300.jpg 300w, https:\/\/mail.thietbidienlama.com\/wp-content\/uploads\/2026\/05\/Mat-Cong-Tac-UTEN-2-Thiet-Bi-Mau-Trang-V3.0-PM2-150x150.jpg 150w, https:\/\/mail.thietbidienlama.com\/wp-content\/uploads\/2026\/05\/Mat-Cong-Tac-UTEN-2-Thiet-Bi-Mau-Trang-V3.0-PM2-12x12.jpg 12w\" sizes=\"(max-width: 600px) 100vw, 600px\" \/><p id=\"caption-attachment-14640\" class=\"wp-caption-text\">M\u1eb7t C\u00f4ng T\u1eafc UTEN 2 Thi\u1ebft B\u1ecb M\u00e0u Tr\u1eafng V3.0 PM2<\/p><\/div>\n<\/div>\n<div data-sfc-cp=\"\" data-sfc-root=\"c\" data-sfc-cb=\"\" data-complete=\"true\" data-processed=\"true\" data-copy-service-computed-style=\"font-family: &quot;Google Sans&quot;, Arial, sans-serif; font-size: 14px; font-weight: 400; margin: 0px; text-decoration: none; border-bottom: 0px rgb(230, 232, 240);\"><span style=\"font-family: 'times new roman', times, serif; font-size: 14pt; color: #000000;\"><!--TgQPHd|[]--><\/span><\/div>\n<h2 role=\"heading\" aria-level=\"3\" data-sfc-root=\"c\" data-complete=\"true\" data-processed=\"true\" data-copy-service-computed-style=\"font-family: &quot;Google Sans&quot;, Arial, sans-serif; font-size: 20px; font-weight: 600; margin: 24px 0px 12px; text-decoration: none; border-bottom: 0px rgb(230, 232, 240);\"><span style=\"font-family: 'times new roman', times, serif; font-size: 14pt; color: #000000;\"><span style=\"font-size: 18pt; color: #ff6600;\">Th\u00f4ng s\u1ed1 v\u00e0 \u0111\u1eb7c \u0111i\u1ec3m n\u1ed5i b\u1eadt<\/span><!--TgQPHd|[]--><\/span><\/h2>\n<ul data-sfc-root=\"c\" data-sfc-cb=\"\" data-complete=\"true\" data-processed=\"true\" data-copy-service-computed-style=\"font-family: &quot;Google Sans&quot;, Arial, sans-serif; font-size: 16px; font-weight: 400; margin: 12px 0px 16px; text-decoration: none; border-bottom: 0px rgb(230, 232, 240);\">\n<li data-sfc-cp=\"\" data-sfc-root=\"c\" data-sfc-cb=\"\" data-hveid=\"CAAICBAA\" data-complete=\"true\" data-sae=\"\" data-copy-service-computed-style=\"font-family: &quot;Google Sans&quot;, Arial, sans-serif; font-size: 16px; font-weight: 400; margin: 0px 0px 12px; text-decoration: none; border-bottom: 0px rgb(230, 232, 240);\"><span style=\"font-family: 'times new roman', times, serif; font-size: 14pt; color: #000000;\">M\u00e3 s\u1ea3n ph\u1ea9m:<!--TgQPHd|[]--> V3.0-PM2<!--TgQPHd|[[&quot;SHOPPING_PRODUCT&quot;,2,&quot;&quot;,&quot;EgciAJIBApwB&quot;,&quot;UTEN V3.0-PM2 M\u1eb7t C\u00f4ng T\u1eafc&quot;,&quot;&quot;,&quot;EvcDCrcDQU1uMy15UzN6YjRPV0hNdUU2Qm9ZM3FKM0FoQ1k0eTVxbENPY1pRTWJqRmxHMXJvUk94WHhBOFhJWjR0aUxaTTdZcVl1X0ZydXpyRkVJbF96ZkxzeWt2bmJiT21VLWRjRVdWTzdadWs2UjZFRGpyXzROQXVqU2Vzc2xDRVE5UVloQzVkX21FMC13dDkyM21ZRmQ4MlZBcG1JN21KU0tMTEIzbUh0NG52SmVxQlJ5Tk0tZkJBOWpVX2JwX2NjYURkSzNuXzh1S2FEV1AyV0xTRE12XzFUcFRuenZPNEhYWkFaNlQ4X0Vmd0F3anRJU1JrckRET1g0dkdITlV2dnd4RWJ0V3l6N3pxVG5pZWViNENvdWphaGJCSUo4b0JrMU8xOFZIdHh4dDBYNXQwTm1HampjWTdBakhxN3ppUU9KVVhiZVZYcWU2dnRQbGRNTHd0akpycjZEaWNJRGZLckZtTEc1YmVYY01IMUtqX19HR281MDhkbVhQakd6eHd5ZVIxYWtmdTF0dzdaNkY0V2tmZk1nVnRuTmM4bDlZd2s0TkNmZExsaE9jemNlWlVwaDRuOEdLNkJqNBIXbGI4Q2F2SGNCUENNMnJvUHdmWDEyQTAaIkFKS0xGbUlQYU0xMWNvOFRTLXNkNW5WMVJCaF81QUFMT0E&quot;,null,0,null,[null,null,null,null,null,null,null,null,null,null,null,null,null,null,null,null,null,null,null,null,null,null,null,null,null,1],0,0,null,null,0,0,[],&quot;&quot;,0,0],&quot;lb8CavHcBPCM2roPwfX12A0_1&quot;]--><!--TgQPHd|[]-->.<!--TgQPHd|[]--><!--TgQPHd|[]--><\/span><\/li>\n<li data-sfc-cp=\"\" data-sfc-root=\"c\" data-sfc-cb=\"\" data-hveid=\"CAAICBAC\" data-complete=\"true\" data-sae=\"\" data-copy-service-computed-style=\"font-family: &quot;Google Sans&quot;, Arial, sans-serif; font-size: 16px; font-weight: 400; margin: 0px 0px 12px; text-decoration: none; border-bottom: 0px rgb(230, 232, 240);\"><span style=\"font-family: 'times new roman', times, serif; font-size: 14pt; color: #000000;\">C\u1ea5u t\u1ea1o:<!--TgQPHd|[]--> Bao g\u1ed3m m\u1eb7t \u1ed1p b\u1eb1ng nh\u1ef1a PC m\u00e0u tr\u1eafng cao c\u1ea5p k\u1ebft h\u1ee3p v\u1edbi g\u00f4ng s\u1eaft s\u01a1n t\u0129nh \u0111i\u1ec7n ch\u1eafc ch\u1eafn v\u00e0 2 v\u00edt b\u1eaft \u0111i k\u00e8m.<!--TgQPHd|[]--><!--TgQPHd|[]--><\/span><\/li>\n<li data-sfc-cp=\"\" data-sfc-root=\"c\" data-sfc-cb=\"\" data-hveid=\"CAAICBAD\" data-complete=\"true\" data-sae=\"\" data-copy-service-computed-style=\"font-family: &quot;Google Sans&quot;, Arial, sans-serif; font-size: 16px; font-weight: 400; margin: 0px 0px 12px; text-decoration: none; border-bottom: 0px rgb(230, 232, 240);\"><span style=\"font-family: 'times new roman', times, serif; font-size: 14pt; color: #000000;\">C\u00f4ng d\u1ee5ng:<!--TgQPHd|[]--> Chuy\u00ean d\u00f9ng \u0111\u1ec3 l\u1eafp gh\u00e9p cho 2 thi\u1ebft b\u1ecb c\u1ee1 S (size nh\u1ecf) trong d\u00f2ng Series V3.0.<!--TgQPHd|[]--><!--TgQPHd|[]--><\/span><\/li>\n<li data-sfc-cp=\"\" data-sfc-root=\"c\" data-sfc-cb=\"\" data-hveid=\"CAAICBAE\" data-complete=\"true\" data-sae=\"\" data-copy-service-computed-style=\"font-family: &quot;Google Sans&quot;, Arial, sans-serif; font-size: 16px; font-weight: 400; margin: 0px 0px 12px; text-decoration: none; border-bottom: 0px rgb(230, 232, 240);\"><span style=\"font-family: 'times new roman', times, serif; font-size: 14pt; color: #000000;\" data-sfc-cp=\"\" data-sfc-root=\"c\" data-sfc-cb=\"\" data-complete=\"true\" aria-owns=\"action-menu-parent-container\" data-copy-service-computed-style=\"font-family: &quot;Google Sans&quot;, Arial, sans-serif; font-size: 16px; font-weight: 400; margin: 0px; text-decoration: none; border-bottom: 0px rgb(230, 232, 240);\">\u0110\u1ed9 b\u1ec1n:<!--TgQPHd|[]--> Ch\u1ea5t li\u1ec7u nh\u1ef1a c\u00f3 kh\u1ea3 n\u0103ng ch\u1ecbu nhi\u1ec7t, ch\u1ed1ng ch\u00e1y v\u00e0 b\u1ec1n m\u00e0u theo th\u1eddi gian. S\u1ea3n ph\u1ea9m th\u01b0\u1eddng \u0111\u01b0\u1ee3c c\u00e1c nh\u00e0 ph\u00e2n ph\u1ed1i b\u1ea3o h\u00e0nh l\u00ean \u0111\u1ebfn 12 n\u0103m.<\/span><\/li>\n<\/ul>\n<div id=\"attachment_14639\" style=\"width: 410px\" class=\"wp-caption aligncenter\"><img decoding=\"async\" aria-describedby=\"caption-attachment-14639\" class=\"wp-image-14639 size-full\" src=\"http:\/\/thietbidienlama.com\/wp-content\/uploads\/2026\/05\/Mat-Cong-Tac-UTEN-2-Thiet-Bi-Mau-Trang.jpg\" alt=\"M\u1eb7t C\u00f4ng T\u1eafc UTEN 2 Thi\u1ebft B\u1ecb M\u00e0u Tr\u1eafng\" width=\"400\" height=\"600\" srcset=\"https:\/\/mail.thietbidienlama.com\/wp-content\/uploads\/2026\/05\/Mat-Cong-Tac-UTEN-2-Thiet-Bi-Mau-Trang.jpg 400w, https:\/\/mail.thietbidienlama.com\/wp-content\/uploads\/2026\/05\/Mat-Cong-Tac-UTEN-2-Thiet-Bi-Mau-Trang-200x300.jpg 200w, https:\/\/mail.thietbidienlama.com\/wp-content\/uploads\/2026\/05\/Mat-Cong-Tac-UTEN-2-Thiet-Bi-Mau-Trang-8x12.jpg 8w, https:\/\/mail.thietbidienlama.com\/wp-content\/uploads\/2026\/05\/Mat-Cong-Tac-UTEN-2-Thiet-Bi-Mau-Trang-150x225.jpg 150w\" sizes=\"(max-width: 400px) 100vw, 400px\" \/><p id=\"caption-attachment-14639\" class=\"wp-caption-text\">M\u1eb7t C\u00f4ng T\u1eafc UTEN 2 Thi\u1ebft B\u1ecb M\u00e0u Tr\u1eafng<\/p><\/div>\n<div data-sfc-cp=\"\" data-sfc-root=\"c\" data-sfc-cb=\"\" data-hveid=\"CAAIAxAA\" data-complete=\"true\" data-processed=\"true\" data-copy-service-computed-style=\"font-family: &quot;Google Sans&quot;, Arial, sans-serif; font-size: 16px; font-weight: 400; margin: 12px 0px 16px; text-decoration: none; border-bottom: 0px rgb(230, 232, 240);\"><span style=\"font-family: 'times new roman', times, serif; font-size: 14pt; color: #000000;\"><strong>M\u1eb7t C\u00f4ng T\u1eafc UTEN 2 Thi\u1ebft B\u1ecb M\u00e0u Tr\u1eafng V3.0-PM2<!--TgQPHd|[[&quot;SHOPPING_PRODUCT&quot;,2,&quot;&quot;,&quot;EgciAJIBApwB&quot;,&quot;UTEN M\u1eb7t C\u00f4ng T\u1eafc UTEN 2 Thi\u1ebft B\u1ecb M\u00e0u Tr\u1eafng V3.0-PM2&quot;,&quot;&quot;,&quot;EswECowEQU1uMy15UzB3N1JNaElKTmdpbmZlaFlGVnpkWU90LW9tdUZDTm5LdkFucjBmVTBlSEc1OHhpQ3h0Sm0zN1dyR1BjSC1OWFZEUWNpUTIwUVdEd3h4VFNPQW9CX1lQaEVkU0FzdmpzOHFVNk1TcXBsZk9NRUMxNWV3UEJMdmVtR05rZllZdkQyWHdWdDcwUy0zdHdtWFJ5bnhmWHhDanRvM0RvN09VVVc4bWhpTk9vZV9VVXRsZkhzZGs2SkNGejQtR2hoSWNUN1J4aDdWaVFnUzZjWXo5bmFLSDBibHV5Sng2dkRCMDNuOWJtM2NOb09KX0VLTm1od053VnZJOTRKN01XcUw1NXg4U09UUjh5Mjc2aDVONGFwcUJmcUlLWEN5bXdzbnoyUnV6T1BzUWNHcXRLaGQxRmwtb3duUk9iaUtrWUFaWXZqMFZwQ2hZVWpjeDR3Yi1rUDY2NmozYUNmR3F1OThyUmN4aDJxS1A2MFhXZ0pNM09ueC04bGtyM2lxLTZEOVZ1eDRleFAweEhRTk5FYTZJUm95WV9OMHFXVTVwRmJIZU1aUzFja3BVWEg1TkxrNGpaamNFRXRPdnpXTmowMDQxczc0RnJtbEVMNk9KdVp3YjNpQl9lQW0xNHBzOXdDaWNuYUllZE8yNTAzY0xGRU9ybmEyZDRHOEMyMGwzcE9vU282VmVEVDMSF3E3OENhb1g0RXNmbDJyb1BzcHF4MkFNGiJBSktMRm1KTVFqdTZSTU91akJpTWJkRFl0SENyOXBacmJ3&quot;,null,1,null,[null,null,null,null,null,null,null,null,null,null,null,null,null,null,null,null,null,null,null,null,null,null,null,null,null,1],0,0,null,null,0,0,[],&quot;&quot;,0,0],&quot;q78CaoX4Esfl2roPspqx2AM_0&quot;]--> s\u1edf h\u1eefu nh\u1eefng \u01b0u \u0111i\u1ec3m v\u01b0\u1ee3t tr\u1ed9i v\u1ec1 \u0111\u1ed9 b\u1ec1n, th\u1ea9m m\u1ef9 v\u00e0 t\u00ednh linh ho\u1ea1t, c\u1ee5 th\u1ec3:<\/strong><!--TgQPHd|[]--><!--TgQPHd|[]--><\/span><\/div>\n<ul data-sfc-root=\"c\" data-sfc-cb=\"\" data-complete=\"true\" data-processed=\"true\" data-copy-service-computed-style=\"font-family: &quot;Google Sans&quot;, Arial, sans-serif; font-size: 16px; font-weight: 400; margin: 12px 0px 16px; text-decoration: none; border-bottom: 0px rgb(230, 232, 240);\">\n<li data-sfc-cp=\"\" data-sfc-root=\"c\" data-sfc-cb=\"\" data-hveid=\"CAAIFRAA\" data-complete=\"true\" data-sae=\"\" data-copy-service-computed-style=\"font-family: &quot;Google Sans&quot;, Arial, sans-serif; font-size: 16px; font-weight: 400; margin: 0px 0px 12px; text-decoration: none; border-bottom: 0px rgb(230, 232, 240);\"><span style=\"font-family: 'times new roman', times, serif; font-size: 14pt; color: #000000;\">Thi\u1ebft k\u1ebf tinh t\u1ebf &amp; Sang tr\u1ecdng:<!--TgQPHd|[]--> S\u1ea3n ph\u1ea9m c\u00f3 m\u00e0u tr\u1eafng tinh khi\u1ebft v\u1edbi b\u1ec1 m\u1eb7t \u0111\u01b0\u1ee3c x\u1eed l\u00fd b\u1eb1ng c\u00f4ng ngh\u1ec7 \u0111\u00e1nh b\u00f3ng ti\u00ean ti\u1ebfn, mang l\u1ea1i v\u1ebb \u0111\u1eb9p hi\u1ec7n \u0111\u1ea1i v\u00e0 d\u1ec5 d\u00e0ng ph\u1ed1i h\u1ee3p v\u1edbi nhi\u1ec1u phong c\u00e1ch n\u1ed9i th\u1ea5t t\u1eeb nh\u00e0 ph\u1ed1 \u0111\u1ebfn bi\u1ec7t th\u1ef1 cao c\u1ea5p.<!--TgQPHd|[]--><!--TgQPHd|[]--><\/span><\/li>\n<li data-sfc-cp=\"\" data-sfc-root=\"c\" data-sfc-cb=\"\" data-hveid=\"CAAIFRAB\" data-complete=\"true\" data-sae=\"\" data-copy-service-computed-style=\"font-family: &quot;Google Sans&quot;, Arial, sans-serif; font-size: 16px; font-weight: 400; margin: 0px 0px 12px; text-decoration: none; border-bottom: 0px rgb(230, 232, 240);\"><span style=\"font-family: 'times new roman', times, serif; font-size: 14pt; color: #000000;\">C\u1ea5u tr\u00fac g\u00f4ng s\u1eaft ch\u1eafc ch\u1eafn:<!--TgQPHd|[]--> \u0110i\u1ec3m kh\u00e1c bi\u1ec7t l\u1edbn c\u1ee7a d\u00f2ng V3.0 l\u00e0 s\u1eed d\u1ee5ng g\u00f4ng b\u1eb1ng kim lo\u1ea1i s\u01a1n t\u0129nh \u0111i\u1ec7n thay v\u00ec g\u00f4ng nh\u1ef1a. \u0110i\u1ec1u n\u00e0y gi\u00fap m\u1eb7t n\u1ea1 c\u1ef1c k\u1ef3 c\u1ee9ng c\u00e1p, kh\u00f4ng b\u1ecb bi\u1ebfn d\u1ea1ng hay n\u1ee9t v\u1ee1 khi si\u1ebft v\u00edt m\u1ea1nh trong qu\u00e1 tr\u00ecnh thi c\u00f4ng.<!--TgQPHd|[]--><!--TgQPHd|[]--><\/span><\/li>\n<li data-sfc-cp=\"\" data-sfc-root=\"c\" data-sfc-cb=\"\" data-hveid=\"CAAIFRAC\" data-complete=\"true\" data-sae=\"\" data-copy-service-computed-style=\"font-family: &quot;Google Sans&quot;, Arial, sans-serif; font-size: 16px; font-weight: 400; margin: 0px 0px 12px; text-decoration: none; border-bottom: 0px rgb(230, 232, 240);\"><span style=\"font-family: 'times new roman', times, serif; font-size: 14pt; color: #000000;\">Ch\u1ea5t li\u1ec7u Nh\u1ef1a PC cao c\u1ea5p:<!--TgQPHd|[]--> \u0110\u01b0\u1ee3c l\u00e0m t\u1eeb nh\u1ef1a PC c\u00f3 kh\u1ea3 n\u0103ng ch\u1ecbu nhi\u1ec7t t\u1ed1t, ch\u1ed1ng ch\u00e1y v\u00e0 \u0111\u1eb7c bi\u1ec7t l\u00e0 ch\u1ed1ng \u1ed1 v\u00e0ng theo th\u1eddi gian, gi\u1eef cho thi\u1ebft b\u1ecb lu\u00f4n nh\u01b0 m\u1edbi.<!--TgQPHd|[]--><!--TgQPHd|[]--><\/span><\/li>\n<li data-sfc-cp=\"\" data-sfc-root=\"c\" data-sfc-cb=\"\" data-hveid=\"CAAIFRAD\" data-complete=\"true\" data-sae=\"\" data-copy-service-computed-style=\"font-family: &quot;Google Sans&quot;, Arial, sans-serif; font-size: 16px; font-weight: 400; margin: 0px 0px 12px; text-decoration: none; border-bottom: 0px rgb(230, 232, 240);\"><span style=\"font-family: 'times new roman', times, serif; font-size: 14pt; color: #000000;\">\u0110\u1ed9 b\u1ec1n v\u00e0 B\u1ea3o h\u00e0nh \u1ea5n t\u01b0\u1ee3ng:<!--TgQPHd|[]--> S\u1ea3n ph\u1ea9m n\u1ed5i ti\u1ebfng v\u1edbi tu\u1ed5i th\u1ecd cao v\u00e0 th\u01b0\u1eddng \u0111i k\u00e8m ch\u00ednh s\u00e1ch b\u1ea3o h\u00e0nh l\u00ean \u0111\u1ebfn 12 n\u0103m<!--TgQPHd|[]--> (\u0111\u1ed5i m\u1edbi), mang l\u1ea1i s\u1ef1 an t\u00e2m tuy\u1ec7t \u0111\u1ed1i cho ng\u01b0\u1eddi s\u1eed d\u1ee5ng.<!--TgQPHd|[]--><!--TgQPHd|[]--><\/span><\/li>\n<li data-sfc-cp=\"\" data-sfc-root=\"c\" data-sfc-cb=\"\" data-hveid=\"CAAIFRAE\" data-complete=\"true\" data-sae=\"\" data-copy-service-computed-style=\"font-family: &quot;Google Sans&quot;, Arial, sans-serif; font-size: 16px; font-weight: 400; margin: 0px 0px 12px; text-decoration: none; border-bottom: 0px rgb(230, 232, 240);\"><span style=\"font-family: 'times new roman', times, serif; font-size: 14pt; color: #000000;\">T\u00ednh linh ho\u1ea1t (D\u1ea1ng m\u1eb7t r\u1eddi):<!--TgQPHd|[]--> Thu\u1ed9c ki\u1ec3u m\u1eb7t h\u1ea1t r\u1eddi, cho ph\u00e9p b\u1ea1n t\u1ef1 do k\u1ebft h\u1ee3p c\u00e1c lo\u1ea1i h\u1ea1t thi\u1ebft b\u1ecb (size S) nh\u01b0 h\u1ea1t c\u00f4ng t\u1eafc 1 chi\u1ec1u, 2 chi\u1ec1u hay h\u1ea1t \u1ed5 c\u1eafm m\u1ea1ng tr\u00ean c\u00f9ng m\u1ed9t m\u1eb7t t\u00f9y theo nhu c\u1ea7u th\u1ef1c t\u1ebf.<!--TgQPHd|[]--><!--TgQPHd|[]--><\/span><\/li>\n<li data-sfc-cp=\"\" data-sfc-root=\"c\" data-sfc-cb=\"\" data-hveid=\"CAAIFRAF\" data-complete=\"true\" data-sae=\"\" data-copy-service-computed-style=\"font-family: &quot;Google Sans&quot;, Arial, sans-serif; font-size: 16px; font-weight: 400; margin: 0px 0px 12px; text-decoration: none; border-bottom: 0px rgb(230, 232, 240);\"><span style=\"font-family: 'times new roman', times, serif; font-size: 14pt; color: #000000;\" data-sfc-cp=\"\" data-sfc-root=\"c\" data-sfc-cb=\"\" data-complete=\"true\" aria-owns=\"action-menu-parent-container\" data-copy-service-computed-style=\"font-family: &quot;Google Sans&quot;, Arial, sans-serif; font-size: 16px; font-weight: 400; margin: 0px; text-decoration: none; border-bottom: 0px rgb(230, 232, 240);\">Ti\u00eau chu\u1ea9n ch\u1ea5t l\u01b0\u1ee3ng \u0110\u1ee9c:<!--TgQPHd|[]--> \u0110\u01b0\u1ee3c s\u1ea3n xu\u1ea5t tr\u00ean d\u00e2y chuy\u1ec1n c\u00f4ng ngh\u1ec7 hi\u1ec7n \u0111\u1ea1i, \u0111\u00e1p \u1ee9ng c\u00e1c ti\u00eau chu\u1ea9n k\u1ef9 thu\u1eadt kh\u1eaft khe c\u1ee7a \u0110\u1ee9c, gi\u00fap \u0111\u1ea3m b\u1ea3o an to\u00e0n \u0111i\u1ec7n v\u00e0 ng\u0103n ng\u1eeba ch\u00e1y n\u1ed5 hi\u1ec7u qu\u1ea3.<\/span><\/li>\n<\/ul>\n<p><span style=\"font-size: 14pt; color: #000000; font-family: 'times new roman', times, serif;\"><strong>Facebook:\u00a0<span style=\"color: #ff6600;\"><a style=\"color: #ff6600;\" href=\"https:\/\/www.facebook.com\/thietbidienlama\" target=\"_blank\" rel=\"noopener\">THI\u1ebeT\u00a0B\u1eca \u0110I\u1ec6N LAMA<\/a><\/span><\/strong><\/span><\/p>\n<p><span style=\"font-size: 14pt; color: #000000; font-family: 'times new roman', times, serif;\"><strong>Tiktok:\u00a0<span style=\"color: #ff6600;\"><a style=\"color: #ff6600;\" href=\"https:\/\/www.tiktok.com\/@thietbidienlama\" target=\"_blank\" rel=\"noopener\">THI\u1ebeT\u00a0B\u1eca \u0110I\u1ec6N LAMA<\/a><\/span><\/strong><\/span><\/p>\n<p><span style=\"font-size: 14pt; color: #000000; font-family: 'times new roman', times, serif;\"><strong>Youtube: <span style=\"color: #ff6600;\"><a style=\"color: #ff6600;\" href=\"https:\/\/www.youtube.com\/@thietbidienlama\" target=\"_blank\" rel=\"noopener\">THI\u1ebeT\u00a0B\u1eca \u0110I\u1ec6N LAMA<\/a><\/span><\/strong><\/span><\/p>","protected":false},"excerpt":{"rendered":"<p>M\u1eb7t C\u00f4ng T\u1eafc UTEN 2 Thi\u1ebft B\u1ecb M\u00e0u Tr\u1eafng V3.0 PM2 M\u1eb7t C\u00f4ng T\u1eafc UTEN 2 Thi\u1ebft B\u1ecb M\u00e0u Tr\u1eafng<\/p>","protected":false},"featured_media":14640,"comment_status":"closed","ping_status":"closed","template":"","meta":[],"product_brand":[],"product_cat":[1094],"product_tag":[1096],"class_list":{"0":"post-14638","1":"product","2":"type-product","3":"status-publish","4":"has-post-thumbnail","6":"product_cat-mat-cong-tac-uten-v3-0","7":"product_tag-mat-cong-tac-uten-2-thiet-bi","9":"first","10":"instock","11":"sale","12":"shipping-taxable","13":"purchasable","14":"product-type-simple"},"_links":{"self":[{"href":"https:\/\/mail.thietbidienlama.com\/en\/wp-json\/wp\/v2\/product\/14638","targetHints":{"allow":["GET"]}}],"collection":[{"href":"https:\/\/mail.thietbidienlama.com\/en\/wp-json\/wp\/v2\/product"}],"about":[{"href":"https:\/\/mail.thietbidienlama.com\/en\/wp-json\/wp\/v2\/types\/product"}],"replies":[{"embeddable":true,"href":"https:\/\/mail.thietbidienlama.com\/en\/wp-json\/wp\/v2\/comments?post=14638"}],"version-history":[{"count":4,"href":"https:\/\/mail.thietbidienlama.com\/en\/wp-json\/wp\/v2\/product\/14638\/revisions"}],"predecessor-version":[{"id":14644,"href":"https:\/\/mail.thietbidienlama.com\/en\/wp-json\/wp\/v2\/product\/14638\/revisions\/14644"}],"wp:featuredmedia":[{"embeddable":true,"href":"https:\/\/mail.thietbidienlama.com\/en\/wp-json\/wp\/v2\/media\/14640"}],"wp:attachment":[{"href":"https:\/\/mail.thietbidienlama.com\/en\/wp-json\/wp\/v2\/media?parent=14638"}],"wp:term":[{"taxonomy":"product_brand","embeddable":true,"href":"https:\/\/mail.thietbidienlama.com\/en\/wp-json\/wp\/v2\/product_brand?post=14638"},{"taxonomy":"product_cat","embeddable":true,"href":"https:\/\/mail.thietbidienlama.com\/en\/wp-json\/wp\/v2\/product_cat?post=14638"},{"taxonomy":"product_tag","embeddable":true,"href":"https:\/\/mail.thietbidienlama.com\/en\/wp-json\/wp\/v2\/product_tag?post=14638"}],"curies":[{"name":"wp","href":"https:\/\/api.w.org\/{rel}","templated":true}]}}