{"id":14617,"date":"2026-04-27T14:43:15","date_gmt":"2026-04-27T07:43:15","guid":{"rendered":"https:\/\/thietbidienlama.com\/?post_type=product&#038;p=14617"},"modified":"2026-04-27T14:43:15","modified_gmt":"2026-04-27T07:43:15","slug":"mat-cong-tac-uten-2-thiet-bi-mau-den-a8-1-pm2","status":"publish","type":"product","link":"https:\/\/mail.thietbidienlama.com\/en\/mat-cong-tac-uten-2-thiet-bi-mau-den-a8-1-pm2\/","title":{"rendered":"M\u1eb7t C\u00f4ng T\u1eafc UTEN 2 Thi\u1ebft B\u1ecb M\u00e0u \u0110en A8.1 PM2"},"content":{"rendered":"<h1 style=\"text-align: center;\"><span style=\"font-family: 'times new roman', times, serif; font-size: 18pt; color: #000000;\">M\u1eb7t C\u00f4ng T\u1eafc UTEN 2 Thi\u1ebft B\u1ecb M\u00e0u \u0110en A8.1 PM2<\/span><\/h1>\n<div data-sfc-cp=\"\" data-sfc-root=\"c\" data-sfc-cb=\"\" data-hveid=\"CAEIARAA\" data-complete=\"true\" data-processed=\"true\"><span style=\"font-family: 'times new roman', times, serif; font-size: 14pt; color: #000000;\"><strong><span style=\"color: #ff6600;\"><a style=\"color: #ff6600;\" href=\"https:\/\/thietbidienlama.com\/mat-cong-tac-uten\/\">M\u1eb7t c\u00f4ng t\u1eafc\u00a0UTEN<\/a><\/span><\/strong> 2 Thi\u1ebft B\u1ecb A8.1 PM2\u00a0m\u00e0u \u0111en\u00a0l\u00e0 l\u1ef1a ch\u1ecdn n\u00e2ng c\u1ea5p h\u01a1n so v\u1edbi m\u1eb7t \u0111\u01a1n, cho ph\u00e9p b\u1ea1n l\u1eafp \u0111\u1eb7t\u00a02 thi\u1ebft b\u1ecb\u00a0(h\u1ea1t c\u00f4ng t\u1eafc ho\u1eb7c \u1ed5 c\u1eafm c\u1ee1 S) tr\u00ean c\u00f9ng m\u1ed9t b\u1ea3ng \u0111i\u1ec7n.<\/span><\/div>\n<div data-sfc-cp=\"\" data-sfc-root=\"c\" data-sfc-cb=\"\" data-complete=\"true\" data-processed=\"true\">\n<div id=\"attachment_14621\" style=\"width: 610px\" class=\"wp-caption aligncenter\"><img fetchpriority=\"high\" decoding=\"async\" aria-describedby=\"caption-attachment-14621\" class=\"wp-image-14621 size-full\" src=\"http:\/\/thietbidienlama.com\/wp-content\/uploads\/2026\/04\/Mat-Cong-Tac-UTEN-2-Thiet-Bi-Mau-Den-A8.1-PM2.jpg\" alt=\"M\u1eb7t C\u00f4ng T\u1eafc UTEN 2 Thi\u1ebft B\u1ecb M\u00e0u \u0110en A8.1 PM2\" width=\"600\" height=\"600\" srcset=\"https:\/\/mail.thietbidienlama.com\/wp-content\/uploads\/2026\/04\/Mat-Cong-Tac-UTEN-2-Thiet-Bi-Mau-Den-A8.1-PM2.jpg 600w, https:\/\/mail.thietbidienlama.com\/wp-content\/uploads\/2026\/04\/Mat-Cong-Tac-UTEN-2-Thiet-Bi-Mau-Den-A8.1-PM2-300x300.jpg 300w, https:\/\/mail.thietbidienlama.com\/wp-content\/uploads\/2026\/04\/Mat-Cong-Tac-UTEN-2-Thiet-Bi-Mau-Den-A8.1-PM2-150x150.jpg 150w, https:\/\/mail.thietbidienlama.com\/wp-content\/uploads\/2026\/04\/Mat-Cong-Tac-UTEN-2-Thiet-Bi-Mau-Den-A8.1-PM2-12x12.jpg 12w\" sizes=\"(max-width: 600px) 100vw, 600px\" \/><p id=\"caption-attachment-14621\" class=\"wp-caption-text\">\u00a0 \u00a0 \u00a0 \u00a0 \u00a0 \u00a0 \u00a0 \u00a0 \u00a0 \u00a0 \u00a0 \u00a0 \u00a0 M\u1eb7t C\u00f4ng T\u1eafc UTEN 2 Thi\u1ebft B\u1ecb M\u00e0u \u0110en A8.1 PM2<\/p><\/div>\n<\/div>\n<h2 role=\"heading\" aria-level=\"3\" data-sfc-root=\"c\" data-complete=\"true\" data-processed=\"true\"><span style=\"font-family: 'times new roman', times, serif; font-size: 18pt; color: #ff6600;\">Th\u00f4ng s\u1ed1 k\u1ef9 thu\u1eadt<\/span><\/h2>\n<ul data-sfc-root=\"c\" data-sfc-cb=\"\" data-complete=\"true\" data-processed=\"true\">\n<li data-sfc-cp=\"\" data-sfc-root=\"c\" data-sfc-cb=\"\" data-hveid=\"CAEIAxAA\" data-complete=\"true\" data-sae=\"\"><span style=\"font-family: 'times new roman', times, serif; font-size: 14pt; color: #000000;\">M\u00e3 s\u1ea3n ph\u1ea9m: A8.1 PM2.<\/span><\/li>\n<li data-sfc-cp=\"\" data-sfc-root=\"c\" data-sfc-cb=\"\" data-hveid=\"CAEIAxAB\" data-complete=\"true\" data-sae=\"\"><span style=\"font-family: 'times new roman', times, serif; font-size: 14pt; color: #000000;\">S\u1ed1 l\u01b0\u1ee3ng thi\u1ebft b\u1ecb: L\u1eafp \u0111\u01b0\u1ee3c t\u1ed1i \u0111a 2 h\u1ea1t c\u1ee1 S (nh\u01b0 h\u1ea1t 1 chi\u1ec1u PGK11-SS hay 2 chi\u1ec1u PGK12-SS b\u1ea1n \u0111\u00e3 xem).<\/span><\/li>\n<li data-sfc-cp=\"\" data-sfc-root=\"c\" data-sfc-cb=\"\" data-hveid=\"CAEIAxAC\" data-complete=\"true\" data-sae=\"\"><span style=\"font-family: 'times new roman', times, serif; font-size: 14pt; color: #000000;\">Ch\u1ea5t li\u1ec7u: H\u1ee3p kim nh\u00f4m x\u01b0\u1edbc cao c\u1ea5p, m\u00e0u \u0111en m\u1edd (Black Matte).<\/span><\/li>\n<li data-sfc-cp=\"\" data-sfc-root=\"c\" data-sfc-cb=\"\" data-hveid=\"CAEIAxAD\" data-complete=\"true\" data-sae=\"\"><span style=\"font-family: 'times new roman', times, serif; font-size: 14pt; color: #000000;\">K\u00edch th\u01b0\u1edbc: Chu\u1ea9n h\u00ecnh ch\u1eef nh\u1eadt (ki\u1ec3u d\u00e1ng hi\u1ec7n \u0111\u1ea1i c\u1ee7a \u0110\u1ee9c).<\/span><\/li>\n<li data-sfc-cp=\"\" data-sfc-root=\"c\" data-sfc-cb=\"\" data-hveid=\"CAEIAxAE\" data-complete=\"true\" data-sae=\"\"><span style=\"font-family: 'times new roman', times, serif; font-size: 14pt; color: #000000;\">C\u1ea5u t\u1ea1o: Khung th\u00e9p b\u00ean trong s\u01a1n t\u0129nh \u0111i\u1ec7n ch\u1ed1ng g\u1ec9, gi\u00fap c\u1ed1 \u0111\u1ecbnh thi\u1ebft b\u1ecb c\u1ef1c k\u1ef3 ch\u1eafc ch\u1eafn, kh\u00f4ng b\u1ecb l\u00fan hay h\u1edf khi nh\u1ea5n ph\u00edm.<\/span><\/li>\n<\/ul>\n<div id=\"attachment_14619\" style=\"width: 610px\" class=\"wp-caption aligncenter\"><img decoding=\"async\" aria-describedby=\"caption-attachment-14619\" class=\"wp-image-14619 size-full\" src=\"http:\/\/thietbidienlama.com\/wp-content\/uploads\/2026\/04\/Mat-2-Cong-Tac-UTEN-Mau-Den-A8.1-PM2.jpg\" alt=\"M\u1eb7t 2 C\u00f4ng T\u1eafc UTEN M\u00e0u \u0110en A8.1 PM2\" width=\"600\" height=\"600\" srcset=\"https:\/\/mail.thietbidienlama.com\/wp-content\/uploads\/2026\/04\/Mat-2-Cong-Tac-UTEN-Mau-Den-A8.1-PM2.jpg 600w, https:\/\/mail.thietbidienlama.com\/wp-content\/uploads\/2026\/04\/Mat-2-Cong-Tac-UTEN-Mau-Den-A8.1-PM2-300x300.jpg 300w, https:\/\/mail.thietbidienlama.com\/wp-content\/uploads\/2026\/04\/Mat-2-Cong-Tac-UTEN-Mau-Den-A8.1-PM2-150x150.jpg 150w, https:\/\/mail.thietbidienlama.com\/wp-content\/uploads\/2026\/04\/Mat-2-Cong-Tac-UTEN-Mau-Den-A8.1-PM2-12x12.jpg 12w\" sizes=\"(max-width: 600px) 100vw, 600px\" \/><p id=\"caption-attachment-14619\" class=\"wp-caption-text\">\u00a0 \u00a0 \u00a0 \u00a0 \u00a0 \u00a0 \u00a0 \u00a0 \u00a0 \u00a0 \u00a0 \u00a0 \u00a0 \u00a0 \u00a0 \u00a0 \u00a0 \u00a0 M\u1eb7t 2 C\u00f4ng T\u1eafc UTEN M\u00e0u \u0110en A8.1 PM2<\/p><\/div>\n<div role=\"heading\" aria-level=\"3\" data-animation-nesting=\"\" data-sfc-cp=\"\" data-sfc-root=\"c\" data-sfc-cb=\"\" data-complete=\"true\" data-processed=\"true\" data-sae=\"\"><span style=\"font-family: 'times new roman', times, serif; font-size: 14pt; color: #000000;\">\u1ee8ng d\u1ee5ng ph\u1ed5 bi\u1ebfn<\/span><\/div>\n<div data-sfc-cp=\"\" data-sfc-root=\"c\" data-sfc-cb=\"\" data-hveid=\"CAEIBxAA\" data-complete=\"true\" data-processed=\"true\"><span style=\"font-family: 'times new roman', times, serif; font-size: 14pt; color: #000000;\">D\u00f2ng m\u1eb7t 2 thi\u1ebft b\u1ecb n\u00e0y th\u01b0\u1eddng \u0111\u01b0\u1ee3c d\u00f9ng cho:<\/span><\/div>\n<ol data-sfc-root=\"c\" data-sfc-cb=\"\" data-complete=\"true\" data-processed=\"true\">\n<li data-sfc-cp=\"\" data-sfc-root=\"c\" data-sfc-cb=\"\" data-hveid=\"CAEICBAA\" data-complete=\"true\" data-sae=\"\"><span style=\"font-family: 'times new roman', times, serif; font-size: 14pt; color: #000000;\">C\u1eeda ra v\u00e0o: L\u1eafp 2 c\u00f4ng t\u1eafc cho \u0111\u00e8n ch\u00ednh v\u00e0 \u0111\u00e8n trang tr\u00ed.<\/span><\/li>\n<li data-sfc-cp=\"\" data-sfc-root=\"c\" data-sfc-cb=\"\" data-hveid=\"CAEICBAB\" data-complete=\"true\" data-sae=\"\"><span style=\"font-family: 'times new roman', times, serif; font-size: 14pt; color: #000000;\">\u0110\u1ea7u gi\u01b0\u1eddng: K\u1ebft h\u1ee3p 1 c\u00f4ng t\u1eafc \u0111\u00e8n ng\u1ee7 v\u00e0 1 \u1ed5 c\u1eafm s\u1ea1c \u0111i\u1ec7n tho\u1ea1i (n\u1ebfu d\u00f9ng h\u1ea1t \u1ed5 c\u1eafm).<\/span><\/li>\n<li data-sfc-cp=\"\" data-sfc-root=\"c\" data-sfc-cb=\"\" data-hveid=\"CAEICBAC\" data-complete=\"true\" data-sae=\"\"><span style=\"font-family: 'times new roman', times, serif; font-size: 14pt; color: #000000;\">H\u00e0nh lang: K\u1ebft h\u1ee3p c\u00f4ng t\u1eafc 1 chi\u1ec1u v\u00e0 c\u00f4ng t\u1eafc \u0111\u1ea3o chi\u1ec1u c\u1ea7u thang.<\/span><\/li>\n<\/ol>\n<div id=\"attachment_14620\" style=\"width: 610px\" class=\"wp-caption aligncenter\"><img decoding=\"async\" aria-describedby=\"caption-attachment-14620\" class=\"wp-image-14620 size-full\" src=\"http:\/\/thietbidienlama.com\/wp-content\/uploads\/2026\/04\/Mat-2-o-cam-UTEN-Mau-Den-A8.1-PM2.jpg\" alt=\"M\u1eb7t 2 \u1ed5 C\u1eafm UTEN M\u00e0u \u0110en A8.1 PM2\" width=\"600\" height=\"600\" srcset=\"https:\/\/mail.thietbidienlama.com\/wp-content\/uploads\/2026\/04\/Mat-2-o-cam-UTEN-Mau-Den-A8.1-PM2.jpg 600w, https:\/\/mail.thietbidienlama.com\/wp-content\/uploads\/2026\/04\/Mat-2-o-cam-UTEN-Mau-Den-A8.1-PM2-300x300.jpg 300w, https:\/\/mail.thietbidienlama.com\/wp-content\/uploads\/2026\/04\/Mat-2-o-cam-UTEN-Mau-Den-A8.1-PM2-150x150.jpg 150w, https:\/\/mail.thietbidienlama.com\/wp-content\/uploads\/2026\/04\/Mat-2-o-cam-UTEN-Mau-Den-A8.1-PM2-12x12.jpg 12w\" sizes=\"(max-width: 600px) 100vw, 600px\" \/><p id=\"caption-attachment-14620\" class=\"wp-caption-text\">\u00a0 \u00a0 \u00a0 \u00a0 \u00a0 \u00a0 \u00a0 \u00a0 \u00a0 \u00a0 \u00a0 \u00a0 \u00a0 \u00a0 \u00a0 \u00a0 \u00a0M\u1eb7t 2 \u1ed5 C\u1eafm UTEN M\u00e0u \u0110en A8.1 PM2<\/p><\/div>\n<div id=\"attachment_14618\" style=\"width: 610px\" class=\"wp-caption aligncenter\"><img loading=\"lazy\" decoding=\"async\" aria-describedby=\"caption-attachment-14618\" class=\"wp-image-14618 size-full\" src=\"http:\/\/thietbidienlama.com\/wp-content\/uploads\/2026\/04\/Mat-1-Cong-Tac-1-o-cam-UTEN-Mau-Den-A8.1-PM2.jpg\" alt=\"M\u1eb7t 1 C\u00f4ng T\u1eafc + 1 \u1ed5 C\u1eafm UTEN M\u00e0u \u0110en A8.1 PM2\" width=\"600\" height=\"600\" srcset=\"https:\/\/mail.thietbidienlama.com\/wp-content\/uploads\/2026\/04\/Mat-1-Cong-Tac-1-o-cam-UTEN-Mau-Den-A8.1-PM2.jpg 600w, https:\/\/mail.thietbidienlama.com\/wp-content\/uploads\/2026\/04\/Mat-1-Cong-Tac-1-o-cam-UTEN-Mau-Den-A8.1-PM2-300x300.jpg 300w, https:\/\/mail.thietbidienlama.com\/wp-content\/uploads\/2026\/04\/Mat-1-Cong-Tac-1-o-cam-UTEN-Mau-Den-A8.1-PM2-150x150.jpg 150w, https:\/\/mail.thietbidienlama.com\/wp-content\/uploads\/2026\/04\/Mat-1-Cong-Tac-1-o-cam-UTEN-Mau-Den-A8.1-PM2-12x12.jpg 12w\" sizes=\"(max-width: 600px) 100vw, 600px\" \/><p id=\"caption-attachment-14618\" class=\"wp-caption-text\">\u00a0 \u00a0 \u00a0 \u00a0 \u00a0 \u00a0 \u00a0 \u00a0 \u00a0 \u00a0 \u00a0 \u00a0 \u00a0 \u00a0 M\u1eb7t 1 C\u00f4ng T\u1eafc + 1 \u1ed5 C\u1eafm UTEN M\u00e0u \u0110en A8.1 PM2<\/p><\/div>\n<div data-sfc-cp=\"\" data-sfc-root=\"c\" data-sfc-cb=\"\" data-hveid=\"CAEICRAA\" data-complete=\"true\" data-processed=\"true\" aria-owns=\"action-menu-parent-container\"><span style=\"font-family: 'times new roman', times, serif; font-size: 14pt; color: #000000;\">L\u01b0u \u00fd:\u00a0V\u00ec b\u1ea1n \u0111\u00e3 ch\u1ecdn h\u1ea1t m\u00e0u \u0111en v\u00e0 m\u1eb7t c\u0169ng m\u00e0u \u0111en, t\u1ed5ng th\u1ec3 b\u1ed9 c\u00f4ng t\u1eafc s\u1ebd r\u1ea5t sang tr\u1ecdng nh\u01b0ng h\u01a1i t\u1ed1i. B\u1ea1n n\u00ean l\u1eafp \u1edf nh\u1eefng v\u1ecb tr\u00ed c\u00f3 \u00e1nh s\u00e1ng t\u1ed1t ho\u1eb7c t\u01b0\u1eddng m\u00e0u t\u01b0\u01a1ng ph\u1ea3n (tr\u1eafng, x\u00e1m nh\u1ea1t, be) \u0111\u1ec3 l\u00e0m n\u1ed5i b\u1eadt thi\u1ebft b\u1ecb.<\/span><\/div>\n<div data-sfc-cp=\"\" data-sfc-root=\"c\" data-sfc-cb=\"\" data-hveid=\"CAEICRAA\" data-complete=\"true\" data-processed=\"true\" aria-owns=\"action-menu-parent-container\">\n<p><span style=\"font-size: 14pt; color: #000000; font-family: 'times new roman', times, serif;\"><strong>Facebook:\u00a0<span style=\"color: #ff6600;\"><a style=\"color: #ff6600;\" href=\"https:\/\/www.facebook.com\/thietbidienlama\" target=\"_blank\" rel=\"noopener\">THI\u1ebeT\u00a0B\u1eca \u0110I\u1ec6N LAMA<\/a><\/span><\/strong><\/span><\/p>\n<p><span style=\"font-size: 14pt; color: #000000; font-family: 'times new roman', times, serif;\"><strong>Tiktok:\u00a0<span style=\"color: #ff6600;\"><a style=\"color: #ff6600;\" href=\"https:\/\/www.tiktok.com\/@thietbidienlama\" target=\"_blank\" rel=\"noopener\">THI\u1ebeT\u00a0B\u1eca \u0110I\u1ec6N LAMA<\/a><\/span><\/strong><\/span><\/p>\n<p><span style=\"font-size: 14pt; color: #000000; font-family: 'times new roman', times, serif;\"><strong>Youtube: <span style=\"color: #ff6600;\"><a style=\"color: #ff6600;\" href=\"https:\/\/www.youtube.com\/@thietbidienlama\" target=\"_blank\" rel=\"noopener\">THI\u1ebeT\u00a0B\u1eca \u0110I\u1ec6N LAMA<\/a><\/span><\/strong><\/span><\/p>\n<\/div>","protected":false},"excerpt":{"rendered":"<p>M\u1eb7t C\u00f4ng T\u1eafc UTEN 2 Thi\u1ebft B\u1ecb M\u00e0u \u0110en A8.1 PM2 M\u1eb7t c\u00f4ng t\u1eafc\u00a0UTEN 2 Thi\u1ebft B\u1ecb A8.1 PM2\u00a0m\u00e0u \u0111en\u00a0l\u00e0<\/p>","protected":false},"featured_media":14621,"comment_status":"closed","ping_status":"closed","template":"","meta":[],"product_brand":[],"product_cat":[991,1090,978],"product_tag":[1092],"class_list":{"0":"post-14617","1":"product","2":"type-product","3":"status-publish","4":"has-post-thumbnail","6":"product_cat-mat-cong-tac-uten","7":"product_cat-mat-cong-tac-uten-a8-1","8":"product_cat-thiet-bi-dien-uten","9":"product_tag-mat-cong-tac-uten-2-thiet-bi-mau-den","11":"first","12":"instock","13":"sale","14":"shipping-taxable","15":"purchasable","16":"product-type-simple"},"_links":{"self":[{"href":"https:\/\/mail.thietbidienlama.com\/en\/wp-json\/wp\/v2\/product\/14617","targetHints":{"allow":["GET"]}}],"collection":[{"href":"https:\/\/mail.thietbidienlama.com\/en\/wp-json\/wp\/v2\/product"}],"about":[{"href":"https:\/\/mail.thietbidienlama.com\/en\/wp-json\/wp\/v2\/types\/product"}],"replies":[{"embeddable":true,"href":"https:\/\/mail.thietbidienlama.com\/en\/wp-json\/wp\/v2\/comments?post=14617"}],"version-history":[{"count":1,"href":"https:\/\/mail.thietbidienlama.com\/en\/wp-json\/wp\/v2\/product\/14617\/revisions"}],"predecessor-version":[{"id":14622,"href":"https:\/\/mail.thietbidienlama.com\/en\/wp-json\/wp\/v2\/product\/14617\/revisions\/14622"}],"wp:featuredmedia":[{"embeddable":true,"href":"https:\/\/mail.thietbidienlama.com\/en\/wp-json\/wp\/v2\/media\/14621"}],"wp:attachment":[{"href":"https:\/\/mail.thietbidienlama.com\/en\/wp-json\/wp\/v2\/media?parent=14617"}],"wp:term":[{"taxonomy":"product_brand","embeddable":true,"href":"https:\/\/mail.thietbidienlama.com\/en\/wp-json\/wp\/v2\/product_brand?post=14617"},{"taxonomy":"product_cat","embeddable":true,"href":"https:\/\/mail.thietbidienlama.com\/en\/wp-json\/wp\/v2\/product_cat?post=14617"},{"taxonomy":"product_tag","embeddable":true,"href":"https:\/\/mail.thietbidienlama.com\/en\/wp-json\/wp\/v2\/product_tag?post=14617"}],"curies":[{"name":"wp","href":"https:\/\/api.w.org\/{rel}","templated":true}]}}