{"id":14609,"date":"2026-04-27T14:26:19","date_gmt":"2026-04-27T07:26:19","guid":{"rendered":"https:\/\/thietbidienlama.com\/?post_type=product&#038;p=14609"},"modified":"2026-04-27T14:29:25","modified_gmt":"2026-04-27T07:29:25","slug":"mat-cong-tac-uten-1-thiet-bi-mau-den-a8-1-pm1","status":"publish","type":"product","link":"https:\/\/mail.thietbidienlama.com\/en\/mat-cong-tac-uten-1-thiet-bi-mau-den-a8-1-pm1\/","title":{"rendered":"M\u1eb7t C\u00f4ng T\u1eafc UTEN 1 Thi\u1ebft B\u1ecb M\u00e0u \u0110en A8.1 PM1"},"content":{"rendered":"<h1 style=\"text-align: center;\"><span style=\"font-family: 'times new roman', times, serif; font-size: 18pt; color: #000000;\">M\u1eb7t C\u00f4ng T\u1eafc UTEN 1 Thi\u1ebft B\u1ecb M\u00e0u \u0110en A8.1 PM1<\/span><\/h1>\n<div data-sfc-cp=\"\" data-sfc-root=\"c\" data-sfc-cb=\"\" data-hveid=\"CAEIARAA\" data-processed=\"true\" data-complete=\"true\"><span style=\"font-family: 'times new roman', times, serif; font-size: 14pt; color: #000000;\"><strong><span style=\"color: #ff6600;\"><a style=\"color: #ff6600;\" href=\"https:\/\/thietbidienlama.com\/mat-cong-tac-uten\/\">M\u1eb7t c\u00f4ng t\u1eafc\u00a0UTEN<\/a><\/span><\/strong> A8.1 PM1 (lo\u1ea1i 1 thi\u1ebft b\u1ecb) l\u00e0 ph\u1ee5 ki\u1ec7n ho\u00e0n h\u1ea3o \u0111\u1ec3 l\u1eafp c\u00f9ng c\u00e1c h\u1ea1t c\u00f4ng t\u1eafc c\u1ee1 S m\u00e0 b\u1ea1n v\u1eeba t\u00ecm hi\u1ec3u. \u0110\u00e2y l\u00e0 d\u00f2ng m\u1eb7t che cao c\u1ea5p thu\u1ed9c Series A8, n\u1ed5i ti\u1ebfng v\u1edbi \u0111\u1ed9 b\u1ec1n v\u00e0 thi\u1ebft k\u1ebf sang tr\u1ecdng.<\/span><\/div>\n<div data-sfc-cp=\"\" data-sfc-root=\"c\" data-sfc-cb=\"\" data-complete=\"true\" data-processed=\"true\">\n<div id=\"attachment_14612\" style=\"width: 610px\" class=\"wp-caption aligncenter\"><img fetchpriority=\"high\" decoding=\"async\" aria-describedby=\"caption-attachment-14612\" class=\"wp-image-14612 size-full\" src=\"http:\/\/thietbidienlama.com\/wp-content\/uploads\/2026\/04\/Mat-Cong-Tac-UTEN-1-Thiet-Bi-Mau-Den-A8.1-PM1.jpg\" alt=\"M\u1eb7t C\u00f4ng T\u1eafc UTEN 1 Thi\u1ebft B\u1ecb M\u00e0u \u0110en A8.1 PM1\" width=\"600\" height=\"600\" srcset=\"https:\/\/mail.thietbidienlama.com\/wp-content\/uploads\/2026\/04\/Mat-Cong-Tac-UTEN-1-Thiet-Bi-Mau-Den-A8.1-PM1.jpg 600w, https:\/\/mail.thietbidienlama.com\/wp-content\/uploads\/2026\/04\/Mat-Cong-Tac-UTEN-1-Thiet-Bi-Mau-Den-A8.1-PM1-300x300.jpg 300w, https:\/\/mail.thietbidienlama.com\/wp-content\/uploads\/2026\/04\/Mat-Cong-Tac-UTEN-1-Thiet-Bi-Mau-Den-A8.1-PM1-150x150.jpg 150w, https:\/\/mail.thietbidienlama.com\/wp-content\/uploads\/2026\/04\/Mat-Cong-Tac-UTEN-1-Thiet-Bi-Mau-Den-A8.1-PM1-12x12.jpg 12w\" sizes=\"(max-width: 600px) 100vw, 600px\" \/><p id=\"caption-attachment-14612\" class=\"wp-caption-text\">\u00a0 \u00a0 \u00a0 \u00a0 \u00a0 \u00a0 \u00a0 \u00a0 \u00a0 \u00a0 \u00a0 M\u1eb7t C\u00f4ng T\u1eafc UTEN 1 Thi\u1ebft B\u1ecb M\u00e0u \u0110en A8.1 PM1<\/p><\/div>\n<\/div>\n<h2 role=\"heading\" aria-level=\"3\" data-sfc-root=\"c\" data-processed=\"true\" data-complete=\"true\"><span style=\"font-family: 'times new roman', times, serif; font-size: 18pt; color: #ff6600;\">Th\u00f4ng s\u1ed1 chi ti\u1ebft<\/span><\/h2>\n<ul data-sfc-root=\"c\" data-sfc-cb=\"\" data-processed=\"true\" data-complete=\"true\">\n<li data-sfc-cp=\"\" data-sfc-root=\"c\" data-sfc-cb=\"\" data-hveid=\"CAEIAxAA\" data-complete=\"true\" data-sae=\"\"><span style=\"font-family: 'times new roman', times, serif; font-size: 14pt; color: #000000;\">M\u00e3 s\u1ea3n ph\u1ea9m: A8.1 PM1.<\/span><\/li>\n<li data-sfc-cp=\"\" data-sfc-root=\"c\" data-sfc-cb=\"\" data-hveid=\"CAEIAxAB\" data-sae=\"\" data-complete=\"true\"><span style=\"font-family: 'times new roman', times, serif; font-size: 14pt; color: #000000;\">Lo\u1ea1i m\u1eb7t: M\u1eb7t \u0111\u01a1n, d\u00f9ng \u0111\u1ec3 l\u1eafp 1 thi\u1ebft b\u1ecb (1 h\u1ea1t c\u00f4ng t\u1eafc\/\u1ed5 c\u1eafm c\u1ee1 S).<\/span><\/li>\n<li data-sfc-cp=\"\" data-sfc-root=\"c\" data-sfc-cb=\"\" data-hveid=\"CAEIAxAC\" data-complete=\"true\" data-processed=\"true\" data-sae=\"\"><span style=\"font-family: 'times new roman', times, serif; font-size: 14pt; color: #000000;\">Ch\u1ea5t li\u1ec7u: H\u1ee3p kim nh\u00f4m x\u01b0\u1edbc cao c\u1ea5p, \u0111\u01b0\u1ee3c x\u1eed l\u00fd b\u1ec1 m\u1eb7t tinh x\u1ea3o.<\/span><\/li>\n<li data-sfc-cp=\"\" data-sfc-root=\"c\" data-sfc-cb=\"\" data-hveid=\"CAEIAxAD\" data-processed=\"true\" data-sae=\"\" data-complete=\"true\"><span style=\"font-family: 'times new roman', times, serif; font-size: 14pt; color: #000000;\">C\u1ea5u t\u1ea1o: G\u1ed3m l\u1edbp m\u1eb7t che b\u00ean ngo\u00e0i v\u00e0 khung th\u00e9p \u0111\u1ecbnh h\u00ecnh ch\u1eafc ch\u1eafn b\u00ean trong, gi\u00fap m\u1eb7t c\u00f4ng t\u1eafc kh\u00f4ng b\u1ecb cong v\u00eanh khi l\u1eafp \u0111\u1eb7t.<\/span><\/li>\n<li data-sfc-cp=\"\" data-sfc-root=\"c\" data-sfc-cb=\"\" data-hveid=\"CAEIAxAE\" data-processed=\"true\" data-sae=\"\" data-complete=\"true\"><span style=\"font-family: 'times new roman', times, serif; font-size: 14pt; color: #000000;\">M\u00e0u s\u1eafc: M\u00e0u \u0111en (ph\u00f9 h\u1ee3p tuy\u1ec7t \u0111\u1ed1i v\u1edbi h\u1ea1t PGK11-SS v\u00e0 PGK12-SS m\u00e0u \u0111en b\u1ea1n \u0111\u00e3 ch\u1ecdn).<\/span><\/li>\n<\/ul>\n<div id=\"attachment_14611\" style=\"width: 610px\" class=\"wp-caption aligncenter\"><img decoding=\"async\" aria-describedby=\"caption-attachment-14611\" class=\"wp-image-14611 size-full\" src=\"http:\/\/thietbidienlama.com\/wp-content\/uploads\/2026\/04\/Mat-Cong-Tac-UTEN-1-Thiet-Bi-Mau-Den-A8.1-PM1-Ket-Hop-1-Cong-Tac.jpg\" alt=\"M\u1eb7t C\u00f4ng T\u1eafc UTEN 1 Thi\u1ebft B\u1ecb M\u00e0u \u0110en A8.1 PM1 K\u1ebft H\u1ee3p 1 C\u00f4ng T\u1eafc\" width=\"600\" height=\"600\" srcset=\"https:\/\/mail.thietbidienlama.com\/wp-content\/uploads\/2026\/04\/Mat-Cong-Tac-UTEN-1-Thiet-Bi-Mau-Den-A8.1-PM1-Ket-Hop-1-Cong-Tac.jpg 600w, https:\/\/mail.thietbidienlama.com\/wp-content\/uploads\/2026\/04\/Mat-Cong-Tac-UTEN-1-Thiet-Bi-Mau-Den-A8.1-PM1-Ket-Hop-1-Cong-Tac-300x300.jpg 300w, https:\/\/mail.thietbidienlama.com\/wp-content\/uploads\/2026\/04\/Mat-Cong-Tac-UTEN-1-Thiet-Bi-Mau-Den-A8.1-PM1-Ket-Hop-1-Cong-Tac-150x150.jpg 150w, https:\/\/mail.thietbidienlama.com\/wp-content\/uploads\/2026\/04\/Mat-Cong-Tac-UTEN-1-Thiet-Bi-Mau-Den-A8.1-PM1-Ket-Hop-1-Cong-Tac-12x12.jpg 12w\" sizes=\"(max-width: 600px) 100vw, 600px\" \/><p id=\"caption-attachment-14611\" class=\"wp-caption-text\">\u00a0 \u00a0 \u00a0 \u00a0 \u00a0 \u00a0 \u00a0 \u00a0M\u1eb7t C\u00f4ng T\u1eafc UTEN 1 Thi\u1ebft B\u1ecb M\u00e0u \u0110en A8.1 PM1 K\u1ebft H\u1ee3p 1 C\u00f4ng T\u1eafc<\/p><\/div>\n<h3 role=\"heading\" aria-level=\"3\" data-sfc-root=\"c\" data-processed=\"true\" data-complete=\"true\"><span style=\"font-family: 'times new roman', times, serif; font-size: 14pt; color: #000000;\">T\u1ea1i sao n\u00ean d\u00f9ng m\u1eb7t A8.1 cho h\u1ea1t m\u00e0u \u0111en?<\/span><\/h3>\n<ul data-sfc-root=\"c\" data-sfc-cb=\"\" data-processed=\"true\" data-complete=\"true\">\n<li data-sfc-cp=\"\" data-sfc-root=\"c\" data-sfc-cb=\"\" data-hveid=\"CAEIBxAA\" data-complete=\"true\" data-sae=\"\"><span style=\"font-family: 'times new roman', times, serif; font-size: 14pt; color: #000000;\">S\u1ef1 \u0111\u1ed3ng b\u1ed9: Khi k\u1ebft h\u1ee3p h\u1ea1t m\u00e0u \u0111en v\u1edbi m\u1eb7t nh\u00f4m \u0111en A8.1, b\u1ed9 c\u00f4ng t\u1eafc s\u1ebd c\u00f3 v\u1ebb ngo\u00e0i li\u1ec1n kh\u1ed1i, t\u1ea1o \u0111i\u1ec3m nh\u1ea5n m\u1ea1nh m\u1ebd cho c\u00e1c m\u1ea3ng t\u01b0\u1eddng s\u00e1ng m\u00e0u ho\u1eb7c h\u00f2a h\u1ee3p v\u1edbi n\u1ed9i th\u1ea5t t\u1ed1i m\u00e0u.<\/span><\/li>\n<li data-sfc-cp=\"\" data-sfc-root=\"c\" data-sfc-cb=\"\" data-hveid=\"CAEIBxAB\" data-sae=\"\" data-complete=\"true\"><span style=\"font-family: 'times new roman', times, serif; font-size: 14pt; color: #000000;\" data-sfc-cp=\"\" data-sfc-root=\"c\" data-sfc-cb=\"\" data-complete=\"true\" aria-owns=\"action-menu-parent-container\">\u0110\u1ed9 b\u1ec1n: M\u1eb7t nh\u00f4m c\u1ee7a UTEN ch\u1ed1ng b\u00e1m b\u1ea9n, ch\u1ed1ng tr\u1ea7y x\u01b0\u1edbc t\u1ed1t v\u00e0 kh\u00f4ng b\u1ecb bay m\u00e0u theo th\u1eddi gian nh\u01b0 c\u00e1c lo\u1ea1i m\u1eb7t nh\u1ef1a th\u00f4ng th\u01b0\u1eddng.<\/span><\/li>\n<\/ul>\n<div id=\"attachment_14610\" style=\"width: 610px\" class=\"wp-caption aligncenter\"><img decoding=\"async\" aria-describedby=\"caption-attachment-14610\" class=\"wp-image-14610 size-full\" src=\"http:\/\/thietbidienlama.com\/wp-content\/uploads\/2026\/04\/Mat-Cong-Tac-UTEN-1-Thiet-Bi-Mau-Den-A8.1-PM1-Ket-Hop-1-o-cam.jpg\" alt=\"M\u1eb7t C\u00f4ng T\u1eafc UTEN 1 Thi\u1ebft B\u1ecb M\u00e0u \u0110en A8.1 PM1 K\u1ebft H\u1ee3p 1 \u1ed5 C\u1eafm\" width=\"600\" height=\"600\" srcset=\"https:\/\/mail.thietbidienlama.com\/wp-content\/uploads\/2026\/04\/Mat-Cong-Tac-UTEN-1-Thiet-Bi-Mau-Den-A8.1-PM1-Ket-Hop-1-o-cam.jpg 600w, https:\/\/mail.thietbidienlama.com\/wp-content\/uploads\/2026\/04\/Mat-Cong-Tac-UTEN-1-Thiet-Bi-Mau-Den-A8.1-PM1-Ket-Hop-1-o-cam-300x300.jpg 300w, https:\/\/mail.thietbidienlama.com\/wp-content\/uploads\/2026\/04\/Mat-Cong-Tac-UTEN-1-Thiet-Bi-Mau-Den-A8.1-PM1-Ket-Hop-1-o-cam-150x150.jpg 150w, https:\/\/mail.thietbidienlama.com\/wp-content\/uploads\/2026\/04\/Mat-Cong-Tac-UTEN-1-Thiet-Bi-Mau-Den-A8.1-PM1-Ket-Hop-1-o-cam-12x12.jpg 12w\" sizes=\"(max-width: 600px) 100vw, 600px\" \/><p id=\"caption-attachment-14610\" class=\"wp-caption-text\">\u00a0 \u00a0 \u00a0 \u00a0 \u00a0 \u00a0 \u00a0 \u00a0 M\u1eb7t C\u00f4ng T\u1eafc UTEN 1 Thi\u1ebft B\u1ecb M\u00e0u \u0110en A8.1 PM1 K\u1ebft H\u1ee3p 1 \u1ed5 C\u1eafm<\/p><\/div>\n<p><span style=\"font-size: 14pt; color: #000000; font-family: 'times new roman', times, serif;\"><strong>Facebook:\u00a0<span style=\"color: #ff6600;\"><a style=\"color: #ff6600;\" href=\"https:\/\/www.facebook.com\/thietbidienlama\" target=\"_blank\" rel=\"noopener\">THI\u1ebeT\u00a0B\u1eca \u0110I\u1ec6N LAMA<\/a><\/span><\/strong><\/span><\/p>\n<p><span style=\"font-size: 14pt; color: #000000; font-family: 'times new roman', times, serif;\"><strong>Tiktok:\u00a0<span style=\"color: #ff6600;\"><a style=\"color: #ff6600;\" href=\"https:\/\/www.tiktok.com\/@thietbidienlama\" target=\"_blank\" rel=\"noopener\">THI\u1ebeT\u00a0B\u1eca \u0110I\u1ec6N LAMA<\/a><\/span><\/strong><\/span><\/p>\n<p><span style=\"font-size: 14pt; color: #000000; font-family: 'times new roman', times, serif;\"><strong>Youtube: <span style=\"color: #ff6600;\"><a style=\"color: #ff6600;\" href=\"https:\/\/www.youtube.com\/@thietbidienlama\" target=\"_blank\" rel=\"noopener\">THI\u1ebeT\u00a0B\u1eca \u0110I\u1ec6N LAMA<\/a><\/span><\/strong><\/span><\/p>","protected":false},"excerpt":{"rendered":"<p>M\u1eb7t C\u00f4ng T\u1eafc UTEN 1 Thi\u1ebft B\u1ecb M\u00e0u \u0110en A8.1 PM1 M\u1eb7t c\u00f4ng t\u1eafc\u00a0UTEN A8.1 PM1 (lo\u1ea1i 1 thi\u1ebft b\u1ecb)<\/p>","protected":false},"featured_media":14612,"comment_status":"closed","ping_status":"closed","template":"","meta":[],"product_brand":[],"product_cat":[991,1090],"product_tag":[1091],"class_list":{"0":"post-14609","1":"product","2":"type-product","3":"status-publish","4":"has-post-thumbnail","6":"product_cat-mat-cong-tac-uten","7":"product_cat-mat-cong-tac-uten-a8-1","8":"product_tag-mat-cong-tac-uten-1-thiet-bi","10":"first","11":"instock","12":"sale","13":"shipping-taxable","14":"purchasable","15":"product-type-simple"},"_links":{"self":[{"href":"https:\/\/mail.thietbidienlama.com\/en\/wp-json\/wp\/v2\/product\/14609","targetHints":{"allow":["GET"]}}],"collection":[{"href":"https:\/\/mail.thietbidienlama.com\/en\/wp-json\/wp\/v2\/product"}],"about":[{"href":"https:\/\/mail.thietbidienlama.com\/en\/wp-json\/wp\/v2\/types\/product"}],"replies":[{"embeddable":true,"href":"https:\/\/mail.thietbidienlama.com\/en\/wp-json\/wp\/v2\/comments?post=14609"}],"version-history":[{"count":4,"href":"https:\/\/mail.thietbidienlama.com\/en\/wp-json\/wp\/v2\/product\/14609\/revisions"}],"predecessor-version":[{"id":14616,"href":"https:\/\/mail.thietbidienlama.com\/en\/wp-json\/wp\/v2\/product\/14609\/revisions\/14616"}],"wp:featuredmedia":[{"embeddable":true,"href":"https:\/\/mail.thietbidienlama.com\/en\/wp-json\/wp\/v2\/media\/14612"}],"wp:attachment":[{"href":"https:\/\/mail.thietbidienlama.com\/en\/wp-json\/wp\/v2\/media?parent=14609"}],"wp:term":[{"taxonomy":"product_brand","embeddable":true,"href":"https:\/\/mail.thietbidienlama.com\/en\/wp-json\/wp\/v2\/product_brand?post=14609"},{"taxonomy":"product_cat","embeddable":true,"href":"https:\/\/mail.thietbidienlama.com\/en\/wp-json\/wp\/v2\/product_cat?post=14609"},{"taxonomy":"product_tag","embeddable":true,"href":"https:\/\/mail.thietbidienlama.com\/en\/wp-json\/wp\/v2\/product_tag?post=14609"}],"curies":[{"name":"wp","href":"https:\/\/api.w.org\/{rel}","templated":true}]}}