{"id":14591,"date":"2026-04-27T07:53:51","date_gmt":"2026-04-27T00:53:51","guid":{"rendered":"https:\/\/thietbidienlama.com\/?post_type=product&#038;p=14591"},"modified":"2026-04-27T07:54:37","modified_gmt":"2026-04-27T00:54:37","slug":"hat-cong-tac-1-chieu-uten-a8-mau-den-co-s","status":"publish","type":"product","link":"https:\/\/mail.thietbidienlama.com\/en\/hat-cong-tac-1-chieu-uten-a8-mau-den-co-s\/","title":{"rendered":"H\u1ea1t C\u00f4ng T\u1eafc 1 Chi\u1ec1u UTEN A8 M\u00e0u \u0110en C\u1ee1 S PGK11-SS"},"content":{"rendered":"<h1 class=\"n6owBd awi2gc\" style=\"text-align: center;\" data-sfc-root=\"c\" data-hveid=\"CAEIAhAA\" data-complete=\"true\" data-processed=\"true\"><span style=\"font-family: 'times new roman', times, serif; font-size: 18pt; color: #000000;\" data-subtree=\"aimfl\" data-processed=\"true\">H\u1ea1t C\u00f4ng T\u1eafc 1 Chi\u1ec1u UTEN A8 M\u00e0u \u0110en C\u1ee1 S PGK11-SS<\/span><\/h1>\n<div class=\"n6owBd awi2gc\" data-sfc-cp=\"\" data-sfc-root=\"c\" data-sfc-cb=\"\" data-hveid=\"CAEIAhAA\" data-complete=\"true\" data-processed=\"true\"><span style=\"font-family: 'times new roman', times, serif; font-size: 14pt; color: #000000;\">H\u1ea1t c\u00f4ng t\u1eafc 1 chi\u1ec1u\u00a0<strong class=\"Yjhzub\" data-sfc-root=\"c\" data-sfc-cb=\"\" data-complete=\"true\" data-processed=\"true\">UTEN A8 M\u00e0u \u0110en C\u1ee1 S PGK11-SS<\/strong> l\u00e0 linh ki\u1ec7n cao c\u1ea5p thu\u1ed9c d\u00f2ng Series A8 c\u1ee7a th\u01b0\u01a1ng hi\u1ec7u <span style=\"color: #ff6600;\"><strong><a style=\"color: #ff6600;\" href=\"https:\/\/thietbidienlama.com\/cong-tac-uten\/\">C\u00f4ng T\u1eafc Uten<\/a><\/strong><\/span> (\u0110\u1ee9c). \u0110\u00e2y l\u00e0 d\u00f2ng s\u1ea3n ph\u1ea9m \u0111\u01b0\u1ee3c \u0111\u00e1nh gi\u00e1 cao nh\u1edd thi\u1ebft k\u1ebf hi\u1ec7n \u0111\u1ea1i, tinh t\u1ebf v\u1edbi gam m\u00e0u \u0111en sang tr\u1ecdng, ph\u00f9 h\u1ee3p cho c\u00e1c kh\u00f4ng gian ki\u1ebfn tr\u00fac \u0111\u01b0\u01a1ng \u0111\u1ea1i.<\/span><\/div>\n<div data-sfc-cp=\"\" data-sfc-root=\"c\" data-sfc-cb=\"\" data-hveid=\"CAEIAhAA\" data-complete=\"true\" data-processed=\"true\">\n<div id=\"attachment_14592\" style=\"width: 610px\" class=\"wp-caption aligncenter\"><img fetchpriority=\"high\" decoding=\"async\" aria-describedby=\"caption-attachment-14592\" class=\"wp-image-14592 size-full\" src=\"http:\/\/thietbidienlama.com\/wp-content\/uploads\/2026\/04\/Hat-Cong-Tac-1-Chieu-UTEN-A8-Mau-Den-Co-S-PGK11-SS.jpg\" alt=\"H\u1ea1t C\u00f4ng T\u1eafc 1 Chi\u1ec1u UTEN A8 M\u00e0u \u0110en C\u1ee1 S PGK11 SS\" width=\"600\" height=\"600\" srcset=\"https:\/\/mail.thietbidienlama.com\/wp-content\/uploads\/2026\/04\/Hat-Cong-Tac-1-Chieu-UTEN-A8-Mau-Den-Co-S-PGK11-SS.jpg 600w, https:\/\/mail.thietbidienlama.com\/wp-content\/uploads\/2026\/04\/Hat-Cong-Tac-1-Chieu-UTEN-A8-Mau-Den-Co-S-PGK11-SS-300x300.jpg 300w, https:\/\/mail.thietbidienlama.com\/wp-content\/uploads\/2026\/04\/Hat-Cong-Tac-1-Chieu-UTEN-A8-Mau-Den-Co-S-PGK11-SS-150x150.jpg 150w, https:\/\/mail.thietbidienlama.com\/wp-content\/uploads\/2026\/04\/Hat-Cong-Tac-1-Chieu-UTEN-A8-Mau-Den-Co-S-PGK11-SS-12x12.jpg 12w\" sizes=\"(max-width: 600px) 100vw, 600px\" \/><p id=\"caption-attachment-14592\" class=\"wp-caption-text\">H\u1ea1t C\u00f4ng T\u1eafc 1 Chi\u1ec1u UTEN A8 M\u00e0u \u0110en C\u1ee1 S PGK11 SS<\/p><\/div>\n<\/div>\n<h2 class=\"otQkpb\" role=\"heading\" aria-level=\"3\" data-sfc-root=\"c\" data-complete=\"true\" data-processed=\"true\"><span style=\"font-family: 'times new roman', times, serif; font-size: 18pt; color: #ff6600;\">Th\u00f4ng s\u1ed1 k\u1ef9 thu\u1eadt chi ti\u1ebft<\/span><\/h2>\n<ul class=\"KsbFXc U6u95\" data-sfc-root=\"c\" data-sfc-cb=\"\" data-complete=\"true\" data-processed=\"true\">\n<li class=\"Z1qcYe\" data-sfc-cp=\"\" data-sfc-root=\"c\" data-sfc-cb=\"\" data-hveid=\"CAEIBBAA\" data-complete=\"true\" data-sae=\"\"><span class=\"T286Pc\" style=\"font-family: 'times new roman', times, serif; font-size: 14pt; color: #000000;\" data-sfc-cp=\"\" data-sfc-root=\"c\" data-sfc-cb=\"\" data-complete=\"true\"><strong class=\"Yjhzub\" data-sfc-root=\"c\" data-sfc-cb=\"\" data-complete=\"true\">M\u00e3 s\u1ea3n ph\u1ea9m<\/strong>: A8-PGK11-SS.<\/span><\/li>\n<li class=\"Z1qcYe\" data-sfc-cp=\"\" data-sfc-root=\"c\" data-sfc-cb=\"\" data-hveid=\"CAEIBBAB\" data-complete=\"true\" data-sae=\"\"><span class=\"T286Pc\" style=\"font-family: 'times new roman', times, serif; font-size: 14pt; color: #000000;\" data-sfc-cp=\"\" data-sfc-root=\"c\" data-sfc-cb=\"\" data-complete=\"true\"><strong class=\"Yjhzub\" data-sfc-root=\"c\" data-sfc-cb=\"\" data-complete=\"true\">D\u00f2ng \u0111i\u1ec7n\/\u0110i\u1ec7n \u00e1p<\/strong>: 16A \/ 250V ~ 50\/60Hz.<\/span><\/li>\n<li class=\"Z1qcYe\" data-sfc-cp=\"\" data-sfc-root=\"c\" data-sfc-cb=\"\" data-hveid=\"CAEIBBAC\" data-complete=\"true\" data-sae=\"\"><span class=\"T286Pc\" style=\"font-family: 'times new roman', times, serif; font-size: 14pt; color: #000000;\" data-sfc-cp=\"\" data-sfc-root=\"c\" data-sfc-cb=\"\" data-complete=\"true\"><strong class=\"Yjhzub\" data-sfc-root=\"c\" data-sfc-cb=\"\" data-complete=\"true\">K\u00edch th\u01b0\u1edbc<\/strong>: C\u1ee1 S (Size S &#8211; c\u1ee1 nh\u1ecf), cho ph\u00e9p l\u1eafp t\u1ed1i \u0111a 3 h\u1ea1t tr\u00ean m\u1ed9t m\u1eb7t \u0111\u01a1n chu\u1ea9n ch\u1eef nh\u1eadt.<\/span><\/li>\n<li class=\"Z1qcYe\" data-sfc-cp=\"\" data-sfc-root=\"c\" data-sfc-cb=\"\" data-hveid=\"CAEIBBAD\" data-complete=\"true\" data-sae=\"\"><span class=\"T286Pc\" style=\"font-family: 'times new roman', times, serif; font-size: 14pt; color: #000000;\" data-sfc-cp=\"\" data-sfc-root=\"c\" data-sfc-cb=\"\" data-complete=\"true\"><strong class=\"Yjhzub\" data-sfc-root=\"c\" data-sfc-cb=\"\" data-complete=\"true\">C\u01a1 ch\u1ebf ho\u1ea1t \u0111\u1ed9ng<\/strong>: Ph\u00edm nh\u1ea5n b\u1eadp b\u00eanh, nh\u1ea1y b\u00e9n v\u00e0 \u00eam \u00e1i.<\/span><\/li>\n<li class=\"Z1qcYe\" data-sfc-cp=\"\" data-sfc-root=\"c\" data-sfc-cb=\"\" data-hveid=\"CAEIBBAE\" data-complete=\"true\" data-sae=\"\"><span class=\"T286Pc\" style=\"font-family: 'times new roman', times, serif; font-size: 14pt; color: #000000;\" data-sfc-cp=\"\" data-sfc-root=\"c\" data-sfc-cb=\"\" data-complete=\"true\"><strong class=\"Yjhzub\" data-sfc-root=\"c\" data-sfc-cb=\"\" data-complete=\"true\">\u0110\u1ed9 b\u1ec1n<\/strong>: Tu\u1ed5i th\u1ecd c\u01a1 h\u1ecdc l\u00ean \u0111\u1ebfn h\u01a1n 40.000 l\u1ea7n b\u1eadt\/t\u1eaft.<\/span><\/li>\n<li class=\"Z1qcYe\" data-sfc-cp=\"\" data-sfc-root=\"c\" data-sfc-cb=\"\" data-hveid=\"CAEIBBAF\" data-complete=\"true\" data-sae=\"\"><span class=\"T286Pc\" style=\"font-family: 'times new roman', times, serif; font-size: 14pt; color: #000000;\" data-sfc-cp=\"\" data-sfc-root=\"c\" data-sfc-cb=\"\" data-complete=\"true\"><strong class=\"Yjhzub\" data-sfc-root=\"c\" data-sfc-cb=\"\" data-complete=\"true\">Ch\u1ea5t li\u1ec7u<\/strong>:<\/span>\n<ul class=\"KsbFXc U6u95\" data-sfc-root=\"c\" data-sfc-cb=\"\" data-complete=\"true\">\n<li class=\"Z1qcYe\" data-sfc-cp=\"\" data-sfc-root=\"c\" data-sfc-cb=\"\" data-hveid=\"CAEIBBAG\" data-complete=\"true\" data-sae=\"\"><span class=\"T286Pc\" style=\"font-family: 'times new roman', times, serif; font-size: 14pt; color: #000000;\" data-sfc-cp=\"\" data-sfc-root=\"c\" data-sfc-cb=\"\" data-complete=\"true\">Th\u00e2n v\u1ecf: Nh\u1ef1a PC (Polycarbonate) ch\u1ea5t l\u01b0\u1ee3ng cao, ch\u1ecbu nhi\u1ec7t v\u00e0 ch\u1ed1ng ch\u00e1y t\u1ed1t.<\/span><\/li>\n<li class=\"Z1qcYe\" data-sfc-cp=\"\" data-sfc-root=\"c\" data-sfc-cb=\"\" data-hveid=\"CAEIBBAH\" data-complete=\"true\" data-sae=\"\"><span class=\"T286Pc\" style=\"font-family: 'times new roman', times, serif; font-size: 14pt; color: #000000;\" data-sfc-cp=\"\" data-sfc-root=\"c\" data-sfc-cb=\"\" data-complete=\"true\" aria-owns=\"action-menu-parent-container\">Ti\u1ebfp \u0111i\u1ec3m: \u0110\u1ed3ng t\u00edm 65% m\u1ea1 b\u1ea1c d\u00e0y 0.35mm, \u0111\u1ea3m b\u1ea3o d\u1eabn \u0111i\u1ec7n \u1ed5n \u0111\u1ecbnh, gi\u1ea3m h\u1ed3 quang \u0111i\u1ec7n.<\/span><\/li>\n<\/ul>\n<\/li>\n<\/ul>\n<div id=\"attachment_14594\" style=\"width: 610px\" class=\"wp-caption aligncenter\"><img decoding=\"async\" aria-describedby=\"caption-attachment-14594\" class=\"wp-image-14594 size-full\" src=\"http:\/\/thietbidienlama.com\/wp-content\/uploads\/2026\/04\/cong-tac-uten-A8-Ket-Hop-Mat-Uten-A8.1.png\" alt=\"C\u00f4ng T\u1eafc Uten A8 K\u1ebft H\u1ee3p M\u1eb7t Uten A8.1\" width=\"600\" height=\"399\" srcset=\"https:\/\/mail.thietbidienlama.com\/wp-content\/uploads\/2026\/04\/cong-tac-uten-A8-Ket-Hop-Mat-Uten-A8.1.png 600w, https:\/\/mail.thietbidienlama.com\/wp-content\/uploads\/2026\/04\/cong-tac-uten-A8-Ket-Hop-Mat-Uten-A8.1-300x200.png 300w, https:\/\/mail.thietbidienlama.com\/wp-content\/uploads\/2026\/04\/cong-tac-uten-A8-Ket-Hop-Mat-Uten-A8.1-18x12.png 18w, https:\/\/mail.thietbidienlama.com\/wp-content\/uploads\/2026\/04\/cong-tac-uten-A8-Ket-Hop-Mat-Uten-A8.1-150x100.png 150w\" sizes=\"(max-width: 600px) 100vw, 600px\" \/><p id=\"caption-attachment-14594\" class=\"wp-caption-text\">C\u00f4ng T\u1eafc Uten A8 K\u1ebft H\u1ee3p M\u1eb7t Uten A8.1<\/p><\/div>\n<div id=\"attachment_14595\" style=\"width: 610px\" class=\"wp-caption aligncenter\"><img decoding=\"async\" aria-describedby=\"caption-attachment-14595\" class=\"wp-image-14595 size-full\" src=\"http:\/\/thietbidienlama.com\/wp-content\/uploads\/2026\/04\/cong-tac-uten-A8-Ket-Hop-Mat-Uten-VPRO-Mau-Den.png\" alt=\"C\u00f4ng T\u1eafc Uten A8 K\u1ebft H\u1ee3p M\u1eb7t Uten VPRO M\u00e0u \u0110en\" width=\"600\" height=\"387\" srcset=\"https:\/\/mail.thietbidienlama.com\/wp-content\/uploads\/2026\/04\/cong-tac-uten-A8-Ket-Hop-Mat-Uten-VPRO-Mau-Den.png 600w, https:\/\/mail.thietbidienlama.com\/wp-content\/uploads\/2026\/04\/cong-tac-uten-A8-Ket-Hop-Mat-Uten-VPRO-Mau-Den-300x194.png 300w, https:\/\/mail.thietbidienlama.com\/wp-content\/uploads\/2026\/04\/cong-tac-uten-A8-Ket-Hop-Mat-Uten-VPRO-Mau-Den-18x12.png 18w, https:\/\/mail.thietbidienlama.com\/wp-content\/uploads\/2026\/04\/cong-tac-uten-A8-Ket-Hop-Mat-Uten-VPRO-Mau-Den-150x97.png 150w\" sizes=\"(max-width: 600px) 100vw, 600px\" \/><p id=\"caption-attachment-14595\" class=\"wp-caption-text\">C\u00f4ng T\u1eafc Uten A8 K\u1ebft H\u1ee3p M\u1eb7t Uten VPRO M\u00e0u \u0110en<\/p><\/div>\n<p><span style=\"font-size: 12pt; color: #000000;\"><strong>Facebook:\u00a0<span style=\"color: #ff6600;\"><a style=\"color: #ff6600;\" href=\"https:\/\/www.facebook.com\/thietbidienlama\" target=\"_blank\" rel=\"noopener\">THI\u1ebeT\u00a0B\u1eca \u0110I\u1ec6N LAMA<\/a><\/span><\/strong><\/span><\/p>\n<p><span style=\"font-size: 12pt; color: #000000;\"><strong>Tiktok:\u00a0<span style=\"color: #ff6600;\"><a style=\"color: #ff6600;\" href=\"https:\/\/www.tiktok.com\/@thietbidienlama\" target=\"_blank\" rel=\"noopener\">THI\u1ebeT\u00a0B\u1eca \u0110I\u1ec6N LAMA<\/a><\/span><\/strong><\/span><\/p>\n<p><span style=\"font-size: 12pt; color: #000000;\"><strong>Youtube: <span style=\"color: #ff6600;\"><a style=\"color: #ff6600;\" href=\"https:\/\/www.youtube.com\/@thietbidienlama\" target=\"_blank\" rel=\"noopener\">THI\u1ebeT\u00a0B\u1eca \u0110I\u1ec6N LAMA<\/a><\/span><\/strong><\/span><\/p>","protected":false},"excerpt":{"rendered":"<p>H\u1ea1t C\u00f4ng T\u1eafc 1 Chi\u1ec1u UTEN A8 M\u00e0u \u0110en C\u1ee1 S PGK11-SS H\u1ea1t c\u00f4ng t\u1eafc 1 chi\u1ec1u\u00a0UTEN A8 M\u00e0u \u0110en<\/p>","protected":false},"featured_media":14592,"comment_status":"closed","ping_status":"closed","template":"","meta":[],"product_brand":[],"product_cat":[1087,979],"product_tag":[1088],"class_list":{"0":"post-14591","1":"product","2":"type-product","3":"status-publish","4":"has-post-thumbnail","6":"product_cat-cong-tac-uten-a8","7":"product_cat-cong-tac-uten","8":"product_tag-cong-tac-1-chieu-uten-a8","10":"first","11":"instock","12":"sale","13":"shipping-taxable","14":"purchasable","15":"product-type-simple"},"_links":{"self":[{"href":"https:\/\/mail.thietbidienlama.com\/en\/wp-json\/wp\/v2\/product\/14591","targetHints":{"allow":["GET"]}}],"collection":[{"href":"https:\/\/mail.thietbidienlama.com\/en\/wp-json\/wp\/v2\/product"}],"about":[{"href":"https:\/\/mail.thietbidienlama.com\/en\/wp-json\/wp\/v2\/types\/product"}],"replies":[{"embeddable":true,"href":"https:\/\/mail.thietbidienlama.com\/en\/wp-json\/wp\/v2\/comments?post=14591"}],"version-history":[{"count":2,"href":"https:\/\/mail.thietbidienlama.com\/en\/wp-json\/wp\/v2\/product\/14591\/revisions"}],"predecessor-version":[{"id":14597,"href":"https:\/\/mail.thietbidienlama.com\/en\/wp-json\/wp\/v2\/product\/14591\/revisions\/14597"}],"wp:featuredmedia":[{"embeddable":true,"href":"https:\/\/mail.thietbidienlama.com\/en\/wp-json\/wp\/v2\/media\/14592"}],"wp:attachment":[{"href":"https:\/\/mail.thietbidienlama.com\/en\/wp-json\/wp\/v2\/media?parent=14591"}],"wp:term":[{"taxonomy":"product_brand","embeddable":true,"href":"https:\/\/mail.thietbidienlama.com\/en\/wp-json\/wp\/v2\/product_brand?post=14591"},{"taxonomy":"product_cat","embeddable":true,"href":"https:\/\/mail.thietbidienlama.com\/en\/wp-json\/wp\/v2\/product_cat?post=14591"},{"taxonomy":"product_tag","embeddable":true,"href":"https:\/\/mail.thietbidienlama.com\/en\/wp-json\/wp\/v2\/product_tag?post=14591"}],"curies":[{"name":"wp","href":"https:\/\/api.w.org\/{rel}","templated":true}]}}