{"id":13928,"date":"2026-02-23T13:41:47","date_gmt":"2026-02-23T06:41:47","guid":{"rendered":"https:\/\/thietbidienlama.com\/?post_type=product&#038;p=13928"},"modified":"2026-04-03T12:44:00","modified_gmt":"2026-04-03T05:44:00","slug":"den-tuong-hien-dai-cn-38-euroto","status":"publish","type":"product","link":"https:\/\/mail.thietbidienlama.com\/en\/den-tuong-hien-dai-cn-38-euroto\/","title":{"rendered":"\u0110\u00e8n T\u01b0\u1eddng Hi\u1ec7n \u0110\u1ea1i CN-38 Euroto"},"content":{"rendered":"<h1 style=\"text-align: center;\"><span style=\"color: #000000; font-family: 'times new roman', times, serif; font-size: 18pt;\">\u0110\u00e8n T\u01b0\u1eddng Hi\u1ec7n \u0110\u1ea1i CN-38 Euroto<\/span><\/h1>\n<div class=\"Y3BBE\" data-sfc-cp=\"\" data-hveid=\"CAEIAhAA\" data-complete=\"true\" data-processed=\"true\"><span style=\"color: #000000; font-family: 'times new roman', times, serif; font-size: 14pt;\"><span style=\"color: #ff6600;\"><strong><a style=\"color: #ff6600;\" href=\"https:\/\/thietbidienlama.com\/den-tuong-trang-tri\/\">\u0110\u00e8n t\u01b0\u1eddng hi\u1ec7n \u0111\u1ea1i<\/a><\/strong><\/span>\u00a0<strong class=\"Yjhzub\" data-complete=\"true\" data-processed=\"true\">Euroto CN-38<\/strong> l\u00e0 d\u00f2ng \u0111\u00e8n LED v\u00e1ch trang tr\u00ed h\u1eaft s\u00e1ng hai \u0111\u1ea7u, \u0111\u01b0\u1ee3c \u0111\u00e1nh gi\u00e1 cao nh\u1edd thi\u1ebft k\u1ebf t\u1ed1i gi\u1ea3n, ph\u00f9 h\u1ee3p cho nhi\u1ec1u kh\u00f4ng gian t\u1eeb ph\u00f2ng kh\u00e1ch, c\u1ea7u thang \u0111\u1ebfn h\u00e0nh lang.<\/span><\/div>\n<div class=\"Fsg96\" data-sfc-cp=\"\" data-complete=\"true\" data-processed=\"true\">\n<div id=\"attachment_13934\" style=\"width: 214px\" class=\"wp-caption aligncenter\"><img fetchpriority=\"high\" decoding=\"async\" aria-describedby=\"caption-attachment-13934\" class=\"wp-image-13934 size-medium\" src=\"http:\/\/thietbidienlama.com\/wp-content\/uploads\/2026\/02\/Den-Tuong-Hien-Dai-Trang-Tri-CN-38-Euroto-204x300.jpg\" alt=\"\u0110\u00e8n T\u01b0\u1eddng Hi\u1ec7n \u0110\u1ea1i Trang Tr\u00ed CN 38 Euroto\" width=\"204\" height=\"300\" srcset=\"https:\/\/mail.thietbidienlama.com\/wp-content\/uploads\/2026\/02\/Den-Tuong-Hien-Dai-Trang-Tri-CN-38-Euroto-204x300.jpg 204w, https:\/\/mail.thietbidienlama.com\/wp-content\/uploads\/2026\/02\/Den-Tuong-Hien-Dai-Trang-Tri-CN-38-Euroto-8x12.jpg 8w, https:\/\/mail.thietbidienlama.com\/wp-content\/uploads\/2026\/02\/Den-Tuong-Hien-Dai-Trang-Tri-CN-38-Euroto-150x221.jpg 150w, https:\/\/mail.thietbidienlama.com\/wp-content\/uploads\/2026\/02\/Den-Tuong-Hien-Dai-Trang-Tri-CN-38-Euroto.jpg 276w\" sizes=\"(max-width: 204px) 100vw, 204px\" \/><p id=\"caption-attachment-13934\" class=\"wp-caption-text\">\u0110\u00e8n T\u01b0\u1eddng Hi\u1ec7n \u0110\u1ea1i Trang Tr\u00ed CN 38 Euroto<\/p><\/div>\n<\/div>\n<h2 class=\"otQkpb\" role=\"heading\" aria-level=\"3\" data-complete=\"true\" data-processed=\"true\"><span style=\"color: #ff6600; font-size: 18pt; font-family: 'times new roman', times, serif;\">Th\u00f4ng s\u1ed1 k\u1ef9 thu\u1eadt \u0110\u00e8n T\u01b0\u1eddng Hi\u1ec7n \u0110\u1ea1i<\/span><\/h2>\n<ul class=\"KsbFXc U6u95\" data-complete=\"true\" data-processed=\"true\">\n<li data-hveid=\"CAEIBRAA\" data-complete=\"true\" data-sae=\"\"><span class=\"T286Pc\" style=\"color: #000000; font-family: 'times new roman', times, serif; font-size: 14pt;\" data-sfc-cp=\"\" data-complete=\"true\"><strong class=\"Yjhzub\" data-complete=\"true\">C\u00f4ng su\u1ea5t<\/strong>: 10W (5W x 2 \u0111\u1ea7u).<\/span><\/li>\n<li data-hveid=\"CAEIBRAA\" data-complete=\"true\" data-sae=\"\"><span style=\"font-size: 14pt; color: #000000; font-family: 'times new roman', times, serif;\"><strong>G\u1ed1c chi\u1ebfu:<\/strong> 24 \u0111\u1ed9<\/span><\/li>\n<li data-hveid=\"CAEIBRAE\" data-complete=\"true\" data-sae=\"\"><span class=\"T286Pc\" style=\"font-size: 14pt; color: #000000; font-family: 'times new roman', times, serif;\" data-sfc-cp=\"\" data-complete=\"true\" aria-owns=\"action-menu-parent-container\"><strong>K\u00edch th\u01b0\u1edbc:<\/strong> Th\u01b0\u1eddng cao kho\u1ea3ng 160mm &#8211; 180mm.<\/span><\/li>\n<li data-hveid=\"CAEIBRAB\" data-complete=\"true\" data-sae=\"\"><span class=\"T286Pc\" style=\"color: #000000; font-family: 'times new roman', times, serif; font-size: 14pt;\" data-sfc-cp=\"\" data-complete=\"true\"><strong class=\"Yjhzub\" data-complete=\"true\">\u00c1nh s\u00e1ng<\/strong>: 3000K (V\u00e0ng \u1ea5m).<\/span><\/li>\n<li data-hveid=\"CAEIBRAC\" data-complete=\"true\" data-sae=\"\"><span class=\"T286Pc\" style=\"color: #000000; font-family: 'times new roman', times, serif; font-size: 14pt;\" data-sfc-cp=\"\" data-complete=\"true\"><strong class=\"Yjhzub\" data-complete=\"true\">Ch\u1ec9 s\u1ed1 b\u1ea3o v\u1ec7<\/strong>: IP54 (C\u00f3 kh\u1ea3 n\u0103ng ch\u1ed1ng b\u1ee5i v\u00e0 n\u01b0\u1edbc b\u1eafn nh\u1eb9, s\u1eed d\u1ee5ng t\u1ed1t trong nh\u00e0 ho\u1eb7c c\u00e1c khu v\u1ef1c b\u00e1n l\u1ed9 thi\u00ean c\u00f3 m\u00e1i che).<\/span><\/li>\n<li data-hveid=\"CAEIBRAD\" data-complete=\"true\" data-sae=\"\"><span class=\"T286Pc\" style=\"color: #000000; font-family: 'times new roman', times, serif; font-size: 14pt;\" data-sfc-cp=\"\" data-complete=\"true\" aria-owns=\"action-menu-parent-container\"><strong class=\"Yjhzub\" data-complete=\"true\">Ch\u1ea5t li\u1ec7u<\/strong>: Th\u00e2n \u0111\u00e8n b\u1eb1ng h\u1ee3p kim nh\u00f4m s\u01a1n t\u0129nh \u0111i\u1ec7n, gi\u00fap t\u1ea3n nhi\u1ec7t hi\u1ec7u qu\u1ea3 v\u00e0 t\u0103ng tu\u1ed5i th\u1ecd chip LED.<\/span><\/li>\n<\/ul>\n<p><span style=\"font-family: 'times new roman', times, serif; font-size: 14pt; color: #000000;\"><img decoding=\"async\" class=\"aligncenter wp-image-13931 size-medium\" src=\"http:\/\/thietbidienlama.com\/wp-content\/uploads\/2026\/02\/Den-Vach-CN-38-300x271.jpg\" alt=\"\u0110\u00e8n T\u01b0\u1eddng Hi\u1ec7n \u0110\u1ea1i\" width=\"300\" height=\"271\" srcset=\"https:\/\/mail.thietbidienlama.com\/wp-content\/uploads\/2026\/02\/Den-Vach-CN-38-300x271.jpg 300w, https:\/\/mail.thietbidienlama.com\/wp-content\/uploads\/2026\/02\/Den-Vach-CN-38-13x12.jpg 13w, https:\/\/mail.thietbidienlama.com\/wp-content\/uploads\/2026\/02\/Den-Vach-CN-38-150x135.jpg 150w, https:\/\/mail.thietbidienlama.com\/wp-content\/uploads\/2026\/02\/Den-Vach-CN-38.jpg 316w\" sizes=\"(max-width: 300px) 100vw, 300px\" \/><\/span><\/p>\n<p class=\"Y3BBE\" data-hveid=\"CAEICBAA\" data-complete=\"true\" data-processed=\"true\"><span style=\"font-size: 14pt; color: #000000; font-family: 'times new roman', times, serif;\"><strong>LI\u00caN H\u1ec6 : Hotline: 0935 228 204 ( Ms Lam )<\/strong><\/span><\/p>\n<p><span style=\"font-size: 14pt; color: #000000; font-family: 'times new roman', times, serif;\"><strong>Facebook:\u00a0<span style=\"color: #ff6600;\"><a style=\"color: #ff6600;\" href=\"https:\/\/www.facebook.com\/thietbidienlama\" target=\"_blank\" rel=\"noopener\">THI\u1ebeT\u00a0B\u1eca \u0110I\u1ec6N LAMA<\/a><\/span><\/strong><\/span><\/p>\n<p><span style=\"font-size: 14pt; color: #000000; font-family: 'times new roman', times, serif;\"><strong>Tiktok:\u00a0<span style=\"color: #ff6600;\"><a style=\"color: #ff6600;\" href=\"https:\/\/www.tiktok.com\/@thietbidienlama\" target=\"_blank\" rel=\"noopener\">THI\u1ebeT\u00a0B\u1eca \u0110I\u1ec6N LAMA<\/a><\/span><\/strong><\/span><\/p>\n<p><span style=\"font-size: 14pt; color: #000000; font-family: 'times new roman', times, serif;\"><strong>Youtube: <span style=\"color: #ff6600;\"><a style=\"color: #ff6600;\" href=\"https:\/\/www.youtube.com\/@thietbidienlama\" target=\"_blank\" rel=\"noopener\">THI\u1ebeT\u00a0B\u1eca \u0110I\u1ec6N LAMA<\/a><\/span><\/strong><\/span><\/p>","protected":false},"excerpt":{"rendered":"<p>\u0110\u00e8n T\u01b0\u1eddng Hi\u1ec7n \u0110\u1ea1i CN-38 Euroto \u0110\u00e8n t\u01b0\u1eddng hi\u1ec7n \u0111\u1ea1i\u00a0Euroto CN-38 l\u00e0 d\u00f2ng \u0111\u00e8n LED v\u00e1ch trang tr\u00ed h\u1eaft s\u00e1ng<\/p>","protected":false},"featured_media":13941,"comment_status":"closed","ping_status":"closed","template":"","meta":[],"product_brand":[],"product_cat":[505,848,845],"product_tag":[1045],"class_list":{"0":"post-13928","1":"product","2":"type-product","3":"status-publish","4":"has-post-thumbnail","6":"product_cat-den-trang-tri","7":"product_cat-den-tuong-euroto","8":"product_cat-den-tuong-trang-tri","9":"product_tag-den-tuong-hien-dai","11":"first","12":"instock","13":"sale","14":"shipping-taxable","15":"purchasable","16":"product-type-simple"},"_links":{"self":[{"href":"https:\/\/mail.thietbidienlama.com\/en\/wp-json\/wp\/v2\/product\/13928","targetHints":{"allow":["GET"]}}],"collection":[{"href":"https:\/\/mail.thietbidienlama.com\/en\/wp-json\/wp\/v2\/product"}],"about":[{"href":"https:\/\/mail.thietbidienlama.com\/en\/wp-json\/wp\/v2\/types\/product"}],"replies":[{"embeddable":true,"href":"https:\/\/mail.thietbidienlama.com\/en\/wp-json\/wp\/v2\/comments?post=13928"}],"version-history":[{"count":4,"href":"https:\/\/mail.thietbidienlama.com\/en\/wp-json\/wp\/v2\/product\/13928\/revisions"}],"predecessor-version":[{"id":14243,"href":"https:\/\/mail.thietbidienlama.com\/en\/wp-json\/wp\/v2\/product\/13928\/revisions\/14243"}],"wp:featuredmedia":[{"embeddable":true,"href":"https:\/\/mail.thietbidienlama.com\/en\/wp-json\/wp\/v2\/media\/13941"}],"wp:attachment":[{"href":"https:\/\/mail.thietbidienlama.com\/en\/wp-json\/wp\/v2\/media?parent=13928"}],"wp:term":[{"taxonomy":"product_brand","embeddable":true,"href":"https:\/\/mail.thietbidienlama.com\/en\/wp-json\/wp\/v2\/product_brand?post=13928"},{"taxonomy":"product_cat","embeddable":true,"href":"https:\/\/mail.thietbidienlama.com\/en\/wp-json\/wp\/v2\/product_cat?post=13928"},{"taxonomy":"product_tag","embeddable":true,"href":"https:\/\/mail.thietbidienlama.com\/en\/wp-json\/wp\/v2\/product_tag?post=13928"}],"curies":[{"name":"wp","href":"https:\/\/api.w.org\/{rel}","templated":true}]}}