{"id":13924,"date":"2026-02-23T11:59:11","date_gmt":"2026-02-23T04:59:11","guid":{"rendered":"https:\/\/thietbidienlama.com\/?post_type=product&#038;p=13924"},"modified":"2026-04-03T12:58:53","modified_gmt":"2026-04-03T05:58:53","slug":"den-tuong-phong-khach-dep-cn-41-euroto","status":"publish","type":"product","link":"https:\/\/mail.thietbidienlama.com\/en\/den-tuong-phong-khach-dep-cn-41-euroto\/","title":{"rendered":"\u0110\u00e8n T\u01b0\u1eddng Ph\u00f2ng Kh\u00e1ch \u0110\u1eb9p CN-41 Euroto"},"content":{"rendered":"<h1 style=\"text-align: center;\" data-hveid=\"CAEIAhAA\" data-complete=\"true\" data-processed=\"true\"><span style=\"color: #000000; font-family: 'times new roman', times, serif; font-size: 18pt;\">\u0110\u00e8n T\u01b0\u1eddng Ph\u00f2ng Kh\u00e1ch \u0110\u1eb9p CN-41 Euroto<\/span><\/h1>\n<div class=\"Y3BBE\" data-sfc-cp=\"\" data-hveid=\"CAEIAhAA\" data-complete=\"true\" data-processed=\"true\"><span style=\"color: #000000; font-family: 'times new roman', times, serif; font-size: 14pt;\"><a href=\"https:\/\/thietbidienlama.com\/den-trang-tri-phong-khach\/\"><span style=\"color: #ff6600;\"><strong>\u0110\u00e8n T\u01b0\u1eddng Ph\u00f2ng Kh\u00e1ch \u0110\u1eb9p<\/strong><\/span><\/a> <strong class=\"Yjhzub\" data-complete=\"true\" data-processed=\"true\">Euroto CN-41<\/strong>\u00a0(th\u01b0\u1eddng bao g\u1ed3m c\u00e1c bi\u1ebfn th\u1ec3 thu\u1ed9c nh\u00f3m m\u00e3\u00a0<strong class=\"Yjhzub\" data-complete=\"true\" data-processed=\"true\">CN-41x<\/strong>) l\u00e0 d\u00f2ng \u0111\u00e8n v\u00e1ch LED hi\u1ec7n \u0111\u1ea1i v\u1edbi thi\u1ebft k\u1ebf h\u1eaft s\u00e1ng hai \u0111\u1ea7u, t\u1ea1o \u0111i\u1ec3m nh\u1ea5n th\u1ea9m m\u1ef9 cao cho kh\u00f4ng gian ph\u00f2ng kh\u00e1ch.<\/span><\/div>\n<div class=\"Fsg96\" data-sfc-cp=\"\" data-complete=\"true\" data-processed=\"true\">\n<div id=\"attachment_14244\" style=\"width: 510px\" class=\"wp-caption aligncenter\"><img fetchpriority=\"high\" decoding=\"async\" aria-describedby=\"caption-attachment-14244\" class=\"wp-image-14244 size-full\" src=\"http:\/\/thietbidienlama.com\/wp-content\/uploads\/2026\/02\/Den-Tuong-Phong-Khach-Dep-CN-41-Euroto-3.jpg\" alt=\"\u0110\u00e8n T\u01b0\u1eddng Ph\u00f2ng Kh\u00e1ch \u0110\u1eb9p CN 41 Euroto\" width=\"500\" height=\"500\" srcset=\"https:\/\/mail.thietbidienlama.com\/wp-content\/uploads\/2026\/02\/Den-Tuong-Phong-Khach-Dep-CN-41-Euroto-3.jpg 500w, https:\/\/mail.thietbidienlama.com\/wp-content\/uploads\/2026\/02\/Den-Tuong-Phong-Khach-Dep-CN-41-Euroto-3-300x300.jpg 300w, https:\/\/mail.thietbidienlama.com\/wp-content\/uploads\/2026\/02\/Den-Tuong-Phong-Khach-Dep-CN-41-Euroto-3-150x150.jpg 150w, https:\/\/mail.thietbidienlama.com\/wp-content\/uploads\/2026\/02\/Den-Tuong-Phong-Khach-Dep-CN-41-Euroto-3-12x12.jpg 12w\" sizes=\"(max-width: 500px) 100vw, 500px\" \/><p id=\"caption-attachment-14244\" class=\"wp-caption-text\">\u0110\u00e8n T\u01b0\u1eddng Ph\u00f2ng Kh\u00e1ch \u0110\u1eb9p CN 41 Euroto<\/p><\/div>\n<\/div>\n<h2 class=\"otQkpb\" role=\"heading\" aria-level=\"3\" data-complete=\"true\" data-processed=\"true\"><span style=\"color: #ff6600; font-size: 18pt; font-family: 'times new roman', times, serif;\">Th\u00f4ng s\u1ed1 k\u1ef9 thu\u1eadt chi ti\u1ebft<\/span><\/h2>\n<div class=\"Y3BBE\" data-sfc-cp=\"\" data-hveid=\"CAEIBBAA\" data-complete=\"true\" data-processed=\"true\" aria-owns=\"action-menu-parent-container\"><span style=\"color: #000000; font-family: 'times new roman', times, serif; font-size: 14pt;\">D\u00f2ng CN-41 c\u00f3 thi\u1ebft k\u1ebf h\u00ecnh tr\u1ee5 ho\u1eb7c h\u00ecnh kh\u1ed1i d\u00e0i, \u0111\u01b0\u1ee3c chia th\u00e0nh nhi\u1ec1u k\u00edch th\u01b0\u1edbc v\u00e0 c\u00f4ng su\u1ea5t kh\u00e1c nhau \u0111\u1ec3 ph\u00f9 h\u1ee3p v\u1edbi di\u1ec7n t\u00edch m\u1ea3ng t\u01b0\u1eddng:<\/span><\/div>\n<div data-sfc-cp=\"\" data-hveid=\"CAEIBBAA\" data-complete=\"true\" data-processed=\"true\" aria-owns=\"action-menu-parent-container\">\n<ul class=\"KsbFXc U6u95\" data-complete=\"true\" data-processed=\"true\">\n<li data-hveid=\"CAEIBhAA\" data-complete=\"true\" data-sae=\"\"><span class=\"T286Pc\" style=\"color: #000000; font-family: 'times new roman', times, serif; font-size: 14pt;\" data-sfc-cp=\"\" data-complete=\"true\"><strong class=\"Yjhzub\" data-complete=\"true\">Ch\u1ea5t li\u1ec7u<\/strong>: Th\u00e2n nh\u00f4m \u0111\u00fac s\u01a1n t\u0129nh \u0111i\u1ec7n cao c\u1ea5p, b\u1ec1n b\u1ec9 v\u00e0 t\u1ea3n nhi\u1ec7t t\u1ed1t.<\/span><\/li>\n<li data-hveid=\"CAEIBhAB\" data-complete=\"true\" data-sae=\"\"><span class=\"T286Pc\" style=\"color: #000000; font-family: 'times new roman', times, serif; font-size: 14pt;\" data-sfc-cp=\"\" data-complete=\"true\"><strong class=\"Yjhzub\" data-complete=\"true\">Ch\u1ec9 s\u1ed1 b\u1ea3o v\u1ec7<\/strong>:\u00a0<strong class=\"Yjhzub\" data-complete=\"true\">IP54<\/strong>\u00a0(Kh\u00e1ng b\u1ee5i v\u00e0 ch\u1ed1ng n\u01b0\u1edbc b\u1eafn nh\u1eb9), ph\u00f9 h\u1ee3p l\u1eafp \u0111\u1eb7t trong nh\u00e0 ho\u1eb7c h\u00e0nh lang c\u00f3 m\u00e1i che.<\/span><\/li>\n<li data-hveid=\"CAEIBhAC\" data-complete=\"true\" data-sae=\"\"><span class=\"T286Pc\" style=\"color: #000000; font-family: 'times new roman', times, serif; font-size: 14pt;\" data-sfc-cp=\"\" data-complete=\"true\" aria-owns=\"action-menu-parent-container\"><strong class=\"Yjhzub\" data-complete=\"true\">B\u1ea3o h\u00e0nh<\/strong>: 12 th\u00e1ng theo ch\u00ednh s\u00e1ch c\u1ee7a Euroto Lighting.<\/span><\/li>\n<\/ul>\n<div id=\"attachment_14245\" style=\"width: 510px\" class=\"wp-caption aligncenter\"><img decoding=\"async\" aria-describedby=\"caption-attachment-14245\" class=\"wp-image-14245 size-full\" src=\"http:\/\/thietbidienlama.com\/wp-content\/uploads\/2026\/02\/Den-Tuong-Phong-Khach-Dep.jpg\" alt=\"\u0110\u00e8n T\u01b0\u1eddng Ph\u00f2ng Kh\u00e1ch \u0110\u1eb9p\" width=\"500\" height=\"500\" srcset=\"https:\/\/mail.thietbidienlama.com\/wp-content\/uploads\/2026\/02\/Den-Tuong-Phong-Khach-Dep.jpg 500w, https:\/\/mail.thietbidienlama.com\/wp-content\/uploads\/2026\/02\/Den-Tuong-Phong-Khach-Dep-300x300.jpg 300w, https:\/\/mail.thietbidienlama.com\/wp-content\/uploads\/2026\/02\/Den-Tuong-Phong-Khach-Dep-150x150.jpg 150w, https:\/\/mail.thietbidienlama.com\/wp-content\/uploads\/2026\/02\/Den-Tuong-Phong-Khach-Dep-12x12.jpg 12w\" sizes=\"(max-width: 500px) 100vw, 500px\" \/><p id=\"caption-attachment-14245\" class=\"wp-caption-text\">\u0110\u00e8n T\u01b0\u1eddng Ph\u00f2ng Kh\u00e1ch \u0110\u1eb9p<\/p><\/div>\n<p class=\"Y3BBE\" data-hveid=\"CAEICBAA\" data-complete=\"true\" data-processed=\"true\"><span style=\"font-size: 14pt; color: #000000; font-family: 'times new roman', times, serif;\"><strong>LI\u00caN H\u1ec6 : Hotline: 0935 228 204 ( Ms Lam )<\/strong><\/span><\/p>\n<p><span style=\"font-size: 14pt; color: #000000; font-family: 'times new roman', times, serif;\"><strong>Facebook:\u00a0<span style=\"color: #ff6600;\"><a style=\"color: #ff6600;\" href=\"https:\/\/www.facebook.com\/thietbidienlama\" target=\"_blank\" rel=\"noopener\">THI\u1ebeT\u00a0B\u1eca \u0110I\u1ec6N LAMA<\/a><\/span><\/strong><\/span><\/p>\n<p><span style=\"font-size: 14pt; color: #000000; font-family: 'times new roman', times, serif;\"><strong>Tiktok:\u00a0<span style=\"color: #ff6600;\"><a style=\"color: #ff6600;\" href=\"https:\/\/www.tiktok.com\/@thietbidienlama\" target=\"_blank\" rel=\"noopener\">THI\u1ebeT\u00a0B\u1eca \u0110I\u1ec6N LAMA<\/a><\/span><\/strong><\/span><\/p>\n<p><span style=\"font-size: 14pt; color: #000000; font-family: 'times new roman', times, serif;\"><strong>Youtube: <span style=\"color: #ff6600;\"><a style=\"color: #ff6600;\" href=\"https:\/\/www.youtube.com\/@thietbidienlama\" target=\"_blank\" rel=\"noopener\">THI\u1ebeT\u00a0B\u1eca \u0110I\u1ec6N LAMA<\/a><\/span><\/strong><\/span><\/p>\n<\/div>","protected":false},"excerpt":{"rendered":"<p>\u0110\u00e8n T\u01b0\u1eddng Ph\u00f2ng Kh\u00e1ch \u0110\u1eb9p CN-41 Euroto \u0110\u00e8n T\u01b0\u1eddng Ph\u00f2ng Kh\u00e1ch \u0110\u1eb9p Euroto CN-41\u00a0(th\u01b0\u1eddng bao g\u1ed3m c\u00e1c bi\u1ebfn th\u1ec3 thu\u1ed9c<\/p>","protected":false},"featured_media":14244,"comment_status":"closed","ping_status":"closed","template":"","meta":[],"product_brand":[],"product_cat":[505,848,845],"product_tag":[1044],"class_list":{"0":"post-13924","1":"product","2":"type-product","3":"status-publish","4":"has-post-thumbnail","6":"product_cat-den-trang-tri","7":"product_cat-den-tuong-euroto","8":"product_cat-den-tuong-trang-tri","9":"product_tag-den-tuong-phong-khach-dep","11":"first","12":"instock","13":"sale","14":"shipping-taxable","15":"purchasable","16":"product-type-simple"},"_links":{"self":[{"href":"https:\/\/mail.thietbidienlama.com\/en\/wp-json\/wp\/v2\/product\/13924","targetHints":{"allow":["GET"]}}],"collection":[{"href":"https:\/\/mail.thietbidienlama.com\/en\/wp-json\/wp\/v2\/product"}],"about":[{"href":"https:\/\/mail.thietbidienlama.com\/en\/wp-json\/wp\/v2\/types\/product"}],"replies":[{"embeddable":true,"href":"https:\/\/mail.thietbidienlama.com\/en\/wp-json\/wp\/v2\/comments?post=13924"}],"version-history":[{"count":4,"href":"https:\/\/mail.thietbidienlama.com\/en\/wp-json\/wp\/v2\/product\/13924\/revisions"}],"predecessor-version":[{"id":14246,"href":"https:\/\/mail.thietbidienlama.com\/en\/wp-json\/wp\/v2\/product\/13924\/revisions\/14246"}],"wp:featuredmedia":[{"embeddable":true,"href":"https:\/\/mail.thietbidienlama.com\/en\/wp-json\/wp\/v2\/media\/14244"}],"wp:attachment":[{"href":"https:\/\/mail.thietbidienlama.com\/en\/wp-json\/wp\/v2\/media?parent=13924"}],"wp:term":[{"taxonomy":"product_brand","embeddable":true,"href":"https:\/\/mail.thietbidienlama.com\/en\/wp-json\/wp\/v2\/product_brand?post=13924"},{"taxonomy":"product_cat","embeddable":true,"href":"https:\/\/mail.thietbidienlama.com\/en\/wp-json\/wp\/v2\/product_cat?post=13924"},{"taxonomy":"product_tag","embeddable":true,"href":"https:\/\/mail.thietbidienlama.com\/en\/wp-json\/wp\/v2\/product_tag?post=13924"}],"curies":[{"name":"wp","href":"https:\/\/api.w.org\/{rel}","templated":true}]}}