{"id":13895,"date":"2026-02-04T15:15:41","date_gmt":"2026-02-04T08:15:41","guid":{"rendered":"https:\/\/thietbidienlama.com\/?post_type=product&#038;p=13895"},"modified":"2026-04-21T12:38:52","modified_gmt":"2026-04-21T05:38:52","slug":"den-panel-op-noi-tran-vien-nanoco","status":"publish","type":"product","link":"https:\/\/mail.thietbidienlama.com\/en\/den-panel-op-noi-tran-vien-nanoco\/","title":{"rendered":"\u0110\u00e8n Panel \u1ed1p n\u1ed5i tr\u00e0n vi\u1ec1n Nanoco 22W"},"content":{"rendered":"<h1 style=\"text-align: center;\"><span style=\"font-family: 'times new roman', times, serif; font-size: 18pt; color: #000000;\">\u0110\u00e8n Panel \u1ed1p n\u1ed5i tr\u00e0n vi\u1ec1n Nanoco 22W<\/span><\/h1>\n<div data-sfc-cp=\"\" data-hveid=\"CAEIAhAA\" data-complete=\"true\" data-processed=\"true\"><span style=\"font-family: 'times new roman', times, serif; font-size: 14pt; color: #000000;\">C\u00e1c m\u1eabu <strong><span style=\"color: #ff6600;\"><a style=\"color: #ff6600;\" href=\"https:\/\/thietbidienlama.com\/den-op-tran\/\">\u0111\u00e8n Panel \u1ed1p n\u1ed5i<\/a> <span style=\"color: #000000;\">tr\u00e0n vi\u1ec1n\u00a0Nanoco<\/span><\/span><\/strong> <strong>22W<\/strong> thu\u1ed9c d\u00f2ng Nancy Series, c\u00f3 thi\u1ebft k\u1ebf h\u00ecnh tr\u00f2n, c\u00f4ng su\u1ea5t 22W v\u00e0 ch\u1ec9 kh\u00e1c bi\u1ec7t \u1edf nhi\u1ec7t \u0111\u1ed9 m\u00e0u (m\u00e0u \u00e1nh s\u00e1ng).<\/span><\/div>\n<div data-sfc-cp=\"\" data-complete=\"true\" data-processed=\"true\"><span style=\"font-family: 'times new roman', times, serif; font-size: 14pt;\"><img fetchpriority=\"high\" decoding=\"async\" class=\"alignnone size-medium wp-image-13896 aligncenter\" src=\"http:\/\/thietbidienlama.com\/wp-content\/uploads\/2026\/02\/Den-Panel-op-noi-tran-vien-NRP2261R-Nanoco-300x300.jpg\" alt=\"\" width=\"300\" height=\"300\" srcset=\"https:\/\/mail.thietbidienlama.com\/wp-content\/uploads\/2026\/02\/Den-Panel-op-noi-tran-vien-NRP2261R-Nanoco-300x300.jpg 300w, https:\/\/mail.thietbidienlama.com\/wp-content\/uploads\/2026\/02\/Den-Panel-op-noi-tran-vien-NRP2261R-Nanoco-150x150.jpg 150w, https:\/\/mail.thietbidienlama.com\/wp-content\/uploads\/2026\/02\/Den-Panel-op-noi-tran-vien-NRP2261R-Nanoco-12x12.jpg 12w, https:\/\/mail.thietbidienlama.com\/wp-content\/uploads\/2026\/02\/Den-Panel-op-noi-tran-vien-NRP2261R-Nanoco.jpg 600w\" sizes=\"(max-width: 300px) 100vw, 300px\" \/><\/span><\/div>\n<h2 role=\"heading\" aria-level=\"3\" data-complete=\"true\" data-processed=\"true\"><span style=\"font-family: 'times new roman', times, serif; font-size: 18pt; color: #ff6600;\">Th\u00f4ng s\u1ed1 k\u1ef9 thu\u1eadt chung<\/span><\/h2>\n<div data-sfc-cp=\"\" data-hveid=\"CAEIBBAA\" data-complete=\"true\" data-processed=\"true\"><span style=\"font-family: 'times new roman', times, serif; font-size: 14pt; color: #000000;\">Ba m\u1eabu \u0111\u00e8n n\u00e0y c\u00f3 c\u00f9ng c\u00e1c th\u00f4ng s\u1ed1 k\u1ef9 thu\u1eadt ch\u00ednh, ch\u1ec9 kh\u00e1c nhau v\u1ec1 m\u00e0u s\u1eafc \u00e1nh s\u00e1ng:<\/span><\/div>\n<div data-sfc-cp=\"\" data-complete=\"true\" data-processed=\"true\"><\/div>\n<div data-sfc-cp=\"\" data-ved=\"2ahUKEwjFgN-7sb-SAxWmdvUHHSpRLwcQ-q4QegYIAQgFEAA\" data-complete=\"true\" data-processed=\"true\">\n<table data-animation-nesting=\"\" data-sae=\"\">\n<tbody>\n<tr data-sfc-cp=\"\" data-complete=\"true\">\n<th colspan=\"undefined\" data-sfc-cp=\"\" data-complete=\"true\"><span style=\"font-family: 'times new roman', times, serif; font-size: 14pt; color: #000000;\">Thu\u1ed9c t\u00ednh<span aria-hidden=\"true\">\u00a0<\/span><\/span><\/th>\n<th colspan=\"undefined\" data-sfc-cp=\"\" data-complete=\"true\"><span style=\"font-family: 'times new roman', times, serif; font-size: 14pt; color: #000000;\">Chi ti\u1ebft<\/span><\/th>\n<\/tr>\n<tr data-sfc-cp=\"\" data-complete=\"true\">\n<td colspan=\"undefined\" data-sfc-cp=\"\" data-complete=\"true\"><span style=\"font-family: 'times new roman', times, serif; font-size: 14pt; color: #000000;\">C\u00f4ng su\u1ea5t<\/span><\/td>\n<td colspan=\"undefined\" data-sfc-cp=\"\" data-complete=\"true\"><span style=\"font-family: 'times new roman', times, serif; font-size: 14pt; color: #000000;\">22W<\/span><\/td>\n<\/tr>\n<tr data-sfc-cp=\"\" data-complete=\"true\">\n<td colspan=\"undefined\" data-sfc-cp=\"\" data-complete=\"true\"><span style=\"font-family: 'times new roman', times, serif; font-size: 14pt; color: #000000;\">\u0110i\u1ec7n th\u1ebf s\u1eed d\u1ee5ng<\/span><\/td>\n<td colspan=\"undefined\" data-sfc-cp=\"\" data-complete=\"true\"><span style=\"font-family: 'times new roman', times, serif; font-size: 14pt; color: #000000;\">220V AC<\/span><\/td>\n<\/tr>\n<tr data-sfc-cp=\"\" data-complete=\"true\">\n<td colspan=\"undefined\" data-sfc-cp=\"\" data-complete=\"true\"><span style=\"font-family: 'times new roman', times, serif; font-size: 14pt; color: #000000;\">K\u00edch th\u01b0\u1edbc ph\u1ee7 b\u00ec<\/span><\/td>\n<td colspan=\"undefined\" data-sfc-cp=\"\" data-complete=\"true\"><span style=\"font-family: 'times new roman', times, serif; font-size: 14pt; color: #000000;\">\u00d8220 x H36 mm<\/span><\/td>\n<\/tr>\n<tr data-sfc-cp=\"\" data-complete=\"true\">\n<td colspan=\"undefined\" data-sfc-cp=\"\" data-complete=\"true\"><span style=\"font-family: 'times new roman', times, serif; font-size: 14pt; color: #000000;\">Quang th\u00f4ng<\/span><\/td>\n<td colspan=\"undefined\" data-sfc-cp=\"\" data-complete=\"true\"><span style=\"font-family: 'times new roman', times, serif; font-size: 14pt; color: #000000;\">1980 Lm<\/span><\/td>\n<\/tr>\n<tr data-sfc-cp=\"\" data-complete=\"true\">\n<td colspan=\"undefined\" data-sfc-cp=\"\" data-complete=\"true\"><span style=\"font-family: 'times new roman', times, serif; font-size: 14pt; color: #000000;\">Tu\u1ed5i th\u1ecd<\/span><\/td>\n<td colspan=\"undefined\" data-sfc-cp=\"\" data-complete=\"true\"><span style=\"font-family: 'times new roman', times, serif; font-size: 14pt; color: #000000;\">25.000 gi\u1edd<\/span><\/td>\n<\/tr>\n<tr data-sfc-cp=\"\" data-complete=\"true\">\n<td colspan=\"undefined\" data-sfc-cp=\"\" data-complete=\"true\"><span style=\"font-family: 'times new roman', times, serif; font-size: 14pt; color: #000000;\">Ch\u1ea5t li\u1ec7u<\/span><\/td>\n<td colspan=\"undefined\" data-sfc-cp=\"\" data-complete=\"true\"><span style=\"font-family: 'times new roman', times, serif; font-size: 14pt; color: #000000;\">Th\u00e2n \u0111\u00e8n v\u00e0 ch\u00f3a \u0111\u00e8n \u0111\u1ec1u b\u1eb1ng\u00a0nh\u1ef1a<\/span><\/td>\n<\/tr>\n<tr data-sfc-cp=\"\" data-complete=\"true\">\n<td colspan=\"undefined\" data-sfc-cp=\"\" data-complete=\"true\"><span style=\"font-family: 'times new roman', times, serif; font-size: 14pt; color: #000000;\">Ch\u1ec9 s\u1ed1 ho\u00e0n m\u00e0u (CRI)<\/span><\/td>\n<td colspan=\"undefined\" data-sfc-cp=\"\" data-complete=\"true\"><span style=\"font-family: 'times new roman', times, serif; font-size: 14pt; color: #000000;\">Ra 80<\/span><\/td>\n<\/tr>\n<tr data-sfc-cp=\"\" data-complete=\"true\">\n<td colspan=\"undefined\" data-sfc-cp=\"\" data-complete=\"true\"><span style=\"font-family: 'times new roman', times, serif; font-size: 14pt; color: #000000;\">G\u00f3c chi\u1ebfu<\/span><\/td>\n<td colspan=\"undefined\" data-sfc-cp=\"\" data-complete=\"true\"><span style=\"font-family: 'times new roman', times, serif; font-size: 14pt; color: #000000;\">120\u00b0<\/span><\/td>\n<\/tr>\n<tr data-sfc-cp=\"\" data-complete=\"true\">\n<td colspan=\"undefined\" data-sfc-cp=\"\" data-complete=\"true\"><span style=\"font-family: 'times new roman', times, serif; font-size: 14pt; color: #000000;\">Ch\u1ec9 s\u1ed1 b\u1ea3o v\u1ec7<\/span><\/td>\n<td colspan=\"undefined\" data-sfc-cp=\"\" data-complete=\"true\"><span style=\"font-family: 'times new roman', times, serif; font-size: 14pt; color: #000000;\">IP54\u00a0(ch\u1ed1ng b\u1ee5i ho\u00e0n to\u00e0n v\u00e0 ch\u1ed1ng n\u01b0\u1edbc b\u1eafn v\u00e0o)<\/span><\/td>\n<\/tr>\n<\/tbody>\n<\/table>\n<\/div>\n<div data-sfc-cp=\"\" data-complete=\"true\" data-processed=\"true\"><\/div>\n<h2 role=\"heading\" aria-level=\"3\" data-complete=\"true\" data-processed=\"true\"><span style=\"font-family: 'times new roman', times, serif; font-size: 18pt; color: #ff6600;\">Chi ti\u1ebft \u0111\u00e8n panel \u1ed1p n\u1ed5i tr\u00e0n vi\u1ec1n<\/span><\/h2>\n<div data-sfc-cp=\"\" data-hveid=\"CAEIBxAA\" data-complete=\"true\" data-processed=\"true\"><span style=\"font-family: 'times new roman', times, serif; font-size: 14pt; color: #000000;\">S\u1ef1 kh\u00e1c bi\u1ec7t ch\u00ednh gi\u1eefa ba m\u00e3 s\u1ea3n ph\u1ea9m n\u00e0y l\u00e0 nhi\u1ec7t \u0111\u1ed9 m\u00e0u, quy\u1ebft \u0111\u1ecbnh m\u00e0u s\u1eafc \u00e1nh s\u00e1ng ph\u00e1t ra:<\/span><\/div>\n<ul data-complete=\"true\" data-processed=\"true\">\n<li data-hveid=\"CAEICBAA\" data-complete=\"true\" data-sae=\"\"><span style=\"font-family: 'times new roman', times, serif; font-size: 14pt; color: #000000;\">Nanoco NRP2261R: \u00c1nh s\u00e1ng\u00a0tr\u1eafng\u00a0(6500K).<\/span><\/li>\n<li data-hveid=\"CAEICBAB\" data-complete=\"true\" data-sae=\"\"><span style=\"font-family: 'times new roman', times, serif; font-size: 14pt; color: #000000;\">Nanoco NRP2241R: \u00c1nh s\u00e1ng\u00a0trung t\u00ednh\u00a0(4000K).<\/span><\/li>\n<li data-hveid=\"CAEICBAC\" data-complete=\"true\" data-sae=\"\"><span style=\"font-family: 'times new roman', times, serif; font-size: 14pt; color: #000000;\">Nanoco NRP2231R: \u00c1nh s\u00e1ng\u00a0v\u00e0ng\u00a0(3000K).<\/span><\/li>\n<\/ul>\n<div data-sfc-cp=\"\" data-hveid=\"CAEICRAA\" data-complete=\"true\" data-processed=\"true\"><span style=\"font-family: 'times new roman', times, serif; font-size: 14pt; color: #000000;\">Ngo\u00e0i ra, d\u00f2ng s\u1ea3n ph\u1ea9m n\u00e0y c\u00f2n c\u00f3 m\u00e3 NRP22C1R, cho ph\u00e9p \u0111\u1ed5i 3 m\u00e0u \u00e1nh s\u00e1ng (tr\u1eafng, trung t\u00ednh, v\u00e0ng) tr\u00ean c\u00f9ng m\u1ed9t \u0111\u00e8n.<\/span><\/div>\n<div data-sfc-cp=\"\" data-complete=\"true\" data-processed=\"true\">\n<div id=\"attachment_14330\" style=\"width: 610px\" class=\"wp-caption aligncenter\"><img decoding=\"async\" aria-describedby=\"caption-attachment-14330\" class=\"wp-image-14330 size-full\" src=\"http:\/\/thietbidienlama.com\/wp-content\/uploads\/2026\/02\/Den-Panel-op-noi-tran-vien-Nanoco-NRP2261RNRP2241RNRP2231R.jpg\" alt=\"\u0110\u00e8n Panel \u1ed1p N\u1ed5i Tr\u00e0n Vi\u1ec1n Nanoco NRP2261RNRP2241RNRP2231R\" width=\"600\" height=\"600\" srcset=\"https:\/\/mail.thietbidienlama.com\/wp-content\/uploads\/2026\/02\/Den-Panel-op-noi-tran-vien-Nanoco-NRP2261RNRP2241RNRP2231R.jpg 600w, https:\/\/mail.thietbidienlama.com\/wp-content\/uploads\/2026\/02\/Den-Panel-op-noi-tran-vien-Nanoco-NRP2261RNRP2241RNRP2231R-300x300.jpg 300w, https:\/\/mail.thietbidienlama.com\/wp-content\/uploads\/2026\/02\/Den-Panel-op-noi-tran-vien-Nanoco-NRP2261RNRP2241RNRP2231R-150x150.jpg 150w, https:\/\/mail.thietbidienlama.com\/wp-content\/uploads\/2026\/02\/Den-Panel-op-noi-tran-vien-Nanoco-NRP2261RNRP2241RNRP2231R-12x12.jpg 12w\" sizes=\"(max-width: 600px) 100vw, 600px\" \/><p id=\"caption-attachment-14330\" class=\"wp-caption-text\">\u0110\u00e8n Panel \u1ed1p N\u1ed5i Tr\u00e0n Vi\u1ec1n Nanoco NRP2261RNRP2241RNRP2231R<\/p><\/div>\n<\/div>\n<h2 role=\"heading\" aria-level=\"3\" data-complete=\"true\" data-processed=\"true\"><span style=\"font-family: 'times new roman', times, serif; font-size: 18pt; color: #ff6600;\">\u01afu \u0111i\u1ec3m v\u00e0 \u1ee8ng d\u1ee5ng<\/span><\/h2>\n<div data-sfc-cp=\"\" data-hveid=\"CAEICxAA\" data-complete=\"true\" data-processed=\"true\"><span style=\"font-family: 'times new roman', times, serif; font-size: 14pt; color: #000000;\">\u0110\u00e8n Panel Nanoco d\u00f2ng Nancy Series \u0111\u01b0\u1ee3c \u01b0a chu\u1ed9ng nh\u1edd nh\u1eefng \u01b0u \u0111i\u1ec3m v\u00e0 t\u00ednh n\u0103ng n\u1ed5i b\u1eadt:<\/span><\/div>\n<ul data-complete=\"true\" data-processed=\"true\">\n<li data-hveid=\"CAEIDBAA\" data-complete=\"true\" data-sae=\"\"><span style=\"font-family: 'times new roman', times, serif; font-size: 14pt; color: #000000;\">Thi\u1ebft k\u1ebf tr\u00e0n vi\u1ec1n: Mang l\u1ea1i t\u00ednh th\u1ea9m m\u1ef9 cao, t\u1ea1o c\u1ea3m gi\u00e1c \u00e1nh s\u00e1ng li\u1ec1n m\u1ea1ch, h\u00e0i h\u00f2a v\u1edbi tr\u1ea7n nh\u00e0.<\/span><\/li>\n<li data-hveid=\"CAEIDBAB\" data-complete=\"true\" data-sae=\"\"><span style=\"font-family: 'times new roman', times, serif; font-size: 14pt; color: #000000;\">Ch\u1ea5t l\u01b0\u1ee3ng \u00e1nh s\u00e1ng: Quang th\u00f4ng cao 1980lm v\u00e0 ch\u1ec9 s\u1ed1 ho\u00e0n m\u00e0u Ra80 \u0111\u1ea3m b\u1ea3o \u00e1nh s\u00e1ng trung th\u1ef1c, r\u00f5 n\u00e9t, mang l\u1ea1i tr\u1ea3i nghi\u1ec7m th\u1ecb gi\u00e1c t\u1ed1t.<\/span><\/li>\n<li data-hveid=\"CAEIDBAC\" data-complete=\"true\" data-sae=\"\"><span style=\"font-family: 'times new roman', times, serif; font-size: 14pt; color: #000000;\">\u0110\u1ed9 b\u1ec1n: Ti\u00eau chu\u1ea9n IP54 gi\u00fap \u0111\u00e8n ch\u1ed1ng \u1ea9m t\u1ed1t, th\u00edch h\u1ee3p l\u1eafp \u0111\u1eb7t \u1edf nhi\u1ec1u khu v\u1ef1c kh\u00e1c nhau trong nh\u00e0 nh\u01b0 ph\u00f2ng kh\u00e1ch, ph\u00f2ng ng\u1ee7, nh\u00e0 b\u1ebfp, v\u00e0 th\u1eadm ch\u00ed l\u00e0 ban c\u00f4ng c\u00f3 m\u00e1i che.<\/span><\/li>\n<li data-hveid=\"CAEIDBAD\" data-complete=\"true\" data-sae=\"\"><span style=\"font-family: 'times new roman', times, serif; font-size: 14pt; color: #000000;\" data-sfc-cp=\"\" data-complete=\"true\" aria-owns=\"action-menu-parent-container\">Ti\u1ebft ki\u1ec7m \u0111i\u1ec7n: C\u00f4ng su\u1ea5t 22W nh\u01b0ng hi\u1ec7u su\u1ea5t quang cao gi\u00fap ti\u1ebft ki\u1ec7m \u0111i\u1ec7n n\u0103ng \u0111\u00e1ng k\u1ec3 so v\u1edbi c\u00e1c lo\u1ea1i \u0111\u00e8n truy\u1ec1n th\u1ed1ng.<\/span><\/li>\n<\/ul>\n<p class=\"Y3BBE\" data-hveid=\"CAEICBAA\" data-complete=\"true\" data-processed=\"true\"><span style=\"font-size: 14pt; color: #000000; font-family: 'times new roman', times, serif;\"><strong>LI\u00caN H\u1ec6 : Hotline: 0935 228 204 ( Ms Lam )<\/strong><\/span><\/p>\n<p><span style=\"font-size: 14pt; color: #000000; font-family: 'times new roman', times, serif;\"><strong>Facebook:\u00a0<span style=\"color: #ff6600;\"><a style=\"color: #ff6600;\" href=\"https:\/\/www.facebook.com\/thietbidienlama\" target=\"_blank\" rel=\"noopener\">THI\u1ebeT\u00a0B\u1eca \u0110I\u1ec6N LAMA<\/a><\/span><\/strong><\/span><\/p>\n<p><span style=\"font-size: 14pt; color: #000000; font-family: 'times new roman', times, serif;\"><strong>Tiktok:\u00a0<span style=\"color: #ff6600;\"><a style=\"color: #ff6600;\" href=\"https:\/\/www.tiktok.com\/@thietbidienlama\" target=\"_blank\" rel=\"noopener\">THI\u1ebeT\u00a0B\u1eca \u0110I\u1ec6N LAMA<\/a><\/span><\/strong><\/span><\/p>\n<p><span style=\"font-size: 14pt; color: #000000; font-family: 'times new roman', times, serif;\"><strong>Youtube: <span style=\"color: #ff6600;\"><a style=\"color: #ff6600;\" href=\"https:\/\/www.youtube.com\/@thietbidienlama\" target=\"_blank\" rel=\"noopener\">THI\u1ebeT\u00a0B\u1eca \u0110I\u1ec6N LAMA<\/a><\/span><\/strong><\/span><\/p>","protected":false},"excerpt":{"rendered":"<p>\u0110\u00e8n Panel \u1ed1p n\u1ed5i tr\u00e0n vi\u1ec1n Nanoco 22W C\u00e1c m\u1eabu \u0111\u00e8n Panel \u1ed1p n\u1ed5i tr\u00e0n vi\u1ec1n\u00a0Nanoco 22W thu\u1ed9c d\u00f2ng Nancy<\/p>","protected":false},"featured_media":13896,"comment_status":"closed","ping_status":"closed","template":"","meta":[],"product_brand":[],"product_cat":[851,1069,872],"product_tag":[1038],"class_list":{"0":"post-13895","1":"product","2":"type-product","3":"status-publish","4":"has-post-thumbnail","6":"product_cat-den-tran-phong-khach","7":"product_cat-den-op-tran","8":"product_cat-den-tran-nanoco","9":"product_tag-den-panel-op-noi-tran-vien","11":"first","12":"instock","13":"sale","14":"shipping-taxable","15":"purchasable","16":"product-type-simple"},"_links":{"self":[{"href":"https:\/\/mail.thietbidienlama.com\/en\/wp-json\/wp\/v2\/product\/13895","targetHints":{"allow":["GET"]}}],"collection":[{"href":"https:\/\/mail.thietbidienlama.com\/en\/wp-json\/wp\/v2\/product"}],"about":[{"href":"https:\/\/mail.thietbidienlama.com\/en\/wp-json\/wp\/v2\/types\/product"}],"replies":[{"embeddable":true,"href":"https:\/\/mail.thietbidienlama.com\/en\/wp-json\/wp\/v2\/comments?post=13895"}],"version-history":[{"count":4,"href":"https:\/\/mail.thietbidienlama.com\/en\/wp-json\/wp\/v2\/product\/13895\/revisions"}],"predecessor-version":[{"id":14447,"href":"https:\/\/mail.thietbidienlama.com\/en\/wp-json\/wp\/v2\/product\/13895\/revisions\/14447"}],"wp:featuredmedia":[{"embeddable":true,"href":"https:\/\/mail.thietbidienlama.com\/en\/wp-json\/wp\/v2\/media\/13896"}],"wp:attachment":[{"href":"https:\/\/mail.thietbidienlama.com\/en\/wp-json\/wp\/v2\/media?parent=13895"}],"wp:term":[{"taxonomy":"product_brand","embeddable":true,"href":"https:\/\/mail.thietbidienlama.com\/en\/wp-json\/wp\/v2\/product_brand?post=13895"},{"taxonomy":"product_cat","embeddable":true,"href":"https:\/\/mail.thietbidienlama.com\/en\/wp-json\/wp\/v2\/product_cat?post=13895"},{"taxonomy":"product_tag","embeddable":true,"href":"https:\/\/mail.thietbidienlama.com\/en\/wp-json\/wp\/v2\/product_tag?post=13895"}],"curies":[{"name":"wp","href":"https:\/\/api.w.org\/{rel}","templated":true}]}}