{"id":13334,"date":"2025-10-23T16:08:17","date_gmt":"2025-10-23T09:08:17","guid":{"rendered":"https:\/\/thietbidienlama.com\/?post_type=product&#038;p=13334"},"modified":"2026-04-20T15:55:22","modified_gmt":"2026-04-20T08:55:22","slug":"den-led-am-tran-panasonic-18w","status":"publish","type":"product","link":"https:\/\/mail.thietbidienlama.com\/en\/den-led-am-tran-panasonic-18w\/","title":{"rendered":"\u0110\u00e8n Led \u00c2m Tr\u1ea7n Panasonic 18W Neo Slim 2G"},"content":{"rendered":"<h1 style=\"text-align: center;\" data-hveid=\"CAUQAA\" data-complete=\"true\" data-processed=\"true\"><span style=\"font-family: 'times new roman', times, serif; font-size: 18pt; color: #000000;\">\u0110\u00e8n Led \u00c2m Tr\u1ea7n Panasonic 18W Neo Slim 2G<\/span><\/h1>\n<div data-sfc-cp=\"\" data-sfc-root=\"c\" data-sfc-cb=\"\" data-hveid=\"CAEIAhAA\" data-complete=\"true\" data-processed=\"true\"><span style=\"font-family: 'times new roman', times, serif; font-size: 14pt; color: #000000;\">D\u00f2ng <strong><span style=\"color: #ff6600;\"><a style=\"color: #ff6600;\" href=\"https:\/\/thietbidienlama.com\/den-am-tran-panasonic\/\">\u0110\u00e8n Led \u00c2m Tr\u1ea7n Panasonic<\/a><\/span><\/strong> 18W Neo Slim 2G\u00a0l\u00e0 l\u1ef1a ch\u1ecdn ph\u1ed5 bi\u1ebfn cho c\u00e1c c\u00f4ng tr\u00ecnh hi\u1ec7n \u0111\u1ea1i nh\u1edd s\u1ef1 k\u1ebft h\u1ee3p gi\u1eefa thi\u1ebft k\u1ebf tinh t\u1ebf v\u00e0 c\u00f4ng ngh\u1ec7 \u00e1nh s\u00e1ng an to\u00e0n<\/span><\/div>\n<div data-sfc-cp=\"\" data-sfc-root=\"c\" data-sfc-cb=\"\" data-hveid=\"CAEIAhAA\" data-complete=\"true\" data-processed=\"true\">\n<div id=\"attachment_14411\" style=\"width: 610px\" class=\"wp-caption aligncenter\"><img fetchpriority=\"high\" decoding=\"async\" aria-describedby=\"caption-attachment-14411\" class=\"wp-image-14411 size-full\" src=\"http:\/\/thietbidienlama.com\/wp-content\/uploads\/2025\/10\/Den-Led-Am-Tran-Panasonic-18W-Neo-Slim-2G.jpg\" alt=\"\u0110\u00e8n Led \u00c2m Tr\u1ea7n Panasonic 18W Neo Slim 2G\" width=\"600\" height=\"413\" srcset=\"https:\/\/mail.thietbidienlama.com\/wp-content\/uploads\/2025\/10\/Den-Led-Am-Tran-Panasonic-18W-Neo-Slim-2G.jpg 600w, https:\/\/mail.thietbidienlama.com\/wp-content\/uploads\/2025\/10\/Den-Led-Am-Tran-Panasonic-18W-Neo-Slim-2G-300x207.jpg 300w, https:\/\/mail.thietbidienlama.com\/wp-content\/uploads\/2025\/10\/Den-Led-Am-Tran-Panasonic-18W-Neo-Slim-2G-18x12.jpg 18w, https:\/\/mail.thietbidienlama.com\/wp-content\/uploads\/2025\/10\/Den-Led-Am-Tran-Panasonic-18W-Neo-Slim-2G-150x103.jpg 150w\" sizes=\"(max-width: 600px) 100vw, 600px\" \/><p id=\"caption-attachment-14411\" class=\"wp-caption-text\">\u00a0 \u00a0 \u00a0 \u00a0 \u00a0 \u00a0 \u00a0 \u00a0 \u00a0 \u00a0 \u00a0 \u00a0 \u00a0 \u00a0 \u00a0 \u00a0 \u00a0 \u00a0 \u00a0\u0110\u00e8n Led \u00c2m Tr\u1ea7n Panasonic 18W Neo Slim 2G<\/p><\/div>\n<\/div>\n<h2 role=\"heading\" aria-level=\"3\" data-sfc-root=\"c\" data-complete=\"true\" data-processed=\"true\"><span style=\"font-family: 'times new roman', times, serif; font-size: 18pt; color: #ff6600;\">Th\u00f4ng s\u1ed1 \u0111\u00e8n led \u00e2m tr\u1ea7n panasonic 18w<\/span><\/h2>\n<div data-sfc-cp=\"\" data-sfc-root=\"c\" data-sfc-cb=\"\" data-ved=\"2ahUKEwjeqOXU-vOTAxUSqFYBHWkKIlkQ-q4QegYIAQgFEAA\" data-processed=\"true\" data-complete=\"true\">\n<table data-animation-nesting=\"\" data-sae=\"\">\n<tbody>\n<tr data-sfc-cp=\"\" data-sfc-root=\"c\" data-sfc-cb=\"\" data-complete=\"true\">\n<th colspan=\"undefined\" data-sfc-cp=\"\" data-sfc-root=\"c\" data-sfc-cb=\"\" data-complete=\"true\"><span style=\"font-family: 'times new roman', times, serif; font-size: 14pt; color: #000000;\">\u0110\u1eb7c t\u00ednh<span aria-hidden=\"true\">\u00a0<\/span><\/span><\/th>\n<th colspan=\"undefined\" data-sfc-cp=\"\" data-sfc-root=\"c\" data-sfc-cb=\"\" data-complete=\"true\"><span style=\"font-family: 'times new roman', times, serif; font-size: 14pt; color: #000000;\">Th\u00f4ng s\u1ed1 chi ti\u1ebft<\/span><\/th>\n<\/tr>\n<tr data-sfc-cp=\"\" data-sfc-root=\"c\" data-sfc-cb=\"\" data-complete=\"true\">\n<td colspan=\"undefined\" data-sfc-cp=\"\" data-sfc-root=\"c\" data-sfc-cb=\"\" data-complete=\"true\"><span style=\"font-family: 'times new roman', times, serif; font-size: 14pt; color: #000000;\">C\u00f4ng su\u1ea5t<\/span><\/td>\n<td colspan=\"undefined\" data-sfc-cp=\"\" data-sfc-root=\"c\" data-sfc-cb=\"\" data-complete=\"true\"><span style=\"font-family: 'times new roman', times, serif; font-size: 14pt; color: #000000;\">18W<\/span><\/td>\n<\/tr>\n<tr data-sfc-cp=\"\" data-sfc-root=\"c\" data-sfc-cb=\"\" data-complete=\"true\">\n<td colspan=\"undefined\" data-sfc-cp=\"\" data-sfc-root=\"c\" data-sfc-cb=\"\" data-complete=\"true\"><span style=\"font-family: 'times new roman', times, serif; font-size: 14pt; color: #000000;\">K\u00edch th\u01b0\u1edbc \u0111\u00e8n<\/span><\/td>\n<td colspan=\"undefined\" data-sfc-cp=\"\" data-sfc-root=\"c\" data-sfc-cb=\"\" data-complete=\"true\"><span style=\"font-family: 'times new roman', times, serif; font-size: 14pt; color: #000000;\">\u0110\u01b0\u1eddng k\u00ednh \u00d8170mm, Cao (H) 26mm<\/span><\/td>\n<\/tr>\n<tr data-sfc-cp=\"\" data-sfc-root=\"c\" data-sfc-cb=\"\" data-complete=\"true\">\n<td colspan=\"undefined\" data-sfc-cp=\"\" data-sfc-root=\"c\" data-sfc-cb=\"\" data-complete=\"true\"><span style=\"font-family: 'times new roman', times, serif; font-size: 14pt; color: #000000;\">L\u1ed7 kho\u00e9t tr\u1ea7n<\/span><\/td>\n<td colspan=\"undefined\" data-sfc-cp=\"\" data-sfc-root=\"c\" data-sfc-cb=\"\" data-complete=\"true\"><span style=\"font-family: 'times new roman', times, serif; font-size: 14pt; color: #000000;\">\u00d8150mm<\/span><\/td>\n<\/tr>\n<tr data-sfc-cp=\"\" data-sfc-root=\"c\" data-sfc-cb=\"\" data-complete=\"true\">\n<td colspan=\"undefined\" data-sfc-cp=\"\" data-sfc-root=\"c\" data-sfc-cb=\"\" data-complete=\"true\"><span style=\"font-family: 'times new roman', times, serif; font-size: 14pt; color: #000000;\">Quang th\u00f4ng<\/span><\/td>\n<td colspan=\"undefined\" data-sfc-cp=\"\" data-sfc-root=\"c\" data-sfc-cb=\"\" data-complete=\"true\"><span style=\"font-family: 'times new roman', times, serif; font-size: 14pt; color: #000000;\">1620lm &#8211; 1800lm (t\u00f9y m\u00e0u \u00e1nh s\u00e1ng)<\/span><\/td>\n<\/tr>\n<tr data-sfc-cp=\"\" data-sfc-root=\"c\" data-sfc-cb=\"\" data-complete=\"true\">\n<td colspan=\"undefined\" data-sfc-cp=\"\" data-sfc-root=\"c\" data-sfc-cb=\"\" data-complete=\"true\"><span style=\"font-family: 'times new roman', times, serif; font-size: 14pt; color: #000000;\">Ch\u1ec9 s\u1ed1 ho\u00e0n m\u00e0u<\/span><\/td>\n<td colspan=\"undefined\" data-sfc-cp=\"\" data-sfc-root=\"c\" data-sfc-cb=\"\" data-complete=\"true\"><span style=\"font-family: 'times new roman', times, serif; font-size: 14pt; color: #000000;\">Ra80<\/span><\/td>\n<\/tr>\n<tr data-sfc-cp=\"\" data-sfc-root=\"c\" data-sfc-cb=\"\" data-complete=\"true\">\n<td colspan=\"undefined\" data-sfc-cp=\"\" data-sfc-root=\"c\" data-sfc-cb=\"\" data-complete=\"true\"><span style=\"font-family: 'times new roman', times, serif; font-size: 14pt; color: #000000;\">Tu\u1ed5i th\u1ecd<\/span><\/td>\n<td colspan=\"undefined\" data-sfc-cp=\"\" data-sfc-root=\"c\" data-sfc-cb=\"\" data-complete=\"true\"><span style=\"font-family: 'times new roman', times, serif; font-size: 14pt; color: #000000;\">20.000 gi\u1edd<\/span><\/td>\n<\/tr>\n<tr data-sfc-cp=\"\" data-sfc-root=\"c\" data-sfc-cb=\"\" data-complete=\"true\">\n<td colspan=\"undefined\" data-sfc-cp=\"\" data-sfc-root=\"c\" data-sfc-cb=\"\" data-complete=\"true\"><span style=\"font-family: 'times new roman', times, serif; font-size: 14pt; color: #000000;\">G\u00f3c chi\u1ebfu<\/span><\/td>\n<td colspan=\"undefined\" data-sfc-cp=\"\" data-sfc-root=\"c\" data-sfc-cb=\"\" data-complete=\"true\"><span style=\"font-family: 'times new roman', times, serif; font-size: 14pt; color: #000000;\">120\u00b0<\/span><\/td>\n<\/tr>\n<tr data-sfc-cp=\"\" data-sfc-root=\"c\" data-sfc-cb=\"\" data-complete=\"true\">\n<td colspan=\"undefined\" data-sfc-cp=\"\" data-sfc-root=\"c\" data-sfc-cb=\"\" data-complete=\"true\"><span style=\"font-family: 'times new roman', times, serif; font-size: 14pt; color: #000000;\">Xu\u1ea5t x\u1ee9<\/span><\/td>\n<td colspan=\"undefined\" data-sfc-cp=\"\" data-sfc-root=\"c\" data-sfc-cb=\"\" data-complete=\"true\"><span style=\"font-family: 'times new roman', times, serif; font-size: 14pt; color: #000000;\">Indonesia<\/span><\/td>\n<\/tr>\n<\/tbody>\n<\/table>\n<\/div>\n<div data-sfc-cp=\"\" data-sfc-root=\"c\" data-sfc-cb=\"\" data-complete=\"true\" data-processed=\"true\"><\/div>\n<div role=\"heading\" aria-level=\"3\" data-animation-nesting=\"\" data-sfc-cp=\"\" data-sfc-root=\"c\" data-sfc-cb=\"\" data-complete=\"true\" data-processed=\"true\" data-sae=\"\"><strong><span style=\"font-family: 'times new roman', times, serif; font-size: 14pt; color: #000000;\">C\u00e1c m\u00e3 s\u1ea3n ph\u1ea9m theo m\u00e0u \u00e1nh s\u00e1ng<\/span><\/strong><\/div>\n<div data-sfc-cp=\"\" data-sfc-root=\"c\" data-sfc-cb=\"\" data-hveid=\"CAEIBxAA\" data-complete=\"true\" data-processed=\"true\"><strong><span style=\"font-family: 'times new roman', times, serif; font-size: 14pt; color: #000000;\">D\u00f2ng \u0111\u00e8n n\u00e0y c\u00f3 3 t\u00f9y ch\u1ecdn m\u00e0u \u00e1nh s\u00e1ng \u0111\u01a1n s\u1eafc:<\/span><\/strong><\/div>\n<ul data-sfc-root=\"c\" data-sfc-cb=\"\" data-complete=\"true\" data-processed=\"true\">\n<li data-sfc-root=\"c\" data-sfc-cb=\"\" data-hveid=\"CAEICBAA\" data-complete=\"true\" data-sae=\"\"><span style=\"font-family: 'times new roman', times, serif; font-size: 14pt; color: #000000;\"><strong>NNP74572A:<\/strong>\u00a0\u00c1nh s\u00e1ng V\u00e0ng \u1ea5m (3000K) &#8211; Quang th\u00f4ng 1620lm.<\/span><\/li>\n<li data-sfc-root=\"c\" data-sfc-cb=\"\" data-hveid=\"CAEICBAB\" data-complete=\"true\" data-sae=\"\"><span style=\"font-family: 'times new roman', times, serif; font-size: 14pt; color: #000000;\"><strong>NNP74579A:<\/strong>\u00a0\u00c1nh s\u00e1ng Trung t\u00ednh (4000K) &#8211; Quang th\u00f4ng 1800lm.<\/span><\/li>\n<li data-sfc-root=\"c\" data-sfc-cb=\"\" data-hveid=\"CAEICBAC\" data-complete=\"true\" data-sae=\"\"><span style=\"font-family: 'times new roman', times, serif; font-size: 14pt; color: #000000;\"><strong>NNP74578A:<\/strong>\u00a0\u00c1nh s\u00e1ng Tr\u1eafng (6500K) &#8211; Quang th\u00f4ng 1800lm.<\/span><\/li>\n<\/ul>\n<div id=\"attachment_14413\" style=\"width: 610px\" class=\"wp-caption aligncenter\"><img decoding=\"async\" aria-describedby=\"caption-attachment-14413\" class=\"wp-image-14413 size-full\" src=\"http:\/\/thietbidienlama.com\/wp-content\/uploads\/2025\/10\/Den-Led-Am-Tran-Panasonic-18W-3-che-do-mau.jpg\" alt=\"\u0110\u00e8n Led \u00c2m Tr\u1ea7n Panasonic 18W 3 Ch\u1ebf \u0111\u1ed9 M\u00e0u\" width=\"600\" height=\"600\" srcset=\"https:\/\/mail.thietbidienlama.com\/wp-content\/uploads\/2025\/10\/Den-Led-Am-Tran-Panasonic-18W-3-che-do-mau.jpg 600w, https:\/\/mail.thietbidienlama.com\/wp-content\/uploads\/2025\/10\/Den-Led-Am-Tran-Panasonic-18W-3-che-do-mau-300x300.jpg 300w, https:\/\/mail.thietbidienlama.com\/wp-content\/uploads\/2025\/10\/Den-Led-Am-Tran-Panasonic-18W-3-che-do-mau-150x150.jpg 150w, https:\/\/mail.thietbidienlama.com\/wp-content\/uploads\/2025\/10\/Den-Led-Am-Tran-Panasonic-18W-3-che-do-mau-12x12.jpg 12w\" sizes=\"(max-width: 600px) 100vw, 600px\" \/><p id=\"caption-attachment-14413\" class=\"wp-caption-text\">\u00a0 \u00a0 \u00a0 \u00a0 \u00a0 \u00a0 \u00a0 \u00a0 \u00a0 \u00a0 \u00a0 \u00a0 \u00a0 \u00a0 \u00a0 \u00a0 \u00a0 \u00a0 \u00a0 \u00a0 \u0110\u00e8n Led \u00c2m Tr\u1ea7n Panasonic 18W 3 Ch\u1ebf \u0111\u1ed9 M\u00e0u<\/p><\/div>\n<div role=\"heading\" aria-level=\"3\" data-animation-nesting=\"\" data-sfc-cp=\"\" data-sfc-root=\"c\" data-sfc-cb=\"\" data-complete=\"true\" data-processed=\"true\" data-sae=\"\">\n<h2 data-sfc-root=\"c\" data-hveid=\"CAEIARAA\" data-complete=\"true\" data-processed=\"true\"><span style=\"font-family: 'times new roman', times, serif; font-size: 18pt; color: #ff6600;\">\u01afu \u0111i\u1ec3m \u0110\u00e8n Led \u00c2m Tr\u1ea7n Panasonic 18w:<\/span><\/h2>\n<h3 role=\"heading\" aria-level=\"3\" data-sfc-root=\"c\" data-complete=\"true\" data-processed=\"true\"><strong><span style=\"font-family: 'times new roman', times, serif; font-size: 14pt; color: #000000;\">1. Thi\u1ebft k\u1ebf si\u00eau m\u1ecfng v\u00e0 th\u1ea9m m\u1ef9<\/span><\/strong><\/h3>\n<ul data-sfc-root=\"c\" data-sfc-cb=\"\" data-complete=\"true\" data-processed=\"true\">\n<li data-sfc-root=\"c\" data-sfc-cb=\"\" data-hveid=\"CAEIAxAA\" data-complete=\"true\" data-sae=\"\"><span style=\"font-family: 'times new roman', times, serif; font-size: 14pt; color: #000000;\">\u0110\u1ed9 m\u1ecfng \u1ea5n t\u01b0\u1ee3ng:\u00a0V\u1edbi \u0111\u1ed9 d\u00e0y ch\u1ec9\u00a026mm (trong khi nhi\u1ec1u d\u00f2ng kh\u00e1c d\u00e0y t\u1eeb 30-35mm), \u0111\u00e8n c\u00f3 th\u1ec3 l\u1eafp \u0111\u1eb7t d\u1ec5 d\u00e0ng \u1edf nh\u1eefng tr\u1ea7n th\u1ea1ch cao c\u00f3 kho\u1ea3ng c\u00e1ch h\u1eb9p gi\u1eefa tr\u1ea7n b\u00ea t\u00f4ng v\u00e0 tr\u1ea7n gi\u1ea3.<\/span><\/li>\n<li data-sfc-root=\"c\" data-sfc-cb=\"\" data-hveid=\"CAEIAxAB\" data-complete=\"true\" data-sae=\"\"><span style=\"font-family: 'times new roman', times, serif; font-size: 14pt; color: #000000;\">Vi\u1ec1n \u0111\u00e8n tinh t\u1ebf: Thi\u1ebft k\u1ebf vi\u1ec1n m\u1ecfng \u00f4m s\u00e1t m\u1eb7t tr\u1ea7n, t\u1ea1o c\u1ea3m gi\u00e1c li\u1ec1n m\u1ea1ch v\u00e0 sang tr\u1ecdng cho kh\u00f4ng gian.<\/span><\/li>\n<\/ul>\n<h3 role=\"heading\" aria-level=\"3\" data-sfc-root=\"c\" data-complete=\"true\" data-processed=\"true\"><span style=\"font-family: 'times new roman', times, serif; font-size: 14pt; color: #000000;\">2. B\u1ea3o v\u1ec7 s\u1ee9c kh\u1ecfe th\u1ecb l\u1ef1c (Ti\u00eau chu\u1ea9n RG0)<\/span><\/h3>\n<ul data-sfc-root=\"c\" data-sfc-cb=\"\" data-complete=\"true\" data-processed=\"true\">\n<li data-sfc-root=\"c\" data-sfc-cb=\"\" data-hveid=\"CAEIBRAA\" data-complete=\"true\" data-sae=\"\"><span style=\"font-family: 'times new roman', times, serif; font-size: 14pt; color: #000000;\">Lo\u1ea1i b\u1ecf \u00e1nh s\u00e1ng xanh:\u00a0\u0110\u1ea1t ti\u00eau chu\u1ea9n an to\u00e0n sinh h\u1ecdc\u00a0RG0, gi\u00fap lo\u1ea1i b\u1ecf c\u00e1c tia \u00e1nh s\u00e1ng xanh g\u00e2y h\u1ea1i, gi\u1ea3m m\u1ecfi m\u1eaft v\u00e0 kh\u00f4 m\u1eaft khi ti\u1ebfp x\u00fac l\u00e2u d\u01b0\u1edbi \u00e1nh \u0111\u00e8n.<\/span><\/li>\n<li data-sfc-root=\"c\" data-sfc-cb=\"\" data-hveid=\"CAEIBRAB\" data-complete=\"true\" data-sae=\"\"><span style=\"font-family: 'times new roman', times, serif; font-size: 14pt; color: #000000;\">\u00c1nh s\u00e1ng \u1ed5n \u0111\u1ecbnh: \u0110\u00e8n kh\u00f4ng nh\u1ea5p nh\u00e1y, kh\u1ea3 n\u0103ng duy tr\u00ec \u0111\u1ed9 s\u00e1ng t\u1ed1t gi\u00fap b\u1ea3o v\u1ec7 th\u1ecb l\u1ef1c cho c\u1ea3 ng\u01b0\u1eddi gi\u00e0 v\u00e0 tr\u1ebb nh\u1ecf.<\/span><\/li>\n<\/ul>\n<div id=\"attachment_14412\" style=\"width: 610px\" class=\"wp-caption aligncenter\"><img decoding=\"async\" aria-describedby=\"caption-attachment-14412\" class=\"wp-image-14412 size-full\" src=\"http:\/\/thietbidienlama.com\/wp-content\/uploads\/2025\/10\/Den-Led-Am-Tran-Panasonic-18W-Neo-Slim-2G-1.jpg\" alt=\"\u0110\u00e8n Led \u00c2m Tr\u1ea7n Panasonic 18W Neo Slim 2G\" width=\"600\" height=\"600\" srcset=\"https:\/\/mail.thietbidienlama.com\/wp-content\/uploads\/2025\/10\/Den-Led-Am-Tran-Panasonic-18W-Neo-Slim-2G-1.jpg 600w, https:\/\/mail.thietbidienlama.com\/wp-content\/uploads\/2025\/10\/Den-Led-Am-Tran-Panasonic-18W-Neo-Slim-2G-1-300x300.jpg 300w, https:\/\/mail.thietbidienlama.com\/wp-content\/uploads\/2025\/10\/Den-Led-Am-Tran-Panasonic-18W-Neo-Slim-2G-1-150x150.jpg 150w, https:\/\/mail.thietbidienlama.com\/wp-content\/uploads\/2025\/10\/Den-Led-Am-Tran-Panasonic-18W-Neo-Slim-2G-1-12x12.jpg 12w\" sizes=\"(max-width: 600px) 100vw, 600px\" \/><p id=\"caption-attachment-14412\" class=\"wp-caption-text\">\u00a0 \u00a0 \u00a0 \u00a0 \u00a0 \u00a0 \u00a0 \u00a0 \u00a0 \u00a0 \u00a0 \u00a0 \u00a0 \u00a0 \u00a0 \u00a0 \u00a0 \u00a0 \u00a0 \u0110\u00e8n Led \u00c2m Tr\u1ea7n Panasonic 18W Neo Slim 2G<\/p><\/div>\n<h3 role=\"heading\" aria-level=\"3\" data-sfc-root=\"c\" data-complete=\"true\" data-processed=\"true\"><span style=\"font-family: 'times new roman', times, serif; font-size: 14pt; color: #000000;\">3. Hi\u1ec7u su\u1ea5t chi\u1ebfu s\u00e1ng v\u01b0\u1ee3t tr\u1ed9i<\/span><\/h3>\n<ul data-sfc-root=\"c\" data-sfc-cb=\"\" data-complete=\"true\" data-processed=\"true\">\n<li data-sfc-root=\"c\" data-sfc-cb=\"\" data-hveid=\"CAEIBxAA\" data-complete=\"true\" data-sae=\"\"><span style=\"font-family: 'times new roman', times, serif; font-size: 14pt; color: #000000;\">Quang th\u00f4ng cao:\u00a0V\u1edbi c\u00f4ng su\u1ea5t 18W, \u0111\u00e8n cung c\u1ea5p \u0111\u1ed9 s\u00e1ng l\u00ean \u0111\u1ebfn\u00a01800lm (v\u1edbi \u00e1nh s\u00e1ng tr\u1eafng v\u00e0 trung t\u00ednh), gi\u00fap chi\u1ebfu s\u00e1ng hi\u1ec7u qu\u1ea3 cho di\u1ec7n t\u00edch ph\u00f2ng r\u1ed9ng.<\/span><\/li>\n<li data-sfc-root=\"c\" data-sfc-cb=\"\" data-hveid=\"CAEIBxAB\" data-complete=\"true\" data-sae=\"\"><span style=\"font-family: 'times new roman', times, serif; font-size: 14pt; color: #000000;\">Ch\u1ec9 s\u1ed1 ho\u00e0n m\u00e0u cao (CRI Ra80): Gi\u00fap m\u00e0u s\u1eafc v\u1eadt th\u1ec3 \u0111\u01b0\u1ee3c hi\u1ec3n th\u1ecb trung th\u1ef1c, g\u1ea7n v\u1edbi \u00e1nh s\u00e1ng t\u1ef1 nhi\u00ean nh\u1ea5t.<\/span><\/li>\n<\/ul>\n<h3 role=\"heading\" aria-level=\"3\" data-sfc-root=\"c\" data-complete=\"true\" data-processed=\"true\"><strong><span style=\"font-family: 'times new roman', times, serif; font-size: 14pt; color: #000000;\">4. \u0110\u1ed9 b\u1ec1n v\u00e0 an to\u00e0n cao<\/span><\/strong><\/h3>\n<ul data-sfc-root=\"c\" data-sfc-cb=\"\" data-complete=\"true\" data-processed=\"true\">\n<li data-sfc-root=\"c\" data-sfc-cb=\"\" data-hveid=\"CAEICRAA\" data-complete=\"true\" data-sae=\"\"><span style=\"font-family: 'times new roman', times, serif; font-size: 14pt; color: #000000;\">Tu\u1ed5i th\u1ecd 20.000 gi\u1edd: \u0110\u00e8n c\u00f3 \u0111\u1ed9 b\u1ec1n t\u01b0\u01a1ng \u0111\u01b0\u01a1ng kho\u1ea3ng 7-10 n\u0103m s\u1eed d\u1ee5ng (trung b\u00ecnh 6-8 ti\u1ebfng m\u1ed7i ng\u00e0y), gi\u00fap ti\u1ebft ki\u1ec7m chi ph\u00ed thay m\u1edbi.<\/span><\/li>\n<li data-sfc-root=\"c\" data-sfc-cb=\"\" data-hveid=\"CAEICRAB\" data-complete=\"true\" data-sae=\"\"><span style=\"font-family: 'times new roman', times, serif; font-size: 14pt; color: #000000;\">V\u1eadt li\u1ec7u cao c\u1ea5p: B\u1ed9 v\u1ecf l\u00e0m b\u1eb1ng nh\u1ef1a ch\u1ea5t l\u01b0\u1ee3ng cao, c\u00f3 kh\u1ea3 n\u0103ng ch\u1ed1ng ch\u00e1y, kh\u00f4ng b\u1ecb bi\u1ebfn d\u1ea1ng hay \u1ed1 v\u00e0ng theo th\u1eddi gian do nhi\u1ec7t \u0111\u1ed9.<\/span><\/li>\n<li data-sfc-root=\"c\" data-sfc-cb=\"\" data-hveid=\"CAEICRAC\" data-complete=\"true\" data-sae=\"\"><span style=\"font-family: 'times new roman', times, serif; font-size: 14pt; color: #000000;\">D\u1ea3i \u0111i\u1ec7n \u00e1p r\u1ed9ng: Ho\u1ea1t \u0111\u1ed9ng \u1ed5n \u0111\u1ecbnh trong kho\u1ea3ng AC 220V &#8211; 240V, ph\u00f9 h\u1ee3p v\u1edbi l\u01b0\u1edbi \u0111i\u1ec7n t\u1ea1i Vi\u1ec7t Nam.<\/span><\/li>\n<\/ul>\n<h3 role=\"heading\" aria-level=\"3\" data-sfc-root=\"c\" data-complete=\"true\" data-processed=\"true\"><strong><span style=\"font-family: 'times new roman', times, serif; font-size: 14pt; color: #000000;\">5. L\u1eafp \u0111\u1eb7t d\u1ec5 d\u00e0ng<\/span><\/strong><\/h3>\n<ul data-sfc-root=\"c\" data-sfc-cb=\"\" data-complete=\"true\" data-processed=\"true\">\n<li data-sfc-root=\"c\" data-sfc-cb=\"\" data-hveid=\"CAEICxAA\" data-complete=\"true\" data-sae=\"\"><span style=\"font-family: 'times new roman', times, serif; font-size: 14pt; color: #000000;\" data-sfc-cp=\"\" data-sfc-root=\"c\" data-sfc-cb=\"\" data-complete=\"true\" aria-owns=\"action-menu-parent-container\">B\u1ed9 ngu\u1ed3n (driver) \u0111\u01b0\u1ee3c t\u00edch h\u1ee3p g\u1ecdn g\u00e0ng, \u0111i k\u00e8m c\u00e1c tai treo ch\u1eafc ch\u1eafn gi\u00fap vi\u1ec7c l\u1eafp \u0111\u1eb7t v\u00e0 b\u1ea3o tr\u00ec nhanh ch\u00f3ng, an to\u00e0n.<\/span><\/li>\n<\/ul>\n<\/div>\n<p class=\"Y3BBE\" data-hveid=\"CAEICBAA\" data-complete=\"true\" data-processed=\"true\"><span style=\"font-family: 'times new roman', times, serif; font-size: 14pt; color: #000000;\"><strong>LI\u00caN H\u1ec6 : Hotline: 0935 228 204 ( Ms Lam )<\/strong><\/span><\/p>\n<p><span style=\"font-family: 'times new roman', times, serif; font-size: 14pt; color: #000000;\"><strong>Facebook:\u00a0<span style=\"color: #ff6600;\"><a style=\"color: #ff6600;\" href=\"https:\/\/www.facebook.com\/thietbidienlama\" target=\"_blank\" rel=\"noopener\">THI\u1ebeT\u00a0B\u1eca \u0110I\u1ec6N LAMA<\/a><\/span><\/strong><\/span><\/p>\n<p><span style=\"font-family: 'times new roman', times, serif; font-size: 14pt; color: #000000;\"><strong>Tiktok:\u00a0<span style=\"color: #ff6600;\"><a style=\"color: #ff6600;\" href=\"https:\/\/www.tiktok.com\/@thietbidienlama\" target=\"_blank\" rel=\"noopener\">THI\u1ebeT\u00a0B\u1eca \u0110I\u1ec6N LAMA<\/a><\/span><\/strong><\/span><\/p>\n<p><span style=\"font-family: 'times new roman', times, serif; font-size: 14pt; color: #000000;\"><strong>Youtube:\u00a0<span style=\"color: #ff6600;\"><a style=\"color: #ff6600;\" href=\"https:\/\/www.youtube.com\/@thietbidienlama\" target=\"_blank\" rel=\"noopener\">THI\u1ebeT\u00a0B\u1eca \u0110I\u1ec6N LAMA<\/a><\/span><\/strong><\/span><\/p>","protected":false},"excerpt":{"rendered":"<p>\u0110\u00e8n Led \u00c2m Tr\u1ea7n Panasonic 18W Neo Slim 2G D\u00f2ng \u0110\u00e8n Led \u00c2m Tr\u1ea7n Panasonic 18W Neo Slim 2G\u00a0l\u00e0 l\u1ef1a<\/p>","protected":false},"featured_media":13335,"comment_status":"closed","ping_status":"closed","template":"","meta":[],"product_brand":[],"product_cat":[923,924],"product_tag":[685,925],"class_list":{"0":"post-13334","1":"product","2":"type-product","3":"status-publish","4":"has-post-thumbnail","6":"product_cat-den-panasonic","7":"product_cat-den-am-tran-panasonic","8":"product_tag-den-led-am-tran-panasonic","9":"product_tag-den-led-am-tran-panasonic-18w","11":"first","12":"instock","13":"sale","14":"shipping-taxable","15":"purchasable","16":"product-type-simple"},"_links":{"self":[{"href":"https:\/\/mail.thietbidienlama.com\/en\/wp-json\/wp\/v2\/product\/13334","targetHints":{"allow":["GET"]}}],"collection":[{"href":"https:\/\/mail.thietbidienlama.com\/en\/wp-json\/wp\/v2\/product"}],"about":[{"href":"https:\/\/mail.thietbidienlama.com\/en\/wp-json\/wp\/v2\/types\/product"}],"replies":[{"embeddable":true,"href":"https:\/\/mail.thietbidienlama.com\/en\/wp-json\/wp\/v2\/comments?post=13334"}],"version-history":[{"count":5,"href":"https:\/\/mail.thietbidienlama.com\/en\/wp-json\/wp\/v2\/product\/13334\/revisions"}],"predecessor-version":[{"id":14414,"href":"https:\/\/mail.thietbidienlama.com\/en\/wp-json\/wp\/v2\/product\/13334\/revisions\/14414"}],"wp:featuredmedia":[{"embeddable":true,"href":"https:\/\/mail.thietbidienlama.com\/en\/wp-json\/wp\/v2\/media\/13335"}],"wp:attachment":[{"href":"https:\/\/mail.thietbidienlama.com\/en\/wp-json\/wp\/v2\/media?parent=13334"}],"wp:term":[{"taxonomy":"product_brand","embeddable":true,"href":"https:\/\/mail.thietbidienlama.com\/en\/wp-json\/wp\/v2\/product_brand?post=13334"},{"taxonomy":"product_cat","embeddable":true,"href":"https:\/\/mail.thietbidienlama.com\/en\/wp-json\/wp\/v2\/product_cat?post=13334"},{"taxonomy":"product_tag","embeddable":true,"href":"https:\/\/mail.thietbidienlama.com\/en\/wp-json\/wp\/v2\/product_tag?post=13334"}],"curies":[{"name":"wp","href":"https:\/\/api.w.org\/{rel}","templated":true}]}}