{"id":13326,"date":"2025-10-22T13:59:46","date_gmt":"2025-10-22T06:59:46","guid":{"rendered":"https:\/\/thietbidienlama.com\/?post_type=product&#038;p=13326"},"modified":"2026-04-20T15:55:38","modified_gmt":"2026-04-20T08:55:38","slug":"den-led-am-tran-panasonic-15w","status":"publish","type":"product","link":"https:\/\/mail.thietbidienlama.com\/en\/den-led-am-tran-panasonic-15w\/","title":{"rendered":"\u0110\u00e8n Led \u00c2m Tr\u1ea7n Panasonic 15W Neo Slim 2G"},"content":{"rendered":"<h1 style=\"text-align: center;\" data-hveid=\"CAEIAxAA\" data-complete=\"true\" data-processed=\"true\"><span style=\"color: #000000; font-size: 18pt;\">\u0110\u00e8n Led \u00c2m Tr\u1ea7n Panasonic 15W Neo Slim 2G<\/span><\/h1>\n<p class=\"Y3BBE\" data-hveid=\"CAEIAxAA\" data-complete=\"true\" data-processed=\"true\"><span style=\"font-family: 'times new roman', times, serif; font-size: 14pt; color: #000000;\">D\u00f2ng <span style=\"color: #ff6600;\"><a style=\"color: #ff6600;\" href=\"https:\/\/thietbidienlama.com\/den-am-tran-panasonic\/\"><strong>\u0110\u00e8n Led \u00c2m Tr\u1ea7n Panasonic<\/strong><\/a><\/span><strong class=\"Yjhzub\" data-sfc-root=\"c\" data-sfc-cb=\"\" data-complete=\"true\" data-processed=\"true\">\u00a015W Neo Slim 2G<\/strong>\u00a0s\u1edf h\u1eefu nh\u1eefng \u01b0u \u0111i\u1ec3m v\u01b0\u1ee3t tr\u1ed9i t\u01b0\u01a1ng t\u1ef1 nh\u01b0 d\u00f2ng 18W nh\u01b0ng t\u1ed1i \u01b0u h\u01a1n v\u1ec1 m\u1ee9c ti\u00eau th\u1ee5 \u0111i\u1ec7n n\u0103ng cho c\u00e1c kh\u00f4ng gian v\u1eeba ph\u1ea3i.<\/span><\/p>\n<div id=\"attachment_14416\" style=\"width: 610px\" class=\"wp-caption aligncenter\"><img fetchpriority=\"high\" decoding=\"async\" aria-describedby=\"caption-attachment-14416\" class=\"wp-image-14416 size-full\" src=\"http:\/\/thietbidienlama.com\/wp-content\/uploads\/2025\/10\/Den-Led-Am-Tran-Panasonic-15W-Neo-Slim-2G.jpg\" alt=\"\u0110\u00e8n Led \u00c2m Tr\u1ea7n Panasonic 15W Neo Slim 2G\" width=\"600\" height=\"401\" srcset=\"https:\/\/mail.thietbidienlama.com\/wp-content\/uploads\/2025\/10\/Den-Led-Am-Tran-Panasonic-15W-Neo-Slim-2G.jpg 600w, https:\/\/mail.thietbidienlama.com\/wp-content\/uploads\/2025\/10\/Den-Led-Am-Tran-Panasonic-15W-Neo-Slim-2G-300x201.jpg 300w, https:\/\/mail.thietbidienlama.com\/wp-content\/uploads\/2025\/10\/Den-Led-Am-Tran-Panasonic-15W-Neo-Slim-2G-18x12.jpg 18w, https:\/\/mail.thietbidienlama.com\/wp-content\/uploads\/2025\/10\/Den-Led-Am-Tran-Panasonic-15W-Neo-Slim-2G-150x100.jpg 150w\" sizes=\"(max-width: 600px) 100vw, 600px\" \/><p id=\"caption-attachment-14416\" class=\"wp-caption-text\">\u00a0 \u00a0 \u00a0 \u00a0 \u00a0 \u00a0 \u00a0 \u00a0 \u00a0 \u00a0 \u00a0 \u00a0 \u00a0 \u00a0 \u00a0 \u00a0 \u00a0 \u00a0 \u00a0 \u00a0\u0110\u00e8n Led \u00c2m Tr\u1ea7n Panasonic 15W Neo Slim 2G<\/p><\/div>\n<h2 class=\"AdPoic\" role=\"heading\" aria-level=\"3\" data-sfc-root=\"c\" data-complete=\"true\" data-processed=\"true\"><span style=\"font-family: 'times new roman', times, serif; font-size: 18pt; color: #ff6600;\">Th\u00f4ng s\u1ed1 \u0110\u00e8n Led \u00c2m Tr\u1ea7n Panasonic 15W<\/span><\/h2>\n<div class=\"Fv6NCb\" data-sfc-cp=\"\" data-sfc-root=\"c\" data-sfc-cb=\"\" data-ved=\"2ahUKEwijxZ7dgfSTAxULiK8BHfNeORUQ-q4QegYIAQgEEAA\" data-complete=\"true\" data-processed=\"true\">\n<table class=\"NRefec\" data-animation-nesting=\"\" data-sae=\"\">\n<tbody>\n<tr class=\"cZCYO\" data-sfc-cp=\"\" data-sfc-root=\"c\" data-sfc-cb=\"\" data-complete=\"true\">\n<th class=\"iry6k\" colspan=\"undefined\" data-sfc-cp=\"\" data-sfc-root=\"c\" data-sfc-cb=\"\" data-complete=\"true\"><span style=\"font-family: 'times new roman', times, serif; font-size: 14pt; color: #000000;\">\u0110\u1eb7c t\u00ednh<\/span><\/th>\n<th class=\"iry6k\" colspan=\"undefined\" data-sfc-cp=\"\" data-sfc-root=\"c\" data-sfc-cb=\"\" data-complete=\"true\"><span style=\"font-family: 'times new roman', times, serif; font-size: 14pt; color: #000000;\">Th\u00f4ng s\u1ed1 chi ti\u1ebft<\/span><\/th>\n<\/tr>\n<tr class=\"cZCYO\" data-sfc-cp=\"\" data-sfc-root=\"c\" data-sfc-cb=\"\" data-complete=\"true\">\n<td class=\"cOeeGf\" colspan=\"undefined\" data-sfc-cp=\"\" data-sfc-root=\"c\" data-sfc-cb=\"\" data-complete=\"true\"><span style=\"font-family: 'times new roman', times, serif; font-size: 14pt; color: #000000;\"><strong class=\"Yjhzub\" data-sfc-root=\"c\" data-sfc-cb=\"\" data-complete=\"true\">C\u00f4ng su\u1ea5t<\/strong><\/span><\/td>\n<td class=\"cOeeGf\" colspan=\"undefined\" data-sfc-cp=\"\" data-sfc-root=\"c\" data-sfc-cb=\"\" data-complete=\"true\"><span style=\"font-family: 'times new roman', times, serif; font-size: 14pt; color: #000000;\">15W<\/span><\/td>\n<\/tr>\n<tr class=\"cZCYO\" data-sfc-cp=\"\" data-sfc-root=\"c\" data-sfc-cb=\"\" data-complete=\"true\">\n<td class=\"cOeeGf\" colspan=\"undefined\" data-sfc-cp=\"\" data-sfc-root=\"c\" data-sfc-cb=\"\" data-complete=\"true\"><span style=\"font-family: 'times new roman', times, serif; font-size: 14pt; color: #000000;\"><strong class=\"Yjhzub\" data-sfc-root=\"c\" data-sfc-cb=\"\" data-complete=\"true\">L\u1ed7 kho\u00e9t tr\u1ea7n<\/strong><\/span><\/td>\n<td class=\"cOeeGf\" colspan=\"undefined\" data-sfc-cp=\"\" data-sfc-root=\"c\" data-sfc-cb=\"\" data-complete=\"true\"><span style=\"font-family: 'times new roman', times, serif; font-size: 14pt; color: #000000;\"><strong class=\"Yjhzub\" data-sfc-root=\"c\" data-sfc-cb=\"\" data-complete=\"true\">\u00d8150mm<\/strong><\/span><\/td>\n<\/tr>\n<tr class=\"cZCYO\" data-sfc-cp=\"\" data-sfc-root=\"c\" data-sfc-cb=\"\" data-complete=\"true\">\n<td class=\"cOeeGf\" colspan=\"undefined\" data-sfc-cp=\"\" data-sfc-root=\"c\" data-sfc-cb=\"\" data-complete=\"true\"><span style=\"font-family: 'times new roman', times, serif; font-size: 14pt; color: #000000;\"><strong class=\"Yjhzub\" data-sfc-root=\"c\" data-sfc-cb=\"\" data-complete=\"true\">K\u00edch th\u01b0\u1edbc \u0111\u00e8n<\/strong><\/span><\/td>\n<td class=\"cOeeGf\" colspan=\"undefined\" data-sfc-cp=\"\" data-sfc-root=\"c\" data-sfc-cb=\"\" data-complete=\"true\"><span style=\"font-family: 'times new roman', times, serif; font-size: 14pt; color: #000000;\">\u0110\u01b0\u1eddng k\u00ednh \u00d8170mm, Cao (H) 26mm<\/span><\/td>\n<\/tr>\n<tr class=\"cZCYO\" data-sfc-cp=\"\" data-sfc-root=\"c\" data-sfc-cb=\"\" data-complete=\"true\">\n<td class=\"cOeeGf\" colspan=\"undefined\" data-sfc-cp=\"\" data-sfc-root=\"c\" data-sfc-cb=\"\" data-complete=\"true\"><span style=\"font-family: 'times new roman', times, serif; font-size: 14pt; color: #000000;\"><strong class=\"Yjhzub\" data-sfc-root=\"c\" data-sfc-cb=\"\" data-complete=\"true\">Quang th\u00f4ng<\/strong><\/span><\/td>\n<td class=\"cOeeGf\" colspan=\"undefined\" data-sfc-cp=\"\" data-sfc-root=\"c\" data-sfc-cb=\"\" data-complete=\"true\"><span style=\"font-family: 'times new roman', times, serif; font-size: 14pt; color: #000000;\">1350lm &#8211; 1500lm<\/span><\/td>\n<\/tr>\n<tr class=\"cZCYO\" data-sfc-cp=\"\" data-sfc-root=\"c\" data-sfc-cb=\"\" data-complete=\"true\">\n<td class=\"cOeeGf\" colspan=\"undefined\" data-sfc-cp=\"\" data-sfc-root=\"c\" data-sfc-cb=\"\" data-complete=\"true\"><span style=\"font-family: 'times new roman', times, serif; font-size: 14pt; color: #000000;\"><strong class=\"Yjhzub\" data-sfc-root=\"c\" data-sfc-cb=\"\" data-complete=\"true\">\u0110i\u1ec7n \u00e1p<\/strong><\/span><\/td>\n<td class=\"cOeeGf\" colspan=\"undefined\" data-sfc-cp=\"\" data-sfc-root=\"c\" data-sfc-cb=\"\" data-complete=\"true\"><span style=\"font-family: 'times new roman', times, serif; font-size: 14pt; color: #000000;\">220V &#8211; 240V<\/span><\/td>\n<\/tr>\n<tr class=\"cZCYO\" data-sfc-cp=\"\" data-sfc-root=\"c\" data-sfc-cb=\"\" data-complete=\"true\">\n<td class=\"cOeeGf\" colspan=\"undefined\" data-sfc-cp=\"\" data-sfc-root=\"c\" data-sfc-cb=\"\" data-complete=\"true\"><span style=\"font-family: 'times new roman', times, serif; font-size: 14pt; color: #000000;\"><strong class=\"Yjhzub\" data-sfc-root=\"c\" data-sfc-cb=\"\" data-complete=\"true\">Gi\u00e1 ni\u00eam y\u1ebft<\/strong><\/span><\/td>\n<td class=\"cOeeGf\" colspan=\"undefined\" data-sfc-cp=\"\" data-sfc-root=\"c\" data-sfc-cb=\"\" data-complete=\"true\"><span style=\"font-family: 'times new roman', times, serif; font-size: 14pt; color: #000000;\"><strong class=\"Yjhzub\" data-sfc-root=\"c\" data-sfc-cb=\"\" data-complete=\"true\">389.000 VN\u0110<\/strong>\u00a0(ch\u01b0a chi\u1ebft kh\u1ea5u)<\/span><\/td>\n<\/tr>\n<\/tbody>\n<\/table>\n<\/div>\n<div class=\"Fsg96\" data-sfc-cp=\"\" data-sfc-root=\"c\" data-sfc-cb=\"\" data-complete=\"true\" data-processed=\"true\"><\/div>\n<div class=\"AdPoic\" role=\"heading\" aria-level=\"3\" data-animation-nesting=\"\" data-sfc-cp=\"\" data-sfc-root=\"c\" data-sfc-cb=\"\" data-complete=\"true\" data-processed=\"true\" data-sae=\"\"><span style=\"font-family: 'times new roman', times, serif; font-size: 14pt; color: #000000;\">C\u00e1c m\u00e3 s\u1ea3n ph\u1ea9m theo m\u00e0u \u00e1nh s\u00e1ng<\/span><\/div>\n<ul class=\"KsbFXc U6u95\" data-sfc-root=\"c\" data-sfc-cb=\"\" data-complete=\"true\" data-processed=\"true\">\n<li class=\"dF3vjf\" data-sfc-root=\"c\" data-sfc-cb=\"\" data-hveid=\"CAEIBhAA\" data-complete=\"true\" data-sae=\"\"><span class=\"T286Pc\" style=\"font-family: 'times new roman', times, serif; font-size: 14pt; color: #000000;\" data-sfc-cp=\"\" data-sfc-root=\"c\" data-sfc-cb=\"\" data-complete=\"true\"><strong class=\"Yjhzub\" data-sfc-root=\"c\" data-sfc-cb=\"\" data-complete=\"true\">NNP74472A:<\/strong>\u00a0\u00c1nh s\u00e1ng V\u00e0ng \u1ea5m (3000K) &#8211; 1350lm.<\/span><\/li>\n<li class=\"dF3vjf\" data-sfc-root=\"c\" data-sfc-cb=\"\" data-hveid=\"CAEIBhAB\" data-complete=\"true\" data-sae=\"\"><span class=\"T286Pc\" style=\"font-family: 'times new roman', times, serif; font-size: 14pt; color: #000000;\" data-sfc-cp=\"\" data-sfc-root=\"c\" data-sfc-cb=\"\" data-complete=\"true\"><strong class=\"Yjhzub\" data-sfc-root=\"c\" data-sfc-cb=\"\" data-complete=\"true\">NNP74479A:<\/strong>\u00a0\u00c1nh s\u00e1ng Trung t\u00ednh (4000K) &#8211; 1500lm.<\/span><\/li>\n<li class=\"dF3vjf\" data-sfc-root=\"c\" data-sfc-cb=\"\" data-hveid=\"CAEIBhAC\" data-complete=\"true\" data-sae=\"\"><span class=\"T286Pc\" style=\"font-family: 'times new roman', times, serif; font-size: 14pt; color: #000000;\" data-sfc-cp=\"\" data-sfc-root=\"c\" data-sfc-cb=\"\" data-complete=\"true\"><strong class=\"Yjhzub\" data-sfc-root=\"c\" data-sfc-cb=\"\" data-complete=\"true\">NNP74478A:<\/strong> \u00c1nh s\u00e1ng Tr\u1eafng (6500K) &#8211; 1500lm.<\/span><\/li>\n<\/ul>\n<div id=\"attachment_14417\" style=\"width: 610px\" class=\"wp-caption aligncenter\"><img decoding=\"async\" aria-describedby=\"caption-attachment-14417\" class=\"wp-image-14417 size-full\" src=\"http:\/\/thietbidienlama.com\/wp-content\/uploads\/2025\/10\/Den-Led-Am-Tran-Panasonic-15W-3-che-do-mau.jpg\" alt=\"\u0110\u00e8n Led \u00c2m Tr\u1ea7n Panasonic 15W 3 Ch\u1ebf \u0111\u1ed9 M\u00e0u\" width=\"600\" height=\"600\" srcset=\"https:\/\/mail.thietbidienlama.com\/wp-content\/uploads\/2025\/10\/Den-Led-Am-Tran-Panasonic-15W-3-che-do-mau.jpg 600w, https:\/\/mail.thietbidienlama.com\/wp-content\/uploads\/2025\/10\/Den-Led-Am-Tran-Panasonic-15W-3-che-do-mau-300x300.jpg 300w, https:\/\/mail.thietbidienlama.com\/wp-content\/uploads\/2025\/10\/Den-Led-Am-Tran-Panasonic-15W-3-che-do-mau-150x150.jpg 150w, https:\/\/mail.thietbidienlama.com\/wp-content\/uploads\/2025\/10\/Den-Led-Am-Tran-Panasonic-15W-3-che-do-mau-12x12.jpg 12w\" sizes=\"(max-width: 600px) 100vw, 600px\" \/><p id=\"caption-attachment-14417\" class=\"wp-caption-text\">\u00a0 \u00a0 \u00a0 \u00a0 \u00a0 \u00a0 \u00a0 \u00a0 \u00a0 \u00a0 \u00a0 \u00a0 \u00a0 \u00a0 \u00a0 \u00a0 \u00a0 \u00a0 \u0110\u00e8n Led \u00c2m Tr\u1ea7n Panasonic 15W 3 Ch\u1ebf \u0111\u1ed9 M\u00e0u<\/p><\/div>\n<div class=\"Fsg96\" data-sfc-cp=\"\" data-sfc-root=\"c\" data-sfc-cb=\"\" data-complete=\"true\" data-processed=\"true\">\n<h2 class=\"Y3BBE\" data-sfc-root=\"c\" data-hveid=\"CAEIARAA\" data-processed=\"true\" data-complete=\"true\"><span style=\"font-family: 'times new roman', times, serif; font-size: 18pt; color: #ff6600;\">D\u01b0\u1edbi \u0111\u00e2y l\u00e0 c\u00e1c \u0111i\u1ec3m n\u1ed5i b\u1eadt nh\u1ea5t:<\/span><\/h2>\n<h3 class=\"AdPoic\" role=\"heading\" aria-level=\"3\" data-sfc-root=\"c\" data-complete=\"true\" data-processed=\"true\"><strong><span style=\"font-family: 'times new roman', times, serif; font-size: 14pt; color: #000000;\">1. Thi\u1ebft k\u1ebf &#8220;Si\u00eau m\u1ecfng&#8221; tinh t\u1ebf<\/span><\/strong><\/h3>\n<ul class=\"KsbFXc U6u95\" data-sfc-root=\"c\" data-sfc-cb=\"\" data-complete=\"true\" data-processed=\"true\">\n<li class=\"dF3vjf\" data-sfc-root=\"c\" data-sfc-cb=\"\" data-hveid=\"CAEIAxAA\" data-complete=\"true\" data-sae=\"\"><span class=\"T286Pc\" style=\"font-family: 'times new roman', times, serif; font-size: 14pt; color: #000000;\" data-sfc-cp=\"\" data-sfc-root=\"c\" data-sfc-cb=\"\" data-complete=\"true\"><strong class=\"Yjhzub\" data-sfc-root=\"c\" data-sfc-cb=\"\" data-complete=\"true\">\u0110\u1ed9 d\u00e0y ch\u1ec9 26mm:<\/strong>\u00a0\u0110\u00e2y l\u00e0 m\u1ed9t trong nh\u1eefng d\u00f2ng \u0111\u00e8n \u00e2m tr\u1ea7n m\u1ecfng nh\u1ea5t tr\u00ean th\u1ecb tr\u01b0\u1eddng, gi\u00fap l\u1eafp \u0111\u1eb7t d\u1ec5 d\u00e0ng \u1edf m\u1ecdi lo\u1ea1i tr\u1ea7n th\u1ea1ch cao, \u0111\u1eb7c bi\u1ec7t l\u00e0 nh\u1eefng tr\u1ea7n c\u00f3 kho\u1ea3ng c\u00e1ch v\u1edbi tr\u1ea7n b\u00ea t\u00f4ng c\u1ef1c h\u1eb9p.<\/span><\/li>\n<li class=\"dF3vjf\" data-sfc-root=\"c\" data-sfc-cb=\"\" data-hveid=\"CAEIAxAB\" data-complete=\"true\" data-sae=\"\"><span class=\"T286Pc\" style=\"font-family: 'times new roman', times, serif; font-size: 14pt; color: #000000;\" data-sfc-cp=\"\" data-sfc-root=\"c\" data-sfc-cb=\"\" data-complete=\"true\"><strong class=\"Yjhzub\" data-sfc-root=\"c\" data-sfc-cb=\"\" data-complete=\"true\">Th\u1ea9m m\u1ef9 cao:<\/strong> Vi\u1ec1n \u0111\u00e8n \u0111\u01b0\u1ee3c x\u1eed l\u00fd s\u1eafc s\u1ea3o, \u00f4m s\u00e1t m\u1eb7t tr\u1ea7n, t\u1ea1o s\u1ef1 tinh t\u1ebf v\u00e0 hi\u1ec7n \u0111\u1ea1i cho n\u1ed9i th\u1ea5t.<\/span><\/li>\n<\/ul>\n<h3 class=\"AdPoic\" role=\"heading\" aria-level=\"3\" data-sfc-root=\"c\" data-complete=\"true\" data-processed=\"true\"><span style=\"font-family: 'times new roman', times, serif; font-size: 14pt; color: #000000;\">2. Ch\u1ea5t l\u01b0\u1ee3ng \u00e1nh s\u00e1ng v\u01b0\u1ee3t chu\u1ea9n (RG0)<\/span><\/h3>\n<ul class=\"KsbFXc U6u95\" data-sfc-root=\"c\" data-sfc-cb=\"\" data-complete=\"true\" data-processed=\"true\">\n<li class=\"dF3vjf\" data-sfc-root=\"c\" data-sfc-cb=\"\" data-hveid=\"CAEIBRAA\" data-complete=\"true\" data-sae=\"\"><span class=\"T286Pc\" style=\"font-family: 'times new roman', times, serif; font-size: 14pt; color: #000000;\" data-sfc-cp=\"\" data-sfc-root=\"c\" data-sfc-cb=\"\" data-complete=\"true\"><strong class=\"Yjhzub\" data-sfc-root=\"c\" data-sfc-cb=\"\" data-complete=\"true\">An to\u00e0n cho m\u1eaft:<\/strong>\u00a0\u0110\u1ea1t ti\u00eau chu\u1ea9n\u00a0<strong class=\"Yjhzub\" data-sfc-root=\"c\" data-sfc-cb=\"\" data-complete=\"true\">RG0<\/strong>\u00a0(nh\u00f3m kh\u00f4ng g\u00e2y nguy c\u01a1), lo\u1ea1i b\u1ecf ho\u00e0n to\u00e0n \u00e1nh s\u00e1ng xanh c\u00f3 h\u1ea1i, gi\u00fap b\u1ea3o v\u1ec7 v\u00f5ng m\u1ea1c, \u0111\u1eb7c bi\u1ec7t quan tr\u1ecdng v\u1edbi gia \u0111\u00ecnh c\u00f3 tr\u1ebb nh\u1ecf.<\/span><\/li>\n<li class=\"dF3vjf\" data-sfc-root=\"c\" data-sfc-cb=\"\" data-hveid=\"CAEIBRAB\" data-complete=\"true\" data-sae=\"\"><span style=\"font-family: 'times new roman', times, serif; font-size: 14pt; color: #000000;\"><span class=\"T286Pc\" data-sfc-cp=\"\" data-sfc-root=\"c\" data-sfc-cb=\"\" data-complete=\"true\"><strong class=\"Yjhzub\" data-sfc-root=\"c\" data-sfc-cb=\"\" data-complete=\"true\">Ch\u1ec9 s\u1ed1 ho\u00e0n m\u00e0u cao (Ra80):<\/strong> \u00c1nh s\u00e1ng trung th\u1ef1c, gi\u00fap \u0111\u1ed3 n\u1ed9i th\u1ea5t v\u00e0 m\u00e0u s\u1eafc trong ph\u00f2ng hi\u1ec3n th\u1ecb \u0111\u00fang m\u00e0u, kh\u00f4ng b\u1ecb bi\u1ebfn \u0111\u1ed5i s\u1eafc th\u00e1i.<\/span><\/span><\/li>\n<\/ul>\n<h3 class=\"AdPoic\" role=\"heading\" aria-level=\"3\" data-sfc-root=\"c\" data-complete=\"true\" data-processed=\"true\"><span style=\"font-family: 'times new roman', times, serif; font-size: 14pt; color: #000000;\">3. Ti\u1ebft ki\u1ec7m v\u00e0 Hi\u1ec7u qu\u1ea3<\/span><\/h3>\n<ul class=\"KsbFXc U6u95\" data-sfc-root=\"c\" data-sfc-cb=\"\" data-complete=\"true\" data-processed=\"true\">\n<li class=\"dF3vjf\" data-sfc-root=\"c\" data-sfc-cb=\"\" data-hveid=\"CAEIBxAA\" data-complete=\"true\" data-sae=\"\"><span class=\"T286Pc\" style=\"font-family: 'times new roman', times, serif; font-size: 14pt; color: #000000;\" data-sfc-cp=\"\" data-sfc-root=\"c\" data-sfc-cb=\"\" data-complete=\"true\"><strong class=\"Yjhzub\" data-sfc-root=\"c\" data-sfc-cb=\"\" data-complete=\"true\">Quang th\u00f4ng m\u1ea1nh m\u1ebd:<\/strong>\u00a0D\u00f9 c\u00f4ng su\u1ea5t 15W nh\u01b0ng cung c\u1ea5p \u0111\u1ed9 s\u00e1ng l\u00ean \u0111\u1ebfn\u00a0<strong class=\"Yjhzub\" data-sfc-root=\"c\" data-sfc-cb=\"\" data-complete=\"true\">1500lm<\/strong>\u00a0(v\u1edbi \u00e1nh s\u00e1ng tr\u1eafng\/trung t\u00ednh), hi\u1ec7u su\u1ea5t chi\u1ebfu s\u00e1ng r\u1ea5t cao so v\u1edbi c\u00e1c s\u1ea3n ph\u1ea9m c\u00f9ng t\u1ea7m gi\u00e1.<\/span><\/li>\n<li class=\"dF3vjf\" data-sfc-root=\"c\" data-sfc-cb=\"\" data-hveid=\"CAEIBxAB\" data-complete=\"true\" data-sae=\"\"><span class=\"T286Pc\" style=\"font-family: 'times new roman', times, serif; font-size: 14pt; color: #000000;\" data-sfc-cp=\"\" data-sfc-root=\"c\" data-sfc-cb=\"\" data-complete=\"true\"><strong class=\"Yjhzub\" data-sfc-root=\"c\" data-sfc-cb=\"\" data-complete=\"true\">Ti\u1ebft ki\u1ec7m \u0111i\u1ec7n:<\/strong> S\u1eed d\u1ee5ng c\u00f4ng ngh\u1ec7 LED hi\u1ec7n \u0111\u1ea1i gi\u00fap gi\u1ea3m t\u1edbi 80% \u0111i\u1ec7n n\u0103ng ti\u00eau th\u1ee5 so v\u1edbi c\u00e1c d\u00f2ng \u0111\u00e8n truy\u1ec1n th\u1ed1ng.<\/span><\/li>\n<\/ul>\n<div id=\"attachment_14418\" style=\"width: 610px\" class=\"wp-caption aligncenter\"><img decoding=\"async\" aria-describedby=\"caption-attachment-14418\" class=\"wp-image-14418 size-full\" src=\"http:\/\/thietbidienlama.com\/wp-content\/uploads\/2025\/10\/Den-Led-Am-Tran-Panasonic-15W-Neo-Slim-2G-1.jpg\" alt=\"\u0110\u00e8n Led \u00c2m Tr\u1ea7n Panasonic 15W Neo Slim 2G\" width=\"600\" height=\"600\" srcset=\"https:\/\/mail.thietbidienlama.com\/wp-content\/uploads\/2025\/10\/Den-Led-Am-Tran-Panasonic-15W-Neo-Slim-2G-1.jpg 600w, https:\/\/mail.thietbidienlama.com\/wp-content\/uploads\/2025\/10\/Den-Led-Am-Tran-Panasonic-15W-Neo-Slim-2G-1-300x300.jpg 300w, https:\/\/mail.thietbidienlama.com\/wp-content\/uploads\/2025\/10\/Den-Led-Am-Tran-Panasonic-15W-Neo-Slim-2G-1-150x150.jpg 150w, https:\/\/mail.thietbidienlama.com\/wp-content\/uploads\/2025\/10\/Den-Led-Am-Tran-Panasonic-15W-Neo-Slim-2G-1-12x12.jpg 12w\" sizes=\"(max-width: 600px) 100vw, 600px\" \/><p id=\"caption-attachment-14418\" class=\"wp-caption-text\">\u00a0 \u00a0 \u00a0 \u00a0 \u00a0 \u00a0 \u00a0 \u00a0 \u00a0 \u00a0 \u00a0 \u00a0 \u00a0 \u00a0 \u00a0 \u00a0 \u00a0 \u00a0 \u00a0 \u0110\u00e8n Led \u00c2m Tr\u1ea7n Panasonic 15W Neo Slim 2G<\/p><\/div>\n<h3 class=\"AdPoic\" role=\"heading\" aria-level=\"3\" data-sfc-root=\"c\" data-complete=\"true\" data-processed=\"true\"><span style=\"font-family: 'times new roman', times, serif; font-size: 14pt; color: #000000;\">4. \u0110\u1ed9 b\u1ec1n b\u1ec9 \u0111\u00e1ng tin c\u1eady<\/span><\/h3>\n<ul class=\"KsbFXc U6u95\" data-sfc-root=\"c\" data-sfc-cb=\"\" data-complete=\"true\" data-processed=\"true\">\n<li class=\"dF3vjf\" data-sfc-root=\"c\" data-sfc-cb=\"\" data-hveid=\"CAEICRAA\" data-complete=\"true\" data-sae=\"\"><span class=\"T286Pc\" style=\"font-family: 'times new roman', times, serif; font-size: 14pt; color: #000000;\" data-sfc-cp=\"\" data-sfc-root=\"c\" data-sfc-cb=\"\" data-complete=\"true\"><strong class=\"Yjhzub\" data-sfc-root=\"c\" data-sfc-cb=\"\" data-complete=\"true\">Tu\u1ed5i th\u1ecd 20.000 gi\u1edd:<\/strong>\u00a0\u0110\u1ea3m b\u1ea3o th\u1eddi gian s\u1eed d\u1ee5ng l\u00e2u d\u00e0i, \u00edt ph\u1ea3i thay th\u1ebf, b\u1ea3o tr\u00ec.<\/span><\/li>\n<li class=\"dF3vjf\" data-sfc-root=\"c\" data-sfc-cb=\"\" data-hveid=\"CAEICRAB\" data-complete=\"true\" data-sae=\"\"><span class=\"T286Pc\" style=\"font-family: 'times new roman', times, serif; font-size: 14pt; color: #000000;\" data-sfc-cp=\"\" data-sfc-root=\"c\" data-sfc-cb=\"\" data-complete=\"true\"><strong class=\"Yjhzub\" data-sfc-root=\"c\" data-sfc-cb=\"\" data-complete=\"true\">V\u1eadt li\u1ec7u ch\u1ed1ng ch\u00e1y:<\/strong> V\u1ecf \u0111\u00e8n l\u00e0m t\u1eeb nh\u1ef1a cao c\u1ea5p kh\u00f4ng ch\u1ec9 gi\u00fap t\u1ea3n nhi\u1ec7t t\u1ed1t m\u00e0 c\u00f2n ch\u1ed1ng ch\u00e1y, kh\u00f4ng b\u1ecb \u1ed1 v\u00e0ng sau nhi\u1ec1u n\u0103m s\u1eed d\u1ee5ng.<\/span><\/li>\n<\/ul>\n<h3 class=\"AdPoic\" role=\"heading\" aria-level=\"3\" data-sfc-root=\"c\" data-complete=\"true\" data-processed=\"true\"><span style=\"font-family: 'times new roman', times, serif; font-size: 14pt; color: #000000;\">5. S\u1ef1 linh ho\u1ea1t trong l\u1eafp \u0111\u1eb7t<\/span><\/h3>\n<ul class=\"KsbFXc U6u95\" data-sfc-root=\"c\" data-sfc-cb=\"\" data-complete=\"true\" data-processed=\"true\">\n<li class=\"dF3vjf\" data-sfc-root=\"c\" data-sfc-cb=\"\" data-hveid=\"CAEICxAA\" data-complete=\"true\" data-sae=\"\"><span class=\"T286Pc\" style=\"font-family: 'times new roman', times, serif; font-size: 14pt; color: #000000;\" data-sfc-cp=\"\" data-sfc-root=\"c\" data-sfc-cb=\"\" data-complete=\"true\" aria-owns=\"action-menu-parent-container\"><strong class=\"Yjhzub\" data-sfc-root=\"c\" data-sfc-cb=\"\" data-complete=\"true\">C\u00f9ng k\u00edch th\u01b0\u1edbc v\u1edbi d\u00f2ng 18W:<\/strong>\u00a0C\u00f9ng s\u1eed d\u1ee5ng l\u1ed7 kho\u00e9t\u00a0<strong class=\"Yjhzub\" data-sfc-root=\"c\" data-sfc-cb=\"\" data-complete=\"true\">\u00d8150mm<\/strong>, cho ph\u00e9p b\u1ea1n linh ho\u1ea1t n\u00e2ng c\u1ea5p ho\u1eb7c h\u1ea1 c\u00f4ng su\u1ea5t \u0111\u00e8n m\u00e0 kh\u00f4ng c\u1ea7n ph\u1ea3i kho\u00e9t l\u1ea1i l\u1ed7 tr\u1ea7n<\/span><\/li>\n<\/ul>\n<\/div>\n<p class=\"Y3BBE\" data-hveid=\"CAEICBAA\" data-complete=\"true\" data-processed=\"true\"><span style=\"font-size: 12pt; color: #000000;\"><strong>LI\u00caN H\u1ec6 : Hotline: 0935 228 204 ( Ms Lam )<\/strong><\/span><\/p>\n<p><span style=\"font-size: 12pt; color: #000000;\"><strong>Facebook:\u00a0<span style=\"color: #ff6600;\"><a style=\"color: #ff6600;\" href=\"https:\/\/www.facebook.com\/thietbidienlama\" target=\"_blank\" rel=\"noopener\">THI\u1ebeT\u00a0B\u1eca \u0110I\u1ec6N LAMA<\/a><\/span><\/strong><\/span><\/p>\n<p><span style=\"font-size: 12pt; color: #000000;\"><strong>Tiktok:\u00a0<span style=\"color: #ff6600;\"><a style=\"color: #ff6600;\" href=\"https:\/\/www.tiktok.com\/@thietbidienlama\" target=\"_blank\" rel=\"noopener\">THI\u1ebeT\u00a0B\u1eca \u0110I\u1ec6N LAMA<\/a><\/span><\/strong><\/span><\/p>","protected":false},"excerpt":{"rendered":"<p>\u0110\u00e8n Led \u00c2m Tr\u1ea7n Panasonic 15W Neo Slim 2G D\u00f2ng \u0110\u00e8n Led \u00c2m Tr\u1ea7n Panasonic\u00a015W Neo Slim 2G\u00a0s\u1edf h\u1eefu nh\u1eefng<\/p>","protected":false},"featured_media":13327,"comment_status":"closed","ping_status":"closed","template":"","meta":[],"product_brand":[],"product_cat":[923,924],"product_tag":[685,1073],"class_list":{"0":"post-13326","1":"product","2":"type-product","3":"status-publish","4":"has-post-thumbnail","6":"product_cat-den-panasonic","7":"product_cat-den-am-tran-panasonic","8":"product_tag-den-led-am-tran-panasonic","9":"product_tag-den-led-am-tran-panasonic-15w","11":"first","12":"instock","13":"sale","14":"shipping-taxable","15":"purchasable","16":"product-type-simple"},"_links":{"self":[{"href":"https:\/\/mail.thietbidienlama.com\/en\/wp-json\/wp\/v2\/product\/13326","targetHints":{"allow":["GET"]}}],"collection":[{"href":"https:\/\/mail.thietbidienlama.com\/en\/wp-json\/wp\/v2\/product"}],"about":[{"href":"https:\/\/mail.thietbidienlama.com\/en\/wp-json\/wp\/v2\/types\/product"}],"replies":[{"embeddable":true,"href":"https:\/\/mail.thietbidienlama.com\/en\/wp-json\/wp\/v2\/comments?post=13326"}],"version-history":[{"count":5,"href":"https:\/\/mail.thietbidienlama.com\/en\/wp-json\/wp\/v2\/product\/13326\/revisions"}],"predecessor-version":[{"id":14419,"href":"https:\/\/mail.thietbidienlama.com\/en\/wp-json\/wp\/v2\/product\/13326\/revisions\/14419"}],"wp:featuredmedia":[{"embeddable":true,"href":"https:\/\/mail.thietbidienlama.com\/en\/wp-json\/wp\/v2\/media\/13327"}],"wp:attachment":[{"href":"https:\/\/mail.thietbidienlama.com\/en\/wp-json\/wp\/v2\/media?parent=13326"}],"wp:term":[{"taxonomy":"product_brand","embeddable":true,"href":"https:\/\/mail.thietbidienlama.com\/en\/wp-json\/wp\/v2\/product_brand?post=13326"},{"taxonomy":"product_cat","embeddable":true,"href":"https:\/\/mail.thietbidienlama.com\/en\/wp-json\/wp\/v2\/product_cat?post=13326"},{"taxonomy":"product_tag","embeddable":true,"href":"https:\/\/mail.thietbidienlama.com\/en\/wp-json\/wp\/v2\/product_tag?post=13326"}],"curies":[{"name":"wp","href":"https:\/\/api.w.org\/{rel}","templated":true}]}}