{"id":13299,"date":"2025-10-20T09:36:29","date_gmt":"2025-10-20T02:36:29","guid":{"rendered":"https:\/\/thietbidienlama.com\/?post_type=product&#038;p=13299"},"modified":"2026-04-20T15:56:07","modified_gmt":"2026-04-20T08:56:07","slug":"den-led-am-tran-panasonic-6w","status":"publish","type":"product","link":"https:\/\/mail.thietbidienlama.com\/en\/den-led-am-tran-panasonic-6w\/","title":{"rendered":"\u0110\u00e8n Led \u00c2m Tr\u1ea7n Panasonic 6W Neo Slim 2G"},"content":{"rendered":"<h1 style=\"text-align: center;\"><span style=\"color: #000000; font-size: 18pt;\">\u0110\u00e8n Led \u00c2m Tr\u1ea7n Panasonic 6W Neo Slim 2G<\/span><\/h1>\n<p data-hveid=\"CAMQAA\" data-complete=\"true\" data-processed=\"true\"><span style=\"font-family: 'times new roman', times, serif; font-size: 14pt; color: #000000;\">D\u00f2ng <span style=\"color: #ff6600;\"><strong><a style=\"color: #ff6600;\" href=\"https:\/\/thietbidienlama.com\/den-am-tran-panasonic\/\">\u0110\u00e8n LED \u00c2m tr\u1ea7n Panasonic<\/a><\/strong><\/span> 6W Neo Slim 2G l\u00e0 gi\u1ea3i ph\u00e1p chi\u1ebfu s\u00e1ng tinh t\u1ebf cho c\u00e1c kh\u00f4ng gian nh\u1ecf ho\u1eb7c d\u00f9ng \u0111\u1ec3 t\u1ea1o \u0111i\u1ec3m nh\u1ea5n.<\/span><\/p>\n<div id=\"attachment_14423\" style=\"width: 610px\" class=\"wp-caption aligncenter\"><img fetchpriority=\"high\" decoding=\"async\" aria-describedby=\"caption-attachment-14423\" class=\"wp-image-14423 size-full\" src=\"http:\/\/thietbidienlama.com\/wp-content\/uploads\/2025\/10\/Den-Led-Am-Tran-Panasonic-6W-Neo-Slim-2G.jpg\" alt=\"\u0110\u00e8n Led \u00c2m Tr\u1ea7n Panasonic 6W Neo Slim 2G\" width=\"600\" height=\"413\" srcset=\"https:\/\/mail.thietbidienlama.com\/wp-content\/uploads\/2025\/10\/Den-Led-Am-Tran-Panasonic-6W-Neo-Slim-2G.jpg 600w, https:\/\/mail.thietbidienlama.com\/wp-content\/uploads\/2025\/10\/Den-Led-Am-Tran-Panasonic-6W-Neo-Slim-2G-300x207.jpg 300w, https:\/\/mail.thietbidienlama.com\/wp-content\/uploads\/2025\/10\/Den-Led-Am-Tran-Panasonic-6W-Neo-Slim-2G-18x12.jpg 18w, https:\/\/mail.thietbidienlama.com\/wp-content\/uploads\/2025\/10\/Den-Led-Am-Tran-Panasonic-6W-Neo-Slim-2G-150x103.jpg 150w\" sizes=\"(max-width: 600px) 100vw, 600px\" \/><p id=\"caption-attachment-14423\" class=\"wp-caption-text\">\u00a0 \u00a0 \u00a0 \u00a0 \u00a0 \u00a0 \u00a0 \u00a0 \u00a0 \u00a0 \u00a0 \u00a0 \u00a0 \u00a0 \u00a0 \u00a0 \u00a0 \u00a0 \u00a0 \u00a0 \u00a0 \u00a0 \u00a0\u0110\u00e8n Led \u00c2m Tr\u1ea7n Panasonic 6W Neo Slim 2G<\/p><\/div>\n<h2 class=\"AdPoic\" role=\"heading\" aria-level=\"3\" data-sfc-root=\"c\" data-complete=\"true\" data-processed=\"true\"><span style=\"font-family: 'times new roman', times, serif; font-size: 18pt; color: #ff6600;\">Th\u00f4ng s\u1ed1 \u0110\u00e8n LED \u00c2m tr\u1ea7n Panasonic 6W<\/span><\/h2>\n<div class=\"Fv6NCb\" data-sfc-cp=\"\" data-sfc-root=\"c\" data-sfc-cb=\"\" data-ved=\"2ahUKEwippP7PkfSTAxUUsVYBHYnkDVYQ-q4QegYIAQgEEAA\" data-complete=\"true\" data-processed=\"true\">\n<table class=\"NRefec\" data-animation-nesting=\"\" data-sae=\"\">\n<tbody>\n<tr class=\"cZCYO\" data-sfc-cp=\"\" data-sfc-root=\"c\" data-sfc-cb=\"\" data-complete=\"true\">\n<th class=\"iry6k\" colspan=\"undefined\" data-sfc-cp=\"\" data-sfc-root=\"c\" data-sfc-cb=\"\" data-complete=\"true\"><span style=\"font-family: 'times new roman', times, serif; font-size: 14pt; color: #000000;\">\u0110\u1eb7c t\u00ednh<\/span><\/th>\n<th class=\"iry6k\" colspan=\"undefined\" data-sfc-cp=\"\" data-sfc-root=\"c\" data-sfc-cb=\"\" data-complete=\"true\"><span style=\"font-family: 'times new roman', times, serif; font-size: 14pt; color: #000000;\">Th\u00f4ng s\u1ed1 chi ti\u1ebft<\/span><\/th>\n<\/tr>\n<tr class=\"cZCYO\" data-sfc-cp=\"\" data-sfc-root=\"c\" data-sfc-cb=\"\" data-complete=\"true\">\n<td class=\"cOeeGf\" colspan=\"undefined\" data-sfc-cp=\"\" data-sfc-root=\"c\" data-sfc-cb=\"\" data-complete=\"true\"><span style=\"font-family: 'times new roman', times, serif; font-size: 14pt; color: #000000;\"><strong class=\"Yjhzub\" data-sfc-root=\"c\" data-sfc-cb=\"\" data-complete=\"true\">C\u00f4ng su\u1ea5t<\/strong><\/span><\/td>\n<td class=\"cOeeGf\" colspan=\"undefined\" data-sfc-cp=\"\" data-sfc-root=\"c\" data-sfc-cb=\"\" data-complete=\"true\"><span style=\"font-family: 'times new roman', times, serif; font-size: 14pt; color: #000000;\">6W<\/span><\/td>\n<\/tr>\n<tr class=\"cZCYO\" data-sfc-cp=\"\" data-sfc-root=\"c\" data-sfc-cb=\"\" data-complete=\"true\">\n<td class=\"cOeeGf\" colspan=\"undefined\" data-sfc-cp=\"\" data-sfc-root=\"c\" data-sfc-cb=\"\" data-complete=\"true\"><span style=\"font-family: 'times new roman', times, serif; font-size: 14pt; color: #000000;\"><strong class=\"Yjhzub\" data-sfc-root=\"c\" data-sfc-cb=\"\" data-complete=\"true\">K\u00edch th\u01b0\u1edbc \u0111\u00e8n<\/strong><\/span><\/td>\n<td class=\"cOeeGf\" colspan=\"undefined\" data-sfc-cp=\"\" data-sfc-root=\"c\" data-sfc-cb=\"\" data-complete=\"true\"><span style=\"font-family: 'times new roman', times, serif; font-size: 14pt; color: #000000;\">\u0110\u01b0\u1eddng k\u00ednh \u00d8120mm, Cao (H) 26mm<\/span><\/td>\n<\/tr>\n<tr class=\"cZCYO\" data-sfc-cp=\"\" data-sfc-root=\"c\" data-sfc-cb=\"\" data-complete=\"true\">\n<td class=\"cOeeGf\" colspan=\"undefined\" data-sfc-cp=\"\" data-sfc-root=\"c\" data-sfc-cb=\"\" data-complete=\"true\"><span style=\"font-family: 'times new roman', times, serif; font-size: 14pt; color: #000000;\"><strong class=\"Yjhzub\" data-sfc-root=\"c\" data-sfc-cb=\"\" data-complete=\"true\">L\u1ed7 kho\u00e9t tr\u1ea7n<\/strong><\/span><\/td>\n<td class=\"cOeeGf\" colspan=\"undefined\" data-sfc-cp=\"\" data-sfc-root=\"c\" data-sfc-cb=\"\" data-complete=\"true\"><span style=\"font-family: 'times new roman', times, serif; font-size: 14pt; color: #000000;\"><strong class=\"Yjhzub\" data-sfc-root=\"c\" data-sfc-cb=\"\" data-complete=\"true\">\u00d8100mm<\/strong><\/span><\/td>\n<\/tr>\n<tr class=\"cZCYO\" data-sfc-cp=\"\" data-sfc-root=\"c\" data-sfc-cb=\"\" data-complete=\"true\">\n<td class=\"cOeeGf\" colspan=\"undefined\" data-sfc-cp=\"\" data-sfc-root=\"c\" data-sfc-cb=\"\" data-complete=\"true\"><span style=\"font-family: 'times new roman', times, serif; font-size: 14pt; color: #000000;\"><strong class=\"Yjhzub\" data-sfc-root=\"c\" data-sfc-cb=\"\" data-complete=\"true\">Quang th\u00f4ng<\/strong><\/span><\/td>\n<td class=\"cOeeGf\" colspan=\"undefined\" data-sfc-cp=\"\" data-sfc-root=\"c\" data-sfc-cb=\"\" data-complete=\"true\"><span style=\"font-family: 'times new roman', times, serif; font-size: 14pt; color: #000000;\">540lm &#8211; 600lm<\/span><\/td>\n<\/tr>\n<tr class=\"cZCYO\" data-sfc-cp=\"\" data-sfc-root=\"c\" data-sfc-cb=\"\" data-complete=\"true\">\n<td class=\"cOeeGf\" colspan=\"undefined\" data-sfc-cp=\"\" data-sfc-root=\"c\" data-sfc-cb=\"\" data-complete=\"true\"><span style=\"font-family: 'times new roman', times, serif; font-size: 14pt; color: #000000;\"><strong class=\"Yjhzub\" data-sfc-root=\"c\" data-sfc-cb=\"\" data-complete=\"true\">Tu\u1ed5i th\u1ecd<\/strong><\/span><\/td>\n<td class=\"cOeeGf\" colspan=\"undefined\" data-sfc-cp=\"\" data-sfc-root=\"c\" data-sfc-cb=\"\" data-complete=\"true\"><span style=\"font-family: 'times new roman', times, serif; font-size: 14pt; color: #000000;\">20.000 gi\u1edd<\/span><\/td>\n<\/tr>\n<tr class=\"cZCYO\" data-sfc-cp=\"\" data-sfc-root=\"c\" data-sfc-cb=\"\" data-complete=\"true\">\n<td class=\"cOeeGf\" colspan=\"undefined\" data-sfc-cp=\"\" data-sfc-root=\"c\" data-sfc-cb=\"\" data-complete=\"true\"><span style=\"font-family: 'times new roman', times, serif; font-size: 14pt; color: #000000;\"><strong class=\"Yjhzub\" data-sfc-root=\"c\" data-sfc-cb=\"\" data-complete=\"true\">Gi\u00e1 ni\u00eam y\u1ebft<\/strong><\/span><\/td>\n<td class=\"cOeeGf\" colspan=\"undefined\" data-sfc-cp=\"\" data-sfc-root=\"c\" data-sfc-cb=\"\" data-complete=\"true\"><span style=\"font-family: 'times new roman', times, serif; font-size: 14pt; color: #000000;\"><strong class=\"Yjhzub\" data-sfc-root=\"c\" data-sfc-cb=\"\" data-complete=\"true\">221.000 VN\u0110<\/strong><\/span><\/td>\n<\/tr>\n<\/tbody>\n<\/table>\n<\/div>\n<div class=\"Fsg96\" data-sfc-cp=\"\" data-sfc-root=\"c\" data-sfc-cb=\"\" data-complete=\"true\" data-processed=\"true\"><\/div>\n<div class=\"AdPoic\" role=\"heading\" aria-level=\"3\" data-animation-nesting=\"\" data-sfc-cp=\"\" data-sfc-root=\"c\" data-sfc-cb=\"\" data-complete=\"true\" data-processed=\"true\" data-sae=\"\"><span style=\"font-family: 'times new roman', times, serif; font-size: 14pt; color: #000000;\">C\u00e1c m\u00e3 s\u1ea3n ph\u1ea9m theo m\u00e0u \u00e1nh s\u00e1ng<\/span><\/div>\n<ul class=\"KsbFXc U6u95\" data-sfc-root=\"c\" data-sfc-cb=\"\" data-complete=\"true\" data-processed=\"true\">\n<li class=\"dF3vjf\" data-sfc-root=\"c\" data-sfc-cb=\"\" data-hveid=\"CAEIBhAA\" data-complete=\"true\" data-sae=\"\"><span class=\"T286Pc\" style=\"font-family: 'times new roman', times, serif; font-size: 14pt; color: #000000;\" data-sfc-cp=\"\" data-sfc-root=\"c\" data-sfc-cb=\"\" data-complete=\"true\"><strong class=\"Yjhzub\" data-sfc-root=\"c\" data-sfc-cb=\"\" data-complete=\"true\">NNP71272A:<\/strong>\u00a0\u00c1nh s\u00e1ng V\u00e0ng \u1ea5m (3000K) &#8211; 540lm.<\/span><\/li>\n<li class=\"dF3vjf\" data-sfc-root=\"c\" data-sfc-cb=\"\" data-hveid=\"CAEIBhAB\" data-complete=\"true\" data-sae=\"\"><span class=\"T286Pc\" style=\"font-family: 'times new roman', times, serif; font-size: 14pt; color: #000000;\" data-sfc-cp=\"\" data-sfc-root=\"c\" data-sfc-cb=\"\" data-complete=\"true\"><strong class=\"Yjhzub\" data-sfc-root=\"c\" data-sfc-cb=\"\" data-complete=\"true\">NNP71279A:<\/strong>\u00a0\u00c1nh s\u00e1ng Trung t\u00ednh (4000K) &#8211; 600lm.<\/span><\/li>\n<li class=\"dF3vjf\" data-sfc-root=\"c\" data-sfc-cb=\"\" data-hveid=\"CAEIBhAC\" data-complete=\"true\" data-sae=\"\"><span class=\"T286Pc\" style=\"font-family: 'times new roman', times, serif; font-size: 14pt; color: #000000;\" data-sfc-cp=\"\" data-sfc-root=\"c\" data-sfc-cb=\"\" data-complete=\"true\" aria-owns=\"action-menu-parent-container\"><strong class=\"Yjhzub\" data-sfc-root=\"c\" data-sfc-cb=\"\" data-complete=\"true\">NNP71278A:<\/strong>\u00a0\u00c1nh s\u00e1ng Tr\u1eafng (6500K) &#8211; 600lm.<\/span><\/li>\n<\/ul>\n<div id=\"attachment_14424\" style=\"width: 610px\" class=\"wp-caption aligncenter\"><img decoding=\"async\" aria-describedby=\"caption-attachment-14424\" class=\"wp-image-14424 size-full\" src=\"http:\/\/thietbidienlama.com\/wp-content\/uploads\/2025\/10\/Den-Led-Am-Tran-Panasonic-6W-3-che-do-mau.jpg\" alt=\"\u0110\u00e8n Led \u00c2m Tr\u1ea7n Panasonic 6W 3 Ch\u1ebf \u0111\u1ed9 M\u00e0u\" width=\"600\" height=\"600\" srcset=\"https:\/\/mail.thietbidienlama.com\/wp-content\/uploads\/2025\/10\/Den-Led-Am-Tran-Panasonic-6W-3-che-do-mau.jpg 600w, https:\/\/mail.thietbidienlama.com\/wp-content\/uploads\/2025\/10\/Den-Led-Am-Tran-Panasonic-6W-3-che-do-mau-300x300.jpg 300w, https:\/\/mail.thietbidienlama.com\/wp-content\/uploads\/2025\/10\/Den-Led-Am-Tran-Panasonic-6W-3-che-do-mau-150x150.jpg 150w, https:\/\/mail.thietbidienlama.com\/wp-content\/uploads\/2025\/10\/Den-Led-Am-Tran-Panasonic-6W-3-che-do-mau-12x12.jpg 12w\" sizes=\"(max-width: 600px) 100vw, 600px\" \/><p id=\"caption-attachment-14424\" class=\"wp-caption-text\">\u00a0 \u00a0 \u00a0 \u00a0 \u00a0 \u00a0 \u00a0 \u00a0 \u00a0 \u00a0 \u00a0 \u00a0 \u00a0 \u00a0 \u00a0 \u00a0 \u00a0 \u00a0\u0110\u00e8n Led \u00c2m Tr\u1ea7n Panasonic 6W 3 Ch\u1ebf \u0111\u1ed9 M\u00e0u<\/p><\/div>\n<h2 class=\"Y3BBE\" data-sfc-root=\"c\" data-hveid=\"CAEIARAA\" data-complete=\"true\" data-processed=\"true\"><span style=\"font-family: 'times new roman', times, serif; font-size: 18pt; color: #ff6600;\">\u01afu \u0111i\u1ec3m n\u1ed5i b\u1eadt nh\u1ea5t:<\/span><\/h2>\n<h3 class=\"AdPoic\" role=\"heading\" aria-level=\"3\" data-sfc-root=\"c\" data-complete=\"true\" data-processed=\"true\"><span style=\"font-family: 'times new roman', times, serif; font-size: 14pt; color: #000000;\">1. K\u00edch th\u01b0\u1edbc nh\u1ecf g\u1ecdn, th\u1ea9m m\u1ef9 cao<\/span><\/h3>\n<ul class=\"KsbFXc U6u95\" data-sfc-root=\"c\" data-sfc-cb=\"\" data-complete=\"true\" data-processed=\"true\">\n<li class=\"dF3vjf\" data-sfc-root=\"c\" data-sfc-cb=\"\" data-hveid=\"CAEIAxAA\" data-complete=\"true\" data-sae=\"\"><span class=\"T286Pc\" style=\"font-family: 'times new roman', times, serif; font-size: 14pt; color: #000000;\" data-sfc-cp=\"\" data-sfc-root=\"c\" data-sfc-cb=\"\" data-complete=\"true\"><strong class=\"Yjhzub\" data-sfc-root=\"c\" data-sfc-cb=\"\" data-complete=\"true\">L\u1ed7 kho\u00e9t nh\u1ecf (\u00d8100mm):<\/strong>\u00a0V\u1edbi k\u00edch th\u01b0\u1edbc l\u1ed7 kho\u00e9t ch\u1ec9 10cm, \u0111\u00e8n r\u1ea5t d\u1ec5 b\u1ed1 tr\u00ed \u1edf nh\u1eefng v\u1ecb tr\u00ed di\u1ec7n t\u00edch h\u1eb9p nh\u01b0 h\u00e0nh lang, ban c\u00f4ng, ho\u1eb7c l\u1eafp \u0111\u1eb7t theo h\u1ec7 th\u1ed1ng nhi\u1ec1u b\u00f3ng \u0111\u1ec3 d\u00e0n tr\u1ea3i \u00e1nh s\u00e1ng \u0111\u1ec1u cho ph\u00f2ng ng\u1ee7.<\/span><\/li>\n<li class=\"dF3vjf\" data-sfc-root=\"c\" data-sfc-cb=\"\" data-hveid=\"CAEIAxAB\" data-complete=\"true\" data-sae=\"\"><span class=\"T286Pc\" style=\"font-family: 'times new roman', times, serif; font-size: 14pt; color: #000000;\" data-sfc-cp=\"\" data-sfc-root=\"c\" data-sfc-cb=\"\" data-complete=\"true\"><strong class=\"Yjhzub\" data-sfc-root=\"c\" data-sfc-cb=\"\" data-complete=\"true\">Thi\u1ebft k\u1ebf si\u00eau m\u1ecfng (26mm):<\/strong> \u0110\u1ed9 m\u1ecfng l\u00fd t\u01b0\u1edfng gi\u00fap \u0111\u00e8n &#8220;v\u1eeba v\u1eb7n&#8221; v\u1edbi m\u1ecdi lo\u1ea1i tr\u1ea7n th\u1ea1ch cao, k\u1ec3 c\u1ea3 nh\u1eefng n\u01a1i c\u00f3 kho\u1ea3ng tr\u1ed1ng ph\u00eda tr\u00ean c\u1ef1c th\u1ea5p m\u00e0 c\u00e1c d\u00f2ng \u0111\u00e8n d\u00e0y kh\u00f4ng l\u1eafp \u0111\u01b0\u1ee3c.<\/span><\/li>\n<\/ul>\n<h3 class=\"AdPoic\" role=\"heading\" aria-level=\"3\" data-sfc-root=\"c\" data-complete=\"true\" data-processed=\"true\"><span style=\"font-family: 'times new roman', times, serif; font-size: 14pt; color: #000000;\">2. B\u1ea3o v\u1ec7 m\u1eaft t\u1ed1i \u01b0u (Ti\u00eau chu\u1ea9n RG0)<\/span><\/h3>\n<ul class=\"KsbFXc U6u95\" data-sfc-root=\"c\" data-sfc-cb=\"\" data-complete=\"true\" data-processed=\"true\">\n<li class=\"dF3vjf\" data-sfc-root=\"c\" data-sfc-cb=\"\" data-hveid=\"CAEIBRAA\" data-complete=\"true\" data-sae=\"\"><span class=\"T286Pc\" style=\"font-family: 'times new roman', times, serif; font-size: 14pt; color: #000000;\" data-sfc-cp=\"\" data-sfc-root=\"c\" data-sfc-cb=\"\" data-complete=\"true\"><strong class=\"Yjhzub\" data-sfc-root=\"c\" data-sfc-cb=\"\" data-complete=\"true\">An to\u00e0n sinh h\u1ecdc:<\/strong>\u00a0\u0110\u00e8n \u0111\u1ea1t chu\u1ea9n\u00a0<strong class=\"Yjhzub\" data-sfc-root=\"c\" data-sfc-cb=\"\" data-complete=\"true\">RG0<\/strong>, m\u1ee9c \u0111\u1ed9 an to\u00e0n cao nh\u1ea5t gi\u00fap lo\u1ea1i b\u1ecf ho\u00e0n to\u00e0n \u00e1nh s\u00e1ng xanh c\u00f3 h\u1ea1i. \u0110i\u1ec1u n\u00e0y gi\u00fap ng\u0103n ng\u1eeba t\u00ecnh tr\u1ea1ng m\u1ecfi m\u1eaft, kh\u00f4 m\u1eaft khi sinh ho\u1ea1t d\u01b0\u1edbi \u00e1nh \u0111\u00e8n trong th\u1eddi gian d\u00e0i.<\/span><\/li>\n<li class=\"dF3vjf\" data-sfc-root=\"c\" data-sfc-cb=\"\" data-hveid=\"CAEIBRAB\" data-complete=\"true\" data-sae=\"\"><span class=\"T286Pc\" style=\"font-family: 'times new roman', times, serif; font-size: 14pt; color: #000000;\" data-sfc-cp=\"\" data-sfc-root=\"c\" data-sfc-cb=\"\" data-complete=\"true\"><strong class=\"Yjhzub\" data-sfc-root=\"c\" data-sfc-cb=\"\" data-complete=\"true\">\u00c1nh s\u00e1ng \u00eam d\u1ecbu:<\/strong> B\u1ed9 tho\u00e1t s\u00e1ng \u0111\u01b0\u1ee3c thi\u1ebft k\u1ebf gi\u00fap \u00e1nh s\u00e1ng t\u1ecfa \u0111\u1ec1u, kh\u00f4ng g\u00e2y ch\u00f3i g\u1eaft v\u00e0 tuy\u1ec7t \u0111\u1ed1i kh\u00f4ng nh\u1ea5p nh\u00e1y.<\/span><\/li>\n<\/ul>\n<h3 class=\"AdPoic\" role=\"heading\" aria-level=\"3\" data-sfc-root=\"c\" data-complete=\"true\" data-processed=\"true\"><span style=\"font-family: 'times new roman', times, serif; font-size: 14pt; color: #000000;\">3. Ti\u1ebft ki\u1ec7m \u0111i\u1ec7n n\u0103ng v\u01b0\u1ee3t tr\u1ed9i<\/span><\/h3>\n<ul class=\"KsbFXc U6u95\" data-sfc-root=\"c\" data-sfc-cb=\"\" data-complete=\"true\" data-processed=\"true\">\n<li class=\"dF3vjf\" data-sfc-root=\"c\" data-sfc-cb=\"\" data-hveid=\"CAEIBxAA\" data-complete=\"true\" data-sae=\"\"><span class=\"T286Pc\" style=\"font-family: 'times new roman', times, serif; font-size: 14pt; color: #000000;\" data-sfc-cp=\"\" data-sfc-root=\"c\" data-sfc-cb=\"\" data-complete=\"true\"><strong class=\"Yjhzub\" data-sfc-root=\"c\" data-sfc-cb=\"\" data-complete=\"true\">Hi\u1ec7u su\u1ea5t cao:<\/strong>\u00a0D\u00f9 ch\u1ec9 ti\u00eau th\u1ee5\u00a0<strong class=\"Yjhzub\" data-sfc-root=\"c\" data-sfc-cb=\"\" data-complete=\"true\">6W<\/strong>, \u0111\u00e8n v\u1eabn cung c\u1ea5p quang th\u00f4ng l\u00ean \u0111\u1ebfn\u00a0<strong class=\"Yjhzub\" data-sfc-root=\"c\" data-sfc-cb=\"\" data-complete=\"true\">600lm<\/strong>\u00a0(\u0111\u1ed1i v\u1edbi \u00e1nh s\u00e1ng tr\u1eafng\/trung t\u00ednh), t\u01b0\u01a1ng \u0111\u01b0\u01a1ng v\u1edbi \u0111\u1ed9 s\u00e1ng c\u1ee7a c\u00e1c d\u00f2ng \u0111\u00e8n th\u00f4ng th\u01b0\u1eddng c\u00f3 c\u00f4ng su\u1ea5t cao h\u01a1n.<\/span><\/li>\n<li class=\"dF3vjf\" data-sfc-root=\"c\" data-sfc-cb=\"\" data-hveid=\"CAEIBxAB\" data-complete=\"true\" data-sae=\"\"><span class=\"T286Pc\" style=\"font-family: 'times new roman', times, serif; font-size: 14pt; color: #000000;\" data-sfc-cp=\"\" data-sfc-root=\"c\" data-sfc-cb=\"\" data-complete=\"true\"><strong class=\"Yjhzub\" data-sfc-root=\"c\" data-sfc-cb=\"\" data-complete=\"true\">Ch\u1ec9 s\u1ed1 ho\u00e0n m\u00e0u Ra80:<\/strong> Mang l\u1ea1i m\u00e0u s\u1eafc trung th\u1ef1c, t\u1ef1 nhi\u00ean cho v\u1eadt th\u1ec3 trong kh\u00f4ng gian.<\/span><\/li>\n<\/ul>\n<div id=\"attachment_14425\" style=\"width: 610px\" class=\"wp-caption aligncenter\"><img decoding=\"async\" aria-describedby=\"caption-attachment-14425\" class=\"wp-image-14425 size-full\" src=\"http:\/\/thietbidienlama.com\/wp-content\/uploads\/2025\/10\/Den-Led-Am-Tran-Panasonic-6W-Neo-Slim-2G-1.jpg\" alt=\"\u0110\u00e8n Led \u00c2m Tr\u1ea7n Panasonic 6W Neo Slim 2G\" width=\"600\" height=\"600\" srcset=\"https:\/\/mail.thietbidienlama.com\/wp-content\/uploads\/2025\/10\/Den-Led-Am-Tran-Panasonic-6W-Neo-Slim-2G-1.jpg 600w, https:\/\/mail.thietbidienlama.com\/wp-content\/uploads\/2025\/10\/Den-Led-Am-Tran-Panasonic-6W-Neo-Slim-2G-1-300x300.jpg 300w, https:\/\/mail.thietbidienlama.com\/wp-content\/uploads\/2025\/10\/Den-Led-Am-Tran-Panasonic-6W-Neo-Slim-2G-1-150x150.jpg 150w, https:\/\/mail.thietbidienlama.com\/wp-content\/uploads\/2025\/10\/Den-Led-Am-Tran-Panasonic-6W-Neo-Slim-2G-1-12x12.jpg 12w\" sizes=\"(max-width: 600px) 100vw, 600px\" \/><p id=\"caption-attachment-14425\" class=\"wp-caption-text\">\u00a0 \u00a0 \u00a0 \u00a0 \u00a0 \u00a0 \u00a0 \u00a0 \u00a0 \u00a0 \u00a0 \u00a0 \u00a0 \u00a0 \u00a0 \u00a0 \u00a0 \u00a0 \u00a0 \u00a0 \u0110\u00e8n Led \u00c2m Tr\u1ea7n Panasonic 6W Neo Slim 2G<\/p><\/div>\n<h3 class=\"AdPoic\" role=\"heading\" aria-level=\"3\" data-sfc-root=\"c\" data-complete=\"true\" data-processed=\"true\"><span style=\"font-family: 'times new roman', times, serif; font-size: 14pt; color: #000000;\">4. \u0110\u1ed9 b\u1ec1n v\u00e0 An to\u00e0n ch\u00e1y n\u1ed5<\/span><\/h3>\n<ul class=\"KsbFXc U6u95\" data-sfc-root=\"c\" data-sfc-cb=\"\" data-complete=\"true\" data-processed=\"true\">\n<li class=\"dF3vjf\" data-sfc-root=\"c\" data-sfc-cb=\"\" data-hveid=\"CAEICRAA\" data-complete=\"true\" data-sae=\"\"><span class=\"T286Pc\" style=\"font-family: 'times new roman', times, serif; font-size: 14pt; color: #000000;\" data-sfc-cp=\"\" data-sfc-root=\"c\" data-sfc-cb=\"\" data-complete=\"true\"><strong class=\"Yjhzub\" data-sfc-root=\"c\" data-sfc-cb=\"\" data-complete=\"true\">Tu\u1ed5i th\u1ecd 20.000 gi\u1edd:<\/strong>\u00a0S\u1eed d\u1ee5ng chip LED cao c\u1ea5p c\u1ee7a Panasonic, \u0111\u1ea3m b\u1ea3o \u0111\u1ed9 b\u1ec1n l\u00ean \u0111\u1ebfn 7-10 n\u0103m s\u1eed d\u1ee5ng.<\/span><\/li>\n<li class=\"dF3vjf\" data-sfc-root=\"c\" data-sfc-cb=\"\" data-hveid=\"CAEICRAB\" data-complete=\"true\" data-sae=\"\"><span class=\"T286Pc\" style=\"font-family: 'times new roman', times, serif; font-size: 14pt; color: #000000;\" data-sfc-cp=\"\" data-sfc-root=\"c\" data-sfc-cb=\"\" data-complete=\"true\"><strong class=\"Yjhzub\" data-sfc-root=\"c\" data-sfc-cb=\"\" data-complete=\"true\">Ch\u1ea5t li\u1ec7u cao c\u1ea5p:<\/strong> V\u1ecf \u0111\u00e8n b\u1eb1ng nh\u1ef1a ch\u1ea5t l\u01b0\u1ee3ng cao c\u00f3 kh\u1ea3 n\u0103ng ch\u1ecbu nhi\u1ec7t v\u00e0 ch\u1ed1ng ch\u00e1y, kh\u00f4ng b\u1ecb \u1ed1 v\u00e0ng hay gi\u00f2n v\u1ee1 theo th\u1eddi gian.<\/span><\/li>\n<\/ul>\n<h3 class=\"AdPoic\" role=\"heading\" aria-level=\"3\" data-sfc-root=\"c\" data-complete=\"true\" data-processed=\"true\"><span style=\"font-family: 'times new roman', times, serif; font-size: 14pt; color: #000000;\">5. L\u1eafp \u0111\u1eb7t v\u00e0 thay th\u1ebf d\u1ec5 d\u00e0ng<\/span><\/h3>\n<ul class=\"KsbFXc U6u95\" data-sfc-root=\"c\" data-sfc-cb=\"\" data-complete=\"true\" data-processed=\"true\">\n<li class=\"dF3vjf\" data-sfc-root=\"c\" data-sfc-cb=\"\" data-hveid=\"CAEICxAA\" data-complete=\"true\" data-sae=\"\"><span class=\"T286Pc\" style=\"font-family: 'times new roman', times, serif; font-size: 14pt; color: #000000;\" data-sfc-cp=\"\" data-sfc-root=\"c\" data-sfc-cb=\"\" data-complete=\"true\">Thi\u1ebft k\u1ebf driver (b\u1ed9 ngu\u1ed3n) t\u00edch h\u1ee3p g\u1ecdn g\u00e0ng b\u00ean trong, c\u00f9ng h\u1ec7 th\u1ed1ng tai k\u1eb9p ch\u1eafc ch\u1eafn gi\u00fap vi\u1ec7c l\u1eafp \u0111\u1eb7t tr\u1edf n\u00ean c\u1ef1c k\u1ef3 nhanh ch\u00f3ng v\u00e0 an to\u00e0n.<\/span><\/li>\n<\/ul>\n<p class=\"Y3BBE\" data-hveid=\"CAEICBAA\" data-complete=\"true\" data-processed=\"true\"><span style=\"font-family: 'times new roman', times, serif; font-size: 14pt; color: #000000;\"><strong>LI\u00caN H\u1ec6 : Hotline: 0935 228 204 ( Ms Lam )<\/strong><\/span><\/p>\n<p><span style=\"font-family: 'times new roman', times, serif; font-size: 14pt; color: #000000;\"><strong>Facebook:\u00a0<span style=\"color: #ff6600;\"><a style=\"color: #ff6600;\" href=\"https:\/\/www.facebook.com\/thietbidienlama\" target=\"_blank\" rel=\"noopener\">THI\u1ebeT\u00a0B\u1eca \u0110I\u1ec6N LAMA<\/a><\/span><\/strong><\/span><\/p>\n<p><span style=\"font-family: 'times new roman', times, serif; font-size: 14pt; color: #000000;\"><strong>Tiktok:\u00a0<span style=\"color: #ff6600;\"><a style=\"color: #ff6600;\" href=\"https:\/\/www.tiktok.com\/@thietbidienlama\" target=\"_blank\" rel=\"noopener\">THI\u1ebeT\u00a0B\u1eca \u0110I\u1ec6N LAMA<\/a><\/span><\/strong><\/span><\/p>\n<p><span style=\"font-family: 'times new roman', times, serif; font-size: 14pt; color: #000000;\"><strong>Youtube:\u00a0<span style=\"color: #ff6600;\"><a style=\"color: #ff6600;\" href=\"https:\/\/www.youtube.com\/@thietbidienlama\" target=\"_blank\" rel=\"noopener\">THI\u1ebeT\u00a0B\u1eca \u0110I\u1ec6N LAMA<\/a><\/span><\/strong><\/span><\/p>","protected":false},"excerpt":{"rendered":"<p>\u0110\u00e8n Led \u00c2m Tr\u1ea7n Panasonic 6W Neo Slim 2G D\u00f2ng \u0110\u00e8n LED \u00c2m tr\u1ea7n Panasonic 6W Neo Slim 2G l\u00e0<\/p>","protected":false},"featured_media":13300,"comment_status":"closed","ping_status":"closed","template":"","meta":[],"product_brand":[],"product_cat":[502,924,861,923,731],"product_tag":[922],"class_list":{"0":"post-13299","1":"product","2":"type-product","3":"status-publish","4":"has-post-thumbnail","6":"product_cat-den-chieu-sang","7":"product_cat-den-am-tran-panasonic","8":"product_cat-den-dowlight","9":"product_cat-den-panasonic","10":"product_cat-den-led-panasonic","11":"product_tag-den-led-am-tran-panasonic-6w","13":"first","14":"instock","15":"sale","16":"shipping-taxable","17":"purchasable","18":"product-type-simple"},"_links":{"self":[{"href":"https:\/\/mail.thietbidienlama.com\/en\/wp-json\/wp\/v2\/product\/13299","targetHints":{"allow":["GET"]}}],"collection":[{"href":"https:\/\/mail.thietbidienlama.com\/en\/wp-json\/wp\/v2\/product"}],"about":[{"href":"https:\/\/mail.thietbidienlama.com\/en\/wp-json\/wp\/v2\/types\/product"}],"replies":[{"embeddable":true,"href":"https:\/\/mail.thietbidienlama.com\/en\/wp-json\/wp\/v2\/comments?post=13299"}],"version-history":[{"count":5,"href":"https:\/\/mail.thietbidienlama.com\/en\/wp-json\/wp\/v2\/product\/13299\/revisions"}],"predecessor-version":[{"id":14426,"href":"https:\/\/mail.thietbidienlama.com\/en\/wp-json\/wp\/v2\/product\/13299\/revisions\/14426"}],"wp:featuredmedia":[{"embeddable":true,"href":"https:\/\/mail.thietbidienlama.com\/en\/wp-json\/wp\/v2\/media\/13300"}],"wp:attachment":[{"href":"https:\/\/mail.thietbidienlama.com\/en\/wp-json\/wp\/v2\/media?parent=13299"}],"wp:term":[{"taxonomy":"product_brand","embeddable":true,"href":"https:\/\/mail.thietbidienlama.com\/en\/wp-json\/wp\/v2\/product_brand?post=13299"},{"taxonomy":"product_cat","embeddable":true,"href":"https:\/\/mail.thietbidienlama.com\/en\/wp-json\/wp\/v2\/product_cat?post=13299"},{"taxonomy":"product_tag","embeddable":true,"href":"https:\/\/mail.thietbidienlama.com\/en\/wp-json\/wp\/v2\/product_tag?post=13299"}],"curies":[{"name":"wp","href":"https:\/\/api.w.org\/{rel}","templated":true}]}}