{"id":11986,"date":"2025-04-24T16:04:40","date_gmt":"2025-04-24T09:04:40","guid":{"rendered":"https:\/\/thietbidienlama.com\/?post_type=product&#038;p=11986"},"modified":"2026-04-20T15:56:40","modified_gmt":"2026-04-20T08:56:40","slug":"den-led-am-tran-panasonic-15w-don-sac","status":"publish","type":"product","link":"https:\/\/mail.thietbidienlama.com\/en\/den-led-am-tran-panasonic-15w-don-sac\/","title":{"rendered":"\u0110\u00e8n Led \u00c2m Tr\u1ea7n Panasonic 15W EZ-M \u0110\u01a1n S\u1eafc &#8211; Si\u00eau M\u1ecfng"},"content":{"rendered":"<h1 style=\"text-align: center;\"><span style=\"font-size: 18pt; font-family: 'times new roman', times, serif;\"><span style=\"color: #000000;\">\u0110\u00e8n Led \u00c2m Tr\u1ea7n Panasonic 15W &#8211; EZ-M &#8211;<\/span><span style=\"color: #000000;\">\u00a0<\/span><span style=\"color: #000000;\">\u0110\u01a1n S\u1eafc &#8211; Si\u00eau M\u1ecfng<\/span><\/span><\/h1>\n<div data-sfc-cp=\"\" data-sfc-root=\"c\" data-sfc-cb=\"\" data-hveid=\"CAEIAhAA\" data-complete=\"true\" data-processed=\"true\" data-copy-service-computed-style=\"font-family: &quot;Google Sans&quot;, Arial, sans-serif; font-size: 16px; font-weight: 400; margin: 12px 0px 16px; text-decoration: none; border-bottom: 0px none rgb(230, 232, 240);\"><span style=\"font-family: 'times new roman', times, serif; font-size: 14pt; color: #000000;\"><strong><span style=\"color: #ff6600;\"><a style=\"color: #ff6600;\" href=\"https:\/\/thietbidienlama.com\/den-am-tran-panasonic\/\">\u0110\u00e8n LED \u00e2m tr\u1ea7n Panasonic<\/a><\/span><\/strong> 15W d\u00f2ng EZ-M<!--TgQPHd|[]--> \u0111\u01a1n s\u1eafc l\u00e0 gi\u1ea3i ph\u00e1p chi\u1ebfu s\u00e1ng hi\u1ec7n \u0111\u1ea1i v\u1edbi thi\u1ebft k\u1ebf si\u00eau m\u1ecfng (ch\u1ec9 22.5mm)<!--TgQPHd|[]-->, ph\u00f9 h\u1ee3p cho c\u00e1c kh\u00f4ng gian c\u00f3 tr\u1ea7n th\u1ea1ch cao th\u1ea5p ho\u1eb7c di\u1ec7n t\u00edch l\u1eafp \u0111\u1eb7t h\u1ea1n ch\u1ebf<!--TgQPHd|[]-->.<!--TgQPHd|[]--><\/span><span style=\"font-family: 'times new roman', times, serif; font-size: 14pt; color: #000000;\"><!--TgQPHd|[]--><\/span><\/div>\n<div data-sfc-cp=\"\" data-sfc-root=\"c\" data-sfc-cb=\"\" data-complete=\"true\" data-processed=\"true\" data-copy-service-computed-style=\"font-family: &quot;Google Sans&quot;, Arial, sans-serif; font-size: 14px; font-weight: 400; margin: 0px; text-decoration: none; border-bottom: 0px none rgb(230, 232, 240);\"><span style=\"font-family: 'times new roman', times, serif; font-size: 14pt; color: #000000;\"><!--TgQPHd|[]--><\/span><\/div>\n<p><img fetchpriority=\"high\" decoding=\"async\" class=\"aligncenter wp-image-11981\" style=\"font-family: 'times new roman', times, serif; font-size: 18.6667px;\" src=\"http:\/\/thietbidienlama.com\/wp-content\/uploads\/2025\/04\/thong-so-den-panasonic-12w.jpg\" alt=\"\" width=\"700\" height=\"303\" srcset=\"https:\/\/mail.thietbidienlama.com\/wp-content\/uploads\/2025\/04\/thong-so-den-panasonic-12w.jpg 1012w, https:\/\/mail.thietbidienlama.com\/wp-content\/uploads\/2025\/04\/thong-so-den-panasonic-12w-300x130.jpg 300w, https:\/\/mail.thietbidienlama.com\/wp-content\/uploads\/2025\/04\/thong-so-den-panasonic-12w-768x332.jpg 768w, https:\/\/mail.thietbidienlama.com\/wp-content\/uploads\/2025\/04\/thong-so-den-panasonic-12w-18x8.jpg 18w, https:\/\/mail.thietbidienlama.com\/wp-content\/uploads\/2025\/04\/thong-so-den-panasonic-12w-150x65.jpg 150w\" sizes=\"(max-width: 700px) 100vw, 700px\" \/><img decoding=\"async\" class=\"aligncenter wp-image-11979\" style=\"font-family: 'times new roman', times, serif; font-size: 18.6667px;\" src=\"http:\/\/thietbidienlama.com\/wp-content\/uploads\/2025\/04\/kich-thuoc-den-panasonic-12w.jpg\" alt=\"\" width=\"700\" height=\"78\" srcset=\"https:\/\/mail.thietbidienlama.com\/wp-content\/uploads\/2025\/04\/kich-thuoc-den-panasonic-12w.jpg 961w, https:\/\/mail.thietbidienlama.com\/wp-content\/uploads\/2025\/04\/kich-thuoc-den-panasonic-12w-300x33.jpg 300w, https:\/\/mail.thietbidienlama.com\/wp-content\/uploads\/2025\/04\/kich-thuoc-den-panasonic-12w-768x86.jpg 768w, https:\/\/mail.thietbidienlama.com\/wp-content\/uploads\/2025\/04\/kich-thuoc-den-panasonic-12w-18x2.jpg 18w, https:\/\/mail.thietbidienlama.com\/wp-content\/uploads\/2025\/04\/kich-thuoc-den-panasonic-12w-150x17.jpg 150w\" sizes=\"(max-width: 700px) 100vw, 700px\" \/><\/p>\n<div id=\"attachment_11987\" style=\"width: 710px\" class=\"wp-caption aligncenter\"><img decoding=\"async\" aria-describedby=\"caption-attachment-11987\" class=\"wp-image-11987\" style=\"font-family: 'times new roman', times, serif; font-size: 18.6667px;\" src=\"http:\/\/thietbidienlama.com\/wp-content\/uploads\/2025\/04\/den-panasonic-15w-don-sac.jpg\" alt=\"Den Panasonic 15w Don Sac\" width=\"700\" height=\"134\" srcset=\"https:\/\/mail.thietbidienlama.com\/wp-content\/uploads\/2025\/04\/den-panasonic-15w-don-sac.jpg 859w, https:\/\/mail.thietbidienlama.com\/wp-content\/uploads\/2025\/04\/den-panasonic-15w-don-sac-300x58.jpg 300w, https:\/\/mail.thietbidienlama.com\/wp-content\/uploads\/2025\/04\/den-panasonic-15w-don-sac-768x148.jpg 768w, https:\/\/mail.thietbidienlama.com\/wp-content\/uploads\/2025\/04\/den-panasonic-15w-don-sac-18x3.jpg 18w, https:\/\/mail.thietbidienlama.com\/wp-content\/uploads\/2025\/04\/den-panasonic-15w-don-sac-150x29.jpg 150w\" sizes=\"(max-width: 700px) 100vw, 700px\" \/><p id=\"caption-attachment-11987\" class=\"wp-caption-text\">\u00a0 \u00a0 \u00a0 \u00a0 \u00a0 \u00a0 \u00a0 \u00a0 \u00a0 \u00a0 \u00a0 \u00a0 \u00a0 \u00a0 \u00a0 \u00a0 \u00a0 \u00a0 \u00a0 \u00a0 \u00a0 \u00a0 \u00a0 \u00a0 \u00a0 \u00a0 \u00a0 \u00a0 \u00a0 \u00a0 \u00a0 \u00a0 \u00a0 \u00a0 \u00a0 \u00a0 \u00a0 \u00a0 \u00a0 \u00a0Den Panasonic 15w Don Sac<\/p><\/div>\n<h2><span style=\"font-family: 'times new roman', times, serif; font-size: 18pt; color: #ff6600;\">Th\u00f4ng s\u1ed1 <span style=\"font-family: 'times new roman', times, serif;\">\u0110\u00e8n LED \u00e2m tr\u1ea7n Panasonic 15W EZ-M<\/span><\/span><\/h2>\n<ul data-sfc-root=\"c\" data-sfc-cb=\"\" data-complete=\"true\" data-processed=\"true\" data-copy-service-computed-style=\"font-family: &quot;Google Sans&quot;, Arial, sans-serif; font-size: 16px; font-weight: 400; margin: 12px 0px 16px; text-decoration: none; border-bottom: 0px none rgb(230, 232, 240);\">\n<li data-sfc-root=\"c\" data-sfc-cb=\"\" data-hveid=\"CAEIBRAA\" data-complete=\"true\" data-sae=\"\" data-copy-service-computed-style=\"font-family: &quot;Google Sans&quot;, Arial, sans-serif; font-size: 16px; font-weight: 400; margin: 0px 0px 12px; text-decoration: none; border-bottom: 0px none rgb(230, 232, 240);\"><span style=\"font-family: 'times new roman', times, serif; font-size: 14pt; color: #000000;\">C\u00f4ng su\u1ea5t<!--TgQPHd|[]-->: 15W.<!--TgQPHd|[]--><!--TgQPHd|[]--><\/span><\/li>\n<li data-sfc-root=\"c\" data-sfc-cb=\"\" data-hveid=\"CAEIBRAB\" data-complete=\"true\" data-sae=\"\" data-copy-service-computed-style=\"font-family: &quot;Google Sans&quot;, Arial, sans-serif; font-size: 16px; font-weight: 400; margin: 0px 0px 12px; text-decoration: none; border-bottom: 0px none rgb(230, 232, 240);\"><span style=\"font-family: 'times new roman', times, serif; font-size: 14pt; color: #000000;\">K\u00edch th\u01b0\u1edbc \u0111\u00e8n<!--TgQPHd|[]-->: \u0110\u01b0\u1eddng k\u00ednh m\u1eb7t (158mm), \u0111\u1ed9 d\u00e0y (22.5mm).<!--TgQPHd|[]--><!--TgQPHd|[]--><\/span><\/li>\n<li data-sfc-root=\"c\" data-sfc-cb=\"\" data-hveid=\"CAEIBRAE\" data-complete=\"true\" data-sae=\"\" data-copy-service-computed-style=\"font-family: &quot;Google Sans&quot;, Arial, sans-serif; font-size: 16px; font-weight: 400; margin: 0px 0px 12px; text-decoration: none; border-bottom: 0px none rgb(230, 232, 240);\"><span style=\"font-family: 'times new roman', times, serif; font-size: 14pt; color: #000000;\">K\u00edch th\u01b0\u1edbc kho\u00e9t l\u1ed7<!--TgQPHd|[]-->: ( 148mm) ho\u1eb7c (150mm) (t\u00f9y theo th\u1ef1c t\u1ebf thi c\u00f4ng tr\u1ea7n).<!--TgQPHd|[]--><!--TgQPHd|[]--><\/span><\/li>\n<li data-sfc-root=\"c\" data-sfc-cb=\"\" data-hveid=\"CAEIBRAH\" data-complete=\"true\" data-sae=\"\" data-copy-service-computed-style=\"font-family: &quot;Google Sans&quot;, Arial, sans-serif; font-size: 16px; font-weight: 400; margin: 0px 0px 12px; text-decoration: none; border-bottom: 0px none rgb(230, 232, 240);\"><span style=\"font-family: 'times new roman', times, serif; font-size: 14pt; color: #000000;\">Quang th\u00f4ng<!--TgQPHd|[]-->: 1.200 Lm, cung c\u1ea5p \u00e1nh s\u00e1ng m\u1ea1nh m\u1ebd v\u00e0 \u1ed5n \u0111\u1ecbnh.<!--TgQPHd|[]--><!--TgQPHd|[]--><\/span><\/li>\n<li data-sfc-root=\"c\" data-sfc-cb=\"\" data-hveid=\"CAEIBRAI\" data-complete=\"true\" data-sae=\"\" data-copy-service-computed-style=\"font-family: &quot;Google Sans&quot;, Arial, sans-serif; font-size: 16px; font-weight: 400; margin: 0px 0px 12px; text-decoration: none; border-bottom: 0px none rgb(230, 232, 240);\"><span style=\"font-family: 'times new roman', times, serif; font-size: 14pt; color: #000000;\">T\u00f9y ch\u1ecdn \u00e1nh s\u00e1ng \u0111\u01a1n s\u1eafc<!--TgQPHd|[]-->:<!--TgQPHd|[]--><\/span>\n<ul data-sfc-root=\"c\" data-sfc-cb=\"\" data-complete=\"true\" data-copy-service-computed-style=\"font-family: &quot;Google Sans&quot;, Arial, sans-serif; font-size: 16px; font-weight: 400; margin: 12px 0px 16px; text-decoration: none; border-bottom: 0px none rgb(230, 232, 240);\">\n<li data-sfc-root=\"c\" data-sfc-cb=\"\" data-hveid=\"CAEIBRAJ\" data-complete=\"true\" data-sae=\"\" data-copy-service-computed-style=\"font-family: &quot;Google Sans&quot;, Arial, sans-serif; font-size: 16px; font-weight: 400; margin: 0px 0px 12px; text-decoration: none; border-bottom: 0px none rgb(230, 232, 240);\"><span style=\"font-family: 'times new roman', times, serif; font-size: 14pt; color: #000000;\">Tr\u1eafng (6500K)<!--TgQPHd|[]-->: Ph\u00f9 h\u1ee3p cho v\u0103n ph\u00f2ng, b\u1ebfp ho\u1eb7c kh\u00f4ng gian c\u1ea7n s\u1ef1 t\u1ec9nh t\u00e1o.<!--TgQPHd|[]--><!--TgQPHd|[]--><\/span><\/li>\n<li data-sfc-root=\"c\" data-sfc-cb=\"\" data-hveid=\"CAEIBRAK\" data-complete=\"true\" data-sae=\"\" data-copy-service-computed-style=\"font-family: &quot;Google Sans&quot;, Arial, sans-serif; font-size: 16px; font-weight: 400; margin: 0px 0px 12px; text-decoration: none; border-bottom: 0px none rgb(230, 232, 240);\"><span style=\"font-family: 'times new roman', times, serif; font-size: 14pt; color: #000000;\">Trung t\u00ednh (4000K)<!--TgQPHd|[]-->: Th\u00edch h\u1ee3p cho ph\u00f2ng kh\u00e1ch, khu v\u1ef1c tr\u01b0ng b\u00e0y.<!--TgQPHd|[]--><!--TgQPHd|[]--><\/span><\/li>\n<li data-sfc-root=\"c\" data-sfc-cb=\"\" data-hveid=\"CAEIBRAL\" data-complete=\"true\" data-sae=\"\" data-copy-service-computed-style=\"font-family: &quot;Google Sans&quot;, Arial, sans-serif; font-size: 16px; font-weight: 400; margin: 0px 0px 12px; text-decoration: none; border-bottom: 0px none rgb(230, 232, 240);\"><span style=\"font-family: 'times new roman', times, serif; font-size: 14pt; color: #000000;\">V\u00e0ng (3000K)<!--TgQPHd|[]-->: T\u1ea1o c\u1ea3m gi\u00e1c \u1ea5m c\u00fang cho ph\u00f2ng ng\u1ee7, nh\u00e0 h\u00e0ng.<!--TgQPHd|[]--><!--TgQPHd|[]--><\/span><\/li>\n<p><!--TgQPHd|[]--><\/ul>\n<p><span style=\"font-family: 'times new roman', times, serif; font-size: 14pt; color: #000000;\"><!--TgQPHd|[]--><\/span><\/li>\n<li data-sfc-root=\"c\" data-sfc-cb=\"\" data-hveid=\"CAEIBRAM\" data-complete=\"true\" data-sae=\"\" data-copy-service-computed-style=\"font-family: &quot;Google Sans&quot;, Arial, sans-serif; font-size: 16px; font-weight: 400; margin: 0px 0px 12px; text-decoration: none; border-bottom: 0px none rgb(230, 232, 240);\"><span style=\"font-family: 'times new roman', times, serif; font-size: 14pt; color: #000000;\">Ch\u1ec9 s\u1ed1 ho\u00e0n m\u00e0u (CRI)<!--TgQPHd|[]-->: (Ra &gt;\/ 80), gi\u00fap m\u00e0u s\u1eafc v\u1eadt th\u1ec3 hi\u1ec3n th\u1ecb trung th\u1ef1c.<!--TgQPHd|[]--><!--TgQPHd|[]--><\/span><\/li>\n<li data-sfc-root=\"c\" data-sfc-cb=\"\" data-hveid=\"CAEIBRAO\" data-complete=\"true\" data-sae=\"\" data-copy-service-computed-style=\"font-family: &quot;Google Sans&quot;, Arial, sans-serif; font-size: 16px; font-weight: 400; margin: 0px 0px 12px; text-decoration: none; border-bottom: 0px none rgb(230, 232, 240);\"><span style=\"font-family: 'times new roman', times, serif; font-size: 14pt; color: #000000;\">Tu\u1ed5i th\u1ecd<!--TgQPHd|[]-->: 20.000 gi\u1edd s\u1eed d\u1ee5ng.<!--TgQPHd|[]--><!--TgQPHd|[]--><\/span><\/li>\n<li data-sfc-root=\"c\" data-sfc-cb=\"\" data-hveid=\"CAEIBRAP\" data-complete=\"true\" data-sae=\"\" data-copy-service-computed-style=\"font-family: &quot;Google Sans&quot;, Arial, sans-serif; font-size: 16px; font-weight: 400; margin: 0px 0px 12px; text-decoration: none; border-bottom: 0px none rgb(230, 232, 240);\"><span style=\"font-family: 'times new roman', times, serif; font-size: 14pt; color: #000000;\">Ch\u1ea5t li\u1ec7u<!--TgQPHd|[]-->: Th\u00e2n \u0111\u00e8n b\u1eb1ng h\u1ee3p kim nh\u00f4m t\u1ea3n nhi\u1ec7t t\u1ed1t, m\u1eb7t \u0111\u00e8n b\u1eb1ng nh\u1ef1a cao c\u1ea5p h\u1ea1n ch\u1ebf \u1ed1 v\u00e0ng.<!--TgQPHd|[]--><\/span><\/li>\n<p><!--TgQPHd|[]--><\/ul>\n<div id=\"attachment_14344\" style=\"width: 610px\" class=\"wp-caption aligncenter\"><img loading=\"lazy\" decoding=\"async\" aria-describedby=\"caption-attachment-14344\" class=\"wp-image-14344 size-full\" src=\"http:\/\/thietbidienlama.com\/wp-content\/uploads\/2025\/04\/Den-Led-Am-Tran-Panasonic-15W-EZ-M-Don-Sac-Sieu-Mong.jpg\" alt=\"\u0110\u00e8n Led \u00c2m Tr\u1ea7n Panasonic 15W EZ M \u0110\u01a1n S\u1eafc Si\u00eau M\u1ecfng\" width=\"600\" height=\"508\" srcset=\"https:\/\/mail.thietbidienlama.com\/wp-content\/uploads\/2025\/04\/Den-Led-Am-Tran-Panasonic-15W-EZ-M-Don-Sac-Sieu-Mong.jpg 600w, https:\/\/mail.thietbidienlama.com\/wp-content\/uploads\/2025\/04\/Den-Led-Am-Tran-Panasonic-15W-EZ-M-Don-Sac-Sieu-Mong-300x254.jpg 300w, https:\/\/mail.thietbidienlama.com\/wp-content\/uploads\/2025\/04\/Den-Led-Am-Tran-Panasonic-15W-EZ-M-Don-Sac-Sieu-Mong-14x12.jpg 14w, https:\/\/mail.thietbidienlama.com\/wp-content\/uploads\/2025\/04\/Den-Led-Am-Tran-Panasonic-15W-EZ-M-Don-Sac-Sieu-Mong-150x127.jpg 150w\" sizes=\"(max-width: 600px) 100vw, 600px\" \/><p id=\"caption-attachment-14344\" class=\"wp-caption-text\">\u00a0 \u00a0 \u00a0 \u00a0 \u00a0 \u00a0 \u00a0 \u00a0 \u00a0 \u00a0 \u00a0 \u00a0\u0110\u00e8n Led \u00c2m Tr\u1ea7n Panasonic 15W EZ M \u0110\u01a1n S\u1eafc Si\u00eau M\u1ecfng<\/p><\/div>\n<div data-sfc-cp=\"\" data-sfc-root=\"c\" data-sfc-cb=\"\" data-complete=\"true\" data-processed=\"true\" data-copy-service-computed-style=\"font-family: &quot;Google Sans&quot;, Arial, sans-serif; font-size: 14px; font-weight: 400; margin: 0px; text-decoration: none; border-bottom: 0px none rgb(230, 232, 240);\"><span style=\"font-family: 'times new roman', times, serif; font-size: 14pt; color: #000000;\"><!--TgQPHd|[]--><\/span><\/div>\n<h2 role=\"heading\" aria-level=\"3\" data-sfc-root=\"c\" data-complete=\"true\" data-processed=\"true\" data-copy-service-computed-style=\"font-family: &quot;Google Sans&quot;, Arial, sans-serif; font-size: 20px; font-weight: 600; margin: 24px 0px 12px; text-decoration: none; border-bottom: 0px none rgb(230, 232, 240);\"><span style=\"font-family: 'times new roman', times, serif; font-size: 14pt; color: #000000;\"><span style=\"font-size: 18pt; color: #ff6600;\">\u01afu \u0111i\u1ec3m n\u1ed5i b\u1eadt<\/span><!--TgQPHd|[]--><\/span><\/h2>\n<ul>\n<li style=\"list-style-type: none;\">\n<ul data-sfc-root=\"c\" data-sfc-cb=\"\" data-complete=\"true\" data-processed=\"true\" data-copy-service-computed-style=\"font-family: &quot;Google Sans&quot;, Arial, sans-serif; font-size: 16px; font-weight: 400; margin: 12px 0px 16px; text-decoration: none; border-bottom: 0px none rgb(230, 232, 240);\">\n<li data-sfc-root=\"c\" data-sfc-cb=\"\" data-hveid=\"CAEIBxAA\" data-complete=\"true\" data-sae=\"\" data-copy-service-computed-style=\"font-family: &quot;Google Sans&quot;, Arial, sans-serif; font-size: 16px; font-weight: 400; margin: 0px 0px 12px; text-decoration: none; border-bottom: 0px none rgb(230, 232, 240);\"><span style=\"font-family: 'times new roman', times, serif; font-size: 14pt; color: #000000;\">Thi\u1ebft k\u1ebf si\u00eau m\u1ecfng<!--TgQPHd|[]-->: Gi\u00fap l\u1eafp \u0111\u1eb7t d\u1ec5 d\u00e0ng t\u1ea1i c\u00e1c v\u1ecb tr\u00ed tr\u1ea7n c\u00f3 kho\u1ea3ng c\u00e1ch gi\u1eefa tr\u1ea7n b\u00ea t\u00f4ng v\u00e0 th\u1ea1ch cao h\u1eb9p.<!--TgQPHd|[]--><!--TgQPHd|[]--><\/span><\/li>\n<li data-sfc-root=\"c\" data-sfc-cb=\"\" data-hveid=\"CAEIBxAB\" data-complete=\"true\" data-sae=\"\" data-copy-service-computed-style=\"font-family: &quot;Google Sans&quot;, Arial, sans-serif; font-size: 16px; font-weight: 400; margin: 0px 0px 12px; text-decoration: none; border-bottom: 0px none rgb(230, 232, 240);\"><span style=\"font-family: 'times new roman', times, serif; font-size: 14pt; color: #000000;\">B\u1ed9 ngu\u1ed3n t\u00e1ch r\u1eddi<!--TgQPHd|[]-->: Gi\u00fap vi\u1ec7c thay th\u1ebf v\u00e0 b\u1ea3o tr\u00ec thu\u1eadn ti\u1ec7n h\u01a1n m\u00e0 kh\u00f4ng c\u1ea7n thay to\u00e0n b\u1ed9 \u0111\u00e8n.<!--TgQPHd|[]--><!--TgQPHd|[]--><\/span><\/li>\n<li data-sfc-root=\"c\" data-sfc-cb=\"\" data-hveid=\"CAEIBxAC\" data-complete=\"true\" data-sae=\"\" data-copy-service-computed-style=\"font-family: &quot;Google Sans&quot;, Arial, sans-serif; font-size: 16px; font-weight: 400; margin: 0px 0px 12px; text-decoration: none; border-bottom: 0px none rgb(230, 232, 240);\"><span style=\"font-family: 'times new roman', times, serif; font-size: 14pt; color: #000000;\" data-sfc-cp=\"\" data-sfc-root=\"c\" data-sfc-cb=\"\" data-complete=\"true\" aria-owns=\"action-menu-parent-container\" data-copy-service-computed-style=\"font-family: &quot;Google Sans&quot;, Arial, sans-serif; font-size: 16px; font-weight: 400; margin: 0px; text-decoration: none; border-bottom: 0px none rgb(230, 232, 240);\">Ti\u1ebft ki\u1ec7m \u0111i\u1ec7n<!--TgQPHd|[]-->: Gi\u1ea3m t\u1edbi 80% \u0111i\u1ec7n n\u0103ng so v\u1edbi c\u00e1c d\u00f2ng \u0111\u00e8n truy\u1ec1n th\u1ed1ng.<\/span><\/li>\n<\/ul>\n<\/li>\n<\/ul>\n<p class=\"Y3BBE\" data-hveid=\"CAEICBAA\" data-complete=\"true\" data-processed=\"true\"><span style=\"font-family: 'times new roman', times, serif; font-size: 14pt; color: #000000;\"><strong>LI\u00caN H\u1ec6 : Hotline: 0935 228 204 ( Ms Lam )<\/strong><\/span><\/p>\n<p><span style=\"font-family: 'times new roman', times, serif; font-size: 14pt; color: #000000;\"><strong>Facebook:\u00a0<span style=\"color: #ff6600;\"><a style=\"color: #ff6600;\" href=\"https:\/\/www.facebook.com\/thietbidienlama\" target=\"_blank\" rel=\"noopener\">THI\u1ebeT\u00a0B\u1eca \u0110I\u1ec6N LAMA<\/a><\/span><\/strong><\/span><\/p>\n<p><span style=\"font-family: 'times new roman', times, serif; font-size: 14pt; color: #000000;\"><strong>Tiktok:\u00a0<span style=\"color: #ff6600;\"><a style=\"color: #ff6600;\" href=\"https:\/\/www.tiktok.com\/@thietbidienlama\" target=\"_blank\" rel=\"noopener\">THI\u1ebeT\u00a0B\u1eca \u0110I\u1ec6N LAMA<\/a><\/span><\/strong><\/span><\/p>\n<p><span style=\"font-family: 'times new roman', times, serif; font-size: 14pt; color: #000000;\"><strong>Youtube:\u00a0<span style=\"color: #ff6600;\"><a style=\"color: #ff6600;\" href=\"https:\/\/www.youtube.com\/@thietbidienlama\" target=\"_blank\" rel=\"noopener\">THI\u1ebeT\u00a0B\u1eca \u0110I\u1ec6N LAMA<\/a><\/span><\/strong><\/span><\/p>","protected":false},"excerpt":{"rendered":"<p>\u0110\u00e8n Led \u00c2m Tr\u1ea7n Panasonic 15W &#8211; EZ-M &#8211;\u00a0\u0110\u01a1n S\u1eafc &#8211; Si\u00eau M\u1ecfng \u0110\u00e8n LED \u00e2m tr\u1ea7n Panasonic 15W d\u00f2ng<\/p>","protected":false},"featured_media":11978,"comment_status":"closed","ping_status":"closed","template":"","meta":[],"product_brand":[],"product_cat":[502,924,923,731],"product_tag":[],"class_list":{"0":"post-11986","1":"product","2":"type-product","3":"status-publish","4":"has-post-thumbnail","6":"product_cat-den-chieu-sang","7":"product_cat-den-am-tran-panasonic","8":"product_cat-den-panasonic","9":"product_cat-den-led-panasonic","11":"first","12":"instock","13":"sale","14":"shipping-taxable","15":"purchasable","16":"product-type-simple"},"_links":{"self":[{"href":"https:\/\/mail.thietbidienlama.com\/en\/wp-json\/wp\/v2\/product\/11986","targetHints":{"allow":["GET"]}}],"collection":[{"href":"https:\/\/mail.thietbidienlama.com\/en\/wp-json\/wp\/v2\/product"}],"about":[{"href":"https:\/\/mail.thietbidienlama.com\/en\/wp-json\/wp\/v2\/types\/product"}],"replies":[{"embeddable":true,"href":"https:\/\/mail.thietbidienlama.com\/en\/wp-json\/wp\/v2\/comments?post=11986"}],"version-history":[{"count":3,"href":"https:\/\/mail.thietbidienlama.com\/en\/wp-json\/wp\/v2\/product\/11986\/revisions"}],"predecessor-version":[{"id":14343,"href":"https:\/\/mail.thietbidienlama.com\/en\/wp-json\/wp\/v2\/product\/11986\/revisions\/14343"}],"wp:featuredmedia":[{"embeddable":true,"href":"https:\/\/mail.thietbidienlama.com\/en\/wp-json\/wp\/v2\/media\/11978"}],"wp:attachment":[{"href":"https:\/\/mail.thietbidienlama.com\/en\/wp-json\/wp\/v2\/media?parent=11986"}],"wp:term":[{"taxonomy":"product_brand","embeddable":true,"href":"https:\/\/mail.thietbidienlama.com\/en\/wp-json\/wp\/v2\/product_brand?post=11986"},{"taxonomy":"product_cat","embeddable":true,"href":"https:\/\/mail.thietbidienlama.com\/en\/wp-json\/wp\/v2\/product_cat?post=11986"},{"taxonomy":"product_tag","embeddable":true,"href":"https:\/\/mail.thietbidienlama.com\/en\/wp-json\/wp\/v2\/product_tag?post=11986"}],"curies":[{"name":"wp","href":"https:\/\/api.w.org\/{rel}","templated":true}]}}