{"id":11983,"date":"2025-04-24T15:49:46","date_gmt":"2025-04-24T08:49:46","guid":{"rendered":"https:\/\/thietbidienlama.com\/?post_type=product&#038;p=11983"},"modified":"2026-04-20T15:56:55","modified_gmt":"2026-04-20T08:56:55","slug":"den-led-am-tran-9w-panasonic-don-sac","status":"publish","type":"product","link":"https:\/\/mail.thietbidienlama.com\/en\/den-led-am-tran-9w-panasonic-don-sac\/","title":{"rendered":"\u0110\u00e8n Led \u00c2m Tr\u1ea7n 9W Panasonic EZ-M \u2013 1 M\u00e0u Si\u00eau M\u1ecfng"},"content":{"rendered":"<h1 style=\"text-align: center;\"><span style=\"font-family: 'times new roman', times, serif; font-size: 18pt;\">\u0110\u00e8n Led \u00c2m Tr\u1ea7n 9W Panasonic EZ-M \u2013 1 M\u00e0u Si\u00eau M\u1ecfng<\/span><\/h1>\n<h2 role=\"heading\" aria-level=\"3\" data-sfc-root=\"c\" data-complete=\"true\" data-processed=\"true\" data-copy-service-computed-style=\"font-family: &quot;Google Sans&quot;, Arial, sans-serif; font-size: 16px; font-weight: 700; margin: 24px 0px 12px; text-decoration: none; border-bottom: 0px none rgb(230, 232, 240);\"><span style=\"font-size: 18pt; color: #ff6600;\"><span style=\"font-family: 'times new roman', times, serif;\"><span style=\"font-family: 'times new roman', times, serif;\">Th\u00f4ng s\u1ed1 <\/span><\/span><span style=\"font-family: 'times new roman', times, serif;\"><!--TgQPHd|[]--><\/span><span style=\"font-family: 'times new roman', times, serif; text-align: center;\"><a href=\"https:\/\/thietbidienlama.com\/den-am-tran-panasonic\/\">\u0110\u00e8n Led \u00c2m Tr\u1ea7n<\/a> 9W Panasonic<\/span><\/span><\/h2>\n<ul data-sfc-root=\"c\" data-sfc-cb=\"\" data-complete=\"true\" data-processed=\"true\" data-copy-service-computed-style=\"font-family: &quot;Google Sans&quot;, Arial, sans-serif; font-size: 16px; font-weight: 400; margin: 12px 0px 16px; text-decoration: none; border-bottom: 0px none rgb(230, 232, 240);\">\n<li style=\"list-style-type: none;\">\n<ul data-sfc-root=\"c\" data-sfc-cb=\"\" data-complete=\"true\" data-processed=\"true\" data-copy-service-computed-style=\"font-family: &quot;Google Sans&quot;, Arial, sans-serif; font-size: 16px; font-weight: 400; margin: 12px 0px 16px; text-decoration: none; border-bottom: 0px none rgb(230, 232, 240);\">\n<li data-sfc-root=\"c\" data-sfc-cb=\"\" data-hveid=\"CAEIAxAA\" data-complete=\"true\" data-sae=\"\" data-copy-service-computed-style=\"font-family: &quot;Google Sans&quot;, Arial, sans-serif; font-size: 16px; font-weight: 400; margin: 0px 0px 12px; text-decoration: none; border-bottom: 0px none rgb(230, 232, 240);\"><span style=\"font-family: 'times new roman', times, serif; font-size: 14pt; color: #000000;\">M\u00e3 s\u1ea3n ph\u1ea9m:<!--TgQPHd|[]--><!--TgQPHd|[]--><\/span>\n<ul data-sfc-root=\"c\" data-sfc-cb=\"\" data-complete=\"true\" data-copy-service-computed-style=\"font-family: &quot;Google Sans&quot;, Arial, sans-serif; font-size: 16px; font-weight: 400; margin: 12px 0px 16px; text-decoration: none; border-bottom: 0px none rgb(230, 232, 240);\">\n<li style=\"list-style-type: none;\">\n<ul data-sfc-root=\"c\" data-sfc-cb=\"\" data-complete=\"true\" data-copy-service-computed-style=\"font-family: &quot;Google Sans&quot;, Arial, sans-serif; font-size: 16px; font-weight: 400; margin: 12px 0px 16px; text-decoration: none; border-bottom: 0px none rgb(230, 232, 240);\">\n<li data-sfc-root=\"c\" data-sfc-cb=\"\" data-hveid=\"CAEIAxAB\" data-complete=\"true\" data-sae=\"\" data-copy-service-computed-style=\"font-family: &quot;Google Sans&quot;, Arial, sans-serif; font-size: 16px; font-weight: 400; margin: 0px 0px 12px; text-decoration: none; border-bottom: 0px none rgb(230, 232, 240);\"><span style=\"font-family: 'times new roman', times, serif; font-size: 14pt; color: #000000;\">NNNC7650188:<!--TgQPHd|[]--> \u00c1nh s\u00e1ng V\u00e0ng \u1ea5m (3000K).<!--TgQPHd|[]--><!--TgQPHd|[]--><\/span><\/li>\n<li data-sfc-root=\"c\" data-sfc-cb=\"\" data-hveid=\"CAEIAxAC\" data-complete=\"true\" data-sae=\"\" data-copy-service-computed-style=\"font-family: &quot;Google Sans&quot;, Arial, sans-serif; font-size: 16px; font-weight: 400; margin: 0px 0px 12px; text-decoration: none; border-bottom: 0px none rgb(230, 232, 240);\"><span style=\"font-family: 'times new roman', times, serif; font-size: 14pt; color: #000000;\">NNNC7655188:<!--TgQPHd|[]--> \u00c1nh s\u00e1ng Trung t\u00ednh (4000K).<!--TgQPHd|[]--><!--TgQPHd|[]--><\/span><\/li>\n<li data-sfc-root=\"c\" data-sfc-cb=\"\" data-hveid=\"CAEIAxAD\" data-complete=\"true\" data-sae=\"\" data-copy-service-computed-style=\"font-family: &quot;Google Sans&quot;, Arial, sans-serif; font-size: 16px; font-weight: 400; margin: 0px 0px 12px; text-decoration: none; border-bottom: 0px none rgb(230, 232, 240);\"><span style=\"font-family: 'times new roman', times, serif; font-size: 14pt; color: #000000;\">NNNC7651188:<!--TgQPHd|[]--> \u00c1nh s\u00e1ng Tr\u1eafng (6500K).<!--TgQPHd|[]--><!--TgQPHd|[]--><\/span><\/li>\n<\/ul>\n<\/li>\n<\/ul>\n<p><!--TgQPHd|[]--><\/p>\n<p><span style=\"font-family: 'times new roman', times, serif; font-size: 14pt; color: #000000;\"><!--TgQPHd|[]--><\/span><\/li>\n<li data-sfc-root=\"c\" data-sfc-cb=\"\" data-hveid=\"CAEIAxAE\" data-complete=\"true\" data-sae=\"\" data-copy-service-computed-style=\"font-family: &quot;Google Sans&quot;, Arial, sans-serif; font-size: 16px; font-weight: 400; margin: 0px 0px 12px; text-decoration: none; border-bottom: 0px none rgb(230, 232, 240);\"><span style=\"font-family: 'times new roman', times, serif; font-size: 14pt; color: #000000;\">C\u00f4ng su\u1ea5t:<!--TgQPHd|[]--> 9W.<!--TgQPHd|[]--><!--TgQPHd|[]--><\/span><\/li>\n<li data-sfc-root=\"c\" data-sfc-cb=\"\" data-hveid=\"CAEIAxAF\" data-complete=\"true\" data-sae=\"\" data-copy-service-computed-style=\"font-family: &quot;Google Sans&quot;, Arial, sans-serif; font-size: 16px; font-weight: 400; margin: 0px 0px 12px; text-decoration: none; border-bottom: 0px none rgb(230, 232, 240);\"><span style=\"font-family: 'times new roman', times, serif; font-size: 14pt; color: #000000;\">\u0110\u1ed9 s\u00e1ng (Quang th\u00f4ng):<!--TgQPHd|[]--> 675 lm (kh\u00e1 cao cho c\u00f4ng su\u1ea5t 9W).<!--TgQPHd|[]--><!--TgQPHd|[]--><\/span><\/li>\n<li data-sfc-root=\"c\" data-sfc-cb=\"\" data-hveid=\"CAEIAxAG\" data-complete=\"true\" data-sae=\"\" data-copy-service-computed-style=\"font-family: &quot;Google Sans&quot;, Arial, sans-serif; font-size: 16px; font-weight: 400; margin: 0px 0px 12px; text-decoration: none; border-bottom: 0px none rgb(230, 232, 240);\"><span style=\"font-family: 'times new roman', times, serif; font-size: 14pt; color: #000000;\">K\u00edch th\u01b0\u1edbc kho\u00e9t l\u1ed7: 88mm (B\u1ea1n n\u00ean kho\u00e9t l\u1ed7 90mm \u0111\u1ec3 l\u1eafp \u0111\u1eb7t d\u1ec5 d\u00e0ng nh\u1ea5t).<!--TgQPHd|[]--><!--TgQPHd|[]--><\/span><\/li>\n<li data-sfc-root=\"c\" data-sfc-cb=\"\" data-hveid=\"CAEIAxAI\" data-complete=\"true\" data-sae=\"\" data-copy-service-computed-style=\"font-family: &quot;Google Sans&quot;, Arial, sans-serif; font-size: 16px; font-weight: 400; margin: 0px 0px 12px; text-decoration: none; border-bottom: 0px none rgb(230, 232, 240);\"><span style=\"font-family: 'times new roman', times, serif; font-size: 14pt; color: #000000;\">K\u00edch th\u01b0\u1edbc m\u1eb7t \u0111\u00e8n:\u00a098 mm.<!--TgQPHd|[]--><!--TgQPHd|[]--><\/span><\/li>\n<li data-sfc-root=\"c\" data-sfc-cb=\"\" data-hveid=\"CAEIAxAK\" data-complete=\"true\" data-sae=\"\" data-copy-service-computed-style=\"font-family: &quot;Google Sans&quot;, Arial, sans-serif; font-size: 16px; font-weight: 400; margin: 0px 0px 12px; text-decoration: none; border-bottom: 0px none rgb(230, 232, 240);\"><span style=\"font-family: 'times new roman', times, serif; font-size: 14pt; color: #000000;\">\u0110\u1ed9 d\u00e0y (Chi\u1ec1u cao):<!--TgQPHd|[]--> 22.5 mm (si\u00eau m\u1ecfng, chuy\u00ean tr\u1ecb c\u00e1c lo\u1ea1i tr\u1ea7n c\u1ea5n x\u01b0\u01a1ng).<!--TgQPHd|[]--><!--TgQPHd|[]--><\/span><\/li>\n<li data-sfc-root=\"c\" data-sfc-cb=\"\" data-hveid=\"CAEIAxAL\" data-complete=\"true\" data-sae=\"\" data-copy-service-computed-style=\"font-family: &quot;Google Sans&quot;, Arial, sans-serif; font-size: 16px; font-weight: 400; margin: 0px 0px 12px; text-decoration: none; border-bottom: 0px none rgb(230, 232, 240);\"><span style=\"font-family: 'times new roman', times, serif; font-size: 14pt; color: #000000;\">Gi\u00e1 ni\u00eam y\u1ebft (Tham kh\u1ea3o):<!--TgQPHd|[]--> 295.000 VN\u0110\/c\u00e1i (Ch\u01b0a bao g\u1ed3m chi\u1ebft kh\u1ea5u \u0111\u1ea1i l\u00fd).<!--TgQPHd|[]--><!--TgQPHd|[]--><\/span><img fetchpriority=\"high\" decoding=\"async\" class=\"aligncenter wp-image-11981\" src=\"http:\/\/thietbidienlama.com\/wp-content\/uploads\/2025\/04\/thong-so-den-panasonic-12w.jpg\" alt=\"\" width=\"600\" height=\"260\" srcset=\"https:\/\/mail.thietbidienlama.com\/wp-content\/uploads\/2025\/04\/thong-so-den-panasonic-12w.jpg 1012w, https:\/\/mail.thietbidienlama.com\/wp-content\/uploads\/2025\/04\/thong-so-den-panasonic-12w-300x130.jpg 300w, https:\/\/mail.thietbidienlama.com\/wp-content\/uploads\/2025\/04\/thong-so-den-panasonic-12w-768x332.jpg 768w, https:\/\/mail.thietbidienlama.com\/wp-content\/uploads\/2025\/04\/thong-so-den-panasonic-12w-18x8.jpg 18w, https:\/\/mail.thietbidienlama.com\/wp-content\/uploads\/2025\/04\/thong-so-den-panasonic-12w-150x65.jpg 150w\" sizes=\"(max-width: 600px) 100vw, 600px\" \/><img decoding=\"async\" class=\"aligncenter wp-image-11979\" src=\"http:\/\/thietbidienlama.com\/wp-content\/uploads\/2025\/04\/kich-thuoc-den-panasonic-12w.jpg\" alt=\"\" width=\"600\" height=\"67\" srcset=\"https:\/\/mail.thietbidienlama.com\/wp-content\/uploads\/2025\/04\/kich-thuoc-den-panasonic-12w.jpg 961w, https:\/\/mail.thietbidienlama.com\/wp-content\/uploads\/2025\/04\/kich-thuoc-den-panasonic-12w-300x33.jpg 300w, https:\/\/mail.thietbidienlama.com\/wp-content\/uploads\/2025\/04\/kich-thuoc-den-panasonic-12w-768x86.jpg 768w, https:\/\/mail.thietbidienlama.com\/wp-content\/uploads\/2025\/04\/kich-thuoc-den-panasonic-12w-18x2.jpg 18w, https:\/\/mail.thietbidienlama.com\/wp-content\/uploads\/2025\/04\/kich-thuoc-den-panasonic-12w-150x17.jpg 150w\" sizes=\"(max-width: 600px) 100vw, 600px\" \/>\n<p><div id=\"attachment_14347\" style=\"width: 661px\" class=\"wp-caption aligncenter\"><img decoding=\"async\" aria-describedby=\"caption-attachment-14347\" class=\"wp-image-14347 size-full\" src=\"http:\/\/thietbidienlama.com\/wp-content\/uploads\/2025\/04\/Thong-So-Den-Led-Am-Tran-9W-Panasonic-EZ-M-\u2013-1-Mau-Sieu-Mong.jpg\" alt=\"Th\u00f4ng S\u1ed1 \u0110\u00e8n Led \u00c2m Tr\u1ea7n 9W Panasonic EZ M \u2013 1 M\u00e0u Si\u00eau M\u1ecfng\" width=\"651\" height=\"45\" srcset=\"https:\/\/mail.thietbidienlama.com\/wp-content\/uploads\/2025\/04\/Thong-So-Den-Led-Am-Tran-9W-Panasonic-EZ-M-\u2013-1-Mau-Sieu-Mong.jpg 651w, https:\/\/mail.thietbidienlama.com\/wp-content\/uploads\/2025\/04\/Thong-So-Den-Led-Am-Tran-9W-Panasonic-EZ-M-\u2013-1-Mau-Sieu-Mong-300x21.jpg 300w, https:\/\/mail.thietbidienlama.com\/wp-content\/uploads\/2025\/04\/Thong-So-Den-Led-Am-Tran-9W-Panasonic-EZ-M-\u2013-1-Mau-Sieu-Mong-18x1.jpg 18w, https:\/\/mail.thietbidienlama.com\/wp-content\/uploads\/2025\/04\/Thong-So-Den-Led-Am-Tran-9W-Panasonic-EZ-M-\u2013-1-Mau-Sieu-Mong-150x10.jpg 150w\" sizes=\"(max-width: 651px) 100vw, 651px\" \/><p id=\"caption-attachment-14347\" class=\"wp-caption-text\">Th\u00f4ng S\u1ed1 \u0110\u00e8n Led \u00c2m Tr\u1ea7n 9W Panasonic EZ M \u2013 1 M\u00e0u Si\u00eau M\u1ecfng<\/p><\/div><\/li>\n<\/ul>\n<\/li>\n<\/ul>\n<p>&nbsp;<\/p>\n<ul data-sfc-root=\"c\" data-sfc-cb=\"\" data-complete=\"true\" data-processed=\"true\" data-copy-service-computed-style=\"font-family: &quot;Google Sans&quot;, Arial, sans-serif; font-size: 16px; font-weight: 400; margin: 12px 0px 16px; text-decoration: none; border-bottom: 0px none rgb(230, 232, 240);\"><!--TgQPHd|[]--><\/ul>\n<div data-sfc-cp=\"\" data-sfc-root=\"c\" data-sfc-cb=\"\" data-complete=\"true\" data-processed=\"true\" data-copy-service-computed-style=\"font-family: &quot;Google Sans&quot;, Arial, sans-serif; font-size: 14px; font-weight: 400; margin: 0px; text-decoration: none; border-bottom: 0px none rgb(230, 232, 240);\"><span style=\"font-family: 'times new roman', times, serif; font-size: 14pt; color: #000000;\"><!--TgQPHd|[]--><\/span><\/div>\n<h2 role=\"heading\" aria-level=\"3\" data-sfc-root=\"c\" data-complete=\"true\" data-processed=\"true\" data-copy-service-computed-style=\"font-family: &quot;Google Sans&quot;, Arial, sans-serif; font-size: 16px; font-weight: 700; margin: 24px 0px 12px; text-decoration: none; border-bottom: 0px none rgb(230, 232, 240);\"><span style=\"font-family: 'times new roman', times, serif; font-size: 14pt; color: #000000;\"><span style=\"font-size: 18pt; color: #ff6600;\">\u01afu \u0111i\u1ec3m v\u01b0\u1ee3t tr\u1ed9i<\/span><!--TgQPHd|[]--><\/span><\/h2>\n<p><span style=\"font-family: 'times new roman', times, serif; font-size: 14pt; color: #000000;\"><strong>Hi\u1ec7u su\u1ea5t s\u00e1ng cao:<\/strong><!--TgQPHd|[]--> \u0110\u1ea1t 75 lm\/W, gi\u00fap kh\u00f4ng gian s\u00e1ng r\u00f5 m\u00e0 v\u1eabn ti\u1ebft ki\u1ec7m \u0111i\u1ec7n.<!--TgQPHd|[]--><!--TgQPHd|[]--><\/span><\/p>\n<p><span style=\"font-family: 'times new roman', times, serif; font-size: 14pt; color: #000000;\"><strong>Thi\u1ebft k\u1ebf t\u1ed1i \u01b0u:<\/strong><!--TgQPHd|[]--> K\u00edch th\u01b0\u1edbc kho\u00e9t l\u1ed7 nh\u1ecf 88mm gi\u00fap tr\u1ea7n nh\u00e0 tr\u00f4ng th\u1ea9m m\u1ef9 v\u00e0 tinh t\u1ebf h\u01a1n so v\u1edbi c\u00e1c lo\u1ea1i l\u1ed7 kho\u00e9t l\u1edbn.<!--TgQPHd|[]--><!--TgQPHd|[]--><\/span><\/p>\n<p><span style=\"font-family: 'times new roman', times, serif; font-size: 14pt; color: #000000;\" data-sfc-cp=\"\" data-sfc-root=\"c\" data-sfc-cb=\"\" data-complete=\"true\" aria-owns=\"action-menu-parent-container\" data-copy-service-computed-style=\"font-family: &quot;Google Sans&quot;, Arial, sans-serif; font-size: 16px; font-weight: 400; margin: 0px; text-decoration: none; border-bottom: 0px none rgb(230, 232, 240);\"><strong>L\u1eafp \u0111\u1eb7t linh ho\u1ea1t:<\/strong><!--TgQPHd|[]--> Ph\u00f9 h\u1ee3p v\u1edbi m\u1ecdi lo\u1ea1i tr\u1ea7n th\u1ea1ch cao, \u0111\u1eb7c bi\u1ec7t l\u00e0 nh\u1eefng n\u01a1i c\u00f3 kho\u1ea3ng c\u00e1ch gi\u1eefa tr\u1ea7n th\u1ea1ch cao v\u00e0 tr\u1ea7n b\u00ea t\u00f4ng c\u1ef1c h\u1eb9p.<\/span><\/p>\n<p><span style=\"font-family: 'times new roman', times, serif; font-size: 14pt; color: #000000;\"><strong>B\u1ed9 ngu\u1ed3n t\u00e1ch r\u1eddi<!--TgQPHd|[]-->:<\/strong> Gi\u00fap vi\u1ec7c thay th\u1ebf v\u00e0 b\u1ea3o tr\u00ec thu\u1eadn ti\u1ec7n h\u01a1n m\u00e0 kh\u00f4ng c\u1ea7n thay to\u00e0n b\u1ed9 \u0111\u00e8n.<\/span><\/p>\n<p><span style=\"font-family: 'times new roman', times, serif; font-size: 14pt; color: #000000;\">Th\u00e2n \u0111\u00e8n b\u1eb1ng h\u1ee3p kim nh\u00f4m t\u1ea3n nhi\u1ec7t t\u1ed1t, m\u1eb7t \u0111\u00e8n b\u1eb1ng nh\u1ef1a cao c\u1ea5p h\u1ea1n ch\u1ebf \u1ed1 v\u00e0ng.<\/span><\/p>\n<div id=\"attachment_14348\" style=\"width: 610px\" class=\"wp-caption aligncenter\"><img loading=\"lazy\" decoding=\"async\" aria-describedby=\"caption-attachment-14348\" class=\"wp-image-14348 size-full\" src=\"http:\/\/thietbidienlama.com\/wp-content\/uploads\/2025\/04\/Den-Led-Am-Tran-9W-Panasonic-EZ-M-\u2013-1-Mau-Sieu-Mong.jpg\" alt=\"\u0110\u00e8n Led \u00c2m Tr\u1ea7n 9W Panasonic EZ M \u2013 1 M\u00e0u Si\u00eau M\u1ecfng\" width=\"600\" height=\"508\" srcset=\"https:\/\/mail.thietbidienlama.com\/wp-content\/uploads\/2025\/04\/Den-Led-Am-Tran-9W-Panasonic-EZ-M-\u2013-1-Mau-Sieu-Mong.jpg 600w, https:\/\/mail.thietbidienlama.com\/wp-content\/uploads\/2025\/04\/Den-Led-Am-Tran-9W-Panasonic-EZ-M-\u2013-1-Mau-Sieu-Mong-300x254.jpg 300w, https:\/\/mail.thietbidienlama.com\/wp-content\/uploads\/2025\/04\/Den-Led-Am-Tran-9W-Panasonic-EZ-M-\u2013-1-Mau-Sieu-Mong-14x12.jpg 14w, https:\/\/mail.thietbidienlama.com\/wp-content\/uploads\/2025\/04\/Den-Led-Am-Tran-9W-Panasonic-EZ-M-\u2013-1-Mau-Sieu-Mong-150x127.jpg 150w\" sizes=\"(max-width: 600px) 100vw, 600px\" \/><p id=\"caption-attachment-14348\" class=\"wp-caption-text\">\u0110\u00e8n Led \u00c2m Tr\u1ea7n 9W Panasonic EZ M \u2013 1 M\u00e0u Si\u00eau M\u1ecfng<\/p><\/div>\n<p class=\"Y3BBE\" data-hveid=\"CAEICBAA\" data-complete=\"true\" data-processed=\"true\"><span style=\"font-family: 'times new roman', times, serif; font-size: 14pt; color: #000000;\"><strong>LI\u00caN H\u1ec6 : Hotline: 0935 228 204 ( Ms Lam )<\/strong><\/span><\/p>\n<p><span style=\"font-family: 'times new roman', times, serif; font-size: 14pt; color: #000000;\"><strong>Facebook:\u00a0<span style=\"color: #ff6600;\"><a style=\"color: #ff6600;\" href=\"https:\/\/www.facebook.com\/thietbidienlama\" target=\"_blank\" rel=\"noopener\">THI\u1ebeT\u00a0B\u1eca \u0110I\u1ec6N LAMA<\/a><\/span><\/strong><\/span><\/p>\n<p><span style=\"font-family: 'times new roman', times, serif; font-size: 14pt; color: #000000;\"><strong>Tiktok:\u00a0<span style=\"color: #ff6600;\"><a style=\"color: #ff6600;\" href=\"https:\/\/www.tiktok.com\/@thietbidienlama\" target=\"_blank\" rel=\"noopener\">THI\u1ebeT\u00a0B\u1eca \u0110I\u1ec6N LAMA<\/a><\/span><\/strong><\/span><\/p>\n<p><span style=\"font-family: 'times new roman', times, serif; font-size: 14pt; color: #000000;\"><strong>Youtube:\u00a0<span style=\"color: #ff6600;\"><a style=\"color: #ff6600;\" href=\"https:\/\/www.youtube.com\/@thietbidienlama\" target=\"_blank\" rel=\"noopener\">THI\u1ebeT\u00a0B\u1eca \u0110I\u1ec6N LAMA<\/a><\/span><\/strong><\/span><\/p>","protected":false},"excerpt":{"rendered":"<p>\u0110\u00e8n Led \u00c2m Tr\u1ea7n 9W Panasonic EZ-M \u2013 1 M\u00e0u Si\u00eau M\u1ecfng Th\u00f4ng s\u1ed1 \u0110\u00e8n Led \u00c2m Tr\u1ea7n 9W Panasonic<\/p>","protected":false},"featured_media":11978,"comment_status":"closed","ping_status":"closed","template":"","meta":[],"product_brand":[],"product_cat":[502,924,923,731],"product_tag":[1071],"class_list":{"0":"post-11983","1":"product","2":"type-product","3":"status-publish","4":"has-post-thumbnail","6":"product_cat-den-chieu-sang","7":"product_cat-den-am-tran-panasonic","8":"product_cat-den-panasonic","9":"product_cat-den-led-panasonic","10":"product_tag-den-led-am-tran-9w-panasonic","12":"first","13":"instock","14":"sale","15":"shipping-taxable","16":"purchasable","17":"product-type-simple"},"_links":{"self":[{"href":"https:\/\/mail.thietbidienlama.com\/en\/wp-json\/wp\/v2\/product\/11983","targetHints":{"allow":["GET"]}}],"collection":[{"href":"https:\/\/mail.thietbidienlama.com\/en\/wp-json\/wp\/v2\/product"}],"about":[{"href":"https:\/\/mail.thietbidienlama.com\/en\/wp-json\/wp\/v2\/types\/product"}],"replies":[{"embeddable":true,"href":"https:\/\/mail.thietbidienlama.com\/en\/wp-json\/wp\/v2\/comments?post=11983"}],"version-history":[{"count":4,"href":"https:\/\/mail.thietbidienlama.com\/en\/wp-json\/wp\/v2\/product\/11983\/revisions"}],"predecessor-version":[{"id":14350,"href":"https:\/\/mail.thietbidienlama.com\/en\/wp-json\/wp\/v2\/product\/11983\/revisions\/14350"}],"wp:featuredmedia":[{"embeddable":true,"href":"https:\/\/mail.thietbidienlama.com\/en\/wp-json\/wp\/v2\/media\/11978"}],"wp:attachment":[{"href":"https:\/\/mail.thietbidienlama.com\/en\/wp-json\/wp\/v2\/media?parent=11983"}],"wp:term":[{"taxonomy":"product_brand","embeddable":true,"href":"https:\/\/mail.thietbidienlama.com\/en\/wp-json\/wp\/v2\/product_brand?post=11983"},{"taxonomy":"product_cat","embeddable":true,"href":"https:\/\/mail.thietbidienlama.com\/en\/wp-json\/wp\/v2\/product_cat?post=11983"},{"taxonomy":"product_tag","embeddable":true,"href":"https:\/\/mail.thietbidienlama.com\/en\/wp-json\/wp\/v2\/product_tag?post=11983"}],"curies":[{"name":"wp","href":"https:\/\/api.w.org\/{rel}","templated":true}]}}