{"id":11667,"date":"2025-03-12T23:16:46","date_gmt":"2025-03-12T16:16:46","guid":{"rendered":"https:\/\/thietbidienlama.com\/?post_type=product&#038;p=11667"},"modified":"2026-04-20T11:01:58","modified_gmt":"2026-04-20T04:01:58","slug":"cong-tac-panasonic-weg55317mh-dong-wide-1-chieu","status":"publish","type":"product","link":"https:\/\/mail.thietbidienlama.com\/en\/cong-tac-panasonic-weg55317mh-dong-wide-1-chieu\/","title":{"rendered":"C\u00f4ng T\u1eafc Panasonic 1 chi\u1ec1u D\u00f2ng Refina M\u00e0u X\u00e1m \u00c1nh Kim WEG55317MH"},"content":{"rendered":"<h1 style=\"text-align: center;\" data-sfc-root=\"c\" data-hveid=\"CAEIARAA\" data-complete=\"true\" data-processed=\"true\"><span style=\"font-family: 'times new roman', times, serif; font-size: 18pt; color: #000000;\">C\u00f4ng T\u1eafc Panasonic 1 chi\u1ec1u D\u00f2ng Refina M\u00e0u X\u00e1m \u00c1nh Kim WEG55317MH<\/span><\/h1>\n<div data-sfc-cp=\"\" data-sfc-root=\"c\" data-sfc-cb=\"\" data-hveid=\"CAEIARAA\" data-complete=\"true\" data-processed=\"true\"><span style=\"font-family: 'times new roman', times, serif; font-size: 14pt; color: #000000;\">M\u00e3\u00a0WEG55317MH l\u00e0 h\u1ea1t <strong><span style=\"color: #ff6600;\"><a style=\"color: #ff6600;\" href=\"https:\/\/thietbidienlama.com\/cong-tac-panasonic-wide\/\">c\u00f4ng t\u1eafc Panasonic<\/a><\/span><\/strong> 1 chi\u1ec1u thu\u1ed9c d\u00f2ng Refina &#8211; d\u00f2ng s\u1ea3n ph\u1ea9m cao c\u1ea5p c\u1ee7a Panasonic n\u1ed5i b\u1eadt v\u1edbi thi\u1ebft k\u1ebf hi\u1ec7n \u0111\u1ea1i v\u00e0 m\u00e0u s\u1eafc sang tr\u1ecdng. Kh\u00e1c v\u1edbi m\u00e0u tr\u1eafng ph\u1ed5 bi\u1ebfn, d\u00f2ng n\u00e0y mang \u0111\u1ebfn v\u1ebb \u0111\u1eb9p \u0111\u1eb3ng c\u1ea5p h\u01a1n cho kh\u00f4ng gian n\u1ed9i th\u1ea5t.<\/span><\/div>\n<div data-sfc-cp=\"\" data-sfc-root=\"c\" data-sfc-cb=\"\" data-hveid=\"CAEIAhAA\" data-complete=\"true\" data-processed=\"true\"><span style=\"font-family: 'times new roman', times, serif; font-size: 14pt; color: #000000;\">D\u01b0\u1edbi \u0111\u00e2y l\u00e0 chi ti\u1ebft v\u1ec1 s\u1ea3n ph\u1ea9m:<\/span><\/div>\n<h2 role=\"heading\" aria-level=\"3\" data-sfc-root=\"c\" data-complete=\"true\" data-processed=\"true\"><span style=\"font-family: 'times new roman', times, serif; font-size: 18pt; color: #ff6600;\">1. \u0110\u1eb7c \u0111i\u1ec3m thi\u1ebft k\u1ebf<\/span><\/h2>\n<ul data-sfc-root=\"c\" data-sfc-cb=\"\" data-complete=\"true\" data-processed=\"true\">\n<li data-sfc-root=\"c\" data-sfc-cb=\"\" data-hveid=\"CAEIBBAA\" data-complete=\"true\" data-sae=\"\"><span style=\"font-family: 'times new roman', times, serif; font-size: 14pt; color: #000000;\">M\u00e0u s\u1eafc:\u00a0X\u00e1m \u00e1nh kim (Metallic Grey). \u0110\u00e2y l\u00e0 t\u00f4ng m\u00e0u hi\u1ec7n \u0111\u1ea1i, b\u1ec1 m\u1eb7t c\u00f3 \u0111\u1ed9 b\u00f3ng nh\u1eb9, r\u1ea5t ph\u00f9 h\u1ee3p v\u1edbi c\u00e1c kh\u00f4ng gian thi\u1ebft k\u1ebf theo phong c\u00e1ch t\u1ed1i gi\u1ea3n (Minimalism) ho\u1eb7c c\u00f4ng nghi\u1ec7p (Industrial).<\/span><\/li>\n<li data-sfc-root=\"c\" data-sfc-cb=\"\" data-hveid=\"CAEIBBAB\" data-complete=\"true\" data-sae=\"\"><span style=\"font-family: 'times new roman', times, serif; font-size: 14pt; color: #000000;\">Ki\u1ec3u ph\u00edm: Ph\u00edm b\u1ea5m l\u1edbn, thi\u1ebft k\u1ebf ph\u1eb3ng mang l\u1ea1i c\u1ea3m gi\u00e1c b\u1ea5m \u00eam \u00e1i v\u00e0 ch\u1eafc ch\u1eafn.<\/span><\/li>\n<\/ul>\n<div id=\"attachment_12471\" style=\"width: 310px\" class=\"wp-caption aligncenter\"><img fetchpriority=\"high\" decoding=\"async\" aria-describedby=\"caption-attachment-12471\" class=\"size-medium wp-image-12471\" src=\"http:\/\/thietbidienlama.com\/wp-content\/uploads\/2025\/02\/Cong-Tac-B-1-Chieu-Dong-Wide-Refina-Mau-Xam-Anh-Kim-WEG55317MH-Panasonic-300x300.jpg\" alt=\"C\u00f4ng T\u1eafc B 1 Chi\u1ec1u D\u00f2ng Wide Refina M\u00e0u X\u00e1m \u00c1nh Kim WEG55317MH Panasonic\" width=\"300\" height=\"300\" srcset=\"https:\/\/mail.thietbidienlama.com\/wp-content\/uploads\/2025\/02\/Cong-Tac-B-1-Chieu-Dong-Wide-Refina-Mau-Xam-Anh-Kim-WEG55317MH-Panasonic-300x300.jpg 300w, https:\/\/mail.thietbidienlama.com\/wp-content\/uploads\/2025\/02\/Cong-Tac-B-1-Chieu-Dong-Wide-Refina-Mau-Xam-Anh-Kim-WEG55317MH-Panasonic-150x150.jpg 150w, https:\/\/mail.thietbidienlama.com\/wp-content\/uploads\/2025\/02\/Cong-Tac-B-1-Chieu-Dong-Wide-Refina-Mau-Xam-Anh-Kim-WEG55317MH-Panasonic-12x12.jpg 12w, https:\/\/mail.thietbidienlama.com\/wp-content\/uploads\/2025\/02\/Cong-Tac-B-1-Chieu-Dong-Wide-Refina-Mau-Xam-Anh-Kim-WEG55317MH-Panasonic.jpg 500w\" sizes=\"(max-width: 300px) 100vw, 300px\" \/><p id=\"caption-attachment-12471\" class=\"wp-caption-text\">C\u00f4ng T\u1eafc B 1 Chi\u1ec1u D\u00f2ng Wide Refina M\u00e0u X\u00e1m \u00c1nh Kim WEG55317MH Panasonic<\/p><\/div>\n<h2 role=\"heading\" aria-level=\"3\" data-sfc-root=\"c\" data-complete=\"true\" data-processed=\"true\"><span style=\"font-family: 'times new roman', times, serif; font-size: 18pt; color: #ff6600;\">2. Th\u00f4ng s\u1ed1 k\u1ef9 thu\u1eadt c\u00f4ng t\u1eafc panasonic<\/span><\/h2>\n<ul data-sfc-root=\"c\" data-sfc-cb=\"\" data-complete=\"true\" data-processed=\"true\">\n<li data-sfc-root=\"c\" data-sfc-cb=\"\" data-hveid=\"CAEIBhAA\" data-complete=\"true\" data-sae=\"\"><span style=\"font-family: 'times new roman', times, serif; font-size: 14pt; color: #000000;\">D\u00f2ng \u0111i\u1ec7n \u0111\u1ecbnh m\u1ee9c:\u00a016A.<\/span><\/li>\n<li data-sfc-root=\"c\" data-sfc-cb=\"\" data-hveid=\"CAEIBhAB\" data-complete=\"true\" data-sae=\"\"><span style=\"font-family: 'times new roman', times, serif; font-size: 14pt; color: #000000;\">\u0110i\u1ec7n \u00e1p:\u00a0250VAC.<\/span><\/li>\n<li data-sfc-root=\"c\" data-sfc-cb=\"\" data-hveid=\"CAEIBhAC\" data-complete=\"true\" data-sae=\"\"><span style=\"font-family: 'times new roman', times, serif; font-size: 14pt; color: #000000;\">Ki\u1ec3u k\u1ebft n\u1ed1i:\u00a0B\u1eaft v\u00edt\u00a0(S\u1ed1 7 trong m\u00e3 WEG55317MH k\u00fd hi\u1ec7u cho ki\u1ec3u b\u1eaft v\u00edt), gi\u00fap d\u00e2y d\u1eabn \u0111\u01b0\u1ee3c si\u1ebft ch\u1eb7t, \u0111\u1ea3m b\u1ea3o an to\u00e0n cho c\u00e1c thi\u1ebft b\u1ecb c\u00f4ng su\u1ea5t l\u1edbn.<\/span><\/li>\n<li data-sfc-root=\"c\" data-sfc-cb=\"\" data-hveid=\"CAEIBhAD\" data-complete=\"true\" data-sae=\"\"><span style=\"font-family: 'times new roman', times, serif; font-size: 14pt; color: #000000;\">V\u1eadt li\u1ec7u: Nh\u1ef1a cao c\u1ea5p ch\u1ed1ng ch\u00e1y, ch\u1ecbu nhi\u1ec7t, b\u1ec1n m\u00e0u theo th\u1eddi gian.<\/span><\/li>\n<\/ul>\n<h2 role=\"heading\" aria-level=\"3\" data-sfc-root=\"c\" data-complete=\"true\" data-processed=\"true\"><span style=\"font-family: 'times new roman', times, serif; font-size: 18pt; color: #ff6600;\">3. \u01afu \u0111i\u1ec3m n\u1ed5i b\u1eadt<\/span><\/h2>\n<ul data-sfc-root=\"c\" data-sfc-cb=\"\" data-complete=\"true\" data-processed=\"true\">\n<li data-sfc-root=\"c\" data-sfc-cb=\"\" data-hveid=\"CAEICBAA\" data-complete=\"true\" data-sae=\"\"><span style=\"font-family: 'times new roman', times, serif; font-size: 14pt; color: #000000;\">T\u00ednh th\u1ea9m m\u1ef9 v\u01b0\u1ee3t tr\u1ed9i:\u00a0M\u00e0u x\u00e1m \u00e1nh kim gi\u00fap che gi\u1ea5u v\u1ebft b\u1ea9n t\u1ed1t h\u01a1n m\u00e0u tr\u1eafng v\u00e0 t\u1ea1o \u0111i\u1ec3m nh\u1ea5n sang tr\u1ecdng tr\u00ean n\u1ec1n t\u01b0\u1eddng t\u1ed1i m\u00e0u ho\u1eb7c t\u01b0\u1eddng gi\u1ea3 b\u00ea t\u00f4ng.<\/span><\/li>\n<li data-sfc-root=\"c\" data-sfc-cb=\"\" data-hveid=\"CAEICBAB\" data-complete=\"true\" data-sae=\"\"><span style=\"font-family: 'times new roman', times, serif; font-size: 14pt; color: #000000;\">\u0110\u1ed9 b\u1ec1n cao:\u00a0Ti\u1ebfp \u0111i\u1ec3m h\u1ee3p kim \u0111\u1ed3ng v\u00e0 b\u1ea1c gi\u00fap ch\u1ecbu nhi\u1ec7t t\u1ed1t, gi\u1ea3m t\u00ecnh tr\u1ea1ng ph\u00f3ng \u0111i\u1ec7n h\u1ed3 quang, tu\u1ed5i th\u1ecd l\u00ean t\u1edbi h\u00e0ng ch\u1ee5c ngh\u00ecn l\u1ea7n b\u1eadt t\u1eaft.<\/span><\/li>\n<li data-sfc-root=\"c\" data-sfc-cb=\"\" data-hveid=\"CAEICBAC\" data-complete=\"true\" data-sae=\"\"><span style=\"font-family: 'times new roman', times, serif; font-size: 14pt; color: #000000;\" data-sfc-cp=\"\" data-sfc-root=\"c\" data-sfc-cb=\"\" data-complete=\"true\" aria-owns=\"action-menu-parent-container\">Linh ho\u1ea1t:\u00a0C\u00f3 th\u1ec3 l\u1eafp \u0111\u1eb7t \u0111\u01a1n l\u1ebb ho\u1eb7c k\u1ebft h\u1ee3p nhi\u1ec1u h\u1ea1t tr\u00ean c\u00f9ng m\u1ed9t m\u1eb7t n\u1ea1 Refina.<\/span><\/li>\n<\/ul>\n<p class=\"Y3BBE\" data-hveid=\"CAEICBAA\" data-complete=\"true\" data-processed=\"true\"><span style=\"font-family: 'times new roman', times, serif; font-size: 14pt; color: #000000;\"><strong>LI\u00caN H\u1ec6 : Hotline: 0935 228 204 ( Ms Lam )<\/strong><\/span><\/p>\n<p><span style=\"font-family: 'times new roman', times, serif; font-size: 14pt; color: #000000;\"><strong>Facebook:\u00a0<span style=\"color: #ff6600;\"><a style=\"color: #ff6600;\" href=\"https:\/\/www.facebook.com\/thietbidienlama\" target=\"_blank\" rel=\"noopener\">THI\u1ebeT\u00a0B\u1eca \u0110I\u1ec6N LAMA<\/a><\/span><\/strong><\/span><\/p>\n<p><span style=\"font-family: 'times new roman', times, serif; font-size: 14pt; color: #000000;\"><strong>Tiktok:\u00a0<span style=\"color: #ff6600;\"><a style=\"color: #ff6600;\" href=\"https:\/\/www.tiktok.com\/@thietbidienlama\" target=\"_blank\" rel=\"noopener\">THI\u1ebeT\u00a0B\u1eca \u0110I\u1ec6N LAMA<\/a><\/span><\/strong><\/span><\/p>\n<p><span style=\"font-family: 'times new roman', times, serif; font-size: 14pt; color: #000000;\"><strong>Youtube:\u00a0<span style=\"color: #ff6600;\"><a style=\"color: #ff6600;\" href=\"https:\/\/www.youtube.com\/@thietbidienlama\" target=\"_blank\" rel=\"noopener\">THI\u1ebeT\u00a0B\u1eca \u0110I\u1ec6N LAMA<\/a><\/span><\/strong><\/span><\/p>","protected":false},"excerpt":{"rendered":"<p>C\u00f4ng T\u1eafc Panasonic 1 chi\u1ec1u D\u00f2ng Refina M\u00e0u X\u00e1m \u00c1nh Kim WEG55317MH M\u00e3\u00a0WEG55317MH l\u00e0 h\u1ea1t c\u00f4ng t\u1eafc Panasonic 1 chi\u1ec1u<\/p>","protected":false},"featured_media":11668,"comment_status":"closed","ping_status":"closed","template":"","meta":[],"product_brand":[],"product_cat":[501,836,856,857,562,804],"product_tag":[],"class_list":{"0":"post-11667","1":"product","2":"type-product","3":"status-publish","4":"has-post-thumbnail","6":"product_cat-thiet-bi-dien","7":"product_cat-cong-tac-o-cam-wide","8":"product_cat-cong-tac-panasonic","9":"product_cat-cong-tac-panasonic-wide","10":"product_cat-thiet-bi-dien-panasonic","11":"product_cat-cong-tac-o-cam-panasonic","13":"first","14":"instock","15":"sale","16":"shipping-taxable","17":"purchasable","18":"product-type-simple"},"_links":{"self":[{"href":"https:\/\/mail.thietbidienlama.com\/en\/wp-json\/wp\/v2\/product\/11667","targetHints":{"allow":["GET"]}}],"collection":[{"href":"https:\/\/mail.thietbidienlama.com\/en\/wp-json\/wp\/v2\/product"}],"about":[{"href":"https:\/\/mail.thietbidienlama.com\/en\/wp-json\/wp\/v2\/types\/product"}],"replies":[{"embeddable":true,"href":"https:\/\/mail.thietbidienlama.com\/en\/wp-json\/wp\/v2\/comments?post=11667"}],"version-history":[{"count":3,"href":"https:\/\/mail.thietbidienlama.com\/en\/wp-json\/wp\/v2\/product\/11667\/revisions"}],"predecessor-version":[{"id":14434,"href":"https:\/\/mail.thietbidienlama.com\/en\/wp-json\/wp\/v2\/product\/11667\/revisions\/14434"}],"wp:featuredmedia":[{"embeddable":true,"href":"https:\/\/mail.thietbidienlama.com\/en\/wp-json\/wp\/v2\/media\/11668"}],"wp:attachment":[{"href":"https:\/\/mail.thietbidienlama.com\/en\/wp-json\/wp\/v2\/media?parent=11667"}],"wp:term":[{"taxonomy":"product_brand","embeddable":true,"href":"https:\/\/mail.thietbidienlama.com\/en\/wp-json\/wp\/v2\/product_brand?post=11667"},{"taxonomy":"product_cat","embeddable":true,"href":"https:\/\/mail.thietbidienlama.com\/en\/wp-json\/wp\/v2\/product_cat?post=11667"},{"taxonomy":"product_tag","embeddable":true,"href":"https:\/\/mail.thietbidienlama.com\/en\/wp-json\/wp\/v2\/product_tag?post=11667"}],"curies":[{"name":"wp","href":"https:\/\/api.w.org\/{rel}","templated":true}]}}