{"id":11664,"date":"2025-03-12T23:11:40","date_gmt":"2025-03-12T16:11:40","guid":{"rendered":"https:\/\/thietbidienlama.com\/?post_type=product&#038;p=11664"},"modified":"2026-04-22T10:14:06","modified_gmt":"2026-04-22T03:14:06","slug":"cong-tac-panasonic-wev5533-7sw-dong-wide-2-tiep-diem","status":"publish","type":"product","link":"https:\/\/mail.thietbidienlama.com\/en\/cong-tac-panasonic-wev5533-7sw-dong-wide-2-tiep-diem\/","title":{"rendered":"C\u00f4ng T\u1eafc C\u00f3 \u0110\u00e8n B\u00e1o Panasonic 2 Ti\u1ebfp \u0110i\u1ec3m WEV5533-7SW"},"content":{"rendered":"<h1 style=\"text-align: center;\" data-sfc-root=\"c\" data-hveid=\"CAEIARAA\" data-complete=\"true\" data-processed=\"true\"><span style=\"font-family: 'times new roman', times, serif; font-size: 18pt; color: #000000;\">C\u00f4ng T\u1eafc C\u00f3 \u0110\u00e8n B\u00e1o Panasonic 2 Ti\u1ebfp \u0110i\u1ec3m WEV5533-7SW<\/span><\/h1>\n<div data-sfc-cp=\"\" data-sfc-root=\"c\" data-sfc-cb=\"\" data-hveid=\"CAEIARAA\" data-complete=\"true\" data-processed=\"true\"><span style=\"font-family: 'times new roman', times, serif; font-size: 14pt; color: #000000;\">C\u00f4ng t\u1eafc C\u00f3 \u0110\u00e8n B\u00e1o Panasonic\u00a0thu\u1ed9c\u00a0d\u00f2ng Refina (d\u00f2ng cao c\u1ea5p v\u1edbi m\u1eb7t ph\u00edm ph\u1eb3ng v\u00e0 bo cong), m\u00e3 t\u01b0\u01a1ng \u1ee9ng s\u1ebd l\u00e0:<\/span><\/div>\n<ul data-sfc-root=\"c\" data-sfc-cb=\"\" data-complete=\"true\" data-processed=\"true\">\n<li data-sfc-root=\"c\" data-sfc-cb=\"\" data-hveid=\"CAEIAhAA\" data-complete=\"true\" data-sae=\"\"><span style=\"font-family: 'times new roman', times, serif; font-size: 14pt; color: #000000;\">M\u00e0u Tr\u1eafng:\u00a0WEG5533-7SW<\/span><\/li>\n<li data-sfc-root=\"c\" data-sfc-cb=\"\" data-hveid=\"CAEIAhAB\" data-complete=\"true\" data-sae=\"\"><span style=\"font-family: 'times new roman', times, serif; font-size: 14pt; color: #000000;\">M\u00e0u X\u00e1m \u00c1nh Kim: WEG5533-7MH<\/span><\/li>\n<\/ul>\n<div data-sfc-cp=\"\" data-sfc-root=\"c\" data-sfc-cb=\"\" data-hveid=\"CAEIAxAA\" data-complete=\"true\" data-processed=\"true\"><span style=\"font-family: 'times new roman', times, serif; font-size: 14pt; color: #000000;\">D\u01b0\u1edbi \u0111\u00e2y l\u00e0 chi ti\u1ebft v\u1ec1 d\u00f2ng c\u00f4ng t\u1eafc 2 c\u1ef1c Refina n\u00e0y:<\/span><\/div>\n<h2 role=\"heading\" aria-level=\"3\" data-sfc-root=\"c\" data-complete=\"true\" data-processed=\"true\"><span style=\"font-family: 'times new roman', times, serif; font-size: 18pt; color: #ff6600;\">1. \u0110\u1eb7c \u0111i\u1ec3m thi\u1ebft k\u1ebf c\u1ee7a d\u00f2ng Refina<\/span><\/h2>\n<ul data-sfc-root=\"c\" data-sfc-cb=\"\" data-complete=\"true\" data-processed=\"true\">\n<li data-sfc-root=\"c\" data-sfc-cb=\"\" data-hveid=\"CAEIBRAA\" data-complete=\"true\" data-sae=\"\"><span style=\"font-family: 'times new roman', times, serif; font-size: 14pt; color: #000000;\">Ki\u1ec3u d\u00e1ng:\u00a0Kh\u00e1c v\u1edbi d\u00f2ng Wide c\u00f3 ph\u00edm b\u1ea5m h\u01a1i nh\u00f4, d\u00f2ng Refina c\u00f3 ph\u00edm b\u1ea5m ph\u1eb3ng h\u01a1n, di\u1ec7n t\u00edch ti\u1ebfp x\u00fac l\u1edbn v\u00e0 c\u00e1c g\u00f3c c\u1ea1nh \u0111\u01b0\u1ee3c bo tr\u00f2n tinh t\u1ebf.<\/span><\/li>\n<li data-sfc-root=\"c\" data-sfc-cb=\"\" data-hveid=\"CAEIBRAB\" data-complete=\"true\" data-sae=\"\"><span style=\"font-family: 'times new roman', times, serif; font-size: 14pt; color: #000000;\">M\u00e0u s\u1eafc:\u00a0Th\u01b0\u1eddng \u0111\u01b0\u1ee3c kh\u00e1ch h\u00e0ng ch\u1ecdn m\u00e0u\u00a0X\u00e1m \u00c1nh Kim (MH)\u00a0\u0111\u1ec3 t\u1ea1o s\u1ef1 sang tr\u1ecdng, nh\u01b0ng v\u1eabn c\u00f3 b\u1ea3n m\u00e0u\u00a0Tr\u1eafng (SW) \u0111\u1ed3ng b\u1ed9.<\/span><\/li>\n<\/ul>\n<div id=\"attachment_12479\" style=\"width: 310px\" class=\"wp-caption aligncenter\"><img fetchpriority=\"high\" decoding=\"async\" aria-describedby=\"caption-attachment-12479\" class=\"size-medium wp-image-12479\" src=\"http:\/\/thietbidienlama.com\/wp-content\/uploads\/2025\/02\/Cong-Tac-D-Co-Den-Bao-Dong-Wide-Refina-Mau-Trang-WEG5533-7SW-Panasonic-300x300.jpg\" alt=\"C\u00f4ng T\u1eafc D C\u00f3 \u0110\u00e8n B\u00e1o D\u00f2ng Wide Refina M\u00e0u Tr\u1eafng WEG5533 7SW Panasonic\" width=\"300\" height=\"300\" srcset=\"https:\/\/mail.thietbidienlama.com\/wp-content\/uploads\/2025\/02\/Cong-Tac-D-Co-Den-Bao-Dong-Wide-Refina-Mau-Trang-WEG5533-7SW-Panasonic-300x300.jpg 300w, https:\/\/mail.thietbidienlama.com\/wp-content\/uploads\/2025\/02\/Cong-Tac-D-Co-Den-Bao-Dong-Wide-Refina-Mau-Trang-WEG5533-7SW-Panasonic-150x150.jpg 150w, https:\/\/mail.thietbidienlama.com\/wp-content\/uploads\/2025\/02\/Cong-Tac-D-Co-Den-Bao-Dong-Wide-Refina-Mau-Trang-WEG5533-7SW-Panasonic-12x12.jpg 12w, https:\/\/mail.thietbidienlama.com\/wp-content\/uploads\/2025\/02\/Cong-Tac-D-Co-Den-Bao-Dong-Wide-Refina-Mau-Trang-WEG5533-7SW-Panasonic.jpg 500w\" sizes=\"(max-width: 300px) 100vw, 300px\" \/><p id=\"caption-attachment-12479\" class=\"wp-caption-text\">C\u00f4ng T\u1eafc D C\u00f3 \u0110\u00e8n B\u00e1o D\u00f2ng Wide Refina M\u00e0u Tr\u1eafng WEG5533 7SW Panasonic<\/p><\/div>\n<h2 role=\"heading\" aria-level=\"3\" data-sfc-root=\"c\" data-complete=\"true\" data-processed=\"true\"><span style=\"font-family: 'times new roman', times, serif; font-size: 18pt; color: #ff6600;\">2. Th\u00f4ng s\u1ed1 k\u1ef9 thu\u1eadt<\/span><\/h2>\n<ul data-sfc-root=\"c\" data-sfc-cb=\"\" data-complete=\"true\" data-processed=\"true\">\n<li data-sfc-root=\"c\" data-sfc-cb=\"\" data-hveid=\"CAEIBxAA\" data-complete=\"true\" data-sae=\"\"><span style=\"font-family: 'times new roman', times, serif; font-size: 14pt; color: #000000;\">D\u00f2ng \u0111i\u1ec7n \u0111\u1ecbnh m\u1ee9c:\u00a020A.<\/span><\/li>\n<li data-sfc-root=\"c\" data-sfc-cb=\"\" data-hveid=\"CAEIBxAB\" data-complete=\"true\" data-sae=\"\"><span style=\"font-family: 'times new roman', times, serif; font-size: 14pt; color: #000000;\">Ch\u1ee9c n\u0103ng:\u00a0Ng\u1eaft \u0111\u1ed3ng th\u1eddi c\u1ea3 2 d\u00e2y (L v\u00e0 N), \u0111\u1ea3m b\u1ea3o an to\u00e0n tuy\u1ec7t \u0111\u1ed1i, c\u00e1ch ly ho\u00e0n to\u00e0n thi\u1ebft b\u1ecb kh\u1ecfi ngu\u1ed3n \u0111i\u1ec7n khi t\u1eaft.<\/span><\/li>\n<li data-sfc-root=\"c\" data-sfc-cb=\"\" data-hveid=\"CAEIBxAC\" data-complete=\"true\" data-sae=\"\"><span style=\"font-family: 'times new roman', times, serif; font-size: 14pt; color: #000000;\">Ki\u1ec3u k\u1ebft n\u1ed1i:\u00a0B\u1eaft v\u00edt\u00a0(\u0111\u1ec3 ch\u1ecbu \u0111\u01b0\u1ee3c t\u1ea3i cao cho d\u00e2y d\u1eabn ti\u1ebft di\u1ec7n l\u1edbn).<\/span><\/li>\n<li data-sfc-root=\"c\" data-sfc-cb=\"\" data-hveid=\"CAEIBxAD\" data-complete=\"true\" data-sae=\"\"><span style=\"font-family: 'times new roman', times, serif; font-size: 14pt; color: #000000;\">\u0110i\u1ec7n \u00e1p: 250VAC.<\/span><\/li>\n<\/ul>\n<h2 role=\"heading\" aria-level=\"3\" data-sfc-root=\"c\" data-complete=\"true\" data-processed=\"true\"><span style=\"font-family: 'times new roman', times, serif; font-size: 18pt; color: #ff6600;\">3. \u1ee8ng d\u1ee5ng chuy\u00ean d\u1ee5ng<\/span><\/h2>\n<div data-sfc-cp=\"\" data-sfc-root=\"c\" data-sfc-cb=\"\" data-hveid=\"CAEICRAA\" data-complete=\"true\" data-processed=\"true\"><span style=\"font-family: 'times new roman', times, serif; font-size: 14pt; color: #000000;\">Do kh\u1ea3 n\u0103ng ch\u1ecbu t\u1ea3i 20A v\u00e0 t\u00ednh an to\u00e0n cao, lo\u1ea1i n\u00e0y th\u01b0\u1eddng \u0111\u01b0\u1ee3c d\u00f9ng l\u00e0m c\u00f4ng t\u1eafc ngu\u1ed3n cho:<\/span><\/div>\n<ul data-sfc-root=\"c\" data-sfc-cb=\"\" data-complete=\"true\" data-processed=\"true\">\n<li data-sfc-root=\"c\" data-sfc-cb=\"\" data-hveid=\"CAEIChAA\" data-complete=\"true\" data-sae=\"\"><span style=\"font-family: 'times new roman', times, serif; font-size: 14pt; color: #000000;\">B\u00ecnh n\u00f3ng l\u1ea1nh\u00a0(M\u00e1y n\u01b0\u1edbc n\u00f3ng).<\/span><\/li>\n<li data-sfc-root=\"c\" data-sfc-cb=\"\" data-hveid=\"CAEIChAB\" data-complete=\"true\" data-sae=\"\"><span style=\"font-family: 'times new roman', times, serif; font-size: 14pt; color: #000000;\">M\u00e1y \u0111i\u1ec1u h\u00f2a\u00a0(M\u00e1y l\u1ea1nh).<\/span><\/li>\n<li data-sfc-root=\"c\" data-sfc-cb=\"\" data-hveid=\"CAEIChAC\" data-complete=\"true\" data-sae=\"\"><span style=\"font-family: 'times new roman', times, serif; font-size: 14pt; color: #000000;\" data-sfc-cp=\"\" data-sfc-root=\"c\" data-sfc-cb=\"\" data-complete=\"true\" aria-owns=\"action-menu-parent-container\">B\u1ebfp \u0111i\u1ec7n, l\u00f2 n\u01b0\u1edbng\u00a0c\u00f3 c\u00f4ng su\u1ea5t l\u1edbn.<\/span><\/li>\n<\/ul>\n<p class=\"Y3BBE\" data-hveid=\"CAEICBAA\" data-complete=\"true\" data-processed=\"true\"><span style=\"font-family: 'times new roman', times, serif; font-size: 14pt; color: #000000;\"><strong>LI\u00caN H\u1ec6 : Hotline: 0935 228 204 ( Ms Lam )<\/strong><\/span><\/p>\n<p><span style=\"font-family: 'times new roman', times, serif; font-size: 14pt; color: #000000;\"><strong>Facebook:\u00a0<span style=\"color: #ff6600;\"><a style=\"color: #ff6600;\" href=\"https:\/\/www.facebook.com\/thietbidienlama\" target=\"_blank\" rel=\"noopener\">THI\u1ebeT\u00a0B\u1eca \u0110I\u1ec6N LAMA<\/a><\/span><\/strong><\/span><\/p>\n<p><span style=\"font-family: 'times new roman', times, serif; font-size: 14pt; color: #000000;\"><strong>Tiktok:\u00a0<span style=\"color: #ff6600;\"><a style=\"color: #ff6600;\" href=\"https:\/\/www.tiktok.com\/@thietbidienlama\" target=\"_blank\" rel=\"noopener\">THI\u1ebeT\u00a0B\u1eca \u0110I\u1ec6N LAMA<\/a><\/span><\/strong><\/span><\/p>\n<p><span style=\"font-family: 'times new roman', times, serif; font-size: 14pt; color: #000000;\"><strong>Youtube:\u00a0<span style=\"color: #ff6600;\"><a style=\"color: #ff6600;\" href=\"https:\/\/www.youtube.com\/@thietbidienlama\" target=\"_blank\" rel=\"noopener\">THI\u1ebeT\u00a0B\u1eca \u0110I\u1ec6N LAMA<\/a><\/span><\/strong><\/span><\/p>","protected":false},"excerpt":{"rendered":"<p>C\u00f4ng T\u1eafc C\u00f3 \u0110\u00e8n B\u00e1o Panasonic 2 Ti\u1ebfp \u0110i\u1ec3m WEV5533-7SW C\u00f4ng t\u1eafc C\u00f3 \u0110\u00e8n B\u00e1o Panasonic\u00a0thu\u1ed9c\u00a0d\u00f2ng Refina (d\u00f2ng cao c\u1ea5p<\/p>","protected":false},"featured_media":11665,"comment_status":"closed","ping_status":"closed","template":"","meta":[],"product_brand":[],"product_cat":[501,836,856,857,562,804],"product_tag":[734,832,833],"class_list":{"0":"post-11664","1":"product","2":"type-product","3":"status-publish","4":"has-post-thumbnail","6":"product_cat-thiet-bi-dien","7":"product_cat-cong-tac-o-cam-wide","8":"product_cat-cong-tac-panasonic","9":"product_cat-cong-tac-panasonic-wide","10":"product_cat-thiet-bi-dien-panasonic","11":"product_cat-cong-tac-o-cam-panasonic","12":"product_tag-cong-tac-panasonic","13":"product_tag-cong-tac-panasonic-wide","14":"product_tag-cong-tac-panasonic-wide-2-tiep-diem","16":"first","17":"instock","18":"sale","19":"shipping-taxable","20":"purchasable","21":"product-type-simple"},"_links":{"self":[{"href":"https:\/\/mail.thietbidienlama.com\/en\/wp-json\/wp\/v2\/product\/11664","targetHints":{"allow":["GET"]}}],"collection":[{"href":"https:\/\/mail.thietbidienlama.com\/en\/wp-json\/wp\/v2\/product"}],"about":[{"href":"https:\/\/mail.thietbidienlama.com\/en\/wp-json\/wp\/v2\/types\/product"}],"replies":[{"embeddable":true,"href":"https:\/\/mail.thietbidienlama.com\/en\/wp-json\/wp\/v2\/comments?post=11664"}],"version-history":[{"count":3,"href":"https:\/\/mail.thietbidienlama.com\/en\/wp-json\/wp\/v2\/product\/11664\/revisions"}],"predecessor-version":[{"id":14436,"href":"https:\/\/mail.thietbidienlama.com\/en\/wp-json\/wp\/v2\/product\/11664\/revisions\/14436"}],"wp:featuredmedia":[{"embeddable":true,"href":"https:\/\/mail.thietbidienlama.com\/en\/wp-json\/wp\/v2\/media\/11665"}],"wp:attachment":[{"href":"https:\/\/mail.thietbidienlama.com\/en\/wp-json\/wp\/v2\/media?parent=11664"}],"wp:term":[{"taxonomy":"product_brand","embeddable":true,"href":"https:\/\/mail.thietbidienlama.com\/en\/wp-json\/wp\/v2\/product_brand?post=11664"},{"taxonomy":"product_cat","embeddable":true,"href":"https:\/\/mail.thietbidienlama.com\/en\/wp-json\/wp\/v2\/product_cat?post=11664"},{"taxonomy":"product_tag","embeddable":true,"href":"https:\/\/mail.thietbidienlama.com\/en\/wp-json\/wp\/v2\/product_tag?post=11664"}],"curies":[{"name":"wp","href":"https:\/\/api.w.org\/{rel}","templated":true}]}}