{"id":11418,"date":"2025-01-09T16:01:32","date_gmt":"2025-01-09T09:01:32","guid":{"rendered":"https:\/\/thietbidienlama.com\/?post_type=product&#038;p=11418"},"modified":"2026-04-20T11:27:18","modified_gmt":"2026-04-20T04:27:18","slug":"cong-tac-co-den-bao-panasonic","status":"publish","type":"product","link":"https:\/\/mail.thietbidienlama.com\/en\/cong-tac-co-den-bao-panasonic\/","title":{"rendered":"C\u00f4ng T\u1eafc C\u00f3 \u0110\u00e8n B\u00e1o Panasonic 1 Chi\u1ec1u D\u00f2ng Wide M\u00e0u Tr\u1eafng WEG5151"},"content":{"rendered":"<h1 style=\"text-align: center;\" data-sfc-root=\"c\" data-hveid=\"CAEIARAA\" data-complete=\"true\" data-processed=\"true\"><span style=\"font-family: 'times new roman', times, serif; font-size: 18pt; color: #000000;\">C\u00f4ng T\u1eafc C\u00f3 \u0110\u00e8n B\u00e1o Panasonic 1 Chi\u1ec1u D\u00f2ng Wide WEG5151<\/span><\/h1>\n<div data-sfc-cp=\"\" data-sfc-root=\"c\" data-sfc-cb=\"\" data-hveid=\"CAEIARAA\" data-complete=\"true\" data-processed=\"true\"><span style=\"font-family: 'times new roman', times, serif; font-size: 14pt; color: #000000;\">M\u00e3\u00a0WEG5151-51SWK\u00a0l\u00e0\u00a0b\u1ed9 c\u00f4ng t\u1eafc \u0111\u01a1n 1 chi\u1ec1u c\u00f3 \u0111\u00e8n b\u00e1o\u00a0thu\u1ed9c d\u00f2ng\u00a0Full Color\u00a0c\u1ee7a Panasonic. Kh\u00e1c v\u1edbi d\u00f2ng Wide b\u1ea1n v\u1eeba xem, d\u00f2ng Full Color c\u00f3 thi\u1ebft k\u1ebf ph\u00edm b\u1ea5m nh\u1ecf g\u1ecdn v\u00e0 truy\u1ec1n th\u1ed1ng h\u01a1n.<\/span><\/div>\n<div data-sfc-cp=\"\" data-sfc-root=\"c\" data-sfc-cb=\"\" data-hveid=\"CAEIAhAA\" data-complete=\"true\" data-processed=\"true\"><span style=\"font-family: 'times new roman', times, serif; font-size: 14pt; color: #000000;\">D\u01b0\u1edbi \u0111\u00e2y l\u00e0 chi ti\u1ebft v\u1ec1 s\u1ea3n ph\u1ea9m <strong><span style=\"color: #ff6600;\"><a style=\"color: #ff6600;\" href=\"https:\/\/thietbidienlama.com\/cong-tac-panasonic-wide\/\">c\u00f4ng t\u1eafc panasonic<\/a><\/span><\/strong>:<\/span><\/div>\n<h2 role=\"heading\" aria-level=\"3\" data-sfc-root=\"c\" data-complete=\"true\" data-processed=\"true\"><span style=\"font-family: 'times new roman', times, serif; font-size: 18pt; color: #ff6600;\">1. \u0110\u1eb7c \u0111i\u1ec3m thi\u1ebft k\u1ebf &amp; Ch\u1ee9c n\u0103ng<\/span><\/h2>\n<ul data-sfc-root=\"c\" data-sfc-cb=\"\" data-complete=\"true\" data-processed=\"true\">\n<li data-sfc-root=\"c\" data-sfc-cb=\"\" data-hveid=\"CAEIBBAA\" data-complete=\"true\" data-sae=\"\"><span style=\"font-family: 'times new roman', times, serif; font-size: 14pt; color: #000000;\">C\u1ea5u t\u1ea1o:\u00a0\u0110\u00e2y l\u00e0 m\u1ed9t b\u1ed9 ho\u00e0n ch\u1ec9nh bao g\u1ed3m\u00a0H\u1ea1t c\u00f4ng t\u1eafc c\u00f3 \u0111\u00e8n b\u00e1o\u00a0v\u00e0\u00a0Ph\u00edm b\u1ea5m l\u1edbn\u00a0\u0111i k\u00e8m.<\/span><\/li>\n<li data-sfc-root=\"c\" data-sfc-cb=\"\" data-hveid=\"CAEIBBAB\" data-complete=\"true\" data-sae=\"\"><span style=\"font-family: 'times new roman', times, serif; font-size: 14pt; color: #000000;\">C\u01a1 ch\u1ebf \u0111\u00e8n b\u00e1o (ON Indicator):\u00a0\u0110\u00e8n s\u1ebd\u00a0s\u00e1ng \u0111\u1ecf\u00a0khi c\u00f4ng t\u1eafc \u1edf tr\u1ea1ng th\u00e1i\u00a0B\u1eacT. M\u1ee5c \u0111\u00edch l\u00e0 \u0111\u1ec3 c\u1ea3nh b\u00e1o thi\u1ebft b\u1ecb \u0111ang ho\u1ea1t \u0111\u1ed9ng, gi\u00fap tr\u00e1nh vi\u1ec7c qu\u00ean t\u1eaft thi\u1ebft b\u1ecb g\u00e2y l\u00e3ng ph\u00ed \u0111i\u1ec7n ho\u1eb7c m\u1ea5t an to\u00e0n.<\/span><\/li>\n<li data-sfc-root=\"c\" data-sfc-cb=\"\" data-hveid=\"CAEIBBAC\" data-complete=\"true\" data-sae=\"\"><span style=\"font-family: 'times new roman', times, serif; font-size: 14pt; color: #000000;\">M\u00e0u s\u1eafc: Tr\u1eafng (White).<\/span><\/li>\n<\/ul>\n<h2 role=\"heading\" aria-level=\"3\" data-sfc-root=\"c\" data-complete=\"true\" data-processed=\"true\"><span style=\"font-family: 'times new roman', times, serif; font-size: 18pt; color: #ff6600;\">2. Th\u00f4ng s\u1ed1 k\u1ef9 thu\u1eadt<\/span><\/h2>\n<ul data-sfc-root=\"c\" data-sfc-cb=\"\" data-complete=\"true\" data-processed=\"true\">\n<li data-sfc-root=\"c\" data-sfc-cb=\"\" data-hveid=\"CAEIBhAA\" data-complete=\"true\" data-sae=\"\"><span style=\"font-family: 'times new roman', times, serif; font-size: 14pt; color: #000000;\">D\u00f2ng \u0111i\u1ec7n \u0111\u1ecbnh m\u1ee9c:\u00a016A (ch\u1ecbu t\u1ea3i t\u1ed1t cho c\u00e1c thi\u1ebft b\u1ecb c\u00f4ng su\u1ea5t l\u1edbn).<\/span><\/li>\n<li data-sfc-root=\"c\" data-sfc-cb=\"\" data-hveid=\"CAEIBhAB\" data-complete=\"true\" data-sae=\"\"><span style=\"font-family: 'times new roman', times, serif; font-size: 14pt; color: #000000;\">\u0110i\u1ec7n \u00e1p:\u00a0250VAC.<\/span><\/li>\n<li data-sfc-root=\"c\" data-sfc-cb=\"\" data-hveid=\"CAEIBhAC\" data-complete=\"true\" data-sae=\"\"><span style=\"font-family: 'times new roman', times, serif; font-size: 14pt; color: #000000;\">Ki\u1ec3u l\u1eafp \u0111\u1eb7t: B\u1eaft v\u00edt (\u0111\u1ea3m b\u1ea3o ti\u1ebfp x\u00fac ch\u1eafc ch\u1eafn cho c\u00e1c thi\u1ebft b\u1ecb t\u1ea3i cao).<\/span><\/li>\n<\/ul>\n<div id=\"attachment_11419\" style=\"width: 310px\" class=\"wp-caption aligncenter\"><img fetchpriority=\"high\" decoding=\"async\" aria-describedby=\"caption-attachment-11419\" class=\"size-medium wp-image-11419\" src=\"http:\/\/thietbidienlama.com\/wp-content\/uploads\/2025\/01\/cong-tac-co-den-bao-panasonic-khi-off-WEG5151-51SWK-300x300.jpg\" alt=\"Cong Tac Co Den Bao Panasonic Khi Off WEG5151 51SWK\" width=\"300\" height=\"300\" \/><p id=\"caption-attachment-11419\" class=\"wp-caption-text\">\u00a0 \u00a0 \u00a0 \u00a0 \u00a0 Cong Tac Co Den Bao Panasonic<\/p><\/div>\n<h2 role=\"heading\" aria-level=\"3\" data-sfc-root=\"c\" data-complete=\"true\" data-processed=\"true\"><span style=\"font-family: 'times new roman', times, serif; font-size: 18pt; color: #ff6600;\">3. \u1ee8ng d\u1ee5ng ph\u1ed5 bi\u1ebfn<\/span><\/h2>\n<div data-sfc-cp=\"\" data-sfc-root=\"c\" data-sfc-cb=\"\" data-hveid=\"CAEICBAA\" data-complete=\"true\" data-processed=\"true\"><span style=\"font-family: 'times new roman', times, serif; font-size: 14pt; color: #000000;\">Do \u0111\u00e8n b\u00e1o s\u00e1ng khi thi\u1ebft b\u1ecb \u0111ang ch\u1ea1y, m\u00e3 n\u00e0y th\u01b0\u1eddng \u0111\u01b0\u1ee3c d\u00f9ng cho:<\/span><\/div>\n<ul data-sfc-root=\"c\" data-sfc-cb=\"\" data-complete=\"true\" data-processed=\"true\">\n<li data-sfc-root=\"c\" data-sfc-cb=\"\" data-hveid=\"CAEICRAA\" data-complete=\"true\" data-sae=\"\"><span style=\"font-family: 'times new roman', times, serif; font-size: 14pt; color: #000000;\">B\u00ecnh n\u00f3ng l\u1ea1nh:\u00a0Bi\u1ebft ch\u00ednh x\u00e1c b\u00ecnh \u0111ang \u0111un hay \u0111\u00e3 t\u1eaft.<\/span><\/li>\n<li data-sfc-root=\"c\" data-sfc-cb=\"\" data-hveid=\"CAEICRAB\" data-complete=\"true\" data-sae=\"\"><span style=\"font-family: 'times new roman', times, serif; font-size: 14pt; color: #000000;\">M\u00e1y b\u01a1m n\u01b0\u1edbc:\u00a0C\u1ea3nh b\u00e1o \u0111\u1ec3 tr\u00e1nh m\u00e1y ch\u1ea1y c\u1ea1n n\u01b0\u1edbc ho\u1eb7c qu\u00e1 t\u1ea3i.<\/span><\/li>\n<li data-sfc-root=\"c\" data-sfc-cb=\"\" data-hveid=\"CAEICRAC\" data-complete=\"true\" data-sae=\"\"><span style=\"font-family: 'times new roman', times, serif; font-size: 14pt; color: #000000;\" data-sfc-cp=\"\" data-sfc-root=\"c\" data-sfc-cb=\"\" data-complete=\"true\" aria-owns=\"action-menu-parent-container\">Qu\u1ea1t h\u00fat th\u00f4ng gi\u00f3:\u00a0Ki\u1ec3m tra tr\u1ea1ng th\u00e1i ho\u1ea1t \u0111\u1ed9ng c\u1ee7a qu\u1ea1t \u1edf nh\u1eefng v\u1ecb tr\u00ed kh\u00f3 quan s\u00e1t.<\/span><\/li>\n<\/ul>\n<p class=\"Y3BBE\" data-hveid=\"CAEICBAA\" data-complete=\"true\" data-processed=\"true\"><span style=\"font-family: 'times new roman', times, serif; font-size: 14pt; color: #000000;\"><strong>LI\u00caN H\u1ec6 : Hotline: 0935 228 204 ( Ms Lam )<\/strong><\/span><\/p>\n<p><span style=\"font-family: 'times new roman', times, serif; font-size: 14pt; color: #000000;\"><strong>Facebook:\u00a0<span style=\"color: #ff6600;\"><a style=\"color: #ff6600;\" href=\"https:\/\/www.facebook.com\/thietbidienlama\" target=\"_blank\" rel=\"noopener\">THI\u1ebeT\u00a0B\u1eca \u0110I\u1ec6N LAMA<\/a><\/span><\/strong><\/span><\/p>\n<p><span style=\"font-family: 'times new roman', times, serif; font-size: 14pt; color: #000000;\"><strong>Tiktok:\u00a0<span style=\"color: #ff6600;\"><a style=\"color: #ff6600;\" href=\"https:\/\/www.tiktok.com\/@thietbidienlama\" target=\"_blank\" rel=\"noopener\">THI\u1ebeT\u00a0B\u1eca \u0110I\u1ec6N LAMA<\/a><\/span><\/strong><\/span><\/p>\n<p><span style=\"font-family: 'times new roman', times, serif; font-size: 14pt; color: #000000;\"><strong>Youtube:\u00a0<span style=\"color: #ff6600;\"><a style=\"color: #ff6600;\" href=\"https:\/\/www.youtube.com\/@thietbidienlama\" target=\"_blank\" rel=\"noopener\">THI\u1ebeT\u00a0B\u1eca \u0110I\u1ec6N LAMA<\/a><\/span><\/strong><\/span><\/p>","protected":false},"excerpt":{"rendered":"<p>C\u00f4ng T\u1eafc C\u00f3 \u0110\u00e8n B\u00e1o Panasonic 1 Chi\u1ec1u D\u00f2ng Wide WEG5151 M\u00e3\u00a0WEG5151-51SWK\u00a0l\u00e0\u00a0b\u1ed9 c\u00f4ng t\u1eafc \u0111\u01a1n 1 chi\u1ec1u c\u00f3 \u0111\u00e8n b\u00e1o\u00a0thu\u1ed9c<\/p>","protected":false},"featured_media":11421,"comment_status":"closed","ping_status":"closed","template":"","meta":[],"product_brand":[],"product_cat":[836,856,857,501,562,804],"product_tag":[762,761,760,759],"class_list":{"0":"post-11418","1":"product","2":"type-product","3":"status-publish","4":"has-post-thumbnail","6":"product_cat-cong-tac-o-cam-wide","7":"product_cat-cong-tac-panasonic","8":"product_cat-cong-tac-panasonic-wide","9":"product_cat-thiet-bi-dien","10":"product_cat-thiet-bi-dien-panasonic","11":"product_cat-cong-tac-o-cam-panasonic","12":"product_tag-cong-tac-co-den-bao","13":"product_tag-cong-tac-co-den-bao-panasonic","14":"product_tag-cong-tac-panasonic-co-den-bao","15":"product_tag-hat-cong-tac-panasonic-co-den-bao","17":"first","18":"instock","19":"sale","20":"shipping-taxable","21":"purchasable","22":"product-type-simple"},"_links":{"self":[{"href":"https:\/\/mail.thietbidienlama.com\/en\/wp-json\/wp\/v2\/product\/11418","targetHints":{"allow":["GET"]}}],"collection":[{"href":"https:\/\/mail.thietbidienlama.com\/en\/wp-json\/wp\/v2\/product"}],"about":[{"href":"https:\/\/mail.thietbidienlama.com\/en\/wp-json\/wp\/v2\/types\/product"}],"replies":[{"embeddable":true,"href":"https:\/\/mail.thietbidienlama.com\/en\/wp-json\/wp\/v2\/comments?post=11418"}],"version-history":[{"count":5,"href":"https:\/\/mail.thietbidienlama.com\/en\/wp-json\/wp\/v2\/product\/11418\/revisions"}],"predecessor-version":[{"id":14478,"href":"https:\/\/mail.thietbidienlama.com\/en\/wp-json\/wp\/v2\/product\/11418\/revisions\/14478"}],"wp:featuredmedia":[{"embeddable":true,"href":"https:\/\/mail.thietbidienlama.com\/en\/wp-json\/wp\/v2\/media\/11421"}],"wp:attachment":[{"href":"https:\/\/mail.thietbidienlama.com\/en\/wp-json\/wp\/v2\/media?parent=11418"}],"wp:term":[{"taxonomy":"product_brand","embeddable":true,"href":"https:\/\/mail.thietbidienlama.com\/en\/wp-json\/wp\/v2\/product_brand?post=11418"},{"taxonomy":"product_cat","embeddable":true,"href":"https:\/\/mail.thietbidienlama.com\/en\/wp-json\/wp\/v2\/product_cat?post=11418"},{"taxonomy":"product_tag","embeddable":true,"href":"https:\/\/mail.thietbidienlama.com\/en\/wp-json\/wp\/v2\/product_tag?post=11418"}],"curies":[{"name":"wp","href":"https:\/\/api.w.org\/{rel}","templated":true}]}}