{"id":11184,"date":"2024-10-21T08:15:37","date_gmt":"2024-10-21T01:15:37","guid":{"rendered":"https:\/\/thietbidienlama.com\/?post_type=product&#038;p=11184"},"modified":"2026-04-20T11:27:36","modified_gmt":"2026-04-20T04:27:36","slug":"cong-tac-2-chieu-panasonic","status":"publish","type":"product","link":"https:\/\/mail.thietbidienlama.com\/en\/cong-tac-2-chieu-panasonic\/","title":{"rendered":"C\u00f4ng T\u1eafc 2 Chi\u1ec1u Panasonic D\u00f2ng Wide M\u00e0u Tr\u1eafng WEV5002SW"},"content":{"rendered":"<h1 style=\"text-align: center;\" data-sfc-root=\"c\" data-hveid=\"CAEIARAA\" data-processed=\"true\" data-complete=\"true\"><span style=\"font-family: 'times new roman', times, serif; font-size: 18pt; color: #000000;\">C\u00f4ng T\u1eafc 2 Chi\u1ec1u Panasonic D\u00f2ng Wide M\u00e0u Tr\u1eafng <span class=\"fontstyle0\">WEV5002SW<\/span><\/span><\/h1>\n<div data-sfc-cp=\"\" data-sfc-root=\"c\" data-sfc-cb=\"\" data-hveid=\"CAEIARAA\" data-processed=\"true\" data-complete=\"true\"><span style=\"font-family: 'times new roman', times, serif; font-size: 14pt; color: #000000;\">C\u00f4ng t\u1eafc 2 chi\u1ec1u Panasonic d\u00f2ng\u00a0Wide Series m\u00e0u tr\u1eafng (th\u01b0\u1eddng g\u1ecdi l\u00e0 c\u00f4ng t\u1eafc c\u1ea7u thang) c\u00f3 thi\u1ebft k\u1ebf \u0111\u1ed3ng b\u1ed9 v\u1edbi d\u00f2ng Wide, chuy\u00ean d\u00f9ng \u0111\u1ec3 \u0111i\u1ec1u khi\u1ec3n m\u1ed9t b\u00f3ng \u0111\u00e8n t\u1eeb hai v\u1ecb tr\u00ed kh\u00e1c nhau.<\/span><\/div>\n<div data-sfc-cp=\"\" data-sfc-root=\"c\" data-sfc-cb=\"\" data-hveid=\"CAEIAhAA\" data-complete=\"true\" data-processed=\"true\"><span style=\"font-family: 'times new roman', times, serif; font-size: 14pt; color: #000000;\">D\u01b0\u1edbi \u0111\u00e2y l\u00e0 chi ti\u1ebft v\u1ec1 s\u1ea3n ph\u1ea9m :<\/span><\/div>\n<h2 role=\"heading\" aria-level=\"3\" data-sfc-root=\"c\" data-complete=\"true\" data-processed=\"true\"><span style=\"font-family: 'times new roman', times, serif; font-size: 18pt; color: #ff6600;\">1. M\u00e3 s\u1ea3n ph\u1ea9m ph\u1ed5 bi\u1ebfn<\/span><\/h2>\n<div data-sfc-cp=\"\" data-sfc-root=\"c\" data-sfc-cb=\"\" data-hveid=\"CAEIBBAA\" data-complete=\"true\" data-processed=\"true\"><span style=\"font-family: 'times new roman', times, serif; font-size: 14pt; color: #000000;\">T\u01b0\u01a1ng t\u1ef1 d\u00f2ng 1 chi\u1ec1u, lo\u1ea1i 2 chi\u1ec1u c\u0169ng c\u00f3 hai ki\u1ec3u k\u1ebft n\u1ed1i d\u00e2y:<\/span><\/div>\n<ul data-sfc-root=\"c\" data-sfc-cb=\"\" data-complete=\"true\" data-processed=\"true\">\n<li data-sfc-root=\"c\" data-sfc-cb=\"\" data-hveid=\"CAEIBRAA\" data-complete=\"true\" data-sae=\"\"><span style=\"font-family: 'times new roman', times, serif; font-size: 14pt; color: #000000;\">WEV5002SW:\u00a0Lo\u1ea1i k\u1ebft n\u1ed1i\u00a0c\u1eafm nhanh\u00a0(ph\u1ed5 bi\u1ebfn nh\u1ea5t hi\u1ec7n nay, ti\u1ec7n l\u1ee3i cho th\u1ee3 l\u1eafp \u0111\u1eb7t).<\/span><\/li>\n<li data-sfc-root=\"c\" data-sfc-cb=\"\" data-hveid=\"CAEIBRAB\" data-complete=\"true\" data-sae=\"\"><span style=\"font-family: 'times new roman', times, serif; font-size: 14pt; color: #000000;\">WEV5002-7SW:\u00a0Lo\u1ea1i k\u1ebft n\u1ed1i\u00a0b\u1eaft v\u00edt (d\u00f9ng cho c\u00e1c lo\u1ea1i d\u00e2y c\u1ee9ng ho\u1eb7c y\u00eau c\u1ea7u k\u1ef9 thu\u1eadt \u0111\u1eb7c th\u00f9).<\/span><\/li>\n<\/ul>\n<div id=\"attachment_11381\" style=\"width: 310px\" class=\"wp-caption aligncenter\"><img fetchpriority=\"high\" decoding=\"async\" aria-describedby=\"caption-attachment-11381\" class=\"size-medium wp-image-11381\" src=\"http:\/\/thietbidienlama.com\/wp-content\/uploads\/2024\/12\/Cong-Tac-2-Chieu-Panasonic-1-300x300.png\" alt=\"C\u00f4ng T\u1eafc 2 Chi\u1ec1u Panasonic\" width=\"300\" height=\"300\" srcset=\"https:\/\/mail.thietbidienlama.com\/wp-content\/uploads\/2024\/12\/Cong-Tac-2-Chieu-Panasonic-1-300x300.png 300w, https:\/\/mail.thietbidienlama.com\/wp-content\/uploads\/2024\/12\/Cong-Tac-2-Chieu-Panasonic-1-150x150.png 150w, https:\/\/mail.thietbidienlama.com\/wp-content\/uploads\/2024\/12\/Cong-Tac-2-Chieu-Panasonic-1-12x12.png 12w, https:\/\/mail.thietbidienlama.com\/wp-content\/uploads\/2024\/12\/Cong-Tac-2-Chieu-Panasonic-1.png 600w\" sizes=\"(max-width: 300px) 100vw, 300px\" \/><p id=\"caption-attachment-11381\" class=\"wp-caption-text\">\u00a0 \u00a0 \u00a0 \u00a0 \u00a0 C\u00f4ng T\u1eafc 2 Chi\u1ec1u Panasonic<\/p><\/div>\n<h2 role=\"heading\" aria-level=\"3\" data-sfc-root=\"c\" data-complete=\"true\" data-processed=\"true\"><span style=\"font-family: 'times new roman', times, serif; font-size: 18pt; color: #ff6600;\">2. Th\u00f4ng s\u1ed1 k\u1ef9 thu\u1eadt C\u00f4ng T\u1eafc 2 Chi\u1ec1u Panasonic<\/span><\/h2>\n<ul data-sfc-root=\"c\" data-sfc-cb=\"\" data-complete=\"true\" data-processed=\"true\">\n<li data-sfc-root=\"c\" data-sfc-cb=\"\" data-hveid=\"CAEIBxAA\" data-complete=\"true\" data-sae=\"\"><span style=\"font-family: 'times new roman', times, serif; font-size: 14pt; color: #000000;\">D\u00f2ng \u0111i\u1ec7n \u0111\u1ecbnh m\u1ee9c:\u00a016A.<\/span><\/li>\n<li data-sfc-root=\"c\" data-sfc-cb=\"\" data-hveid=\"CAEIBxAB\" data-complete=\"true\" data-sae=\"\"><span style=\"font-family: 'times new roman', times, serif; font-size: 14pt; color: #000000;\">\u0110i\u1ec7n \u00e1p \u0111\u1ecbnh m\u1ee9c:\u00a0250VAC.<\/span><\/li>\n<li data-sfc-root=\"c\" data-sfc-cb=\"\" data-hveid=\"CAEIBxAC\" data-complete=\"true\" data-sae=\"\"><span style=\"font-family: 'times new roman', times, serif; font-size: 14pt; color: #000000;\">M\u00e0u s\u1eafc:\u00a0Tr\u1eafng tuy\u1ebft (White).<\/span><\/li>\n<li data-sfc-root=\"c\" data-sfc-cb=\"\" data-hveid=\"CAEIBxAD\" data-complete=\"true\" data-sae=\"\"><span style=\"font-family: 'times new roman', times, serif; font-size: 14pt; color: #000000;\">Ch\u1ea5t li\u1ec7u:\u00a0Nh\u1ef1a cao c\u1ea5p ch\u1ed1ng ch\u00e1y, b\u1ec1 m\u1eb7t nh\u1eb5n b\u00f3ng ch\u1ed1ng b\u00e1m b\u1ea9n.<\/span><\/li>\n<li data-sfc-root=\"c\" data-sfc-cb=\"\" data-hveid=\"CAEIBxAE\" data-complete=\"true\" data-sae=\"\"><span style=\"font-family: 'times new roman', times, serif; font-size: 14pt; color: #000000;\">Ti\u00eau chu\u1ea9n: IEC60669-1.<\/span><\/li>\n<\/ul>\n<h2 role=\"heading\" aria-level=\"3\" data-sfc-root=\"c\" data-complete=\"true\" data-processed=\"true\"><span style=\"font-family: 'times new roman', times, serif; font-size: 18pt; color: #ff6600;\">3. \u01afu \u0111i\u1ec3m n\u1ed5i b\u1eadt<\/span><\/h2>\n<ul data-sfc-root=\"c\" data-sfc-cb=\"\" data-complete=\"true\" data-processed=\"true\">\n<li data-sfc-root=\"c\" data-sfc-cb=\"\" data-hveid=\"CAEICRAA\" data-complete=\"true\" data-sae=\"\"><span style=\"font-family: 'times new roman', times, serif; font-size: 14pt; color: #000000;\">V\u1eadn h\u00e0nh \u00eam \u00e1i:\u00a0Ph\u00edm b\u1ea5m l\u1edbn, \u0111\u1ed9 nh\u1ea1y cao, ti\u1ebfng click khi b\u1eadt t\u1eaft r\u1ea5t nh\u1eb9 v\u00e0 ch\u1eafc ch\u1eafn.<\/span><\/li>\n<li data-sfc-root=\"c\" data-sfc-cb=\"\" data-hveid=\"CAEICRAB\" data-complete=\"true\" data-sae=\"\"><span style=\"font-family: 'times new roman', times, serif; font-size: 14pt; color: #000000;\">\u0110\u1ed9 b\u1ec1n v\u01b0\u1ee3t tr\u1ed9i:\u00a0Ti\u1ebfp \u0111i\u1ec3m b\u1eb1ng h\u1ee3p kim b\u1ea1c gi\u00fap t\u0103ng kh\u1ea3 n\u0103ng d\u1eabn \u0111i\u1ec7n v\u00e0 ch\u1ecbu nhi\u1ec7t, cho ph\u00e9p th\u1ef1c hi\u1ec7n h\u00e0ng ch\u1ee5c ngh\u00ecn l\u1ea7n b\u1eadt t\u1eaft m\u00e0 kh\u00f4ng b\u1ecb k\u1eb9t hay h\u1ecfng.<\/span><\/li>\n<li data-sfc-root=\"c\" data-sfc-cb=\"\" data-hveid=\"CAEICRAC\" data-complete=\"true\" data-sae=\"\"><span style=\"font-family: 'times new roman', times, serif; font-size: 14pt; color: #000000;\">T\u00ednh linh ho\u1ea1t: D\u00f2ng Wide c\u00f3 k\u00edch th\u01b0\u1edbc chu\u1ea9n, d\u1ec5 d\u00e0ng l\u1eafp chung v\u1edbi c\u00e1c thi\u1ebft b\u1ecb kh\u00e1c (\u1ed5 c\u1eafm, \u0111\u00e8n b\u00e1o) tr\u00ean c\u00f9ng m\u1ed9t m\u1eb7t n\u1ea1.<\/span><\/li>\n<\/ul>\n<h2 role=\"heading\" aria-level=\"3\" data-sfc-root=\"c\" data-complete=\"true\" data-processed=\"true\"><span style=\"font-family: 'times new roman', times, serif; font-size: 18pt; color: #ff6600;\">4. \u1ee8ng d\u1ee5ng ph\u1ed5 bi\u1ebfn<\/span><\/h2>\n<h3 data-sfc-root=\"c\" data-hveid=\"CAEICxAA\" data-complete=\"true\" data-processed=\"true\"><span style=\"font-family: 'times new roman', times, serif; font-size: 14pt; color: #000000;\">S\u1ea3n ph\u1ea9m <span style=\"color: #ff6600;\"><a style=\"color: #ff6600;\" href=\"https:\/\/thietbidienlama.com\/cong-tac-panasonic-wide\/\">c\u00f4ng t\u1eafc panasonic<\/a><\/span> n\u00e0y l\u00e0 l\u1ef1a ch\u1ecdn b\u1eaft bu\u1ed9c cho c\u00e1c v\u1ecb tr\u00ed:<\/span><\/h3>\n<ul data-sfc-root=\"c\" data-sfc-cb=\"\" data-complete=\"true\" data-processed=\"true\">\n<li data-sfc-root=\"c\" data-sfc-cb=\"\" data-hveid=\"CAEIDBAA\" data-complete=\"true\" data-sae=\"\"><span style=\"font-family: 'times new roman', times, serif; font-size: 14pt; color: #000000;\">C\u1ea7u thang:\u00a0B\u1eadt \u1edf t\u1ea7ng d\u01b0\u1edbi, t\u1eaft \u1edf t\u1ea7ng tr\u00ean (ho\u1eb7c ng\u01b0\u1ee3c l\u1ea1i).<\/span><\/li>\n<li data-sfc-root=\"c\" data-sfc-cb=\"\" data-hveid=\"CAEIDBAB\" data-complete=\"true\" data-sae=\"\"><span style=\"font-family: 'times new roman', times, serif; font-size: 14pt; color: #000000;\" data-sfc-cp=\"\" data-sfc-root=\"c\" data-sfc-cb=\"\" data-complete=\"true\" aria-owns=\"action-menu-parent-container\">Ph\u00f2ng ng\u1ee7:\u00a0M\u1ed9t c\u00f4ng t\u1eafc t\u1ea1i c\u1eeda ra v\u00e0o v\u00e0 m\u1ed9t c\u00f4ng t\u1eafc t\u1ea1i \u0111\u1ea7u gi\u01b0\u1eddng \u0111\u1ec3 t\u1eaft \u0111\u00e8n khi \u0111i ng\u1ee7 m\u00e0 kh\u00f4ng c\u1ea7n ng\u1ed3i d\u1eady.<\/span><\/li>\n<\/ul>\n<p class=\"Y3BBE\" data-hveid=\"CAEICBAA\" data-complete=\"true\" data-processed=\"true\"><span style=\"font-family: 'times new roman', times, serif; font-size: 14pt; color: #000000;\"><strong>LI\u00caN H\u1ec6 : Hotline: 0935 228 204 ( Ms Lam )<\/strong><\/span><\/p>\n<p><span style=\"font-family: 'times new roman', times, serif; font-size: 14pt; color: #000000;\"><strong>Facebook:\u00a0<span style=\"color: #ff6600;\"><a style=\"color: #ff6600;\" href=\"https:\/\/www.facebook.com\/thietbidienlama\" target=\"_blank\" rel=\"noopener\">THI\u1ebeT\u00a0B\u1eca \u0110I\u1ec6N LAMA<\/a><\/span><\/strong><\/span><\/p>\n<p><span style=\"font-family: 'times new roman', times, serif; font-size: 14pt; color: #000000;\"><strong>Tiktok:\u00a0<span style=\"color: #ff6600;\"><a style=\"color: #ff6600;\" href=\"https:\/\/www.tiktok.com\/@thietbidienlama\" target=\"_blank\" rel=\"noopener\">THI\u1ebeT\u00a0B\u1eca \u0110I\u1ec6N LAMA<\/a><\/span><\/strong><\/span><\/p>\n<p><span style=\"font-family: 'times new roman', times, serif; font-size: 14pt; color: #000000;\"><strong>Youtube:\u00a0<span style=\"color: #ff6600;\"><a style=\"color: #ff6600;\" href=\"https:\/\/www.youtube.com\/@thietbidienlama\" target=\"_blank\" rel=\"noopener\">THI\u1ebeT\u00a0B\u1eca \u0110I\u1ec6N LAMA<\/a><\/span><\/strong><\/span><\/p>","protected":false},"excerpt":{"rendered":"<p>C\u00f4ng T\u1eafc 2 Chi\u1ec1u Panasonic D\u00f2ng Wide M\u00e0u Tr\u1eafng WEV5002SW C\u00f4ng t\u1eafc 2 chi\u1ec1u Panasonic d\u00f2ng\u00a0Wide Series m\u00e0u tr\u1eafng (th\u01b0\u1eddng<\/p>","protected":false},"featured_media":11246,"comment_status":"closed","ping_status":"closed","template":"","meta":[],"product_brand":[],"product_cat":[562,836,856,857,501,804],"product_tag":[736,691,694,692,733,734,693,739,735,737,738],"class_list":{"0":"post-11184","1":"product","2":"type-product","3":"status-publish","4":"has-post-thumbnail","6":"product_cat-thiet-bi-dien-panasonic","7":"product_cat-cong-tac-o-cam-wide","8":"product_cat-cong-tac-panasonic","9":"product_cat-cong-tac-panasonic-wide","10":"product_cat-thiet-bi-dien","11":"product_cat-cong-tac-o-cam-panasonic","12":"product_tag-cac-loai-cong-tac-panasonic","13":"product_tag-cong-tac-2-chieu","14":"product_tag-cong-tac-2-chieu-panasonic","15":"product_tag-cong-tac-dien-2-chieu-panasonic","16":"product_tag-cong-tac-don-2-chieu-panasonic","17":"product_tag-cong-tac-panasonic","18":"product_tag-cong-tac-panasonic-2-chieu","19":"product_tag-hat-cong-tac-2-chieu-panasonic","20":"product_tag-hat-cong-tac-panasonic","21":"product_tag-wev5002-7sw","22":"product_tag-wev5002sw","24":"first","25":"instock","26":"sale","27":"shipping-taxable","28":"purchasable","29":"product-type-simple"},"_links":{"self":[{"href":"https:\/\/mail.thietbidienlama.com\/en\/wp-json\/wp\/v2\/product\/11184","targetHints":{"allow":["GET"]}}],"collection":[{"href":"https:\/\/mail.thietbidienlama.com\/en\/wp-json\/wp\/v2\/product"}],"about":[{"href":"https:\/\/mail.thietbidienlama.com\/en\/wp-json\/wp\/v2\/types\/product"}],"replies":[{"embeddable":true,"href":"https:\/\/mail.thietbidienlama.com\/en\/wp-json\/wp\/v2\/comments?post=11184"}],"version-history":[{"count":6,"href":"https:\/\/mail.thietbidienlama.com\/en\/wp-json\/wp\/v2\/product\/11184\/revisions"}],"predecessor-version":[{"id":14430,"href":"https:\/\/mail.thietbidienlama.com\/en\/wp-json\/wp\/v2\/product\/11184\/revisions\/14430"}],"wp:featuredmedia":[{"embeddable":true,"href":"https:\/\/mail.thietbidienlama.com\/en\/wp-json\/wp\/v2\/media\/11246"}],"wp:attachment":[{"href":"https:\/\/mail.thietbidienlama.com\/en\/wp-json\/wp\/v2\/media?parent=11184"}],"wp:term":[{"taxonomy":"product_brand","embeddable":true,"href":"https:\/\/mail.thietbidienlama.com\/en\/wp-json\/wp\/v2\/product_brand?post=11184"},{"taxonomy":"product_cat","embeddable":true,"href":"https:\/\/mail.thietbidienlama.com\/en\/wp-json\/wp\/v2\/product_cat?post=11184"},{"taxonomy":"product_tag","embeddable":true,"href":"https:\/\/mail.thietbidienlama.com\/en\/wp-json\/wp\/v2\/product_tag?post=11184"}],"curies":[{"name":"wp","href":"https:\/\/api.w.org\/{rel}","templated":true}]}}