{"id":11175,"date":"2024-10-17T10:10:37","date_gmt":"2024-10-17T03:10:37","guid":{"rendered":"https:\/\/thietbidienlama.com\/?post_type=product&#038;p=11175"},"modified":"2026-04-20T11:27:53","modified_gmt":"2026-04-20T04:27:53","slug":"cong-tac-1-chieu-panasonic","status":"publish","type":"product","link":"https:\/\/mail.thietbidienlama.com\/en\/cong-tac-1-chieu-panasonic\/","title":{"rendered":"C\u00f4ng t\u1eafc 1 chi\u1ec1u Panasonic D\u00f2ng Wide M\u00e0u Tr\u1eafng WEV5001SW"},"content":{"rendered":"<h1 style=\"text-align: center;\"><span style=\"color: #000000; font-size: 18pt; font-family: 'times new roman', times, serif;\">C\u00f4ng t\u1eafc 1 chi\u1ec1u Panasonic D\u00f2ng Wide M\u00e0u Tr\u1eafng <span class=\"fontstyle0\">WEV5001SW<\/span>\u00a0<\/span><\/h1>\n<div data-sfc-cp=\"\" data-sfc-root=\"c\" data-sfc-cb=\"\" data-hveid=\"CAEIAhAA\" data-complete=\"true\" data-processed=\"true\"><span style=\"font-family: 'times new roman', times, serif; font-size: 14pt; color: #000000;\">C\u00f4ng t\u1eafc 1 chi\u1ec1u Panasonic d\u00f2ng\u00a0Wide Series\u00a0m\u00e0u tr\u1eafng (th\u01b0\u1eddng g\u1ecdi l\u00e0 m\u00e3\u00a0WEV5001SW) l\u00e0 d\u00f2ng thi\u1ebft b\u1ecb \u0111i\u1ec7n ph\u1ed5 bi\u1ebfn nh\u1ea5t c\u1ee7a h\u00e3ng t\u1ea1i Vi\u1ec7t Nam nh\u1edd thi\u1ebft k\u1ebf t\u1ed1i gi\u1ea3n, \u0111\u1ed9 b\u1ec1n cao v\u00e0 gi\u00e1 th\u00e0nh h\u1ee3p l\u00fd.<\/span><\/div>\n<div data-sfc-cp=\"\" data-sfc-root=\"c\" data-sfc-cb=\"\" data-hveid=\"CAEIAhAA\" data-complete=\"true\" data-processed=\"true\">\n<div id=\"attachment_14124\" style=\"width: 510px\" class=\"wp-caption aligncenter\"><img fetchpriority=\"high\" decoding=\"async\" aria-describedby=\"caption-attachment-14124\" class=\"wp-image-14124 size-full\" src=\"http:\/\/thietbidienlama.com\/wp-content\/uploads\/2024\/08\/Cong-Tac-Panasonic-Dong-Wide-Trang.jpg\" alt=\"C\u00f4ng T\u1eafc Panasonic D\u00f2ng Wide Tr\u1eafng\" width=\"500\" height=\"500\" srcset=\"https:\/\/mail.thietbidienlama.com\/wp-content\/uploads\/2024\/08\/Cong-Tac-Panasonic-Dong-Wide-Trang.jpg 500w, https:\/\/mail.thietbidienlama.com\/wp-content\/uploads\/2024\/08\/Cong-Tac-Panasonic-Dong-Wide-Trang-300x300.jpg 300w, https:\/\/mail.thietbidienlama.com\/wp-content\/uploads\/2024\/08\/Cong-Tac-Panasonic-Dong-Wide-Trang-150x150.jpg 150w, https:\/\/mail.thietbidienlama.com\/wp-content\/uploads\/2024\/08\/Cong-Tac-Panasonic-Dong-Wide-Trang-12x12.jpg 12w\" sizes=\"(max-width: 500px) 100vw, 500px\" \/><p id=\"caption-attachment-14124\" class=\"wp-caption-text\">\u00a0 \u00a0 \u00a0 \u00a0 \u00a0 \u00a0 \u00a0 \u00a0 \u00a0 \u00a0 \u00a0 \u00a0 \u00a0 C\u00f4ng T\u1eafc Panasonic D\u00f2ng Wide Tr\u1eafng<\/p><\/div>\n<\/div>\n<h2 data-sfc-root=\"c\" data-hveid=\"CAEIAxAA\" data-complete=\"true\" data-processed=\"true\"><span style=\"font-family: 'times new roman', times, serif; font-size: 18pt; color: #ff6600;\">Th\u00f4ng Tin C\u00f4ng T\u1eafc 1 Chi\u1ec1u Panasonic:<\/span><\/h2>\n<h3 role=\"heading\" aria-level=\"3\" data-sfc-root=\"c\" data-complete=\"true\" data-processed=\"true\"><span style=\"font-family: 'times new roman', times, serif; font-size: 14pt; color: #000000;\">1. Ph\u00e2n lo\u1ea1i m\u00e3 h\u00e0ng<\/span><\/h3>\n<div data-sfc-cp=\"\" data-sfc-root=\"c\" data-sfc-cb=\"\" data-hveid=\"CAEIBRAA\" data-complete=\"true\" data-processed=\"true\"><span style=\"font-family: 'times new roman', times, serif; font-size: 14pt; color: #000000;\">T\u00f9y v\u00e0o c\u00e1ch l\u1eafp \u0111\u1eb7t d\u00e2y \u0111i\u1ec7n, d\u00f2ng Wide tr\u1eafng 1 chi\u1ec1u c\u00f3 2 m\u00e3 ph\u1ed5 bi\u1ebfn:<\/span><\/div>\n<ul data-sfc-root=\"c\" data-sfc-cb=\"\" data-complete=\"true\" data-processed=\"true\">\n<li data-sfc-root=\"c\" data-sfc-cb=\"\" data-hveid=\"CAEIBhAA\" data-complete=\"true\" data-sae=\"\"><span style=\"font-family: 'times new roman', times, serif; font-size: 14pt; color: #000000;\">WEV5001SW:\u00a0Lo\u1ea1i k\u1ebft n\u1ed1i\u00a0c\u1eafm nhanh\u00a0(kh\u00f4ng c\u1ea7n v\u1eb7n v\u00edt, l\u1eafp \u0111\u1eb7t r\u1ea5t nhanh).<\/span><\/li>\n<li data-sfc-root=\"c\" data-sfc-cb=\"\" data-hveid=\"CAEIBhAB\" data-complete=\"true\" data-sae=\"\"><span style=\"font-family: 'times new roman', times, serif; font-size: 14pt; color: #000000;\">WEV5001-7SW:\u00a0Lo\u1ea1i k\u1ebft n\u1ed1i\u00a0b\u1eaft v\u00edt (truy\u1ec1n th\u1ed1ng, ch\u1eafc ch\u1eafn).<\/span><\/li>\n<\/ul>\n<h3 role=\"heading\" aria-level=\"3\" data-sfc-root=\"c\" data-complete=\"true\" data-processed=\"true\"><span style=\"font-family: 'times new roman', times, serif; font-size: 14pt; color: #000000;\">2. Th\u00f4ng s\u1ed1 k\u1ef9 thu\u1eadt<\/span><\/h3>\n<ul data-sfc-root=\"c\" data-sfc-cb=\"\" data-complete=\"true\" data-processed=\"true\">\n<li data-sfc-root=\"c\" data-sfc-cb=\"\" data-hveid=\"CAEICBAA\" data-complete=\"true\" data-sae=\"\"><span style=\"font-family: 'times new roman', times, serif; font-size: 14pt; color: #000000;\">D\u00f2ng \u0111i\u1ec7n \u0111\u1ecbnh m\u1ee9c:\u00a016A.<\/span><\/li>\n<li data-sfc-root=\"c\" data-sfc-cb=\"\" data-hveid=\"CAEICBAB\" data-complete=\"true\" data-sae=\"\"><span style=\"font-family: 'times new roman', times, serif; font-size: 14pt; color: #000000;\">\u0110i\u1ec7n \u00e1p \u0111\u1ecbnh m\u1ee9c:\u00a0250VAC.<\/span><\/li>\n<li data-sfc-root=\"c\" data-sfc-cb=\"\" data-hveid=\"CAEICBAC\" data-complete=\"true\" data-sae=\"\"><span style=\"font-family: 'times new roman', times, serif; font-size: 14pt; color: #000000;\">Ch\u1ea5t li\u1ec7u:\u00a0Nh\u1ef1a Urea Resin cao c\u1ea5p, c\u00f3 kh\u1ea3 n\u0103ng\u00a0ch\u1ed1ng ch\u00e1y, ch\u1ecbu nhi\u1ec7t v\u00e0 ch\u1ed1ng b\u00e1m b\u1ea9n.<\/span><\/li>\n<li data-sfc-root=\"c\" data-sfc-cb=\"\" data-hveid=\"CAEICBAD\" data-complete=\"true\" data-sae=\"\"><span style=\"font-family: 'times new roman', times, serif; font-size: 14pt; color: #000000;\">M\u00e0u s\u1eafc:\u00a0Tr\u1eafng tuy\u1ebft (White).<\/span><\/li>\n<li data-sfc-root=\"c\" data-sfc-cb=\"\" data-hveid=\"CAEICBAE\" data-complete=\"true\" data-sae=\"\"><span style=\"font-family: 'times new roman', times, serif; font-size: 14pt; color: #000000;\">Ti\u00eau chu\u1ea9n: S\u1ea3n xu\u1ea5t theo ti\u00eau chu\u1ea9n IEC60669-1<\/span><\/li>\n<\/ul>\n<div id=\"attachment_14427\" style=\"width: 654px\" class=\"wp-caption aligncenter\"><img decoding=\"async\" aria-describedby=\"caption-attachment-14427\" class=\"wp-image-14427 size-full\" src=\"http:\/\/thietbidienlama.com\/wp-content\/uploads\/2024\/10\/Cong-tac-1-chieu-Panasonic-Dong-Wide-Mau-Trang.jpg\" alt=\"C\u00f4ng T\u1eafc 1 Chi\u1ec1u Panasonic D\u00f2ng Wide M\u00e0u Tr\u1eafng\" width=\"644\" height=\"310\" srcset=\"https:\/\/mail.thietbidienlama.com\/wp-content\/uploads\/2024\/10\/Cong-tac-1-chieu-Panasonic-Dong-Wide-Mau-Trang.jpg 644w, https:\/\/mail.thietbidienlama.com\/wp-content\/uploads\/2024\/10\/Cong-tac-1-chieu-Panasonic-Dong-Wide-Mau-Trang-300x144.jpg 300w, https:\/\/mail.thietbidienlama.com\/wp-content\/uploads\/2024\/10\/Cong-tac-1-chieu-Panasonic-Dong-Wide-Mau-Trang-18x9.jpg 18w, https:\/\/mail.thietbidienlama.com\/wp-content\/uploads\/2024\/10\/Cong-tac-1-chieu-Panasonic-Dong-Wide-Mau-Trang-150x72.jpg 150w\" sizes=\"(max-width: 644px) 100vw, 644px\" \/><p id=\"caption-attachment-14427\" class=\"wp-caption-text\">\u00a0 \u00a0 \u00a0 \u00a0 \u00a0 \u00a0 \u00a0 \u00a0 \u00a0 \u00a0 \u00a0 \u00a0 \u00a0 \u00a0C\u00f4ng T\u1eafc 1 Chi\u1ec1u Panasonic D\u00f2ng Wide M\u00e0u Tr\u1eafng <span class=\"fontstyle0\">WEV5001SW<\/span>\u00a0<\/p><\/div>\n<h3 role=\"heading\" aria-level=\"3\" data-sfc-root=\"c\" data-complete=\"true\" data-processed=\"true\"><span style=\"font-family: 'times new roman', times, serif; font-size: 14pt; color: #000000;\">3. \u01afu \u0111i\u1ec3m n\u1ed5i b\u1eadt<\/span><\/h3>\n<ul data-sfc-root=\"c\" data-sfc-cb=\"\" data-complete=\"true\" data-processed=\"true\">\n<li data-sfc-root=\"c\" data-sfc-cb=\"\" data-hveid=\"CAEIChAA\" data-complete=\"true\" data-sae=\"\"><span style=\"font-family: 'times new roman', times, serif; font-size: 14pt; color: #000000;\">\u0110\u1ed9 b\u1ec1n c\u1ef1c cao:\u00a0C\u01a1 ch\u1ebf chuy\u1ec3n m\u1ea1ch ti\u00ean ti\u1ebfn gi\u00fap ti\u1ebfp \u0111i\u1ec3m \u0111\u00f3ng c\u1eaft d\u1ee9t kho\u00e1t, tu\u1ed5i th\u1ecd c\u00f3 th\u1ec3 \u0111\u1ea1t t\u1edbi\u00a040.000 l\u1ea7n\u00a0b\u1eadt t\u1eaft.<\/span><\/li>\n<li data-sfc-root=\"c\" data-sfc-cb=\"\" data-hveid=\"CAEIChAB\" data-complete=\"true\" data-sae=\"\"><span style=\"font-family: 'times new roman', times, serif; font-size: 14pt; color: #000000;\">Thi\u1ebft k\u1ebf hi\u1ec7n \u0111\u1ea1i:\u00a0Ph\u00edm b\u1ea5m l\u1edbn, \u0111\u1ed9 nh\u1ea1y cao, d\u1ec5 thao t\u00e1c v\u00e0 ph\u00f9 h\u1ee3p v\u1edbi nhi\u1ec1u phong c\u00e1ch n\u1ed9i th\u1ea5t t\u1eeb b\u00ecnh d\u00e2n \u0111\u1ebfn cao c\u1ea5p.<\/span><\/li>\n<li data-sfc-root=\"c\" data-sfc-cb=\"\" data-hveid=\"CAEIChAC\" data-complete=\"true\" data-sae=\"\"><span style=\"font-family: 'times new roman', times, serif; font-size: 14pt; color: #000000;\" data-sfc-cp=\"\" data-sfc-root=\"c\" data-sfc-cb=\"\" data-complete=\"true\" aria-owns=\"action-menu-parent-container\">An to\u00e0n:\u00a0V\u1eadt li\u1ec7u c\u00e1ch \u0111i\u1ec7n t\u1ed1t, kh\u00f4ng g\u00e2y hi\u1ec7n t\u01b0\u1ee3ng ch\u1ea3y nh\u1ef1a khi s\u1eed d\u1ee5ng t\u1ea3i l\u1edbn trong th\u1eddi gian d\u00e0i.<\/span><\/li>\n<\/ul>\n<p><span style=\"font-family: 'times new roman', times, serif; font-size: 14pt; color: #000000;\"><strong>\u1ee8ng d\u1ee5ng th\u1ef1c t\u1ebf:<\/strong> \u00a0<strong><span style=\"color: #ff6600;\"><a style=\"color: #ff6600;\" href=\"https:\/\/thietbidienlama.com\/cong-tac-panasonic-wide\/\">C\u00f4ng T\u1eafc Panasonic<\/a><\/span><\/strong> \u0111\u01b0\u1ee3c \u1ee9ng d\u1ee5ng th\u1ef1c t\u1ebf v\u00e0o nhi\u1ec1u c\u00f4ng tr\u00ecnh chi\u1ebfu s\u00e1ng nh\u01b0: C\u0103n h\u1ed9 cao c\u1ea5p, V\u0103n ph\u00f2ng, Kh\u00e1ch s\u1ea1n, Tr\u01b0\u1eddng h\u1ecdc, Showroom, \u2026<\/span><\/p>\n<p class=\"Y3BBE\" data-hveid=\"CAEICBAA\" data-complete=\"true\" data-processed=\"true\"><span style=\"font-family: 'times new roman', times, serif; font-size: 14pt; color: #000000;\"><strong>LI\u00caN H\u1ec6 : Hotline: 0935 228 204 ( Ms Lam )<\/strong><\/span><\/p>\n<p><span style=\"font-family: 'times new roman', times, serif; font-size: 14pt; color: #000000;\"><strong>Facebook:\u00a0<span style=\"color: #ff6600;\"><a style=\"color: #ff6600;\" href=\"https:\/\/www.facebook.com\/thietbidienlama\" target=\"_blank\" rel=\"noopener\">THI\u1ebeT\u00a0B\u1eca \u0110I\u1ec6N LAMA<\/a><\/span><\/strong><\/span><\/p>\n<p><span style=\"font-family: 'times new roman', times, serif; font-size: 14pt; color: #000000;\"><strong>Tiktok:\u00a0<span style=\"color: #ff6600;\"><a style=\"color: #ff6600;\" href=\"https:\/\/www.tiktok.com\/@thietbidienlama\" target=\"_blank\" rel=\"noopener\">THI\u1ebeT\u00a0B\u1eca \u0110I\u1ec6N LAMA<\/a><\/span><\/strong><\/span><\/p>\n<p><span style=\"font-family: 'times new roman', times, serif; font-size: 14pt; color: #000000;\"><strong>Youtube:\u00a0<span style=\"color: #ff6600;\"><a style=\"color: #ff6600;\" href=\"https:\/\/www.youtube.com\/@thietbidienlama\" target=\"_blank\" rel=\"noopener\">THI\u1ebeT\u00a0B\u1eca \u0110I\u1ec6N LAMA<\/a><\/span><\/strong><\/span><\/p>","protected":false},"excerpt":{"rendered":"<p>C\u00f4ng t\u1eafc 1 chi\u1ec1u Panasonic D\u00f2ng Wide M\u00e0u Tr\u1eafng WEV5001SW\u00a0 C\u00f4ng t\u1eafc 1 chi\u1ec1u Panasonic d\u00f2ng\u00a0Wide Series\u00a0m\u00e0u tr\u1eafng (th\u01b0\u1eddng g\u1ecdi<\/p>","protected":false},"featured_media":11247,"comment_status":"closed","ping_status":"closed","template":"","meta":[],"product_brand":[],"product_cat":[562,836,856,857,501,804],"product_tag":[688,687,690,689,744,740,741,742,743],"class_list":{"0":"post-11175","1":"product","2":"type-product","3":"status-publish","4":"has-post-thumbnail","6":"product_cat-thiet-bi-dien-panasonic","7":"product_cat-cong-tac-o-cam-wide","8":"product_cat-cong-tac-panasonic","9":"product_cat-cong-tac-panasonic-wide","10":"product_cat-thiet-bi-dien","11":"product_cat-cong-tac-o-cam-panasonic","12":"product_tag-cong-tac-1-chieu-panasonic","13":"product_tag-cong-tac-panasonic-1-chieu","14":"product_tag-gia-cong-tac-1-chieu-panasonic","15":"product_tag-gia-cong-tac-panasonic-1-chieu","16":"product_tag-hat-cong-tac-1-chieu-panasonic","17":"product_tag-wev5001","18":"product_tag-wev5001-7sw","19":"product_tag-wev5001sw","20":"product_tag-wev5001sw-wev5001-7sw","22":"first","23":"instock","24":"sale","25":"shipping-taxable","26":"purchasable","27":"product-type-simple"},"_links":{"self":[{"href":"https:\/\/mail.thietbidienlama.com\/en\/wp-json\/wp\/v2\/product\/11175","targetHints":{"allow":["GET"]}}],"collection":[{"href":"https:\/\/mail.thietbidienlama.com\/en\/wp-json\/wp\/v2\/product"}],"about":[{"href":"https:\/\/mail.thietbidienlama.com\/en\/wp-json\/wp\/v2\/types\/product"}],"replies":[{"embeddable":true,"href":"https:\/\/mail.thietbidienlama.com\/en\/wp-json\/wp\/v2\/comments?post=11175"}],"version-history":[{"count":7,"href":"https:\/\/mail.thietbidienlama.com\/en\/wp-json\/wp\/v2\/product\/11175\/revisions"}],"predecessor-version":[{"id":14431,"href":"https:\/\/mail.thietbidienlama.com\/en\/wp-json\/wp\/v2\/product\/11175\/revisions\/14431"}],"wp:featuredmedia":[{"embeddable":true,"href":"https:\/\/mail.thietbidienlama.com\/en\/wp-json\/wp\/v2\/media\/11247"}],"wp:attachment":[{"href":"https:\/\/mail.thietbidienlama.com\/en\/wp-json\/wp\/v2\/media?parent=11175"}],"wp:term":[{"taxonomy":"product_brand","embeddable":true,"href":"https:\/\/mail.thietbidienlama.com\/en\/wp-json\/wp\/v2\/product_brand?post=11175"},{"taxonomy":"product_cat","embeddable":true,"href":"https:\/\/mail.thietbidienlama.com\/en\/wp-json\/wp\/v2\/product_cat?post=11175"},{"taxonomy":"product_tag","embeddable":true,"href":"https:\/\/mail.thietbidienlama.com\/en\/wp-json\/wp\/v2\/product_tag?post=11175"}],"curies":[{"name":"wp","href":"https:\/\/api.w.org\/{rel}","templated":true}]}}